{"id":99992,"date":"2026-02-06T14:53:04","date_gmt":"2026-02-06T17:53:04","guid":{"rendered":"https:\/\/caravanagrupoeditorial.com\/?post_type=product&#038;p=99992"},"modified":"2026-04-27T09:03:53","modified_gmt":"2026-04-27T12:03:53","slug":"os-mayombolas-de-phungu-a-ndongo","status":"publish","type":"product","link":"https:\/\/caravanagrupoeditorial.com\/pt\/livros\/os-mayombolas-de-phungu-a-ndongo\/","title":{"rendered":"Os Mayombolas de Phungu a Ndongo"},"content":{"rendered":"<p style=\"text-align: justify;\">O escritor Manuel Luamba recupera, neste seu romance breve, a riqu\u00edssima mitologia tradicional, que alguns cr\u00edticos ocidentais insistem em classificar como \u201crealismo m\u00e1gico\u201d, quando melhor seria considerar simplesmente realismo africano, ou, como h\u00e1 muitos anos sugeriu Pepetela, \u201crealismo animista\u201d, considerando que o maravilhoso faz parte do quotidiano, n\u00e3o apenas das nossas popula\u00e7\u00f5es rurais, mas tamb\u00e9m urbanas. Merece destaque a forma como Luamba reinventa a l\u00edngua portuguesa, fazendo com que ela conviva com o quimbundo e o namore, numa experi\u00eancia particularmente f\u00e9rtil, que atualiza pr\u00e1ticas enraizadas em Angola desde o s\u00e9culo XVII, com a hist\u00f3ria geral das guerras angolanas, de Cadornega; replicadas, com grande proveito est\u00e9tico, nos jornais luandenses dos finais do s\u00e9culo XIX, e exploradas, j\u00e1 nos anos 1950 e 1960, por alguns dos fundadores da moderna fic\u00e7\u00e3o angolana, com destaque para Luandino Vieira e Uanhenga Xitu. Luamba reabre assim caminhos que, embora n\u00e3o sendo novos, estavam um pouco esquecidos. Os Mayombolas de Phungu a Ndongo surge, no contexto actual, como uma posposta quase transgressora, corajosa, e que merece ser amplamente conhecida e discutida. O desfecho do texto, particularmente divertido, salta do regional pra o global, num exerc\u00edcio de afrofuturismo que merecia um maior desenvolvimento.<\/p>\n<p>&nbsp;<\/p>","protected":false},"excerpt":{"rendered":"<p>O escritor Manuel Luamba recupera, neste seu romance breve, a riqu\u00edssima mitologia tradicional, que alguns cr\u00edticos ocidentais insistem em classificar como \u201crealismo m\u00e1gico\u201d, quando melhor seria considerar simplesmente realismo africano,<\/p>","protected":false},"featured_media":99996,"comment_status":"open","ping_status":"closed","template":"","meta":{"_acf_changed":false,"jetpack_post_was_ever_published":false,"_joinchat":[]},"pwb-brand":[20043],"product_brand":[],"product_cat":[20647,20646,170,19942],"product_tag":[134,136,20,137,22,23,135],"editora":[20601,20604],"class_list":{"0":"post-99992","1":"product","2":"type-product","3":"status-publish","4":"has-post-thumbnail","6":"pwb-brand-manuel-luamba","7":"product_cat-caravana","8":"product_cat-mercador","9":"product_cat-novela-brasileira","10":"product_cat-pre-venda","11":"product_tag-autorindependente","12":"product_tag-caravana","13":"product_tag-caravana-grupo-editorial","14":"product_tag-editoraindependente","15":"product_tag-leitura-boa","16":"product_tag-literatura","17":"product_tag-livros","18":"editora-caravana","19":"editora-mercador","20":"pre_capa-nao-e-pre-capa","22":"first","23":"instock","24":"shipping-taxable","25":"purchasable","26":"product-type-simple"},"acf":[],"yoast_head":"<!-- This site is optimized with the Yoast SEO plugin v27.2 - https:\/\/yoast.com\/product\/yoast-seo-wordpress\/ -->\n<title>Os Mayombolas de Phungu a Ndongo - Caravana Grupo Editorial<\/title>\n<meta name=\"robots\" content=\"index, follow, max-snippet:-1, max-image-preview:large, max-video-preview:-1\" \/>\n<link rel=\"canonical\" href=\"https:\/\/caravanagrupoeditorial.com\/pt\/livros\/os-mayombolas-de-phungu-a-ndongo\/\" \/>\n<meta property=\"og:locale\" content=\"pt_PT\" \/>\n<meta property=\"og:type\" content=\"article\" \/>\n<meta property=\"og:title\" content=\"Os Mayombolas de Phungu a Ndongo - Caravana Grupo Editorial\" \/>\n<meta property=\"og:description\" content=\"O escritor Manuel Luamba recupera, neste seu romance breve, a riqu\u00edssima mitologia tradicional, que alguns cr\u00edticos ocidentais insistem em classificar como \u201crealismo m\u00e1gico\u201d, quando melhor seria considerar simplesmente realismo africano,\" \/>\n<meta property=\"og:url\" content=\"https:\/\/caravanagrupoeditorial.com\/pt\/livros\/os-mayombolas-de-phungu-a-ndongo\/\" \/>\n<meta property=\"og:site_name\" content=\"Caravana Grupo Editorial\" \/>\n<meta property=\"article:publisher\" content=\"https:\/\/www.facebook.com\/caravanagrupoeditorial\" \/>\n<meta property=\"article:modified_time\" content=\"2026-04-27T12:03:53+00:00\" \/>\n<meta property=\"og:image\" content=\"https:\/\/caravanagrupoeditorial.com\/wp-content\/uploads\/2026\/02\/Mockup-frontal-Os-Mayambolas14x20_Caravana-Ana-Bilheiro-scaled.jpg\" \/>\n\t<meta property=\"og:image:width\" content=\"2560\" \/>\n\t<meta property=\"og:image:height\" content=\"2560\" \/>\n\t<meta property=\"og:image:type\" content=\"image\/jpeg\" \/>\n<meta name=\"twitter:card\" content=\"summary_large_image\" \/>\n<meta name=\"twitter:label1\" content=\"Tempo estimado de leitura\" \/>\n\t<meta name=\"twitter:data1\" content=\"2 minutos\" \/>\n<script type=\"application\/ld+json\" class=\"yoast-schema-graph\">{\"@context\":\"https:\/\/schema.org\",\"@graph\":[{\"@type\":\"WebPage\",\"@id\":\"https:\/\/caravanagrupoeditorial.com\/livros\/os-mayombolas-de-phungu-a-ndongo\/\",\"url\":\"https:\/\/caravanagrupoeditorial.com\/livros\/os-mayombolas-de-phungu-a-ndongo\/\",\"name\":\"Os Mayombolas de Phungu a Ndongo - Caravana Grupo Editorial\",\"isPartOf\":{\"@id\":\"https:\/\/caravanagrupoeditorial.com\/#website\"},\"primaryImageOfPage\":{\"@id\":\"https:\/\/caravanagrupoeditorial.com\/livros\/os-mayombolas-de-phungu-a-ndongo\/#primaryimage\"},\"image\":{\"@id\":\"https:\/\/caravanagrupoeditorial.com\/livros\/os-mayombolas-de-phungu-a-ndongo\/#primaryimage\"},\"thumbnailUrl\":\"https:\/\/i0.wp.com\/caravanagrupoeditorial.com\/wp-content\/uploads\/2026\/02\/Mockup-frontal-Os-Mayambolas14x20_Caravana-Ana-Bilheiro-scaled.jpg?fit=2560%2C2560&ssl=1\",\"datePublished\":\"2026-02-06T17:53:04+00:00\",\"dateModified\":\"2026-04-27T12:03:53+00:00\",\"breadcrumb\":{\"@id\":\"https:\/\/caravanagrupoeditorial.com\/livros\/os-mayombolas-de-phungu-a-ndongo\/#breadcrumb\"},\"inLanguage\":\"pt-PT\",\"potentialAction\":[{\"@type\":\"ReadAction\",\"target\":[\"https:\/\/caravanagrupoeditorial.com\/livros\/os-mayombolas-de-phungu-a-ndongo\/\"]}]},{\"@type\":\"ImageObject\",\"inLanguage\":\"pt-PT\",\"@id\":\"https:\/\/caravanagrupoeditorial.com\/livros\/os-mayombolas-de-phungu-a-ndongo\/#primaryimage\",\"url\":\"https:\/\/i0.wp.com\/caravanagrupoeditorial.com\/wp-content\/uploads\/2026\/02\/Mockup-frontal-Os-Mayambolas14x20_Caravana-Ana-Bilheiro-scaled.jpg?fit=2560%2C2560&ssl=1\",\"contentUrl\":\"https:\/\/i0.wp.com\/caravanagrupoeditorial.com\/wp-content\/uploads\/2026\/02\/Mockup-frontal-Os-Mayambolas14x20_Caravana-Ana-Bilheiro-scaled.jpg?fit=2560%2C2560&ssl=1\",\"width\":2560,\"height\":2560},{\"@type\":\"BreadcrumbList\",\"@id\":\"https:\/\/caravanagrupoeditorial.com\/livros\/os-mayombolas-de-phungu-a-ndongo\/#breadcrumb\",\"itemListElement\":[{\"@type\":\"ListItem\",\"position\":1,\"name\":\"In\u00edcio\",\"item\":\"https:\/\/caravanagrupoeditorial.com\/\"},{\"@type\":\"ListItem\",\"position\":2,\"name\":\"Shop\",\"item\":\"https:\/\/caravanagrupoeditorial.com\/shop\/\"},{\"@type\":\"ListItem\",\"position\":3,\"name\":\"Os Mayombolas de Phungu a Ndongo\"}]},{\"@type\":\"WebSite\",\"@id\":\"https:\/\/caravanagrupoeditorial.com\/#website\",\"url\":\"https:\/\/caravanagrupoeditorial.com\/\",\"name\":\"Caravana Grupo Editorial\",\"description\":\"\",\"publisher\":{\"@id\":\"https:\/\/caravanagrupoeditorial.com\/#organization\"},\"potentialAction\":[{\"@type\":\"SearchAction\",\"target\":{\"@type\":\"EntryPoint\",\"urlTemplate\":\"https:\/\/caravanagrupoeditorial.com\/?s={search_term_string}\"},\"query-input\":{\"@type\":\"PropertyValueSpecification\",\"valueRequired\":true,\"valueName\":\"search_term_string\"}}],\"inLanguage\":\"pt-PT\"},{\"@type\":\"Organization\",\"@id\":\"https:\/\/caravanagrupoeditorial.com\/#organization\",\"name\":\"Caravana Grupo Editorial\",\"url\":\"https:\/\/caravanagrupoeditorial.com\/\",\"logo\":{\"@type\":\"ImageObject\",\"inLanguage\":\"pt-PT\",\"@id\":\"https:\/\/caravanagrupoeditorial.com\/#\/schema\/logo\/image\/\",\"url\":\"https:\/\/caravanagrupoeditorial.com\/wp-content\/uploads\/2024\/02\/cropped-Logo_Caravana.png\",\"contentUrl\":\"https:\/\/caravanagrupoeditorial.com\/wp-content\/uploads\/2024\/02\/cropped-Logo_Caravana.png\",\"width\":512,\"height\":512,\"caption\":\"Caravana Grupo Editorial\"},\"image\":{\"@id\":\"https:\/\/caravanagrupoeditorial.com\/#\/schema\/logo\/image\/\"},\"sameAs\":[\"https:\/\/www.facebook.com\/caravanagrupoeditorial\",\"https:\/\/www.instagram.com\/caravanagrupoeditorial\/?hl=pt-br\",\"https:\/\/www.youtube.com\/channel\/UCdD-xosEkpHCeRn2nDLiXfQ\"]}]}<\/script>\n<!-- \/ Yoast SEO plugin. -->","yoast_head_json":{"title":"Os Mayombolas de Phungu a Ndongo - Caravana Grupo Editorial","robots":{"index":"index","follow":"follow","max-snippet":"max-snippet:-1","max-image-preview":"max-image-preview:large","max-video-preview":"max-video-preview:-1"},"canonical":"https:\/\/caravanagrupoeditorial.com\/pt\/livros\/os-mayombolas-de-phungu-a-ndongo\/","og_locale":"pt_PT","og_type":"article","og_title":"Os Mayombolas de Phungu a Ndongo - Caravana Grupo Editorial","og_description":"O escritor Manuel Luamba recupera, neste seu romance breve, a riqu\u00edssima mitologia tradicional, que alguns cr\u00edticos ocidentais insistem em classificar como \u201crealismo m\u00e1gico\u201d, quando melhor seria considerar simplesmente realismo africano,","og_url":"https:\/\/caravanagrupoeditorial.com\/pt\/livros\/os-mayombolas-de-phungu-a-ndongo\/","og_site_name":"Caravana Grupo Editorial","article_publisher":"https:\/\/www.facebook.com\/caravanagrupoeditorial","article_modified_time":"2026-04-27T12:03:53+00:00","og_image":[{"width":2560,"height":2560,"url":"https:\/\/caravanagrupoeditorial.com\/wp-content\/uploads\/2026\/02\/Mockup-frontal-Os-Mayambolas14x20_Caravana-Ana-Bilheiro-scaled.jpg","type":"image\/jpeg"}],"twitter_card":"summary_large_image","twitter_misc":{"Tempo estimado de leitura":"2 minutos"},"schema":{"@context":"https:\/\/schema.org","@graph":[{"@type":"WebPage","@id":"https:\/\/caravanagrupoeditorial.com\/livros\/os-mayombolas-de-phungu-a-ndongo\/","url":"https:\/\/caravanagrupoeditorial.com\/livros\/os-mayombolas-de-phungu-a-ndongo\/","name":"Os Mayombolas de Phungu a Ndongo - Caravana Grupo Editorial","isPartOf":{"@id":"https:\/\/caravanagrupoeditorial.com\/#website"},"primaryImageOfPage":{"@id":"https:\/\/caravanagrupoeditorial.com\/livros\/os-mayombolas-de-phungu-a-ndongo\/#primaryimage"},"image":{"@id":"https:\/\/caravanagrupoeditorial.com\/livros\/os-mayombolas-de-phungu-a-ndongo\/#primaryimage"},"thumbnailUrl":"https:\/\/i0.wp.com\/caravanagrupoeditorial.com\/wp-content\/uploads\/2026\/02\/Mockup-frontal-Os-Mayambolas14x20_Caravana-Ana-Bilheiro-scaled.jpg?fit=2560%2C2560&ssl=1","datePublished":"2026-02-06T17:53:04+00:00","dateModified":"2026-04-27T12:03:53+00:00","breadcrumb":{"@id":"https:\/\/caravanagrupoeditorial.com\/livros\/os-mayombolas-de-phungu-a-ndongo\/#breadcrumb"},"inLanguage":"pt-PT","potentialAction":[{"@type":"ReadAction","target":["https:\/\/caravanagrupoeditorial.com\/livros\/os-mayombolas-de-phungu-a-ndongo\/"]}]},{"@type":"ImageObject","inLanguage":"pt-PT","@id":"https:\/\/caravanagrupoeditorial.com\/livros\/os-mayombolas-de-phungu-a-ndongo\/#primaryimage","url":"https:\/\/i0.wp.com\/caravanagrupoeditorial.com\/wp-content\/uploads\/2026\/02\/Mockup-frontal-Os-Mayambolas14x20_Caravana-Ana-Bilheiro-scaled.jpg?fit=2560%2C2560&ssl=1","contentUrl":"https:\/\/i0.wp.com\/caravanagrupoeditorial.com\/wp-content\/uploads\/2026\/02\/Mockup-frontal-Os-Mayambolas14x20_Caravana-Ana-Bilheiro-scaled.jpg?fit=2560%2C2560&ssl=1","width":2560,"height":2560},{"@type":"BreadcrumbList","@id":"https:\/\/caravanagrupoeditorial.com\/livros\/os-mayombolas-de-phungu-a-ndongo\/#breadcrumb","itemListElement":[{"@type":"ListItem","position":1,"name":"In\u00edcio","item":"https:\/\/caravanagrupoeditorial.com\/"},{"@type":"ListItem","position":2,"name":"Shop","item":"https:\/\/caravanagrupoeditorial.com\/shop\/"},{"@type":"ListItem","position":3,"name":"Os Mayombolas de Phungu a Ndongo"}]},{"@type":"WebSite","@id":"https:\/\/caravanagrupoeditorial.com\/#website","url":"https:\/\/caravanagrupoeditorial.com\/","name":"Cat\u00e1logo - Mercador Editorial","description":"","publisher":{"@id":"https:\/\/caravanagrupoeditorial.com\/#organization"},"potentialAction":[{"@type":"SearchAction","target":{"@type":"EntryPoint","urlTemplate":"https:\/\/caravanagrupoeditorial.com\/?s={search_term_string}"},"query-input":{"@type":"PropertyValueSpecification","valueRequired":true,"valueName":"search_term_string"}}],"inLanguage":"pt-PT"},{"@type":"Organization","@id":"https:\/\/caravanagrupoeditorial.com\/#organization","name":"Cat\u00e1logo - Mercador Editorial","url":"https:\/\/caravanagrupoeditorial.com\/","logo":{"@type":"ImageObject","inLanguage":"pt-PT","@id":"https:\/\/caravanagrupoeditorial.com\/#\/schema\/logo\/image\/","url":"https:\/\/caravanagrupoeditorial.com\/wp-content\/uploads\/2024\/02\/cropped-Logo_Caravana.png","contentUrl":"https:\/\/caravanagrupoeditorial.com\/wp-content\/uploads\/2024\/02\/cropped-Logo_Caravana.png","width":512,"height":512,"caption":"Caravana Grupo Editorial"},"image":{"@id":"https:\/\/caravanagrupoeditorial.com\/#\/schema\/logo\/image\/"},"sameAs":["https:\/\/www.facebook.com\/caravanagrupoeditorial","https:\/\/www.instagram.com\/caravanagrupoeditorial\/?hl=pt-br","https:\/\/www.youtube.com\/channel\/UCdD-xosEkpHCeRn2nDLiXfQ"]}]}},"jetpack_sharing_enabled":true,"brands":[{"id":20043,"name":"Manuel Luamba","slug":"manuel-luamba"}],"_links":{"self":[{"href":"https:\/\/caravanagrupoeditorial.com\/pt\/wp-json\/wp\/v2\/product\/99992","targetHints":{"allow":["GET"]}}],"collection":[{"href":"https:\/\/caravanagrupoeditorial.com\/pt\/wp-json\/wp\/v2\/product"}],"about":[{"href":"https:\/\/caravanagrupoeditorial.com\/pt\/wp-json\/wp\/v2\/types\/product"}],"replies":[{"embeddable":true,"href":"https:\/\/caravanagrupoeditorial.com\/pt\/wp-json\/wp\/v2\/comments?post=99992"}],"wp:featuredmedia":[{"embeddable":true,"href":"https:\/\/caravanagrupoeditorial.com\/pt\/wp-json\/wp\/v2\/media\/99996"}],"wp:attachment":[{"href":"https:\/\/caravanagrupoeditorial.com\/pt\/wp-json\/wp\/v2\/media?parent=99992"}],"wp:term":[{"taxonomy":"pwb-brand","embeddable":true,"href":"https:\/\/caravanagrupoeditorial.com\/pt\/wp-json\/wp\/v2\/pwb-brand?post=99992"},{"taxonomy":"product_brand","embeddable":true,"href":"https:\/\/caravanagrupoeditorial.com\/pt\/wp-json\/wp\/v2\/product_brand?post=99992"},{"taxonomy":"product_cat","embeddable":true,"href":"https:\/\/caravanagrupoeditorial.com\/pt\/wp-json\/wp\/v2\/product_cat?post=99992"},{"taxonomy":"product_tag","embeddable":true,"href":"https:\/\/caravanagrupoeditorial.com\/pt\/wp-json\/wp\/v2\/product_tag?post=99992"},{"taxonomy":"editora","embeddable":true,"href":"https:\/\/caravanagrupoeditorial.com\/pt\/wp-json\/wp\/v2\/editora?post=99992"}],"curies":[{"name":"wp","href":"https:\/\/api.w.org\/{rel}","templated":true}]}}