{"id":98864,"date":"2026-01-28T09:39:37","date_gmt":"2026-01-28T12:39:37","guid":{"rendered":"https:\/\/caravanagrupoeditorial.com\/?post_type=product&#038;p=98864"},"modified":"2026-03-12T21:42:35","modified_gmt":"2026-03-13T00:42:35","slug":"versos-sem-nexos","status":"publish","type":"product","link":"https:\/\/caravanagrupoeditorial.com\/pt\/livros\/versos-sem-nexos\/","title":{"rendered":"Versos sem nexos"},"content":{"rendered":"<p style=\"text-align: justify;\">Versos sem nexos, como t\u00edtulo, sugere desconex\u00e3o e falta de sentido na obra. Ao longo de tr\u00eas cap\u00edtulos, independentes entre si, cada um com o seu pr\u00f3prio estilo, tem\u00e1tica e estado de esp\u00edrito, o livro revela uma consci\u00eancia latente, o pensamento vivo e em mudan\u00e7a. Tal n\u00e3o significa que se consiga necessariamente situar o poeta. Pelo caminho ficam in\u00fameras perguntas em aberto \u2014 em vez de esclarecer, o poeta prefere questionar o leitor, Deus e a si mesmo \u2014 e um rasto de contradi\u00e7\u00f5es. Defende uma coisa e o seu contr\u00e1rio, usa e abusa das palavras \u2014 \u201cMiguel, v\u00f3s sois sempre nosso poeta sem nexos, nosso poeta sem escr\u00fapulos?!\u201d \u2014 para si, escrever qualquer verso, apresentar qualquer ideia, n\u00e3o significa \u2014 nem sequer importa \u2014 que o pr\u00f3prio acredite no que quer que seja. Significa sobretudo que serve o Poema.<\/p>","protected":false},"excerpt":{"rendered":"<p>Versos sem nexos, como t\u00edtulo, sugere desconex\u00e3o e falta de sentido na obra. Ao longo de tr\u00eas cap\u00edtulos, independentes entre si, cada um com o seu pr\u00f3prio estilo, tem\u00e1tica e<\/p>","protected":false},"featured_media":98866,"comment_status":"open","ping_status":"closed","template":"","meta":{"_acf_changed":false,"jetpack_post_was_ever_published":true,"_joinchat":[]},"pwb-brand":[20376],"product_brand":[],"product_cat":[20647,20646,169,19942],"product_tag":[136,835,137,23],"editora":[20601,20604],"class_list":{"0":"post-98864","1":"product","2":"type-product","3":"status-publish","4":"has-post-thumbnail","6":"pwb-brand-miguel-alegria","7":"product_cat-caravana","8":"product_cat-mercador","9":"product_cat-poesia","10":"product_cat-pre-venda","11":"product_tag-caravana","12":"product_tag-caravanagrupoeditorial","13":"product_tag-editoraindependente","14":"product_tag-literatura","15":"editora-caravana","16":"editora-mercador","17":"pre_capa-pre-capa","19":"first","20":"instock","21":"shipping-taxable","22":"purchasable","23":"product-type-simple"},"acf":[],"yoast_head":"<!-- This site is optimized with the Yoast SEO plugin v27.2 - https:\/\/yoast.com\/product\/yoast-seo-wordpress\/ -->\n<title>Versos sem nexos - Caravana Grupo Editorial<\/title>\n<meta name=\"robots\" content=\"index, follow, max-snippet:-1, max-image-preview:large, max-video-preview:-1\" \/>\n<link rel=\"canonical\" href=\"https:\/\/caravanagrupoeditorial.com\/pt\/livros\/versos-sem-nexos\/\" \/>\n<meta property=\"og:locale\" content=\"pt_PT\" \/>\n<meta property=\"og:type\" content=\"article\" \/>\n<meta property=\"og:title\" content=\"Versos sem nexos - Caravana Grupo Editorial\" \/>\n<meta property=\"og:description\" content=\"Versos sem nexos, como t\u00edtulo, sugere desconex\u00e3o e falta de sentido na obra. Ao longo de tr\u00eas cap\u00edtulos, independentes entre si, cada um com o seu pr\u00f3prio estilo, tem\u00e1tica e\" \/>\n<meta property=\"og:url\" content=\"https:\/\/caravanagrupoeditorial.com\/pt\/livros\/versos-sem-nexos\/\" \/>\n<meta property=\"og:site_name\" content=\"Caravana Grupo Editorial\" \/>\n<meta property=\"article:publisher\" content=\"https:\/\/www.facebook.com\/caravanagrupoeditorial\" \/>\n<meta property=\"article:modified_time\" content=\"2026-03-13T00:42:35+00:00\" \/>\n<meta property=\"og:image\" content=\"https:\/\/caravanagrupoeditorial.com\/wp-content\/uploads\/2026\/01\/Versos-sem-nexos-Ayumi-Shimamoto-scaled.jpg\" \/>\n\t<meta property=\"og:image:width\" content=\"2560\" \/>\n\t<meta property=\"og:image:height\" content=\"2560\" \/>\n\t<meta property=\"og:image:type\" content=\"image\/jpeg\" \/>\n<meta name=\"twitter:card\" content=\"summary_large_image\" \/>\n<meta name=\"twitter:label1\" content=\"Tempo estimado de leitura\" \/>\n\t<meta name=\"twitter:data1\" content=\"1 minuto\" \/>\n<script type=\"application\/ld+json\" class=\"yoast-schema-graph\">{\"@context\":\"https:\/\/schema.org\",\"@graph\":[{\"@type\":\"WebPage\",\"@id\":\"https:\/\/caravanagrupoeditorial.com\/livros\/versos-sem-nexos\/\",\"url\":\"https:\/\/caravanagrupoeditorial.com\/livros\/versos-sem-nexos\/\",\"name\":\"Versos sem nexos - Caravana Grupo Editorial\",\"isPartOf\":{\"@id\":\"https:\/\/caravanagrupoeditorial.com\/#website\"},\"primaryImageOfPage\":{\"@id\":\"https:\/\/caravanagrupoeditorial.com\/livros\/versos-sem-nexos\/#primaryimage\"},\"image\":{\"@id\":\"https:\/\/caravanagrupoeditorial.com\/livros\/versos-sem-nexos\/#primaryimage\"},\"thumbnailUrl\":\"https:\/\/i0.wp.com\/caravanagrupoeditorial.com\/wp-content\/uploads\/2026\/01\/Versos-sem-nexos-Ayumi-Shimamoto-scaled.jpg?fit=2560%2C2560&ssl=1\",\"datePublished\":\"2026-01-28T12:39:37+00:00\",\"dateModified\":\"2026-03-13T00:42:35+00:00\",\"breadcrumb\":{\"@id\":\"https:\/\/caravanagrupoeditorial.com\/livros\/versos-sem-nexos\/#breadcrumb\"},\"inLanguage\":\"pt-PT\",\"potentialAction\":[{\"@type\":\"ReadAction\",\"target\":[\"https:\/\/caravanagrupoeditorial.com\/livros\/versos-sem-nexos\/\"]}]},{\"@type\":\"ImageObject\",\"inLanguage\":\"pt-PT\",\"@id\":\"https:\/\/caravanagrupoeditorial.com\/livros\/versos-sem-nexos\/#primaryimage\",\"url\":\"https:\/\/i0.wp.com\/caravanagrupoeditorial.com\/wp-content\/uploads\/2026\/01\/Versos-sem-nexos-Ayumi-Shimamoto-scaled.jpg?fit=2560%2C2560&ssl=1\",\"contentUrl\":\"https:\/\/i0.wp.com\/caravanagrupoeditorial.com\/wp-content\/uploads\/2026\/01\/Versos-sem-nexos-Ayumi-Shimamoto-scaled.jpg?fit=2560%2C2560&ssl=1\",\"width\":2560,\"height\":2560},{\"@type\":\"BreadcrumbList\",\"@id\":\"https:\/\/caravanagrupoeditorial.com\/livros\/versos-sem-nexos\/#breadcrumb\",\"itemListElement\":[{\"@type\":\"ListItem\",\"position\":1,\"name\":\"In\u00edcio\",\"item\":\"https:\/\/caravanagrupoeditorial.com\/\"},{\"@type\":\"ListItem\",\"position\":2,\"name\":\"Shop\",\"item\":\"https:\/\/caravanagrupoeditorial.com\/shop\/\"},{\"@type\":\"ListItem\",\"position\":3,\"name\":\"Versos sem nexos\"}]},{\"@type\":\"WebSite\",\"@id\":\"https:\/\/caravanagrupoeditorial.com\/#website\",\"url\":\"https:\/\/caravanagrupoeditorial.com\/\",\"name\":\"Caravana Grupo Editorial\",\"description\":\"\",\"publisher\":{\"@id\":\"https:\/\/caravanagrupoeditorial.com\/#organization\"},\"potentialAction\":[{\"@type\":\"SearchAction\",\"target\":{\"@type\":\"EntryPoint\",\"urlTemplate\":\"https:\/\/caravanagrupoeditorial.com\/?s={search_term_string}\"},\"query-input\":{\"@type\":\"PropertyValueSpecification\",\"valueRequired\":true,\"valueName\":\"search_term_string\"}}],\"inLanguage\":\"pt-PT\"},{\"@type\":\"Organization\",\"@id\":\"https:\/\/caravanagrupoeditorial.com\/#organization\",\"name\":\"Caravana Grupo Editorial\",\"url\":\"https:\/\/caravanagrupoeditorial.com\/\",\"logo\":{\"@type\":\"ImageObject\",\"inLanguage\":\"pt-PT\",\"@id\":\"https:\/\/caravanagrupoeditorial.com\/#\/schema\/logo\/image\/\",\"url\":\"https:\/\/caravanagrupoeditorial.com\/wp-content\/uploads\/2024\/02\/cropped-Logo_Caravana.png\",\"contentUrl\":\"https:\/\/caravanagrupoeditorial.com\/wp-content\/uploads\/2024\/02\/cropped-Logo_Caravana.png\",\"width\":512,\"height\":512,\"caption\":\"Caravana Grupo Editorial\"},\"image\":{\"@id\":\"https:\/\/caravanagrupoeditorial.com\/#\/schema\/logo\/image\/\"},\"sameAs\":[\"https:\/\/www.facebook.com\/caravanagrupoeditorial\",\"https:\/\/www.instagram.com\/caravanagrupoeditorial\/?hl=pt-br\",\"https:\/\/www.youtube.com\/channel\/UCdD-xosEkpHCeRn2nDLiXfQ\"]}]}<\/script>\n<!-- \/ Yoast SEO plugin. -->","yoast_head_json":{"title":"Versos sem nexos - Caravana Grupo Editorial","robots":{"index":"index","follow":"follow","max-snippet":"max-snippet:-1","max-image-preview":"max-image-preview:large","max-video-preview":"max-video-preview:-1"},"canonical":"https:\/\/caravanagrupoeditorial.com\/pt\/livros\/versos-sem-nexos\/","og_locale":"pt_PT","og_type":"article","og_title":"Versos sem nexos - Caravana Grupo Editorial","og_description":"Versos sem nexos, como t\u00edtulo, sugere desconex\u00e3o e falta de sentido na obra. Ao longo de tr\u00eas cap\u00edtulos, independentes entre si, cada um com o seu pr\u00f3prio estilo, tem\u00e1tica e","og_url":"https:\/\/caravanagrupoeditorial.com\/pt\/livros\/versos-sem-nexos\/","og_site_name":"Caravana Grupo Editorial","article_publisher":"https:\/\/www.facebook.com\/caravanagrupoeditorial","article_modified_time":"2026-03-13T00:42:35+00:00","og_image":[{"width":2560,"height":2560,"url":"https:\/\/caravanagrupoeditorial.com\/wp-content\/uploads\/2026\/01\/Versos-sem-nexos-Ayumi-Shimamoto-scaled.jpg","type":"image\/jpeg"}],"twitter_card":"summary_large_image","twitter_misc":{"Tempo estimado de leitura":"1 minuto"},"schema":{"@context":"https:\/\/schema.org","@graph":[{"@type":"WebPage","@id":"https:\/\/caravanagrupoeditorial.com\/livros\/versos-sem-nexos\/","url":"https:\/\/caravanagrupoeditorial.com\/livros\/versos-sem-nexos\/","name":"Versos sem nexos - Caravana Grupo Editorial","isPartOf":{"@id":"https:\/\/caravanagrupoeditorial.com\/#website"},"primaryImageOfPage":{"@id":"https:\/\/caravanagrupoeditorial.com\/livros\/versos-sem-nexos\/#primaryimage"},"image":{"@id":"https:\/\/caravanagrupoeditorial.com\/livros\/versos-sem-nexos\/#primaryimage"},"thumbnailUrl":"https:\/\/i0.wp.com\/caravanagrupoeditorial.com\/wp-content\/uploads\/2026\/01\/Versos-sem-nexos-Ayumi-Shimamoto-scaled.jpg?fit=2560%2C2560&ssl=1","datePublished":"2026-01-28T12:39:37+00:00","dateModified":"2026-03-13T00:42:35+00:00","breadcrumb":{"@id":"https:\/\/caravanagrupoeditorial.com\/livros\/versos-sem-nexos\/#breadcrumb"},"inLanguage":"pt-PT","potentialAction":[{"@type":"ReadAction","target":["https:\/\/caravanagrupoeditorial.com\/livros\/versos-sem-nexos\/"]}]},{"@type":"ImageObject","inLanguage":"pt-PT","@id":"https:\/\/caravanagrupoeditorial.com\/livros\/versos-sem-nexos\/#primaryimage","url":"https:\/\/i0.wp.com\/caravanagrupoeditorial.com\/wp-content\/uploads\/2026\/01\/Versos-sem-nexos-Ayumi-Shimamoto-scaled.jpg?fit=2560%2C2560&ssl=1","contentUrl":"https:\/\/i0.wp.com\/caravanagrupoeditorial.com\/wp-content\/uploads\/2026\/01\/Versos-sem-nexos-Ayumi-Shimamoto-scaled.jpg?fit=2560%2C2560&ssl=1","width":2560,"height":2560},{"@type":"BreadcrumbList","@id":"https:\/\/caravanagrupoeditorial.com\/livros\/versos-sem-nexos\/#breadcrumb","itemListElement":[{"@type":"ListItem","position":1,"name":"In\u00edcio","item":"https:\/\/caravanagrupoeditorial.com\/"},{"@type":"ListItem","position":2,"name":"Shop","item":"https:\/\/caravanagrupoeditorial.com\/shop\/"},{"@type":"ListItem","position":3,"name":"Versos sem nexos"}]},{"@type":"WebSite","@id":"https:\/\/caravanagrupoeditorial.com\/#website","url":"https:\/\/caravanagrupoeditorial.com\/","name":"Cat\u00e1logo - Mercador Editorial","description":"","publisher":{"@id":"https:\/\/caravanagrupoeditorial.com\/#organization"},"potentialAction":[{"@type":"SearchAction","target":{"@type":"EntryPoint","urlTemplate":"https:\/\/caravanagrupoeditorial.com\/?s={search_term_string}"},"query-input":{"@type":"PropertyValueSpecification","valueRequired":true,"valueName":"search_term_string"}}],"inLanguage":"pt-PT"},{"@type":"Organization","@id":"https:\/\/caravanagrupoeditorial.com\/#organization","name":"Cat\u00e1logo - Mercador Editorial","url":"https:\/\/caravanagrupoeditorial.com\/","logo":{"@type":"ImageObject","inLanguage":"pt-PT","@id":"https:\/\/caravanagrupoeditorial.com\/#\/schema\/logo\/image\/","url":"https:\/\/caravanagrupoeditorial.com\/wp-content\/uploads\/2024\/02\/cropped-Logo_Caravana.png","contentUrl":"https:\/\/caravanagrupoeditorial.com\/wp-content\/uploads\/2024\/02\/cropped-Logo_Caravana.png","width":512,"height":512,"caption":"Caravana Grupo Editorial"},"image":{"@id":"https:\/\/caravanagrupoeditorial.com\/#\/schema\/logo\/image\/"},"sameAs":["https:\/\/www.facebook.com\/caravanagrupoeditorial","https:\/\/www.instagram.com\/caravanagrupoeditorial\/?hl=pt-br","https:\/\/www.youtube.com\/channel\/UCdD-xosEkpHCeRn2nDLiXfQ"]}]}},"jetpack_sharing_enabled":true,"brands":[{"id":20376,"name":"Miguel Alegria","slug":"miguel-alegria"}],"_links":{"self":[{"href":"https:\/\/caravanagrupoeditorial.com\/pt\/wp-json\/wp\/v2\/product\/98864","targetHints":{"allow":["GET"]}}],"collection":[{"href":"https:\/\/caravanagrupoeditorial.com\/pt\/wp-json\/wp\/v2\/product"}],"about":[{"href":"https:\/\/caravanagrupoeditorial.com\/pt\/wp-json\/wp\/v2\/types\/product"}],"replies":[{"embeddable":true,"href":"https:\/\/caravanagrupoeditorial.com\/pt\/wp-json\/wp\/v2\/comments?post=98864"}],"wp:featuredmedia":[{"embeddable":true,"href":"https:\/\/caravanagrupoeditorial.com\/pt\/wp-json\/wp\/v2\/media\/98866"}],"wp:attachment":[{"href":"https:\/\/caravanagrupoeditorial.com\/pt\/wp-json\/wp\/v2\/media?parent=98864"}],"wp:term":[{"taxonomy":"pwb-brand","embeddable":true,"href":"https:\/\/caravanagrupoeditorial.com\/pt\/wp-json\/wp\/v2\/pwb-brand?post=98864"},{"taxonomy":"product_brand","embeddable":true,"href":"https:\/\/caravanagrupoeditorial.com\/pt\/wp-json\/wp\/v2\/product_brand?post=98864"},{"taxonomy":"product_cat","embeddable":true,"href":"https:\/\/caravanagrupoeditorial.com\/pt\/wp-json\/wp\/v2\/product_cat?post=98864"},{"taxonomy":"product_tag","embeddable":true,"href":"https:\/\/caravanagrupoeditorial.com\/pt\/wp-json\/wp\/v2\/product_tag?post=98864"},{"taxonomy":"editora","embeddable":true,"href":"https:\/\/caravanagrupoeditorial.com\/pt\/wp-json\/wp\/v2\/editora?post=98864"}],"curies":[{"name":"wp","href":"https:\/\/api.w.org\/{rel}","templated":true}]}}