{"id":79659,"date":"2025-08-20T12:46:22","date_gmt":"2025-08-20T15:46:22","guid":{"rendered":"https:\/\/caravanagrupoeditorial.com\/?post_type=product&#038;p=79659"},"modified":"2026-02-24T20:20:38","modified_gmt":"2026-02-24T23:20:38","slug":"as-maos-da-professora-de-literatura-portuguesa","status":"publish","type":"product","link":"https:\/\/caravanagrupoeditorial.com\/pt\/livros\/as-maos-da-professora-de-literatura-portuguesa\/","title":{"rendered":"As m\u00e3os da professora de Literatura Portuguesa"},"content":{"rendered":"<p style=\"text-align: justify;\">As m\u00e3os da professora de Literatura Portuguesa re\u00fane dezesseis contos marcados por uma escrita envolvente e precisa. Com um olhar sens\u00edvel e profundo, Ronaldo D\u00f3ria J\u00fanior conduz o leitor por hist\u00f3rias de amor, desejo, solid\u00e3o e dilemas humanos, transitando entre a sutileza e a brutalidade da exist\u00eancia. Seus personagens, complexos e aut\u00eanticos, enfrentam conflitos internos e sociais, revelando as fragilidades e contradi\u00e7\u00f5es da vida contempor\u00e2nea. Entre narrativas po\u00e9ticas e di\u00e1logos afiados, este livro nos convida a explorar a condi\u00e7\u00e3o humana em sua ess\u00eancia, com toques de melancolia, humor e realismo m\u00e1gico.<\/p>","protected":false},"excerpt":{"rendered":"<p>As m\u00e3os da professora de Literatura Portuguesa re\u00fane dezesseis contos marcados por uma escrita envolvente e precisa. Com um olhar sens\u00edvel e profundo, Ronaldo D\u00f3ria J\u00fanior conduz o leitor por<\/p>","protected":false},"featured_media":79662,"comment_status":"open","ping_status":"closed","template":"","meta":{"_acf_changed":false,"jetpack_post_was_ever_published":false,"_joinchat":[]},"pwb-brand":[774],"product_brand":[],"product_cat":[20647,171,20646],"product_tag":[134,136,20,137,22,23,135],"editora":[20601,20604],"class_list":{"0":"post-79659","1":"product","2":"type-product","3":"status-publish","4":"has-post-thumbnail","6":"pwb-brand-ronaldo-doria-junior","7":"product_cat-caravana","8":"product_cat-contos","9":"product_cat-mercador","10":"product_tag-autorindependente","11":"product_tag-caravana","12":"product_tag-caravana-grupo-editorial","13":"product_tag-editoraindependente","14":"product_tag-leitura-boa","15":"product_tag-literatura","16":"product_tag-livros","17":"editora-caravana","18":"editora-mercador","19":"pre_capa-pre-capa","21":"first","22":"instock","23":"shipping-taxable","24":"purchasable","25":"product-type-simple"},"acf":[],"yoast_head":"<!-- This site is optimized with the Yoast SEO plugin v27.2 - https:\/\/yoast.com\/product\/yoast-seo-wordpress\/ -->\n<title>As m\u00e3os da professora de Literatura Portuguesa - Caravana Grupo Editorial<\/title>\n<meta name=\"robots\" content=\"index, follow, max-snippet:-1, max-image-preview:large, max-video-preview:-1\" \/>\n<link rel=\"canonical\" href=\"https:\/\/caravanagrupoeditorial.com\/pt\/livros\/as-maos-da-professora-de-literatura-portuguesa\/\" \/>\n<meta property=\"og:locale\" content=\"pt_PT\" \/>\n<meta property=\"og:type\" content=\"article\" \/>\n<meta property=\"og:title\" content=\"As m\u00e3os da professora de Literatura Portuguesa - Caravana Grupo Editorial\" \/>\n<meta property=\"og:description\" content=\"As m\u00e3os da professora de Literatura Portuguesa re\u00fane dezesseis contos marcados por uma escrita envolvente e precisa. Com um olhar sens\u00edvel e profundo, Ronaldo D\u00f3ria J\u00fanior conduz o leitor por\" \/>\n<meta property=\"og:url\" content=\"https:\/\/caravanagrupoeditorial.com\/pt\/livros\/as-maos-da-professora-de-literatura-portuguesa\/\" \/>\n<meta property=\"og:site_name\" content=\"Caravana Grupo Editorial\" \/>\n<meta property=\"article:publisher\" content=\"https:\/\/www.facebook.com\/caravanagrupoeditorial\" \/>\n<meta property=\"article:modified_time\" content=\"2026-02-24T23:20:38+00:00\" \/>\n<meta property=\"og:image\" content=\"https:\/\/i0.wp.com\/caravanagrupoeditorial.com\/wp-content\/uploads\/2025\/08\/As-maos-da-professora-de-Literatura-Portuguesa-Ayumi-Shimamoto-scaled.jpg?fit=2560%2C2560&ssl=1\" \/>\n\t<meta property=\"og:image:width\" content=\"2560\" \/>\n\t<meta property=\"og:image:height\" content=\"2560\" \/>\n\t<meta property=\"og:image:type\" content=\"image\/jpeg\" \/>\n<meta name=\"twitter:card\" content=\"summary_large_image\" \/>\n<meta name=\"twitter:label1\" content=\"Tempo estimado de leitura\" \/>\n\t<meta name=\"twitter:data1\" content=\"1 minuto\" \/>\n<script type=\"application\/ld+json\" class=\"yoast-schema-graph\">{\"@context\":\"https:\/\/schema.org\",\"@graph\":[{\"@type\":\"WebPage\",\"@id\":\"https:\/\/caravanagrupoeditorial.com\/livros\/as-maos-da-professora-de-literatura-portuguesa\/\",\"url\":\"https:\/\/caravanagrupoeditorial.com\/livros\/as-maos-da-professora-de-literatura-portuguesa\/\",\"name\":\"As m\u00e3os da professora de Literatura Portuguesa - Caravana Grupo Editorial\",\"isPartOf\":{\"@id\":\"https:\/\/caravanagrupoeditorial.com\/#website\"},\"primaryImageOfPage\":{\"@id\":\"https:\/\/caravanagrupoeditorial.com\/livros\/as-maos-da-professora-de-literatura-portuguesa\/#primaryimage\"},\"image\":{\"@id\":\"https:\/\/caravanagrupoeditorial.com\/livros\/as-maos-da-professora-de-literatura-portuguesa\/#primaryimage\"},\"thumbnailUrl\":\"https:\/\/i0.wp.com\/caravanagrupoeditorial.com\/wp-content\/uploads\/2025\/08\/As-maos-da-professora-de-Literatura-Portuguesa-Ayumi-Shimamoto-scaled.jpg?fit=2560%2C2560&ssl=1\",\"datePublished\":\"2025-08-20T15:46:22+00:00\",\"dateModified\":\"2026-02-24T23:20:38+00:00\",\"breadcrumb\":{\"@id\":\"https:\/\/caravanagrupoeditorial.com\/livros\/as-maos-da-professora-de-literatura-portuguesa\/#breadcrumb\"},\"inLanguage\":\"pt-PT\",\"potentialAction\":[{\"@type\":\"ReadAction\",\"target\":[\"https:\/\/caravanagrupoeditorial.com\/livros\/as-maos-da-professora-de-literatura-portuguesa\/\"]}]},{\"@type\":\"ImageObject\",\"inLanguage\":\"pt-PT\",\"@id\":\"https:\/\/caravanagrupoeditorial.com\/livros\/as-maos-da-professora-de-literatura-portuguesa\/#primaryimage\",\"url\":\"https:\/\/i0.wp.com\/caravanagrupoeditorial.com\/wp-content\/uploads\/2025\/08\/As-maos-da-professora-de-Literatura-Portuguesa-Ayumi-Shimamoto-scaled.jpg?fit=2560%2C2560&ssl=1\",\"contentUrl\":\"https:\/\/i0.wp.com\/caravanagrupoeditorial.com\/wp-content\/uploads\/2025\/08\/As-maos-da-professora-de-Literatura-Portuguesa-Ayumi-Shimamoto-scaled.jpg?fit=2560%2C2560&ssl=1\",\"width\":2560,\"height\":2560},{\"@type\":\"BreadcrumbList\",\"@id\":\"https:\/\/caravanagrupoeditorial.com\/livros\/as-maos-da-professora-de-literatura-portuguesa\/#breadcrumb\",\"itemListElement\":[{\"@type\":\"ListItem\",\"position\":1,\"name\":\"In\u00edcio\",\"item\":\"https:\/\/caravanagrupoeditorial.com\/\"},{\"@type\":\"ListItem\",\"position\":2,\"name\":\"Shop\",\"item\":\"https:\/\/caravanagrupoeditorial.com\/shop\/\"},{\"@type\":\"ListItem\",\"position\":3,\"name\":\"As m\u00e3os da professora de Literatura Portuguesa\"}]},{\"@type\":\"WebSite\",\"@id\":\"https:\/\/caravanagrupoeditorial.com\/#website\",\"url\":\"https:\/\/caravanagrupoeditorial.com\/\",\"name\":\"Caravana Grupo Editorial\",\"description\":\"\",\"publisher\":{\"@id\":\"https:\/\/caravanagrupoeditorial.com\/#organization\"},\"potentialAction\":[{\"@type\":\"SearchAction\",\"target\":{\"@type\":\"EntryPoint\",\"urlTemplate\":\"https:\/\/caravanagrupoeditorial.com\/?s={search_term_string}\"},\"query-input\":{\"@type\":\"PropertyValueSpecification\",\"valueRequired\":true,\"valueName\":\"search_term_string\"}}],\"inLanguage\":\"pt-PT\"},{\"@type\":\"Organization\",\"@id\":\"https:\/\/caravanagrupoeditorial.com\/#organization\",\"name\":\"Caravana Grupo Editorial\",\"url\":\"https:\/\/caravanagrupoeditorial.com\/\",\"logo\":{\"@type\":\"ImageObject\",\"inLanguage\":\"pt-PT\",\"@id\":\"https:\/\/caravanagrupoeditorial.com\/#\/schema\/logo\/image\/\",\"url\":\"https:\/\/caravanagrupoeditorial.com\/wp-content\/uploads\/2024\/02\/cropped-Logo_Caravana.png\",\"contentUrl\":\"https:\/\/caravanagrupoeditorial.com\/wp-content\/uploads\/2024\/02\/cropped-Logo_Caravana.png\",\"width\":512,\"height\":512,\"caption\":\"Caravana Grupo Editorial\"},\"image\":{\"@id\":\"https:\/\/caravanagrupoeditorial.com\/#\/schema\/logo\/image\/\"},\"sameAs\":[\"https:\/\/www.facebook.com\/caravanagrupoeditorial\",\"https:\/\/www.instagram.com\/caravanagrupoeditorial\/?hl=pt-br\",\"https:\/\/www.youtube.com\/channel\/UCdD-xosEkpHCeRn2nDLiXfQ\"]}]}<\/script>\n<!-- \/ Yoast SEO plugin. -->","yoast_head_json":{"title":"As m\u00e3os da professora de Literatura Portuguesa - Caravana Grupo Editorial","robots":{"index":"index","follow":"follow","max-snippet":"max-snippet:-1","max-image-preview":"max-image-preview:large","max-video-preview":"max-video-preview:-1"},"canonical":"https:\/\/caravanagrupoeditorial.com\/pt\/livros\/as-maos-da-professora-de-literatura-portuguesa\/","og_locale":"pt_PT","og_type":"article","og_title":"As m\u00e3os da professora de Literatura Portuguesa - Caravana Grupo Editorial","og_description":"As m\u00e3os da professora de Literatura Portuguesa re\u00fane dezesseis contos marcados por uma escrita envolvente e precisa. Com um olhar sens\u00edvel e profundo, Ronaldo D\u00f3ria J\u00fanior conduz o leitor por","og_url":"https:\/\/caravanagrupoeditorial.com\/pt\/livros\/as-maos-da-professora-de-literatura-portuguesa\/","og_site_name":"Caravana Grupo Editorial","article_publisher":"https:\/\/www.facebook.com\/caravanagrupoeditorial","article_modified_time":"2026-02-24T23:20:38+00:00","og_image":[{"width":2560,"height":2560,"url":"https:\/\/i0.wp.com\/caravanagrupoeditorial.com\/wp-content\/uploads\/2025\/08\/As-maos-da-professora-de-Literatura-Portuguesa-Ayumi-Shimamoto-scaled.jpg?fit=2560%2C2560&ssl=1","type":"image\/jpeg"}],"twitter_card":"summary_large_image","twitter_misc":{"Tempo estimado de leitura":"1 minuto"},"schema":{"@context":"https:\/\/schema.org","@graph":[{"@type":"WebPage","@id":"https:\/\/caravanagrupoeditorial.com\/livros\/as-maos-da-professora-de-literatura-portuguesa\/","url":"https:\/\/caravanagrupoeditorial.com\/livros\/as-maos-da-professora-de-literatura-portuguesa\/","name":"As m\u00e3os da professora de Literatura Portuguesa - Caravana Grupo Editorial","isPartOf":{"@id":"https:\/\/caravanagrupoeditorial.com\/#website"},"primaryImageOfPage":{"@id":"https:\/\/caravanagrupoeditorial.com\/livros\/as-maos-da-professora-de-literatura-portuguesa\/#primaryimage"},"image":{"@id":"https:\/\/caravanagrupoeditorial.com\/livros\/as-maos-da-professora-de-literatura-portuguesa\/#primaryimage"},"thumbnailUrl":"https:\/\/i0.wp.com\/caravanagrupoeditorial.com\/wp-content\/uploads\/2025\/08\/As-maos-da-professora-de-Literatura-Portuguesa-Ayumi-Shimamoto-scaled.jpg?fit=2560%2C2560&ssl=1","datePublished":"2025-08-20T15:46:22+00:00","dateModified":"2026-02-24T23:20:38+00:00","breadcrumb":{"@id":"https:\/\/caravanagrupoeditorial.com\/livros\/as-maos-da-professora-de-literatura-portuguesa\/#breadcrumb"},"inLanguage":"pt-PT","potentialAction":[{"@type":"ReadAction","target":["https:\/\/caravanagrupoeditorial.com\/livros\/as-maos-da-professora-de-literatura-portuguesa\/"]}]},{"@type":"ImageObject","inLanguage":"pt-PT","@id":"https:\/\/caravanagrupoeditorial.com\/livros\/as-maos-da-professora-de-literatura-portuguesa\/#primaryimage","url":"https:\/\/i0.wp.com\/caravanagrupoeditorial.com\/wp-content\/uploads\/2025\/08\/As-maos-da-professora-de-Literatura-Portuguesa-Ayumi-Shimamoto-scaled.jpg?fit=2560%2C2560&ssl=1","contentUrl":"https:\/\/i0.wp.com\/caravanagrupoeditorial.com\/wp-content\/uploads\/2025\/08\/As-maos-da-professora-de-Literatura-Portuguesa-Ayumi-Shimamoto-scaled.jpg?fit=2560%2C2560&ssl=1","width":2560,"height":2560},{"@type":"BreadcrumbList","@id":"https:\/\/caravanagrupoeditorial.com\/livros\/as-maos-da-professora-de-literatura-portuguesa\/#breadcrumb","itemListElement":[{"@type":"ListItem","position":1,"name":"In\u00edcio","item":"https:\/\/caravanagrupoeditorial.com\/"},{"@type":"ListItem","position":2,"name":"Shop","item":"https:\/\/caravanagrupoeditorial.com\/shop\/"},{"@type":"ListItem","position":3,"name":"As m\u00e3os da professora de Literatura Portuguesa"}]},{"@type":"WebSite","@id":"https:\/\/caravanagrupoeditorial.com\/#website","url":"https:\/\/caravanagrupoeditorial.com\/","name":"Cat\u00e1logo - Mercador Editorial","description":"","publisher":{"@id":"https:\/\/caravanagrupoeditorial.com\/#organization"},"potentialAction":[{"@type":"SearchAction","target":{"@type":"EntryPoint","urlTemplate":"https:\/\/caravanagrupoeditorial.com\/?s={search_term_string}"},"query-input":{"@type":"PropertyValueSpecification","valueRequired":true,"valueName":"search_term_string"}}],"inLanguage":"pt-PT"},{"@type":"Organization","@id":"https:\/\/caravanagrupoeditorial.com\/#organization","name":"Cat\u00e1logo - Mercador Editorial","url":"https:\/\/caravanagrupoeditorial.com\/","logo":{"@type":"ImageObject","inLanguage":"pt-PT","@id":"https:\/\/caravanagrupoeditorial.com\/#\/schema\/logo\/image\/","url":"https:\/\/caravanagrupoeditorial.com\/wp-content\/uploads\/2024\/02\/cropped-Logo_Caravana.png","contentUrl":"https:\/\/caravanagrupoeditorial.com\/wp-content\/uploads\/2024\/02\/cropped-Logo_Caravana.png","width":512,"height":512,"caption":"Caravana Grupo Editorial"},"image":{"@id":"https:\/\/caravanagrupoeditorial.com\/#\/schema\/logo\/image\/"},"sameAs":["https:\/\/www.facebook.com\/caravanagrupoeditorial","https:\/\/www.instagram.com\/caravanagrupoeditorial\/?hl=pt-br","https:\/\/www.youtube.com\/channel\/UCdD-xosEkpHCeRn2nDLiXfQ"]}]}},"jetpack_sharing_enabled":true,"brands":[{"id":774,"name":"Ronaldo D\u00f3ria J\u00fanior","slug":"ronaldo-doria-junior"}],"_links":{"self":[{"href":"https:\/\/caravanagrupoeditorial.com\/pt\/wp-json\/wp\/v2\/product\/79659","targetHints":{"allow":["GET"]}}],"collection":[{"href":"https:\/\/caravanagrupoeditorial.com\/pt\/wp-json\/wp\/v2\/product"}],"about":[{"href":"https:\/\/caravanagrupoeditorial.com\/pt\/wp-json\/wp\/v2\/types\/product"}],"replies":[{"embeddable":true,"href":"https:\/\/caravanagrupoeditorial.com\/pt\/wp-json\/wp\/v2\/comments?post=79659"}],"wp:featuredmedia":[{"embeddable":true,"href":"https:\/\/caravanagrupoeditorial.com\/pt\/wp-json\/wp\/v2\/media\/79662"}],"wp:attachment":[{"href":"https:\/\/caravanagrupoeditorial.com\/pt\/wp-json\/wp\/v2\/media?parent=79659"}],"wp:term":[{"taxonomy":"pwb-brand","embeddable":true,"href":"https:\/\/caravanagrupoeditorial.com\/pt\/wp-json\/wp\/v2\/pwb-brand?post=79659"},{"taxonomy":"product_brand","embeddable":true,"href":"https:\/\/caravanagrupoeditorial.com\/pt\/wp-json\/wp\/v2\/product_brand?post=79659"},{"taxonomy":"product_cat","embeddable":true,"href":"https:\/\/caravanagrupoeditorial.com\/pt\/wp-json\/wp\/v2\/product_cat?post=79659"},{"taxonomy":"product_tag","embeddable":true,"href":"https:\/\/caravanagrupoeditorial.com\/pt\/wp-json\/wp\/v2\/product_tag?post=79659"},{"taxonomy":"editora","embeddable":true,"href":"https:\/\/caravanagrupoeditorial.com\/pt\/wp-json\/wp\/v2\/editora?post=79659"}],"curies":[{"name":"wp","href":"https:\/\/api.w.org\/{rel}","templated":true}]}}