{"id":79541,"date":"2025-08-19T17:30:23","date_gmt":"2025-08-19T20:30:23","guid":{"rendered":"https:\/\/caravanagrupoeditorial.com\/?post_type=product&#038;p=79541"},"modified":"2026-02-24T20:27:00","modified_gmt":"2026-02-24T23:27:00","slug":"aconteceu-em-caminho-das-pedras","status":"publish","type":"product","link":"https:\/\/caravanagrupoeditorial.com\/pt\/livros\/aconteceu-em-caminho-das-pedras\/","title":{"rendered":"Aconteceu em caminho das pedras"},"content":{"rendered":"<p style=\"text-align: justify;\">Qualquer semelhan\u00e7a com a realidade \u00e9 mera coincid\u00eancia. Caminho das Pedras \u00e9 uma cidade bem ordenada pelo prefeito Fl\u00e1vio Nobrega. Uns rezam, outros fazem pol\u00edtica e h\u00e1 os que trabalham. Assim, a estrutura rigidamente elaborada da cidade \u00e9 mantida. Jorge e sua fam\u00edlia, habitantes do Lado Leste, levam uma vida comum. Jorge e seu irm\u00e3o Jos\u00e9 esperam ter idade suficiente para seguir a profiss\u00e3o do pai. Joana, a irm\u00e3 mais nova, ser\u00e1 ensinada pela m\u00e3e a ser uma boa esposa. Cec\u00edlia, no Lado Oeste, est\u00e1 cheia de d\u00favidas sobre o funcionamento de Caminho das Pedras e as conversas com Cl\u00f3vis n\u00e3o foram suficientemente esclarecedoras. A garota busca respostas com sua m\u00e3e Sandra ao saber que as pessoas do Lado Leste n\u00e3o sabem ler e s\u00e3o tratadas apenas como for\u00e7a de produ\u00e7\u00e3o para a economia. Uma visita da amiga Marcinha \u00e0 casa da fam\u00edlia de Jorge e uma entrevista com Susana mudar\u00e1 o curso da vida de todos.<\/p>","protected":false},"excerpt":{"rendered":"<p>Qualquer semelhan\u00e7a com a realidade \u00e9 mera coincid\u00eancia. Caminho das Pedras \u00e9 uma cidade bem ordenada pelo prefeito Fl\u00e1vio Nobrega. Uns rezam, outros fazem pol\u00edtica e h\u00e1 os que trabalham.<\/p>","protected":false},"featured_media":79544,"comment_status":"open","ping_status":"closed","template":"","meta":{"_acf_changed":false,"jetpack_post_was_ever_published":false,"_joinchat":[]},"pwb-brand":[20230],"product_brand":[],"product_cat":[20647,20646,173],"product_tag":[136,835,137,23],"editora":[20601,20604],"class_list":{"0":"post-79541","1":"product","2":"type-product","3":"status-publish","4":"has-post-thumbnail","6":"pwb-brand-franco-felix","7":"product_cat-caravana","8":"product_cat-mercador","9":"product_cat-romance","10":"product_tag-caravana","11":"product_tag-caravanagrupoeditorial","12":"product_tag-editoraindependente","13":"product_tag-literatura","14":"editora-caravana","15":"editora-mercador","16":"pre_capa-pre-capa","18":"first","19":"instock","20":"shipping-taxable","21":"purchasable","22":"product-type-simple"},"acf":[],"yoast_head":"<!-- This site is optimized with the Yoast SEO plugin v27.2 - https:\/\/yoast.com\/product\/yoast-seo-wordpress\/ -->\n<title>Aconteceu em caminho das pedras - Caravana Grupo Editorial<\/title>\n<meta name=\"robots\" content=\"index, follow, max-snippet:-1, max-image-preview:large, max-video-preview:-1\" \/>\n<link rel=\"canonical\" href=\"https:\/\/caravanagrupoeditorial.com\/pt\/livros\/aconteceu-em-caminho-das-pedras\/\" \/>\n<meta property=\"og:locale\" content=\"pt_PT\" \/>\n<meta property=\"og:type\" content=\"article\" \/>\n<meta property=\"og:title\" content=\"Aconteceu em caminho das pedras - Caravana Grupo Editorial\" \/>\n<meta property=\"og:description\" content=\"Qualquer semelhan\u00e7a com a realidade \u00e9 mera coincid\u00eancia. Caminho das Pedras \u00e9 uma cidade bem ordenada pelo prefeito Fl\u00e1vio Nobrega. Uns rezam, outros fazem pol\u00edtica e h\u00e1 os que trabalham.\" \/>\n<meta property=\"og:url\" content=\"https:\/\/caravanagrupoeditorial.com\/pt\/livros\/aconteceu-em-caminho-das-pedras\/\" \/>\n<meta property=\"og:site_name\" content=\"Caravana Grupo Editorial\" \/>\n<meta property=\"article:publisher\" content=\"https:\/\/www.facebook.com\/caravanagrupoeditorial\" \/>\n<meta property=\"article:modified_time\" content=\"2026-02-24T23:27:00+00:00\" \/>\n<meta property=\"og:image\" content=\"https:\/\/i0.wp.com\/caravanagrupoeditorial.com\/wp-content\/uploads\/2025\/08\/Aconteceu-em-caminho-das-pedras-Ayumi-Shimamoto-scaled.jpg?fit=2560%2C2560&ssl=1\" \/>\n\t<meta property=\"og:image:width\" content=\"2560\" \/>\n\t<meta property=\"og:image:height\" content=\"2560\" \/>\n\t<meta property=\"og:image:type\" content=\"image\/jpeg\" \/>\n<meta name=\"twitter:card\" content=\"summary_large_image\" \/>\n<meta name=\"twitter:label1\" content=\"Tempo estimado de leitura\" \/>\n\t<meta name=\"twitter:data1\" content=\"2 minutos\" \/>\n<script type=\"application\/ld+json\" class=\"yoast-schema-graph\">{\"@context\":\"https:\/\/schema.org\",\"@graph\":[{\"@type\":\"WebPage\",\"@id\":\"https:\/\/caravanagrupoeditorial.com\/livros\/aconteceu-em-caminho-das-pedras\/\",\"url\":\"https:\/\/caravanagrupoeditorial.com\/livros\/aconteceu-em-caminho-das-pedras\/\",\"name\":\"Aconteceu em caminho das pedras - Caravana Grupo Editorial\",\"isPartOf\":{\"@id\":\"https:\/\/caravanagrupoeditorial.com\/#website\"},\"primaryImageOfPage\":{\"@id\":\"https:\/\/caravanagrupoeditorial.com\/livros\/aconteceu-em-caminho-das-pedras\/#primaryimage\"},\"image\":{\"@id\":\"https:\/\/caravanagrupoeditorial.com\/livros\/aconteceu-em-caminho-das-pedras\/#primaryimage\"},\"thumbnailUrl\":\"https:\/\/i0.wp.com\/caravanagrupoeditorial.com\/wp-content\/uploads\/2025\/08\/Aconteceu-em-caminho-das-pedras-Ayumi-Shimamoto-scaled.jpg?fit=2560%2C2560&ssl=1\",\"datePublished\":\"2025-08-19T20:30:23+00:00\",\"dateModified\":\"2026-02-24T23:27:00+00:00\",\"breadcrumb\":{\"@id\":\"https:\/\/caravanagrupoeditorial.com\/livros\/aconteceu-em-caminho-das-pedras\/#breadcrumb\"},\"inLanguage\":\"pt-PT\",\"potentialAction\":[{\"@type\":\"ReadAction\",\"target\":[\"https:\/\/caravanagrupoeditorial.com\/livros\/aconteceu-em-caminho-das-pedras\/\"]}]},{\"@type\":\"ImageObject\",\"inLanguage\":\"pt-PT\",\"@id\":\"https:\/\/caravanagrupoeditorial.com\/livros\/aconteceu-em-caminho-das-pedras\/#primaryimage\",\"url\":\"https:\/\/i0.wp.com\/caravanagrupoeditorial.com\/wp-content\/uploads\/2025\/08\/Aconteceu-em-caminho-das-pedras-Ayumi-Shimamoto-scaled.jpg?fit=2560%2C2560&ssl=1\",\"contentUrl\":\"https:\/\/i0.wp.com\/caravanagrupoeditorial.com\/wp-content\/uploads\/2025\/08\/Aconteceu-em-caminho-das-pedras-Ayumi-Shimamoto-scaled.jpg?fit=2560%2C2560&ssl=1\",\"width\":2560,\"height\":2560},{\"@type\":\"BreadcrumbList\",\"@id\":\"https:\/\/caravanagrupoeditorial.com\/livros\/aconteceu-em-caminho-das-pedras\/#breadcrumb\",\"itemListElement\":[{\"@type\":\"ListItem\",\"position\":1,\"name\":\"In\u00edcio\",\"item\":\"https:\/\/caravanagrupoeditorial.com\/\"},{\"@type\":\"ListItem\",\"position\":2,\"name\":\"Shop\",\"item\":\"https:\/\/caravanagrupoeditorial.com\/shop\/\"},{\"@type\":\"ListItem\",\"position\":3,\"name\":\"Aconteceu em caminho das pedras\"}]},{\"@type\":\"WebSite\",\"@id\":\"https:\/\/caravanagrupoeditorial.com\/#website\",\"url\":\"https:\/\/caravanagrupoeditorial.com\/\",\"name\":\"Caravana Grupo Editorial\",\"description\":\"\",\"publisher\":{\"@id\":\"https:\/\/caravanagrupoeditorial.com\/#organization\"},\"potentialAction\":[{\"@type\":\"SearchAction\",\"target\":{\"@type\":\"EntryPoint\",\"urlTemplate\":\"https:\/\/caravanagrupoeditorial.com\/?s={search_term_string}\"},\"query-input\":{\"@type\":\"PropertyValueSpecification\",\"valueRequired\":true,\"valueName\":\"search_term_string\"}}],\"inLanguage\":\"pt-PT\"},{\"@type\":\"Organization\",\"@id\":\"https:\/\/caravanagrupoeditorial.com\/#organization\",\"name\":\"Caravana Grupo Editorial\",\"url\":\"https:\/\/caravanagrupoeditorial.com\/\",\"logo\":{\"@type\":\"ImageObject\",\"inLanguage\":\"pt-PT\",\"@id\":\"https:\/\/caravanagrupoeditorial.com\/#\/schema\/logo\/image\/\",\"url\":\"https:\/\/caravanagrupoeditorial.com\/wp-content\/uploads\/2024\/02\/cropped-Logo_Caravana.png\",\"contentUrl\":\"https:\/\/caravanagrupoeditorial.com\/wp-content\/uploads\/2024\/02\/cropped-Logo_Caravana.png\",\"width\":512,\"height\":512,\"caption\":\"Caravana Grupo Editorial\"},\"image\":{\"@id\":\"https:\/\/caravanagrupoeditorial.com\/#\/schema\/logo\/image\/\"},\"sameAs\":[\"https:\/\/www.facebook.com\/caravanagrupoeditorial\",\"https:\/\/www.instagram.com\/caravanagrupoeditorial\/?hl=pt-br\",\"https:\/\/www.youtube.com\/channel\/UCdD-xosEkpHCeRn2nDLiXfQ\"]}]}<\/script>\n<!-- \/ Yoast SEO plugin. -->","yoast_head_json":{"title":"Aconteceu em caminho das pedras - Caravana Grupo Editorial","robots":{"index":"index","follow":"follow","max-snippet":"max-snippet:-1","max-image-preview":"max-image-preview:large","max-video-preview":"max-video-preview:-1"},"canonical":"https:\/\/caravanagrupoeditorial.com\/pt\/livros\/aconteceu-em-caminho-das-pedras\/","og_locale":"pt_PT","og_type":"article","og_title":"Aconteceu em caminho das pedras - Caravana Grupo Editorial","og_description":"Qualquer semelhan\u00e7a com a realidade \u00e9 mera coincid\u00eancia. Caminho das Pedras \u00e9 uma cidade bem ordenada pelo prefeito Fl\u00e1vio Nobrega. Uns rezam, outros fazem pol\u00edtica e h\u00e1 os que trabalham.","og_url":"https:\/\/caravanagrupoeditorial.com\/pt\/livros\/aconteceu-em-caminho-das-pedras\/","og_site_name":"Caravana Grupo Editorial","article_publisher":"https:\/\/www.facebook.com\/caravanagrupoeditorial","article_modified_time":"2026-02-24T23:27:00+00:00","og_image":[{"width":2560,"height":2560,"url":"https:\/\/i0.wp.com\/caravanagrupoeditorial.com\/wp-content\/uploads\/2025\/08\/Aconteceu-em-caminho-das-pedras-Ayumi-Shimamoto-scaled.jpg?fit=2560%2C2560&ssl=1","type":"image\/jpeg"}],"twitter_card":"summary_large_image","twitter_misc":{"Tempo estimado de leitura":"2 minutos"},"schema":{"@context":"https:\/\/schema.org","@graph":[{"@type":"WebPage","@id":"https:\/\/caravanagrupoeditorial.com\/livros\/aconteceu-em-caminho-das-pedras\/","url":"https:\/\/caravanagrupoeditorial.com\/livros\/aconteceu-em-caminho-das-pedras\/","name":"Aconteceu em caminho das pedras - Caravana Grupo Editorial","isPartOf":{"@id":"https:\/\/caravanagrupoeditorial.com\/#website"},"primaryImageOfPage":{"@id":"https:\/\/caravanagrupoeditorial.com\/livros\/aconteceu-em-caminho-das-pedras\/#primaryimage"},"image":{"@id":"https:\/\/caravanagrupoeditorial.com\/livros\/aconteceu-em-caminho-das-pedras\/#primaryimage"},"thumbnailUrl":"https:\/\/i0.wp.com\/caravanagrupoeditorial.com\/wp-content\/uploads\/2025\/08\/Aconteceu-em-caminho-das-pedras-Ayumi-Shimamoto-scaled.jpg?fit=2560%2C2560&ssl=1","datePublished":"2025-08-19T20:30:23+00:00","dateModified":"2026-02-24T23:27:00+00:00","breadcrumb":{"@id":"https:\/\/caravanagrupoeditorial.com\/livros\/aconteceu-em-caminho-das-pedras\/#breadcrumb"},"inLanguage":"pt-PT","potentialAction":[{"@type":"ReadAction","target":["https:\/\/caravanagrupoeditorial.com\/livros\/aconteceu-em-caminho-das-pedras\/"]}]},{"@type":"ImageObject","inLanguage":"pt-PT","@id":"https:\/\/caravanagrupoeditorial.com\/livros\/aconteceu-em-caminho-das-pedras\/#primaryimage","url":"https:\/\/i0.wp.com\/caravanagrupoeditorial.com\/wp-content\/uploads\/2025\/08\/Aconteceu-em-caminho-das-pedras-Ayumi-Shimamoto-scaled.jpg?fit=2560%2C2560&ssl=1","contentUrl":"https:\/\/i0.wp.com\/caravanagrupoeditorial.com\/wp-content\/uploads\/2025\/08\/Aconteceu-em-caminho-das-pedras-Ayumi-Shimamoto-scaled.jpg?fit=2560%2C2560&ssl=1","width":2560,"height":2560},{"@type":"BreadcrumbList","@id":"https:\/\/caravanagrupoeditorial.com\/livros\/aconteceu-em-caminho-das-pedras\/#breadcrumb","itemListElement":[{"@type":"ListItem","position":1,"name":"In\u00edcio","item":"https:\/\/caravanagrupoeditorial.com\/"},{"@type":"ListItem","position":2,"name":"Shop","item":"https:\/\/caravanagrupoeditorial.com\/shop\/"},{"@type":"ListItem","position":3,"name":"Aconteceu em caminho das pedras"}]},{"@type":"WebSite","@id":"https:\/\/caravanagrupoeditorial.com\/#website","url":"https:\/\/caravanagrupoeditorial.com\/","name":"Cat\u00e1logo - Mercador Editorial","description":"","publisher":{"@id":"https:\/\/caravanagrupoeditorial.com\/#organization"},"potentialAction":[{"@type":"SearchAction","target":{"@type":"EntryPoint","urlTemplate":"https:\/\/caravanagrupoeditorial.com\/?s={search_term_string}"},"query-input":{"@type":"PropertyValueSpecification","valueRequired":true,"valueName":"search_term_string"}}],"inLanguage":"pt-PT"},{"@type":"Organization","@id":"https:\/\/caravanagrupoeditorial.com\/#organization","name":"Cat\u00e1logo - Mercador Editorial","url":"https:\/\/caravanagrupoeditorial.com\/","logo":{"@type":"ImageObject","inLanguage":"pt-PT","@id":"https:\/\/caravanagrupoeditorial.com\/#\/schema\/logo\/image\/","url":"https:\/\/caravanagrupoeditorial.com\/wp-content\/uploads\/2024\/02\/cropped-Logo_Caravana.png","contentUrl":"https:\/\/caravanagrupoeditorial.com\/wp-content\/uploads\/2024\/02\/cropped-Logo_Caravana.png","width":512,"height":512,"caption":"Caravana Grupo Editorial"},"image":{"@id":"https:\/\/caravanagrupoeditorial.com\/#\/schema\/logo\/image\/"},"sameAs":["https:\/\/www.facebook.com\/caravanagrupoeditorial","https:\/\/www.instagram.com\/caravanagrupoeditorial\/?hl=pt-br","https:\/\/www.youtube.com\/channel\/UCdD-xosEkpHCeRn2nDLiXfQ"]}]}},"jetpack_sharing_enabled":true,"brands":[{"id":20230,"name":"Franco Felix","slug":"franco-felix"}],"_links":{"self":[{"href":"https:\/\/caravanagrupoeditorial.com\/pt\/wp-json\/wp\/v2\/product\/79541","targetHints":{"allow":["GET"]}}],"collection":[{"href":"https:\/\/caravanagrupoeditorial.com\/pt\/wp-json\/wp\/v2\/product"}],"about":[{"href":"https:\/\/caravanagrupoeditorial.com\/pt\/wp-json\/wp\/v2\/types\/product"}],"replies":[{"embeddable":true,"href":"https:\/\/caravanagrupoeditorial.com\/pt\/wp-json\/wp\/v2\/comments?post=79541"}],"wp:featuredmedia":[{"embeddable":true,"href":"https:\/\/caravanagrupoeditorial.com\/pt\/wp-json\/wp\/v2\/media\/79544"}],"wp:attachment":[{"href":"https:\/\/caravanagrupoeditorial.com\/pt\/wp-json\/wp\/v2\/media?parent=79541"}],"wp:term":[{"taxonomy":"pwb-brand","embeddable":true,"href":"https:\/\/caravanagrupoeditorial.com\/pt\/wp-json\/wp\/v2\/pwb-brand?post=79541"},{"taxonomy":"product_brand","embeddable":true,"href":"https:\/\/caravanagrupoeditorial.com\/pt\/wp-json\/wp\/v2\/product_brand?post=79541"},{"taxonomy":"product_cat","embeddable":true,"href":"https:\/\/caravanagrupoeditorial.com\/pt\/wp-json\/wp\/v2\/product_cat?post=79541"},{"taxonomy":"product_tag","embeddable":true,"href":"https:\/\/caravanagrupoeditorial.com\/pt\/wp-json\/wp\/v2\/product_tag?post=79541"},{"taxonomy":"editora","embeddable":true,"href":"https:\/\/caravanagrupoeditorial.com\/pt\/wp-json\/wp\/v2\/editora?post=79541"}],"curies":[{"name":"wp","href":"https:\/\/api.w.org\/{rel}","templated":true}]}}