{"id":71005,"date":"2025-02-20T17:12:25","date_gmt":"2025-02-20T20:12:25","guid":{"rendered":"https:\/\/caravanagrupoeditorial.com\/?post_type=product&#038;p=71005"},"modified":"2026-03-09T10:05:07","modified_gmt":"2026-03-09T13:05:07","slug":"o-menino-que-morreu-de-rir-contos-e-desenhos-mais-ou-menos-tragicos-de-um-jovem-escritor","status":"publish","type":"product","link":"https:\/\/caravanagrupoeditorial.com\/pt\/livros\/o-menino-que-morreu-de-rir-contos-e-desenhos-mais-ou-menos-tragicos-de-um-jovem-escritor\/","title":{"rendered":"O menino que morreu de rir : contos e desenhos mais ou menos tr\u00e1gicos de um jovem escritor"},"content":{"rendered":"<p style=\"text-align: justify\" data-mce-style=\"text-align: justify;\">Navegar pela escrita de Danilo \u00e9 como assistir a uma pe\u00e7a de teatro. As imagens v\u00e3o brotando diante dos nossos olhos. \u00c0s vezes s\u00e3o t\u00e3o concretas que \u00e9 poss\u00edvel toc\u00e1-las, sentir o cheiro e o sabor de uma inventividade tr\u00e1gica. Ao longo de 15 contos e desenhos, o autor transborda a profundidade psicol\u00f3gica de eus l\u00edricos que, na maioria das vezes, s\u00e3o express\u00f5es de si mesmo. O \u00edntimo po\u00e9tico de um jovem transitando da adolesc\u00eancia para a vida adulta vem \u00e0 tona ap\u00f3s quase duas d\u00e9cadas guardado. A redescoberta dos escritos surgiu como uma revela\u00e7\u00e3o, um reencontro de um autor desabrochado com o jovem encapsulado de outrora, que convivia com um medo borbulhante ardendo em si. Os desenhos s\u00e3o um convite \u00e0 pintura desse passado melanc\u00f3lico, como se, por meio das cores, fosse poss\u00edvel achar a sombra das palavras e preencher de felicidade aquilo que parecia estar perdido no tempo. As p\u00e1ginas a seguir s\u00e3o para sua coautoria. Fique \u00e0 vontade para colorir.<\/p>\n<p>Andrei Bessa<\/p>","protected":false},"excerpt":{"rendered":"<p><br data-mce-bogus=\"1\"><\/p>","protected":false},"featured_media":100489,"comment_status":"open","ping_status":"closed","template":"","meta":{"_acf_changed":false,"jetpack_post_was_ever_published":true,"_joinchat":[]},"pwb-brand":[20038],"product_brand":[],"product_cat":[20647,171,20646],"product_tag":[136,835,137,23],"editora":[20601,20604],"class_list":{"0":"post-71005","1":"product","2":"type-product","3":"status-publish","4":"has-post-thumbnail","6":"pwb-brand-danilo-castro","7":"product_cat-caravana","8":"product_cat-contos","9":"product_cat-mercador","10":"product_tag-caravana","11":"product_tag-caravanagrupoeditorial","12":"product_tag-editoraindependente","13":"product_tag-literatura","14":"editora-caravana","15":"editora-mercador","16":"pre_capa-nao-e-pre-capa","18":"first","19":"instock","20":"shipping-taxable","21":"purchasable","22":"product-type-simple"},"acf":[],"yoast_head":"<!-- This site is optimized with the Yoast SEO plugin v27.2 - https:\/\/yoast.com\/product\/yoast-seo-wordpress\/ -->\n<title>O menino que morreu de rir : contos e desenhos mais ou menos tr\u00e1gicos de um jovem escritor - Caravana Grupo Editorial<\/title>\n<meta name=\"robots\" content=\"index, follow, max-snippet:-1, max-image-preview:large, max-video-preview:-1\" \/>\n<link rel=\"canonical\" href=\"https:\/\/caravanagrupoeditorial.com\/pt\/livros\/o-menino-que-morreu-de-rir-contos-e-desenhos-mais-ou-menos-tragicos-de-um-jovem-escritor\/\" \/>\n<meta property=\"og:locale\" content=\"pt_PT\" \/>\n<meta property=\"og:type\" content=\"article\" \/>\n<meta property=\"og:title\" content=\"O menino que morreu de rir : contos e desenhos mais ou menos tr\u00e1gicos de um jovem escritor - Caravana Grupo Editorial\" \/>\n<meta property=\"og:url\" content=\"https:\/\/caravanagrupoeditorial.com\/pt\/livros\/o-menino-que-morreu-de-rir-contos-e-desenhos-mais-ou-menos-tragicos-de-um-jovem-escritor\/\" \/>\n<meta property=\"og:site_name\" content=\"Caravana Grupo Editorial\" \/>\n<meta property=\"article:publisher\" content=\"https:\/\/www.facebook.com\/caravanagrupoeditorial\" \/>\n<meta property=\"article:modified_time\" content=\"2026-03-09T13:05:07+00:00\" \/>\n<meta property=\"og:image\" content=\"https:\/\/i0.wp.com\/caravanagrupoeditorial.com\/wp-content\/uploads\/2025\/02\/O-menino-que-morreu-de-rir-Ayumi-Shimamoto-2-300x300-1.webp?fit=300%2C300&ssl=1\" \/>\n\t<meta property=\"og:image:width\" content=\"300\" \/>\n\t<meta property=\"og:image:height\" content=\"300\" \/>\n\t<meta property=\"og:image:type\" content=\"image\/webp\" \/>\n<meta name=\"twitter:card\" content=\"summary_large_image\" \/>\n<meta name=\"twitter:label1\" content=\"Tempo estimado de leitura\" \/>\n\t<meta name=\"twitter:data1\" content=\"2 minutos\" \/>\n<script type=\"application\/ld+json\" class=\"yoast-schema-graph\">{\"@context\":\"https:\/\/schema.org\",\"@graph\":[{\"@type\":\"WebPage\",\"@id\":\"https:\/\/caravanagrupoeditorial.com\/pt\/livros\/o-menino-que-morreu-de-rir-contos-e-desenhos-mais-ou-menos-tragicos-de-um-jovem-escritor\/\",\"url\":\"https:\/\/caravanagrupoeditorial.com\/pt\/livros\/o-menino-que-morreu-de-rir-contos-e-desenhos-mais-ou-menos-tragicos-de-um-jovem-escritor\/\",\"name\":\"O menino que morreu de rir : contos e desenhos mais ou menos tr\u00e1gicos de um jovem escritor - Caravana Grupo Editorial\",\"isPartOf\":{\"@id\":\"https:\/\/caravanagrupoeditorial.com\/#website\"},\"primaryImageOfPage\":{\"@id\":\"https:\/\/caravanagrupoeditorial.com\/pt\/livros\/o-menino-que-morreu-de-rir-contos-e-desenhos-mais-ou-menos-tragicos-de-um-jovem-escritor\/#primaryimage\"},\"image\":{\"@id\":\"https:\/\/caravanagrupoeditorial.com\/pt\/livros\/o-menino-que-morreu-de-rir-contos-e-desenhos-mais-ou-menos-tragicos-de-um-jovem-escritor\/#primaryimage\"},\"thumbnailUrl\":\"https:\/\/i0.wp.com\/caravanagrupoeditorial.com\/wp-content\/uploads\/2025\/02\/O-menino-que-morreu-de-rir-Ayumi-Shimamoto-2-300x300-1.webp?fit=300%2C300&ssl=1\",\"datePublished\":\"2025-02-20T20:12:25+00:00\",\"dateModified\":\"2026-03-09T13:05:07+00:00\",\"breadcrumb\":{\"@id\":\"https:\/\/caravanagrupoeditorial.com\/pt\/livros\/o-menino-que-morreu-de-rir-contos-e-desenhos-mais-ou-menos-tragicos-de-um-jovem-escritor\/#breadcrumb\"},\"inLanguage\":\"pt-PT\",\"potentialAction\":[{\"@type\":\"ReadAction\",\"target\":[\"https:\/\/caravanagrupoeditorial.com\/pt\/livros\/o-menino-que-morreu-de-rir-contos-e-desenhos-mais-ou-menos-tragicos-de-um-jovem-escritor\/\"]}]},{\"@type\":\"ImageObject\",\"inLanguage\":\"pt-PT\",\"@id\":\"https:\/\/caravanagrupoeditorial.com\/pt\/livros\/o-menino-que-morreu-de-rir-contos-e-desenhos-mais-ou-menos-tragicos-de-um-jovem-escritor\/#primaryimage\",\"url\":\"https:\/\/i0.wp.com\/caravanagrupoeditorial.com\/wp-content\/uploads\/2025\/02\/O-menino-que-morreu-de-rir-Ayumi-Shimamoto-2-300x300-1.webp?fit=300%2C300&ssl=1\",\"contentUrl\":\"https:\/\/i0.wp.com\/caravanagrupoeditorial.com\/wp-content\/uploads\/2025\/02\/O-menino-que-morreu-de-rir-Ayumi-Shimamoto-2-300x300-1.webp?fit=300%2C300&ssl=1\",\"width\":300,\"height\":300},{\"@type\":\"BreadcrumbList\",\"@id\":\"https:\/\/caravanagrupoeditorial.com\/pt\/livros\/o-menino-que-morreu-de-rir-contos-e-desenhos-mais-ou-menos-tragicos-de-um-jovem-escritor\/#breadcrumb\",\"itemListElement\":[{\"@type\":\"ListItem\",\"position\":1,\"name\":\"In\u00edcio\",\"item\":\"https:\/\/caravanagrupoeditorial.com\/\"},{\"@type\":\"ListItem\",\"position\":2,\"name\":\"Shop\",\"item\":\"https:\/\/caravanagrupoeditorial.com\/shop\/\"},{\"@type\":\"ListItem\",\"position\":3,\"name\":\"O menino que morreu de rir : contos e desenhos mais ou menos tr\u00e1gicos de um jovem escritor\"}]},{\"@type\":\"WebSite\",\"@id\":\"https:\/\/caravanagrupoeditorial.com\/#website\",\"url\":\"https:\/\/caravanagrupoeditorial.com\/\",\"name\":\"Caravana Grupo Editorial\",\"description\":\"\",\"publisher\":{\"@id\":\"https:\/\/caravanagrupoeditorial.com\/#organization\"},\"potentialAction\":[{\"@type\":\"SearchAction\",\"target\":{\"@type\":\"EntryPoint\",\"urlTemplate\":\"https:\/\/caravanagrupoeditorial.com\/?s={search_term_string}\"},\"query-input\":{\"@type\":\"PropertyValueSpecification\",\"valueRequired\":true,\"valueName\":\"search_term_string\"}}],\"inLanguage\":\"pt-PT\"},{\"@type\":\"Organization\",\"@id\":\"https:\/\/caravanagrupoeditorial.com\/#organization\",\"name\":\"Caravana Grupo Editorial\",\"url\":\"https:\/\/caravanagrupoeditorial.com\/\",\"logo\":{\"@type\":\"ImageObject\",\"inLanguage\":\"pt-PT\",\"@id\":\"https:\/\/caravanagrupoeditorial.com\/#\/schema\/logo\/image\/\",\"url\":\"https:\/\/caravanagrupoeditorial.com\/wp-content\/uploads\/2024\/02\/cropped-Logo_Caravana.png\",\"contentUrl\":\"https:\/\/caravanagrupoeditorial.com\/wp-content\/uploads\/2024\/02\/cropped-Logo_Caravana.png\",\"width\":512,\"height\":512,\"caption\":\"Caravana Grupo Editorial\"},\"image\":{\"@id\":\"https:\/\/caravanagrupoeditorial.com\/#\/schema\/logo\/image\/\"},\"sameAs\":[\"https:\/\/www.facebook.com\/caravanagrupoeditorial\",\"https:\/\/www.instagram.com\/caravanagrupoeditorial\/?hl=pt-br\",\"https:\/\/www.youtube.com\/channel\/UCdD-xosEkpHCeRn2nDLiXfQ\"]}]}<\/script>\n<!-- \/ Yoast SEO plugin. -->","yoast_head_json":{"title":"O menino que morreu de rir : contos e desenhos mais ou menos tr\u00e1gicos de um jovem escritor - Caravana Grupo Editorial","robots":{"index":"index","follow":"follow","max-snippet":"max-snippet:-1","max-image-preview":"max-image-preview:large","max-video-preview":"max-video-preview:-1"},"canonical":"https:\/\/caravanagrupoeditorial.com\/pt\/livros\/o-menino-que-morreu-de-rir-contos-e-desenhos-mais-ou-menos-tragicos-de-um-jovem-escritor\/","og_locale":"pt_PT","og_type":"article","og_title":"O menino que morreu de rir : contos e desenhos mais ou menos tr\u00e1gicos de um jovem escritor - Caravana Grupo Editorial","og_url":"https:\/\/caravanagrupoeditorial.com\/pt\/livros\/o-menino-que-morreu-de-rir-contos-e-desenhos-mais-ou-menos-tragicos-de-um-jovem-escritor\/","og_site_name":"Caravana Grupo Editorial","article_publisher":"https:\/\/www.facebook.com\/caravanagrupoeditorial","article_modified_time":"2026-03-09T13:05:07+00:00","og_image":[{"width":300,"height":300,"url":"https:\/\/i0.wp.com\/caravanagrupoeditorial.com\/wp-content\/uploads\/2025\/02\/O-menino-que-morreu-de-rir-Ayumi-Shimamoto-2-300x300-1.webp?fit=300%2C300&ssl=1","type":"image\/webp"}],"twitter_card":"summary_large_image","twitter_misc":{"Tempo estimado de leitura":"2 minutos"},"schema":{"@context":"https:\/\/schema.org","@graph":[{"@type":"WebPage","@id":"https:\/\/caravanagrupoeditorial.com\/pt\/livros\/o-menino-que-morreu-de-rir-contos-e-desenhos-mais-ou-menos-tragicos-de-um-jovem-escritor\/","url":"https:\/\/caravanagrupoeditorial.com\/pt\/livros\/o-menino-que-morreu-de-rir-contos-e-desenhos-mais-ou-menos-tragicos-de-um-jovem-escritor\/","name":"O menino que morreu de rir : contos e desenhos mais ou menos tr\u00e1gicos de um jovem escritor - Caravana Grupo Editorial","isPartOf":{"@id":"https:\/\/caravanagrupoeditorial.com\/#website"},"primaryImageOfPage":{"@id":"https:\/\/caravanagrupoeditorial.com\/pt\/livros\/o-menino-que-morreu-de-rir-contos-e-desenhos-mais-ou-menos-tragicos-de-um-jovem-escritor\/#primaryimage"},"image":{"@id":"https:\/\/caravanagrupoeditorial.com\/pt\/livros\/o-menino-que-morreu-de-rir-contos-e-desenhos-mais-ou-menos-tragicos-de-um-jovem-escritor\/#primaryimage"},"thumbnailUrl":"https:\/\/i0.wp.com\/caravanagrupoeditorial.com\/wp-content\/uploads\/2025\/02\/O-menino-que-morreu-de-rir-Ayumi-Shimamoto-2-300x300-1.webp?fit=300%2C300&ssl=1","datePublished":"2025-02-20T20:12:25+00:00","dateModified":"2026-03-09T13:05:07+00:00","breadcrumb":{"@id":"https:\/\/caravanagrupoeditorial.com\/pt\/livros\/o-menino-que-morreu-de-rir-contos-e-desenhos-mais-ou-menos-tragicos-de-um-jovem-escritor\/#breadcrumb"},"inLanguage":"pt-PT","potentialAction":[{"@type":"ReadAction","target":["https:\/\/caravanagrupoeditorial.com\/pt\/livros\/o-menino-que-morreu-de-rir-contos-e-desenhos-mais-ou-menos-tragicos-de-um-jovem-escritor\/"]}]},{"@type":"ImageObject","inLanguage":"pt-PT","@id":"https:\/\/caravanagrupoeditorial.com\/pt\/livros\/o-menino-que-morreu-de-rir-contos-e-desenhos-mais-ou-menos-tragicos-de-um-jovem-escritor\/#primaryimage","url":"https:\/\/i0.wp.com\/caravanagrupoeditorial.com\/wp-content\/uploads\/2025\/02\/O-menino-que-morreu-de-rir-Ayumi-Shimamoto-2-300x300-1.webp?fit=300%2C300&ssl=1","contentUrl":"https:\/\/i0.wp.com\/caravanagrupoeditorial.com\/wp-content\/uploads\/2025\/02\/O-menino-que-morreu-de-rir-Ayumi-Shimamoto-2-300x300-1.webp?fit=300%2C300&ssl=1","width":300,"height":300},{"@type":"BreadcrumbList","@id":"https:\/\/caravanagrupoeditorial.com\/pt\/livros\/o-menino-que-morreu-de-rir-contos-e-desenhos-mais-ou-menos-tragicos-de-um-jovem-escritor\/#breadcrumb","itemListElement":[{"@type":"ListItem","position":1,"name":"In\u00edcio","item":"https:\/\/caravanagrupoeditorial.com\/"},{"@type":"ListItem","position":2,"name":"Shop","item":"https:\/\/caravanagrupoeditorial.com\/shop\/"},{"@type":"ListItem","position":3,"name":"O menino que morreu de rir : contos e desenhos mais ou menos tr\u00e1gicos de um jovem escritor"}]},{"@type":"WebSite","@id":"https:\/\/caravanagrupoeditorial.com\/#website","url":"https:\/\/caravanagrupoeditorial.com\/","name":"Cat\u00e1logo - Mercador Editorial","description":"","publisher":{"@id":"https:\/\/caravanagrupoeditorial.com\/#organization"},"potentialAction":[{"@type":"SearchAction","target":{"@type":"EntryPoint","urlTemplate":"https:\/\/caravanagrupoeditorial.com\/?s={search_term_string}"},"query-input":{"@type":"PropertyValueSpecification","valueRequired":true,"valueName":"search_term_string"}}],"inLanguage":"pt-PT"},{"@type":"Organization","@id":"https:\/\/caravanagrupoeditorial.com\/#organization","name":"Cat\u00e1logo - Mercador Editorial","url":"https:\/\/caravanagrupoeditorial.com\/","logo":{"@type":"ImageObject","inLanguage":"pt-PT","@id":"https:\/\/caravanagrupoeditorial.com\/#\/schema\/logo\/image\/","url":"https:\/\/caravanagrupoeditorial.com\/wp-content\/uploads\/2024\/02\/cropped-Logo_Caravana.png","contentUrl":"https:\/\/caravanagrupoeditorial.com\/wp-content\/uploads\/2024\/02\/cropped-Logo_Caravana.png","width":512,"height":512,"caption":"Caravana Grupo Editorial"},"image":{"@id":"https:\/\/caravanagrupoeditorial.com\/#\/schema\/logo\/image\/"},"sameAs":["https:\/\/www.facebook.com\/caravanagrupoeditorial","https:\/\/www.instagram.com\/caravanagrupoeditorial\/?hl=pt-br","https:\/\/www.youtube.com\/channel\/UCdD-xosEkpHCeRn2nDLiXfQ"]}]}},"jetpack_sharing_enabled":true,"brands":[{"id":20038,"name":"Danilo Castro","slug":"danilo-castro"}],"_links":{"self":[{"href":"https:\/\/caravanagrupoeditorial.com\/pt\/wp-json\/wp\/v2\/product\/71005","targetHints":{"allow":["GET"]}}],"collection":[{"href":"https:\/\/caravanagrupoeditorial.com\/pt\/wp-json\/wp\/v2\/product"}],"about":[{"href":"https:\/\/caravanagrupoeditorial.com\/pt\/wp-json\/wp\/v2\/types\/product"}],"replies":[{"embeddable":true,"href":"https:\/\/caravanagrupoeditorial.com\/pt\/wp-json\/wp\/v2\/comments?post=71005"}],"wp:featuredmedia":[{"embeddable":true,"href":"https:\/\/caravanagrupoeditorial.com\/pt\/wp-json\/wp\/v2\/media\/100489"}],"wp:attachment":[{"href":"https:\/\/caravanagrupoeditorial.com\/pt\/wp-json\/wp\/v2\/media?parent=71005"}],"wp:term":[{"taxonomy":"pwb-brand","embeddable":true,"href":"https:\/\/caravanagrupoeditorial.com\/pt\/wp-json\/wp\/v2\/pwb-brand?post=71005"},{"taxonomy":"product_brand","embeddable":true,"href":"https:\/\/caravanagrupoeditorial.com\/pt\/wp-json\/wp\/v2\/product_brand?post=71005"},{"taxonomy":"product_cat","embeddable":true,"href":"https:\/\/caravanagrupoeditorial.com\/pt\/wp-json\/wp\/v2\/product_cat?post=71005"},{"taxonomy":"product_tag","embeddable":true,"href":"https:\/\/caravanagrupoeditorial.com\/pt\/wp-json\/wp\/v2\/product_tag?post=71005"},{"taxonomy":"editora","embeddable":true,"href":"https:\/\/caravanagrupoeditorial.com\/pt\/wp-json\/wp\/v2\/editora?post=71005"}],"curies":[{"name":"wp","href":"https:\/\/api.w.org\/{rel}","templated":true}]}}