{"id":60173,"date":"2024-12-05T12:43:20","date_gmt":"2024-12-05T15:43:20","guid":{"rendered":"https:\/\/caravanagrupoeditorial.com\/?post_type=product&#038;p=60173"},"modified":"2026-03-09T09:15:17","modified_gmt":"2026-03-09T12:15:17","slug":"contos-biliares","status":"publish","type":"product","link":"https:\/\/caravanagrupoeditorial.com\/pt\/livros\/contos-biliares\/","title":{"rendered":"Contos biliares"},"content":{"rendered":"<p style=\"text-align: justify\" data-mce-style=\"text-align: justify;\">Contos biliares re\u00fane treze hist\u00f3rias que ora dissecam um real abjeto e desencantado, ora usam o paranormal para criarem novas camadas de desconforto. Alguns contos s\u00e3o s\u00f3rdidos, atingindo mesmo a bo\u00e7alidade. Outros s\u00e3o ir\u00f3nicos, t\u00e3o \u00e1cidos que ro\u00e7am a psicopatia. O que os une a todos? A b\u00edlis, esse l\u00edquido secretado pela ves\u00edcula e que ajuda a digerir todos os alimentos e todos os males.<\/p>","protected":false},"excerpt":{"rendered":"<p>Contos biliares re\u00fane treze hist\u00f3rias que ora dissecam um real abjeto e desencantado, ora usam o paranormal para criarem novas camadas de desconforto. Alguns contos s\u00e3o s\u00f3rdidos, atingindo mesmo a<\/p>","protected":false},"featured_media":100477,"comment_status":"open","ping_status":"closed","template":"","meta":{"_acf_changed":false,"jetpack_post_was_ever_published":true,"_joinchat":[]},"pwb-brand":[19974],"product_brand":[],"product_cat":[20647,171,20646,2109],"product_tag":[136,835,137,23],"editora":[20601,20604],"class_list":{"0":"post-60173","1":"product","2":"type-product","3":"status-publish","4":"has-post-thumbnail","6":"pwb-brand-david-teixeira","7":"product_cat-caravana","8":"product_cat-contos","9":"product_cat-mercador","10":"product_cat-traca-edicoes","11":"product_tag-caravana","12":"product_tag-caravanagrupoeditorial","13":"product_tag-editoraindependente","14":"product_tag-literatura","15":"editora-caravana","16":"editora-mercador","17":"pre_capa-nao-e-pre-capa","19":"first","20":"instock","21":"shipping-taxable","22":"purchasable","23":"product-type-simple"},"acf":[],"yoast_head":"<!-- This site is optimized with the Yoast SEO plugin v27.2 - https:\/\/yoast.com\/product\/yoast-seo-wordpress\/ -->\n<title>Contos biliares - Caravana Grupo Editorial<\/title>\n<meta name=\"robots\" content=\"index, follow, max-snippet:-1, max-image-preview:large, max-video-preview:-1\" \/>\n<link rel=\"canonical\" href=\"https:\/\/caravanagrupoeditorial.com\/pt\/livros\/contos-biliares\/\" \/>\n<meta property=\"og:locale\" content=\"pt_PT\" \/>\n<meta property=\"og:type\" content=\"article\" \/>\n<meta property=\"og:title\" content=\"Contos biliares - Caravana Grupo Editorial\" \/>\n<meta property=\"og:description\" content=\"Contos biliares re\u00fane treze hist\u00f3rias que ora dissecam um real abjeto e desencantado, ora usam o paranormal para criarem novas camadas de desconforto. Alguns contos s\u00e3o s\u00f3rdidos, atingindo mesmo a\" \/>\n<meta property=\"og:url\" content=\"https:\/\/caravanagrupoeditorial.com\/pt\/livros\/contos-biliares\/\" \/>\n<meta property=\"og:site_name\" content=\"Caravana Grupo Editorial\" \/>\n<meta property=\"article:publisher\" content=\"https:\/\/www.facebook.com\/caravanagrupoeditorial\" \/>\n<meta property=\"article:modified_time\" content=\"2026-03-09T12:15:17+00:00\" \/>\n<meta property=\"og:image\" content=\"https:\/\/i0.wp.com\/caravanagrupoeditorial.com\/wp-content\/uploads\/2024\/12\/Mockup-1-Ayumi-Shimamoto-1-300x300-1.webp?fit=300%2C300&ssl=1\" \/>\n\t<meta property=\"og:image:width\" content=\"300\" \/>\n\t<meta property=\"og:image:height\" content=\"300\" \/>\n\t<meta property=\"og:image:type\" content=\"image\/webp\" \/>\n<meta name=\"twitter:card\" content=\"summary_large_image\" \/>\n<meta name=\"twitter:label1\" content=\"Tempo estimado de leitura\" \/>\n\t<meta name=\"twitter:data1\" content=\"1 minuto\" \/>\n<script type=\"application\/ld+json\" class=\"yoast-schema-graph\">{\"@context\":\"https:\/\/schema.org\",\"@graph\":[{\"@type\":\"WebPage\",\"@id\":\"https:\/\/caravanagrupoeditorial.com\/livros\/contos-biliares\/\",\"url\":\"https:\/\/caravanagrupoeditorial.com\/livros\/contos-biliares\/\",\"name\":\"Contos biliares - Caravana Grupo Editorial\",\"isPartOf\":{\"@id\":\"https:\/\/caravanagrupoeditorial.com\/#website\"},\"primaryImageOfPage\":{\"@id\":\"https:\/\/caravanagrupoeditorial.com\/livros\/contos-biliares\/#primaryimage\"},\"image\":{\"@id\":\"https:\/\/caravanagrupoeditorial.com\/livros\/contos-biliares\/#primaryimage\"},\"thumbnailUrl\":\"https:\/\/i0.wp.com\/caravanagrupoeditorial.com\/wp-content\/uploads\/2024\/12\/Mockup-1-Ayumi-Shimamoto-1-300x300-1.webp?fit=300%2C300&ssl=1\",\"datePublished\":\"2024-12-05T15:43:20+00:00\",\"dateModified\":\"2026-03-09T12:15:17+00:00\",\"breadcrumb\":{\"@id\":\"https:\/\/caravanagrupoeditorial.com\/livros\/contos-biliares\/#breadcrumb\"},\"inLanguage\":\"pt-PT\",\"potentialAction\":[{\"@type\":\"ReadAction\",\"target\":[\"https:\/\/caravanagrupoeditorial.com\/livros\/contos-biliares\/\"]}]},{\"@type\":\"ImageObject\",\"inLanguage\":\"pt-PT\",\"@id\":\"https:\/\/caravanagrupoeditorial.com\/livros\/contos-biliares\/#primaryimage\",\"url\":\"https:\/\/i0.wp.com\/caravanagrupoeditorial.com\/wp-content\/uploads\/2024\/12\/Mockup-1-Ayumi-Shimamoto-1-300x300-1.webp?fit=300%2C300&ssl=1\",\"contentUrl\":\"https:\/\/i0.wp.com\/caravanagrupoeditorial.com\/wp-content\/uploads\/2024\/12\/Mockup-1-Ayumi-Shimamoto-1-300x300-1.webp?fit=300%2C300&ssl=1\",\"width\":300,\"height\":300},{\"@type\":\"BreadcrumbList\",\"@id\":\"https:\/\/caravanagrupoeditorial.com\/livros\/contos-biliares\/#breadcrumb\",\"itemListElement\":[{\"@type\":\"ListItem\",\"position\":1,\"name\":\"In\u00edcio\",\"item\":\"https:\/\/caravanagrupoeditorial.com\/\"},{\"@type\":\"ListItem\",\"position\":2,\"name\":\"Shop\",\"item\":\"https:\/\/caravanagrupoeditorial.com\/shop\/\"},{\"@type\":\"ListItem\",\"position\":3,\"name\":\"Contos biliares\"}]},{\"@type\":\"WebSite\",\"@id\":\"https:\/\/caravanagrupoeditorial.com\/#website\",\"url\":\"https:\/\/caravanagrupoeditorial.com\/\",\"name\":\"Caravana Grupo Editorial\",\"description\":\"\",\"publisher\":{\"@id\":\"https:\/\/caravanagrupoeditorial.com\/#organization\"},\"potentialAction\":[{\"@type\":\"SearchAction\",\"target\":{\"@type\":\"EntryPoint\",\"urlTemplate\":\"https:\/\/caravanagrupoeditorial.com\/?s={search_term_string}\"},\"query-input\":{\"@type\":\"PropertyValueSpecification\",\"valueRequired\":true,\"valueName\":\"search_term_string\"}}],\"inLanguage\":\"pt-PT\"},{\"@type\":\"Organization\",\"@id\":\"https:\/\/caravanagrupoeditorial.com\/#organization\",\"name\":\"Caravana Grupo Editorial\",\"url\":\"https:\/\/caravanagrupoeditorial.com\/\",\"logo\":{\"@type\":\"ImageObject\",\"inLanguage\":\"pt-PT\",\"@id\":\"https:\/\/caravanagrupoeditorial.com\/#\/schema\/logo\/image\/\",\"url\":\"https:\/\/caravanagrupoeditorial.com\/wp-content\/uploads\/2024\/02\/cropped-Logo_Caravana.png\",\"contentUrl\":\"https:\/\/caravanagrupoeditorial.com\/wp-content\/uploads\/2024\/02\/cropped-Logo_Caravana.png\",\"width\":512,\"height\":512,\"caption\":\"Caravana Grupo Editorial\"},\"image\":{\"@id\":\"https:\/\/caravanagrupoeditorial.com\/#\/schema\/logo\/image\/\"},\"sameAs\":[\"https:\/\/www.facebook.com\/caravanagrupoeditorial\",\"https:\/\/www.instagram.com\/caravanagrupoeditorial\/?hl=pt-br\",\"https:\/\/www.youtube.com\/channel\/UCdD-xosEkpHCeRn2nDLiXfQ\"]}]}<\/script>\n<!-- \/ Yoast SEO plugin. -->","yoast_head_json":{"title":"Contos biliares - Caravana Grupo Editorial","robots":{"index":"index","follow":"follow","max-snippet":"max-snippet:-1","max-image-preview":"max-image-preview:large","max-video-preview":"max-video-preview:-1"},"canonical":"https:\/\/caravanagrupoeditorial.com\/pt\/livros\/contos-biliares\/","og_locale":"pt_PT","og_type":"article","og_title":"Contos biliares - Caravana Grupo Editorial","og_description":"Contos biliares re\u00fane treze hist\u00f3rias que ora dissecam um real abjeto e desencantado, ora usam o paranormal para criarem novas camadas de desconforto. Alguns contos s\u00e3o s\u00f3rdidos, atingindo mesmo a","og_url":"https:\/\/caravanagrupoeditorial.com\/pt\/livros\/contos-biliares\/","og_site_name":"Caravana Grupo Editorial","article_publisher":"https:\/\/www.facebook.com\/caravanagrupoeditorial","article_modified_time":"2026-03-09T12:15:17+00:00","og_image":[{"width":300,"height":300,"url":"https:\/\/i0.wp.com\/caravanagrupoeditorial.com\/wp-content\/uploads\/2024\/12\/Mockup-1-Ayumi-Shimamoto-1-300x300-1.webp?fit=300%2C300&ssl=1","type":"image\/webp"}],"twitter_card":"summary_large_image","twitter_misc":{"Tempo estimado de leitura":"1 minuto"},"schema":{"@context":"https:\/\/schema.org","@graph":[{"@type":"WebPage","@id":"https:\/\/caravanagrupoeditorial.com\/livros\/contos-biliares\/","url":"https:\/\/caravanagrupoeditorial.com\/livros\/contos-biliares\/","name":"Contos biliares - Caravana Grupo Editorial","isPartOf":{"@id":"https:\/\/caravanagrupoeditorial.com\/#website"},"primaryImageOfPage":{"@id":"https:\/\/caravanagrupoeditorial.com\/livros\/contos-biliares\/#primaryimage"},"image":{"@id":"https:\/\/caravanagrupoeditorial.com\/livros\/contos-biliares\/#primaryimage"},"thumbnailUrl":"https:\/\/i0.wp.com\/caravanagrupoeditorial.com\/wp-content\/uploads\/2024\/12\/Mockup-1-Ayumi-Shimamoto-1-300x300-1.webp?fit=300%2C300&ssl=1","datePublished":"2024-12-05T15:43:20+00:00","dateModified":"2026-03-09T12:15:17+00:00","breadcrumb":{"@id":"https:\/\/caravanagrupoeditorial.com\/livros\/contos-biliares\/#breadcrumb"},"inLanguage":"pt-PT","potentialAction":[{"@type":"ReadAction","target":["https:\/\/caravanagrupoeditorial.com\/livros\/contos-biliares\/"]}]},{"@type":"ImageObject","inLanguage":"pt-PT","@id":"https:\/\/caravanagrupoeditorial.com\/livros\/contos-biliares\/#primaryimage","url":"https:\/\/i0.wp.com\/caravanagrupoeditorial.com\/wp-content\/uploads\/2024\/12\/Mockup-1-Ayumi-Shimamoto-1-300x300-1.webp?fit=300%2C300&ssl=1","contentUrl":"https:\/\/i0.wp.com\/caravanagrupoeditorial.com\/wp-content\/uploads\/2024\/12\/Mockup-1-Ayumi-Shimamoto-1-300x300-1.webp?fit=300%2C300&ssl=1","width":300,"height":300},{"@type":"BreadcrumbList","@id":"https:\/\/caravanagrupoeditorial.com\/livros\/contos-biliares\/#breadcrumb","itemListElement":[{"@type":"ListItem","position":1,"name":"In\u00edcio","item":"https:\/\/caravanagrupoeditorial.com\/"},{"@type":"ListItem","position":2,"name":"Shop","item":"https:\/\/caravanagrupoeditorial.com\/shop\/"},{"@type":"ListItem","position":3,"name":"Contos biliares"}]},{"@type":"WebSite","@id":"https:\/\/caravanagrupoeditorial.com\/#website","url":"https:\/\/caravanagrupoeditorial.com\/","name":"Cat\u00e1logo - Mercador Editorial","description":"","publisher":{"@id":"https:\/\/caravanagrupoeditorial.com\/#organization"},"potentialAction":[{"@type":"SearchAction","target":{"@type":"EntryPoint","urlTemplate":"https:\/\/caravanagrupoeditorial.com\/?s={search_term_string}"},"query-input":{"@type":"PropertyValueSpecification","valueRequired":true,"valueName":"search_term_string"}}],"inLanguage":"pt-PT"},{"@type":"Organization","@id":"https:\/\/caravanagrupoeditorial.com\/#organization","name":"Cat\u00e1logo - Mercador Editorial","url":"https:\/\/caravanagrupoeditorial.com\/","logo":{"@type":"ImageObject","inLanguage":"pt-PT","@id":"https:\/\/caravanagrupoeditorial.com\/#\/schema\/logo\/image\/","url":"https:\/\/caravanagrupoeditorial.com\/wp-content\/uploads\/2024\/02\/cropped-Logo_Caravana.png","contentUrl":"https:\/\/caravanagrupoeditorial.com\/wp-content\/uploads\/2024\/02\/cropped-Logo_Caravana.png","width":512,"height":512,"caption":"Caravana Grupo Editorial"},"image":{"@id":"https:\/\/caravanagrupoeditorial.com\/#\/schema\/logo\/image\/"},"sameAs":["https:\/\/www.facebook.com\/caravanagrupoeditorial","https:\/\/www.instagram.com\/caravanagrupoeditorial\/?hl=pt-br","https:\/\/www.youtube.com\/channel\/UCdD-xosEkpHCeRn2nDLiXfQ"]}]}},"jetpack_sharing_enabled":true,"brands":[{"id":19974,"name":"David Teixeira","slug":"david-teixeira"}],"_links":{"self":[{"href":"https:\/\/caravanagrupoeditorial.com\/pt\/wp-json\/wp\/v2\/product\/60173","targetHints":{"allow":["GET"]}}],"collection":[{"href":"https:\/\/caravanagrupoeditorial.com\/pt\/wp-json\/wp\/v2\/product"}],"about":[{"href":"https:\/\/caravanagrupoeditorial.com\/pt\/wp-json\/wp\/v2\/types\/product"}],"replies":[{"embeddable":true,"href":"https:\/\/caravanagrupoeditorial.com\/pt\/wp-json\/wp\/v2\/comments?post=60173"}],"wp:featuredmedia":[{"embeddable":true,"href":"https:\/\/caravanagrupoeditorial.com\/pt\/wp-json\/wp\/v2\/media\/100477"}],"wp:attachment":[{"href":"https:\/\/caravanagrupoeditorial.com\/pt\/wp-json\/wp\/v2\/media?parent=60173"}],"wp:term":[{"taxonomy":"pwb-brand","embeddable":true,"href":"https:\/\/caravanagrupoeditorial.com\/pt\/wp-json\/wp\/v2\/pwb-brand?post=60173"},{"taxonomy":"product_brand","embeddable":true,"href":"https:\/\/caravanagrupoeditorial.com\/pt\/wp-json\/wp\/v2\/product_brand?post=60173"},{"taxonomy":"product_cat","embeddable":true,"href":"https:\/\/caravanagrupoeditorial.com\/pt\/wp-json\/wp\/v2\/product_cat?post=60173"},{"taxonomy":"product_tag","embeddable":true,"href":"https:\/\/caravanagrupoeditorial.com\/pt\/wp-json\/wp\/v2\/product_tag?post=60173"},{"taxonomy":"editora","embeddable":true,"href":"https:\/\/caravanagrupoeditorial.com\/pt\/wp-json\/wp\/v2\/editora?post=60173"}],"curies":[{"name":"wp","href":"https:\/\/api.w.org\/{rel}","templated":true}]}}