{"id":59847,"date":"2024-11-18T20:27:11","date_gmt":"2024-11-18T23:27:11","guid":{"rendered":"https:\/\/caravanagrupoeditorial.com\/?post_type=product&#038;p=59847"},"modified":"2026-03-09T09:32:17","modified_gmt":"2026-03-09T12:32:17","slug":"capitao-cimini-e-as-almas-do-outro-mundo","status":"publish","type":"product","link":"https:\/\/caravanagrupoeditorial.com\/pt\/livros\/capitao-cimini-e-as-almas-do-outro-mundo\/","title":{"rendered":"Capit\u00e3o Cimini e as almas do outro mundo"},"content":{"rendered":"<p style=\"text-align: justify\" data-mce-style=\"text-align: justify;\">Senti-me honrada ao ser convidada para apresentar esta obra em que, por cr\u00f4nicas, o autor narra antigos causos de personagens t\u00edpicos do interior que enaltecem a riqueza cultural de Minas Gerais. Com percep\u00e7\u00e3o de realismo e grande inspira\u00e7\u00e3o, mostra sua capacidade de captar detalhes dos causos ouvidos e homenageia familiares e amigos que deixaram marcas em sua vida. Como caratinguense, senti-me emocionada ao ler o que considero uma d\u00e1diva, n\u00e3o s\u00f3 para os mineiros destas plagas, mas para todos os brasileiros, povo de cultura t\u00e3o abundante e, ao mesmo tempo, t\u00e3o pouco valorizada. Os que viveram no tempo em que se passam as hist\u00f3rias ser\u00e3o tocados por esta obra mergulhando nos relatos bem-humorados e repletos de mineiridade, fazendo com que se sintam testemunhas do causo narrado e conhecedores dos personagens mencionados. Portanto, no canto preferido de sua casa, ou encostado numa \u00e1rvore frondosa, desfrute do melhor das hist\u00f3rias do interior mineiro, com o aut\u00eantico vocabul\u00e1rio usado por nossa gente.<\/p>\n<p>Ver\u00f4nica Moreira<\/p>","protected":false},"excerpt":{"rendered":"<p>Senti-me honrada ao ser convidada para apresentar esta obra em que, por cr\u00f4nicas, o autor narra antigos causos de personagens t\u00edpicos do interior que enaltecem a riqueza cultural de Minas<\/p>","protected":false},"featured_media":100483,"comment_status":"open","ping_status":"closed","template":"","meta":{"_acf_changed":false,"jetpack_post_was_ever_published":true,"_joinchat":[]},"pwb-brand":[342],"product_brand":[],"product_cat":[20647,180],"product_tag":[136,835,137,23],"editora":[20601,20604],"class_list":{"0":"post-59847","1":"product","2":"type-product","3":"status-publish","4":"has-post-thumbnail","6":"pwb-brand-geraldo-magela-da-silva-araujo","7":"product_cat-caravana","8":"product_cat-cronicas","9":"product_tag-caravana","10":"product_tag-caravanagrupoeditorial","11":"product_tag-editoraindependente","12":"product_tag-literatura","13":"editora-caravana","14":"editora-mercador","15":"pre_capa-nao-e-pre-capa","17":"first","18":"instock","19":"featured","20":"shipping-taxable","21":"purchasable","22":"product-type-simple"},"acf":[],"yoast_head":"<!-- This site is optimized with the Yoast SEO plugin v27.2 - https:\/\/yoast.com\/product\/yoast-seo-wordpress\/ -->\n<title>Capit\u00e3o Cimini e as almas do outro mundo - Caravana Grupo Editorial<\/title>\n<meta name=\"robots\" content=\"index, follow, max-snippet:-1, max-image-preview:large, max-video-preview:-1\" \/>\n<link rel=\"canonical\" href=\"https:\/\/caravanagrupoeditorial.com\/pt\/livros\/capitao-cimini-e-as-almas-do-outro-mundo\/\" \/>\n<meta property=\"og:locale\" content=\"pt_PT\" \/>\n<meta property=\"og:type\" content=\"article\" \/>\n<meta property=\"og:title\" content=\"Capit\u00e3o Cimini e as almas do outro mundo - Caravana Grupo Editorial\" \/>\n<meta property=\"og:description\" content=\"Senti-me honrada ao ser convidada para apresentar esta obra em que, por cr\u00f4nicas, o autor narra antigos causos de personagens t\u00edpicos do interior que enaltecem a riqueza cultural de Minas\" \/>\n<meta property=\"og:url\" content=\"https:\/\/caravanagrupoeditorial.com\/pt\/livros\/capitao-cimini-e-as-almas-do-outro-mundo\/\" \/>\n<meta property=\"og:site_name\" content=\"Caravana Grupo Editorial\" \/>\n<meta property=\"article:publisher\" content=\"https:\/\/www.facebook.com\/caravanagrupoeditorial\" \/>\n<meta property=\"article:modified_time\" content=\"2026-03-09T12:32:17+00:00\" \/>\n<meta property=\"og:image\" content=\"https:\/\/i0.wp.com\/caravanagrupoeditorial.com\/wp-content\/uploads\/2024\/11\/Capitao-Cimini-e-as-almas-do-outro-mundo-Ayumi-Shimamoto-300x300-1.webp?fit=300%2C300&ssl=1\" \/>\n\t<meta property=\"og:image:width\" content=\"300\" \/>\n\t<meta property=\"og:image:height\" content=\"300\" \/>\n\t<meta property=\"og:image:type\" content=\"image\/webp\" \/>\n<meta name=\"twitter:card\" content=\"summary_large_image\" \/>\n<meta name=\"twitter:label1\" content=\"Tempo estimado de leitura\" \/>\n\t<meta name=\"twitter:data1\" content=\"2 minutos\" \/>\n<script type=\"application\/ld+json\" class=\"yoast-schema-graph\">{\"@context\":\"https:\/\/schema.org\",\"@graph\":[{\"@type\":\"WebPage\",\"@id\":\"https:\/\/caravanagrupoeditorial.com\/livros\/capitao-cimini-e-as-almas-do-outro-mundo\/\",\"url\":\"https:\/\/caravanagrupoeditorial.com\/livros\/capitao-cimini-e-as-almas-do-outro-mundo\/\",\"name\":\"Capit\u00e3o Cimini e as almas do outro mundo - Caravana Grupo Editorial\",\"isPartOf\":{\"@id\":\"https:\/\/caravanagrupoeditorial.com\/#website\"},\"primaryImageOfPage\":{\"@id\":\"https:\/\/caravanagrupoeditorial.com\/livros\/capitao-cimini-e-as-almas-do-outro-mundo\/#primaryimage\"},\"image\":{\"@id\":\"https:\/\/caravanagrupoeditorial.com\/livros\/capitao-cimini-e-as-almas-do-outro-mundo\/#primaryimage\"},\"thumbnailUrl\":\"https:\/\/i0.wp.com\/caravanagrupoeditorial.com\/wp-content\/uploads\/2024\/11\/Capitao-Cimini-e-as-almas-do-outro-mundo-Ayumi-Shimamoto-300x300-1.webp?fit=300%2C300&ssl=1\",\"datePublished\":\"2024-11-18T23:27:11+00:00\",\"dateModified\":\"2026-03-09T12:32:17+00:00\",\"breadcrumb\":{\"@id\":\"https:\/\/caravanagrupoeditorial.com\/livros\/capitao-cimini-e-as-almas-do-outro-mundo\/#breadcrumb\"},\"inLanguage\":\"pt-PT\",\"potentialAction\":[{\"@type\":\"ReadAction\",\"target\":[\"https:\/\/caravanagrupoeditorial.com\/livros\/capitao-cimini-e-as-almas-do-outro-mundo\/\"]}]},{\"@type\":\"ImageObject\",\"inLanguage\":\"pt-PT\",\"@id\":\"https:\/\/caravanagrupoeditorial.com\/livros\/capitao-cimini-e-as-almas-do-outro-mundo\/#primaryimage\",\"url\":\"https:\/\/i0.wp.com\/caravanagrupoeditorial.com\/wp-content\/uploads\/2024\/11\/Capitao-Cimini-e-as-almas-do-outro-mundo-Ayumi-Shimamoto-300x300-1.webp?fit=300%2C300&ssl=1\",\"contentUrl\":\"https:\/\/i0.wp.com\/caravanagrupoeditorial.com\/wp-content\/uploads\/2024\/11\/Capitao-Cimini-e-as-almas-do-outro-mundo-Ayumi-Shimamoto-300x300-1.webp?fit=300%2C300&ssl=1\",\"width\":300,\"height\":300},{\"@type\":\"BreadcrumbList\",\"@id\":\"https:\/\/caravanagrupoeditorial.com\/livros\/capitao-cimini-e-as-almas-do-outro-mundo\/#breadcrumb\",\"itemListElement\":[{\"@type\":\"ListItem\",\"position\":1,\"name\":\"In\u00edcio\",\"item\":\"https:\/\/caravanagrupoeditorial.com\/\"},{\"@type\":\"ListItem\",\"position\":2,\"name\":\"Shop\",\"item\":\"https:\/\/caravanagrupoeditorial.com\/shop\/\"},{\"@type\":\"ListItem\",\"position\":3,\"name\":\"Capit\u00e3o Cimini e as almas do outro mundo\"}]},{\"@type\":\"WebSite\",\"@id\":\"https:\/\/caravanagrupoeditorial.com\/#website\",\"url\":\"https:\/\/caravanagrupoeditorial.com\/\",\"name\":\"Caravana Grupo Editorial\",\"description\":\"\",\"publisher\":{\"@id\":\"https:\/\/caravanagrupoeditorial.com\/#organization\"},\"potentialAction\":[{\"@type\":\"SearchAction\",\"target\":{\"@type\":\"EntryPoint\",\"urlTemplate\":\"https:\/\/caravanagrupoeditorial.com\/?s={search_term_string}\"},\"query-input\":{\"@type\":\"PropertyValueSpecification\",\"valueRequired\":true,\"valueName\":\"search_term_string\"}}],\"inLanguage\":\"pt-PT\"},{\"@type\":\"Organization\",\"@id\":\"https:\/\/caravanagrupoeditorial.com\/#organization\",\"name\":\"Caravana Grupo Editorial\",\"url\":\"https:\/\/caravanagrupoeditorial.com\/\",\"logo\":{\"@type\":\"ImageObject\",\"inLanguage\":\"pt-PT\",\"@id\":\"https:\/\/caravanagrupoeditorial.com\/#\/schema\/logo\/image\/\",\"url\":\"https:\/\/caravanagrupoeditorial.com\/wp-content\/uploads\/2024\/02\/cropped-Logo_Caravana.png\",\"contentUrl\":\"https:\/\/caravanagrupoeditorial.com\/wp-content\/uploads\/2024\/02\/cropped-Logo_Caravana.png\",\"width\":512,\"height\":512,\"caption\":\"Caravana Grupo Editorial\"},\"image\":{\"@id\":\"https:\/\/caravanagrupoeditorial.com\/#\/schema\/logo\/image\/\"},\"sameAs\":[\"https:\/\/www.facebook.com\/caravanagrupoeditorial\",\"https:\/\/www.instagram.com\/caravanagrupoeditorial\/?hl=pt-br\",\"https:\/\/www.youtube.com\/channel\/UCdD-xosEkpHCeRn2nDLiXfQ\"]}]}<\/script>\n<!-- \/ Yoast SEO plugin. -->","yoast_head_json":{"title":"Capit\u00e3o Cimini e as almas do outro mundo - Caravana Grupo Editorial","robots":{"index":"index","follow":"follow","max-snippet":"max-snippet:-1","max-image-preview":"max-image-preview:large","max-video-preview":"max-video-preview:-1"},"canonical":"https:\/\/caravanagrupoeditorial.com\/pt\/livros\/capitao-cimini-e-as-almas-do-outro-mundo\/","og_locale":"pt_PT","og_type":"article","og_title":"Capit\u00e3o Cimini e as almas do outro mundo - Caravana Grupo Editorial","og_description":"Senti-me honrada ao ser convidada para apresentar esta obra em que, por cr\u00f4nicas, o autor narra antigos causos de personagens t\u00edpicos do interior que enaltecem a riqueza cultural de Minas","og_url":"https:\/\/caravanagrupoeditorial.com\/pt\/livros\/capitao-cimini-e-as-almas-do-outro-mundo\/","og_site_name":"Caravana Grupo Editorial","article_publisher":"https:\/\/www.facebook.com\/caravanagrupoeditorial","article_modified_time":"2026-03-09T12:32:17+00:00","og_image":[{"width":300,"height":300,"url":"https:\/\/i0.wp.com\/caravanagrupoeditorial.com\/wp-content\/uploads\/2024\/11\/Capitao-Cimini-e-as-almas-do-outro-mundo-Ayumi-Shimamoto-300x300-1.webp?fit=300%2C300&ssl=1","type":"image\/webp"}],"twitter_card":"summary_large_image","twitter_misc":{"Tempo estimado de leitura":"2 minutos"},"schema":{"@context":"https:\/\/schema.org","@graph":[{"@type":"WebPage","@id":"https:\/\/caravanagrupoeditorial.com\/livros\/capitao-cimini-e-as-almas-do-outro-mundo\/","url":"https:\/\/caravanagrupoeditorial.com\/livros\/capitao-cimini-e-as-almas-do-outro-mundo\/","name":"Capit\u00e3o Cimini e as almas do outro mundo - Caravana Grupo Editorial","isPartOf":{"@id":"https:\/\/caravanagrupoeditorial.com\/#website"},"primaryImageOfPage":{"@id":"https:\/\/caravanagrupoeditorial.com\/livros\/capitao-cimini-e-as-almas-do-outro-mundo\/#primaryimage"},"image":{"@id":"https:\/\/caravanagrupoeditorial.com\/livros\/capitao-cimini-e-as-almas-do-outro-mundo\/#primaryimage"},"thumbnailUrl":"https:\/\/i0.wp.com\/caravanagrupoeditorial.com\/wp-content\/uploads\/2024\/11\/Capitao-Cimini-e-as-almas-do-outro-mundo-Ayumi-Shimamoto-300x300-1.webp?fit=300%2C300&ssl=1","datePublished":"2024-11-18T23:27:11+00:00","dateModified":"2026-03-09T12:32:17+00:00","breadcrumb":{"@id":"https:\/\/caravanagrupoeditorial.com\/livros\/capitao-cimini-e-as-almas-do-outro-mundo\/#breadcrumb"},"inLanguage":"pt-PT","potentialAction":[{"@type":"ReadAction","target":["https:\/\/caravanagrupoeditorial.com\/livros\/capitao-cimini-e-as-almas-do-outro-mundo\/"]}]},{"@type":"ImageObject","inLanguage":"pt-PT","@id":"https:\/\/caravanagrupoeditorial.com\/livros\/capitao-cimini-e-as-almas-do-outro-mundo\/#primaryimage","url":"https:\/\/i0.wp.com\/caravanagrupoeditorial.com\/wp-content\/uploads\/2024\/11\/Capitao-Cimini-e-as-almas-do-outro-mundo-Ayumi-Shimamoto-300x300-1.webp?fit=300%2C300&ssl=1","contentUrl":"https:\/\/i0.wp.com\/caravanagrupoeditorial.com\/wp-content\/uploads\/2024\/11\/Capitao-Cimini-e-as-almas-do-outro-mundo-Ayumi-Shimamoto-300x300-1.webp?fit=300%2C300&ssl=1","width":300,"height":300},{"@type":"BreadcrumbList","@id":"https:\/\/caravanagrupoeditorial.com\/livros\/capitao-cimini-e-as-almas-do-outro-mundo\/#breadcrumb","itemListElement":[{"@type":"ListItem","position":1,"name":"In\u00edcio","item":"https:\/\/caravanagrupoeditorial.com\/"},{"@type":"ListItem","position":2,"name":"Shop","item":"https:\/\/caravanagrupoeditorial.com\/shop\/"},{"@type":"ListItem","position":3,"name":"Capit\u00e3o Cimini e as almas do outro mundo"}]},{"@type":"WebSite","@id":"https:\/\/caravanagrupoeditorial.com\/#website","url":"https:\/\/caravanagrupoeditorial.com\/","name":"Cat\u00e1logo - Mercador Editorial","description":"","publisher":{"@id":"https:\/\/caravanagrupoeditorial.com\/#organization"},"potentialAction":[{"@type":"SearchAction","target":{"@type":"EntryPoint","urlTemplate":"https:\/\/caravanagrupoeditorial.com\/?s={search_term_string}"},"query-input":{"@type":"PropertyValueSpecification","valueRequired":true,"valueName":"search_term_string"}}],"inLanguage":"pt-PT"},{"@type":"Organization","@id":"https:\/\/caravanagrupoeditorial.com\/#organization","name":"Cat\u00e1logo - Mercador Editorial","url":"https:\/\/caravanagrupoeditorial.com\/","logo":{"@type":"ImageObject","inLanguage":"pt-PT","@id":"https:\/\/caravanagrupoeditorial.com\/#\/schema\/logo\/image\/","url":"https:\/\/caravanagrupoeditorial.com\/wp-content\/uploads\/2024\/02\/cropped-Logo_Caravana.png","contentUrl":"https:\/\/caravanagrupoeditorial.com\/wp-content\/uploads\/2024\/02\/cropped-Logo_Caravana.png","width":512,"height":512,"caption":"Caravana Grupo Editorial"},"image":{"@id":"https:\/\/caravanagrupoeditorial.com\/#\/schema\/logo\/image\/"},"sameAs":["https:\/\/www.facebook.com\/caravanagrupoeditorial","https:\/\/www.instagram.com\/caravanagrupoeditorial\/?hl=pt-br","https:\/\/www.youtube.com\/channel\/UCdD-xosEkpHCeRn2nDLiXfQ"]}]}},"jetpack_sharing_enabled":true,"brands":[{"id":342,"name":"Geraldo Magela da Silva Araujo","slug":"geraldo-magela-da-silva-araujo"}],"_links":{"self":[{"href":"https:\/\/caravanagrupoeditorial.com\/pt\/wp-json\/wp\/v2\/product\/59847","targetHints":{"allow":["GET"]}}],"collection":[{"href":"https:\/\/caravanagrupoeditorial.com\/pt\/wp-json\/wp\/v2\/product"}],"about":[{"href":"https:\/\/caravanagrupoeditorial.com\/pt\/wp-json\/wp\/v2\/types\/product"}],"replies":[{"embeddable":true,"href":"https:\/\/caravanagrupoeditorial.com\/pt\/wp-json\/wp\/v2\/comments?post=59847"}],"wp:featuredmedia":[{"embeddable":true,"href":"https:\/\/caravanagrupoeditorial.com\/pt\/wp-json\/wp\/v2\/media\/100483"}],"wp:attachment":[{"href":"https:\/\/caravanagrupoeditorial.com\/pt\/wp-json\/wp\/v2\/media?parent=59847"}],"wp:term":[{"taxonomy":"pwb-brand","embeddable":true,"href":"https:\/\/caravanagrupoeditorial.com\/pt\/wp-json\/wp\/v2\/pwb-brand?post=59847"},{"taxonomy":"product_brand","embeddable":true,"href":"https:\/\/caravanagrupoeditorial.com\/pt\/wp-json\/wp\/v2\/product_brand?post=59847"},{"taxonomy":"product_cat","embeddable":true,"href":"https:\/\/caravanagrupoeditorial.com\/pt\/wp-json\/wp\/v2\/product_cat?post=59847"},{"taxonomy":"product_tag","embeddable":true,"href":"https:\/\/caravanagrupoeditorial.com\/pt\/wp-json\/wp\/v2\/product_tag?post=59847"},{"taxonomy":"editora","embeddable":true,"href":"https:\/\/caravanagrupoeditorial.com\/pt\/wp-json\/wp\/v2\/editora?post=59847"}],"curies":[{"name":"wp","href":"https:\/\/api.w.org\/{rel}","templated":true}]}}