{"id":50167,"date":"2024-09-25T12:11:58","date_gmt":"2024-09-25T15:11:58","guid":{"rendered":"https:\/\/caravanagrupoeditorial.com\/?post_type=product&#038;p=50167"},"modified":"2026-03-09T10:07:15","modified_gmt":"2026-03-09T13:07:15","slug":"historias-da-terra-do-mandame","status":"publish","type":"product","link":"https:\/\/caravanagrupoeditorial.com\/pt\/livros\/historias-da-terra-do-mandame\/","title":{"rendered":"Hist\u00f3rias da Terra do Mandam\u00ea"},"content":{"rendered":"<p style=\"text-align: justify;\">A obra Hist\u00f3rias da Terra do Mandam\u00ea \u2013 primeira incurs\u00e3o na prosa da confreira Arolda Maria Figuer\u00eado \u2013 n\u00e3o \u00e9 para ser lida, mas degustada, dita e compartilhada com os amigos, parentes e aderentes. S\u00e3o contos, mas tamb\u00e9m cr\u00f4nicas, hist\u00f3rias ou relatos contados por quem n\u00e3o s\u00f3 sabe do que est\u00e1 falando, mas, sobretudo, vivenciou o que narra em forma de textos transportados por uma prosa leve, coloquial, quase confidencial. Mais do que literatura, as hist\u00f3rias (ou est\u00f3rias) reunidas aqui dizem respeito a uma terra especial e, igualmente, a uma gente muito peculiar. Trata-se de Ponta de Areia, distrito da vetusta Caravelas, que j\u00e1 sediou uma esta\u00e7\u00e3o da saudosa Estrada de Ferro Bahia\u2013Minas e foi cantada por ningu\u00e9m menos que Milton Nascimento em uma can\u00e7\u00e3o hom\u00f4nima&#8230; Nada disso \u00e9 alheio \u00e0 autora \u2013 ali\u00e1s, o humano e o desumano n\u00e3o lhe s\u00e3o estranhos \u2013 que apresenta aos leitores, em primeira m\u00e3o, as hist\u00f3rias da Terra do Mandam\u00ea. Narrativas impregnadas do gosto da am\u00eandoa, da ressaca do mar e da resist\u00eancia humana. Leitura obrigat\u00f3ria.  <\/p>\n<p>Almir Zarfeg <\/p>","protected":false},"excerpt":{"rendered":"<p>A obra Hist\u00f3rias da Terra do Mandam\u00ea \u2013 primeira incurs\u00e3o na prosa da confreira Arolda Maria Figuer\u00eado \u2013 n\u00e3o \u00e9 para ser lida, mas degustada, dita e compartilhada com os<\/p>","protected":false},"featured_media":100487,"comment_status":"open","ping_status":"closed","template":"","meta":{"_acf_changed":false,"jetpack_post_was_ever_published":true,"_joinchat":[]},"pwb-brand":[2219],"product_brand":[],"product_cat":[20647,171,20646],"product_tag":[136,835,137,23],"editora":[20601,20604],"class_list":{"0":"post-50167","1":"product","2":"type-product","3":"status-publish","4":"has-post-thumbnail","6":"pwb-brand-arolda-maria-figueredo","7":"product_cat-caravana","8":"product_cat-contos","9":"product_cat-mercador","10":"product_tag-caravana","11":"product_tag-caravanagrupoeditorial","12":"product_tag-editoraindependente","13":"product_tag-literatura","14":"editora-caravana","15":"editora-mercador","16":"pre_capa-nao-e-pre-capa","18":"first","19":"instock","20":"featured","21":"shipping-taxable","22":"purchasable","23":"product-type-simple"},"acf":[],"yoast_head":"<!-- This site is optimized with the Yoast SEO plugin v27.2 - https:\/\/yoast.com\/product\/yoast-seo-wordpress\/ -->\n<title>Hist\u00f3rias da Terra do Mandam\u00ea - Caravana Grupo Editorial<\/title>\n<meta name=\"robots\" content=\"index, follow, max-snippet:-1, max-image-preview:large, max-video-preview:-1\" \/>\n<link rel=\"canonical\" href=\"https:\/\/caravanagrupoeditorial.com\/pt\/livros\/historias-da-terra-do-mandame\/\" \/>\n<meta property=\"og:locale\" content=\"pt_PT\" \/>\n<meta property=\"og:type\" content=\"article\" \/>\n<meta property=\"og:title\" content=\"Hist\u00f3rias da Terra do Mandam\u00ea - Caravana Grupo Editorial\" \/>\n<meta property=\"og:description\" content=\"A obra Hist\u00f3rias da Terra do Mandam\u00ea \u2013 primeira incurs\u00e3o na prosa da confreira Arolda Maria Figuer\u00eado \u2013 n\u00e3o \u00e9 para ser lida, mas degustada, dita e compartilhada com os\" \/>\n<meta property=\"og:url\" content=\"https:\/\/caravanagrupoeditorial.com\/pt\/livros\/historias-da-terra-do-mandame\/\" \/>\n<meta property=\"og:site_name\" content=\"Caravana Grupo Editorial\" \/>\n<meta property=\"article:publisher\" content=\"https:\/\/www.facebook.com\/caravanagrupoeditorial\" \/>\n<meta property=\"article:modified_time\" content=\"2026-03-09T13:07:15+00:00\" \/>\n<meta property=\"og:image\" content=\"https:\/\/i0.wp.com\/caravanagrupoeditorial.com\/wp-content\/uploads\/2024\/09\/Historias-da-Terra-do-Mandame-Ayumi-Shimamoto-300x300-1.webp?fit=300%2C300&ssl=1\" \/>\n\t<meta property=\"og:image:width\" content=\"300\" \/>\n\t<meta property=\"og:image:height\" content=\"300\" \/>\n\t<meta property=\"og:image:type\" content=\"image\/webp\" \/>\n<meta name=\"twitter:card\" content=\"summary_large_image\" \/>\n<meta name=\"twitter:label1\" content=\"Tempo estimado de leitura\" \/>\n\t<meta name=\"twitter:data1\" content=\"2 minutos\" \/>\n<script type=\"application\/ld+json\" class=\"yoast-schema-graph\">{\"@context\":\"https:\/\/schema.org\",\"@graph\":[{\"@type\":\"WebPage\",\"@id\":\"https:\/\/caravanagrupoeditorial.com\/livros\/historias-da-terra-do-mandame\/\",\"url\":\"https:\/\/caravanagrupoeditorial.com\/livros\/historias-da-terra-do-mandame\/\",\"name\":\"Hist\u00f3rias da Terra do Mandam\u00ea - Caravana Grupo Editorial\",\"isPartOf\":{\"@id\":\"https:\/\/caravanagrupoeditorial.com\/#website\"},\"primaryImageOfPage\":{\"@id\":\"https:\/\/caravanagrupoeditorial.com\/livros\/historias-da-terra-do-mandame\/#primaryimage\"},\"image\":{\"@id\":\"https:\/\/caravanagrupoeditorial.com\/livros\/historias-da-terra-do-mandame\/#primaryimage\"},\"thumbnailUrl\":\"https:\/\/i0.wp.com\/caravanagrupoeditorial.com\/wp-content\/uploads\/2024\/09\/Historias-da-Terra-do-Mandame-Ayumi-Shimamoto-300x300-1.webp?fit=300%2C300&ssl=1\",\"datePublished\":\"2024-09-25T15:11:58+00:00\",\"dateModified\":\"2026-03-09T13:07:15+00:00\",\"breadcrumb\":{\"@id\":\"https:\/\/caravanagrupoeditorial.com\/livros\/historias-da-terra-do-mandame\/#breadcrumb\"},\"inLanguage\":\"pt-PT\",\"potentialAction\":[{\"@type\":\"ReadAction\",\"target\":[\"https:\/\/caravanagrupoeditorial.com\/livros\/historias-da-terra-do-mandame\/\"]}]},{\"@type\":\"ImageObject\",\"inLanguage\":\"pt-PT\",\"@id\":\"https:\/\/caravanagrupoeditorial.com\/livros\/historias-da-terra-do-mandame\/#primaryimage\",\"url\":\"https:\/\/i0.wp.com\/caravanagrupoeditorial.com\/wp-content\/uploads\/2024\/09\/Historias-da-Terra-do-Mandame-Ayumi-Shimamoto-300x300-1.webp?fit=300%2C300&ssl=1\",\"contentUrl\":\"https:\/\/i0.wp.com\/caravanagrupoeditorial.com\/wp-content\/uploads\/2024\/09\/Historias-da-Terra-do-Mandame-Ayumi-Shimamoto-300x300-1.webp?fit=300%2C300&ssl=1\",\"width\":300,\"height\":300},{\"@type\":\"BreadcrumbList\",\"@id\":\"https:\/\/caravanagrupoeditorial.com\/livros\/historias-da-terra-do-mandame\/#breadcrumb\",\"itemListElement\":[{\"@type\":\"ListItem\",\"position\":1,\"name\":\"In\u00edcio\",\"item\":\"https:\/\/caravanagrupoeditorial.com\/\"},{\"@type\":\"ListItem\",\"position\":2,\"name\":\"Shop\",\"item\":\"https:\/\/caravanagrupoeditorial.com\/shop\/\"},{\"@type\":\"ListItem\",\"position\":3,\"name\":\"Hist\u00f3rias da Terra do Mandam\u00ea\"}]},{\"@type\":\"WebSite\",\"@id\":\"https:\/\/caravanagrupoeditorial.com\/#website\",\"url\":\"https:\/\/caravanagrupoeditorial.com\/\",\"name\":\"Caravana Grupo Editorial\",\"description\":\"\",\"publisher\":{\"@id\":\"https:\/\/caravanagrupoeditorial.com\/#organization\"},\"potentialAction\":[{\"@type\":\"SearchAction\",\"target\":{\"@type\":\"EntryPoint\",\"urlTemplate\":\"https:\/\/caravanagrupoeditorial.com\/?s={search_term_string}\"},\"query-input\":{\"@type\":\"PropertyValueSpecification\",\"valueRequired\":true,\"valueName\":\"search_term_string\"}}],\"inLanguage\":\"pt-PT\"},{\"@type\":\"Organization\",\"@id\":\"https:\/\/caravanagrupoeditorial.com\/#organization\",\"name\":\"Caravana Grupo Editorial\",\"url\":\"https:\/\/caravanagrupoeditorial.com\/\",\"logo\":{\"@type\":\"ImageObject\",\"inLanguage\":\"pt-PT\",\"@id\":\"https:\/\/caravanagrupoeditorial.com\/#\/schema\/logo\/image\/\",\"url\":\"https:\/\/caravanagrupoeditorial.com\/wp-content\/uploads\/2024\/02\/cropped-Logo_Caravana.png\",\"contentUrl\":\"https:\/\/caravanagrupoeditorial.com\/wp-content\/uploads\/2024\/02\/cropped-Logo_Caravana.png\",\"width\":512,\"height\":512,\"caption\":\"Caravana Grupo Editorial\"},\"image\":{\"@id\":\"https:\/\/caravanagrupoeditorial.com\/#\/schema\/logo\/image\/\"},\"sameAs\":[\"https:\/\/www.facebook.com\/caravanagrupoeditorial\",\"https:\/\/www.instagram.com\/caravanagrupoeditorial\/?hl=pt-br\",\"https:\/\/www.youtube.com\/channel\/UCdD-xosEkpHCeRn2nDLiXfQ\"]}]}<\/script>\n<!-- \/ Yoast SEO plugin. -->","yoast_head_json":{"title":"Hist\u00f3rias da Terra do Mandam\u00ea - Caravana Grupo Editorial","robots":{"index":"index","follow":"follow","max-snippet":"max-snippet:-1","max-image-preview":"max-image-preview:large","max-video-preview":"max-video-preview:-1"},"canonical":"https:\/\/caravanagrupoeditorial.com\/pt\/livros\/historias-da-terra-do-mandame\/","og_locale":"pt_PT","og_type":"article","og_title":"Hist\u00f3rias da Terra do Mandam\u00ea - Caravana Grupo Editorial","og_description":"A obra Hist\u00f3rias da Terra do Mandam\u00ea \u2013 primeira incurs\u00e3o na prosa da confreira Arolda Maria Figuer\u00eado \u2013 n\u00e3o \u00e9 para ser lida, mas degustada, dita e compartilhada com os","og_url":"https:\/\/caravanagrupoeditorial.com\/pt\/livros\/historias-da-terra-do-mandame\/","og_site_name":"Caravana Grupo Editorial","article_publisher":"https:\/\/www.facebook.com\/caravanagrupoeditorial","article_modified_time":"2026-03-09T13:07:15+00:00","og_image":[{"width":300,"height":300,"url":"https:\/\/i0.wp.com\/caravanagrupoeditorial.com\/wp-content\/uploads\/2024\/09\/Historias-da-Terra-do-Mandame-Ayumi-Shimamoto-300x300-1.webp?fit=300%2C300&ssl=1","type":"image\/webp"}],"twitter_card":"summary_large_image","twitter_misc":{"Tempo estimado de leitura":"2 minutos"},"schema":{"@context":"https:\/\/schema.org","@graph":[{"@type":"WebPage","@id":"https:\/\/caravanagrupoeditorial.com\/livros\/historias-da-terra-do-mandame\/","url":"https:\/\/caravanagrupoeditorial.com\/livros\/historias-da-terra-do-mandame\/","name":"Hist\u00f3rias da Terra do Mandam\u00ea - Caravana Grupo Editorial","isPartOf":{"@id":"https:\/\/caravanagrupoeditorial.com\/#website"},"primaryImageOfPage":{"@id":"https:\/\/caravanagrupoeditorial.com\/livros\/historias-da-terra-do-mandame\/#primaryimage"},"image":{"@id":"https:\/\/caravanagrupoeditorial.com\/livros\/historias-da-terra-do-mandame\/#primaryimage"},"thumbnailUrl":"https:\/\/i0.wp.com\/caravanagrupoeditorial.com\/wp-content\/uploads\/2024\/09\/Historias-da-Terra-do-Mandame-Ayumi-Shimamoto-300x300-1.webp?fit=300%2C300&ssl=1","datePublished":"2024-09-25T15:11:58+00:00","dateModified":"2026-03-09T13:07:15+00:00","breadcrumb":{"@id":"https:\/\/caravanagrupoeditorial.com\/livros\/historias-da-terra-do-mandame\/#breadcrumb"},"inLanguage":"pt-PT","potentialAction":[{"@type":"ReadAction","target":["https:\/\/caravanagrupoeditorial.com\/livros\/historias-da-terra-do-mandame\/"]}]},{"@type":"ImageObject","inLanguage":"pt-PT","@id":"https:\/\/caravanagrupoeditorial.com\/livros\/historias-da-terra-do-mandame\/#primaryimage","url":"https:\/\/i0.wp.com\/caravanagrupoeditorial.com\/wp-content\/uploads\/2024\/09\/Historias-da-Terra-do-Mandame-Ayumi-Shimamoto-300x300-1.webp?fit=300%2C300&ssl=1","contentUrl":"https:\/\/i0.wp.com\/caravanagrupoeditorial.com\/wp-content\/uploads\/2024\/09\/Historias-da-Terra-do-Mandame-Ayumi-Shimamoto-300x300-1.webp?fit=300%2C300&ssl=1","width":300,"height":300},{"@type":"BreadcrumbList","@id":"https:\/\/caravanagrupoeditorial.com\/livros\/historias-da-terra-do-mandame\/#breadcrumb","itemListElement":[{"@type":"ListItem","position":1,"name":"In\u00edcio","item":"https:\/\/caravanagrupoeditorial.com\/"},{"@type":"ListItem","position":2,"name":"Shop","item":"https:\/\/caravanagrupoeditorial.com\/shop\/"},{"@type":"ListItem","position":3,"name":"Hist\u00f3rias da Terra do Mandam\u00ea"}]},{"@type":"WebSite","@id":"https:\/\/caravanagrupoeditorial.com\/#website","url":"https:\/\/caravanagrupoeditorial.com\/","name":"Cat\u00e1logo - Mercador Editorial","description":"","publisher":{"@id":"https:\/\/caravanagrupoeditorial.com\/#organization"},"potentialAction":[{"@type":"SearchAction","target":{"@type":"EntryPoint","urlTemplate":"https:\/\/caravanagrupoeditorial.com\/?s={search_term_string}"},"query-input":{"@type":"PropertyValueSpecification","valueRequired":true,"valueName":"search_term_string"}}],"inLanguage":"pt-PT"},{"@type":"Organization","@id":"https:\/\/caravanagrupoeditorial.com\/#organization","name":"Cat\u00e1logo - Mercador Editorial","url":"https:\/\/caravanagrupoeditorial.com\/","logo":{"@type":"ImageObject","inLanguage":"pt-PT","@id":"https:\/\/caravanagrupoeditorial.com\/#\/schema\/logo\/image\/","url":"https:\/\/caravanagrupoeditorial.com\/wp-content\/uploads\/2024\/02\/cropped-Logo_Caravana.png","contentUrl":"https:\/\/caravanagrupoeditorial.com\/wp-content\/uploads\/2024\/02\/cropped-Logo_Caravana.png","width":512,"height":512,"caption":"Caravana Grupo Editorial"},"image":{"@id":"https:\/\/caravanagrupoeditorial.com\/#\/schema\/logo\/image\/"},"sameAs":["https:\/\/www.facebook.com\/caravanagrupoeditorial","https:\/\/www.instagram.com\/caravanagrupoeditorial\/?hl=pt-br","https:\/\/www.youtube.com\/channel\/UCdD-xosEkpHCeRn2nDLiXfQ"]}]}},"jetpack_sharing_enabled":true,"brands":[{"id":2219,"name":"Arolda Maria Figuer\u00eado","slug":"arolda-maria-figueredo"}],"_links":{"self":[{"href":"https:\/\/caravanagrupoeditorial.com\/pt\/wp-json\/wp\/v2\/product\/50167","targetHints":{"allow":["GET"]}}],"collection":[{"href":"https:\/\/caravanagrupoeditorial.com\/pt\/wp-json\/wp\/v2\/product"}],"about":[{"href":"https:\/\/caravanagrupoeditorial.com\/pt\/wp-json\/wp\/v2\/types\/product"}],"replies":[{"embeddable":true,"href":"https:\/\/caravanagrupoeditorial.com\/pt\/wp-json\/wp\/v2\/comments?post=50167"}],"wp:featuredmedia":[{"embeddable":true,"href":"https:\/\/caravanagrupoeditorial.com\/pt\/wp-json\/wp\/v2\/media\/100487"}],"wp:attachment":[{"href":"https:\/\/caravanagrupoeditorial.com\/pt\/wp-json\/wp\/v2\/media?parent=50167"}],"wp:term":[{"taxonomy":"pwb-brand","embeddable":true,"href":"https:\/\/caravanagrupoeditorial.com\/pt\/wp-json\/wp\/v2\/pwb-brand?post=50167"},{"taxonomy":"product_brand","embeddable":true,"href":"https:\/\/caravanagrupoeditorial.com\/pt\/wp-json\/wp\/v2\/product_brand?post=50167"},{"taxonomy":"product_cat","embeddable":true,"href":"https:\/\/caravanagrupoeditorial.com\/pt\/wp-json\/wp\/v2\/product_cat?post=50167"},{"taxonomy":"product_tag","embeddable":true,"href":"https:\/\/caravanagrupoeditorial.com\/pt\/wp-json\/wp\/v2\/product_tag?post=50167"},{"taxonomy":"editora","embeddable":true,"href":"https:\/\/caravanagrupoeditorial.com\/pt\/wp-json\/wp\/v2\/editora?post=50167"}],"curies":[{"name":"wp","href":"https:\/\/api.w.org\/{rel}","templated":true}]}}