{"id":101797,"date":"2026-03-26T12:45:48","date_gmt":"2026-03-26T15:45:48","guid":{"rendered":"https:\/\/caravanagrupoeditorial.com\/?post_type=product&#038;p=101797"},"modified":"2026-03-26T13:45:58","modified_gmt":"2026-03-26T16:45:58","slug":"mapas-instaveis-sobre-corpos-em-transito-e-outras-friccoes","status":"publish","type":"product","link":"https:\/\/caravanagrupoeditorial.com\/pt\/livros\/mapas-instaveis-sobre-corpos-em-transito-e-outras-friccoes\/","title":{"rendered":"Mapas inst\u00e1veis: sobre corpos em tr\u00e2nsito e outras fric\u00e7\u00f5es"},"content":{"rendered":"<p style=\"text-align: justify;\">Em Mapas inst\u00e1veis, Vivien Merciel Suarez cartografa corpos que s\u00e3o atravessados e, ao mesmo tempo, atravessam cidades, montanhas, elevadores e sil\u00eancios. Mas, sobretudo, atravessam a si mesmos. Suas personagens caminham entre as zonas cinzentas da prud\u00eancia e as \u00e1reas vermelhas do desejo; entre o risco e o recuo, entre a fome de mundo e a vertigem de existir. Cada narrativa \u00e9 fric\u00e7\u00e3o: altitude e ressaca, prest\u00edgio e sustento, anonimato e exposi\u00e7\u00e3o, poder e vulnerabilidade. Os espa\u00e7os dos acontecimentos s\u00e3o espelhos que refletem fissuras. As hist\u00f3rias refletem sentimentos que est\u00e3o por detr\u00e1s de sorriso e um \u201ctudo bem\u201d. Vivien escreve com delicadeza cortante, como quem acredita e teme na mesma medida. Este livro oferece devaneios l\u00facidos, conscientes de que viver \u00e9 deslocar-se todos os dias, mesmo que seja dentro de si.<\/p>\n<p>Renato Noguera<\/p>","protected":false},"excerpt":{"rendered":"<p>Em Mapas inst\u00e1veis, Vivien Merciel Suarez cartografa corpos que s\u00e3o atravessados e, ao mesmo tempo, atravessam cidades, montanhas, elevadores e sil\u00eancios. Mas, sobretudo, atravessam a si mesmos. Suas personagens caminham<\/p>","protected":false},"featured_media":101804,"comment_status":"open","ping_status":"closed","template":"","meta":{"_acf_changed":false,"jetpack_post_was_ever_published":true,"_joinchat":[]},"pwb-brand":[20716],"product_brand":[],"product_cat":[20647,20646,19942,173],"product_tag":[136,835,137,23],"editora":[20601,20604],"class_list":{"0":"post-101797","1":"product","2":"type-product","3":"status-publish","4":"has-post-thumbnail","6":"pwb-brand-vivien-merciel-suarez","7":"product_cat-caravana","8":"product_cat-mercador","9":"product_cat-pre-venda","10":"product_cat-romance","11":"product_tag-caravana","12":"product_tag-caravanagrupoeditorial","13":"product_tag-editoraindependente","14":"product_tag-literatura","15":"editora-caravana","16":"editora-mercador","17":"pre_capa-nao-e-pre-capa","19":"first","20":"instock","21":"shipping-taxable","22":"purchasable","23":"product-type-simple"},"acf":[],"yoast_head":"<!-- This site is optimized with the Yoast SEO plugin v27.2 - https:\/\/yoast.com\/product\/yoast-seo-wordpress\/ -->\n<title>Mapas inst\u00e1veis: sobre corpos em tr\u00e2nsito e outras fric\u00e7\u00f5es - Caravana Grupo Editorial<\/title>\n<meta name=\"robots\" content=\"index, follow, max-snippet:-1, max-image-preview:large, max-video-preview:-1\" \/>\n<link rel=\"canonical\" href=\"https:\/\/caravanagrupoeditorial.com\/pt\/livros\/mapas-instaveis-sobre-corpos-em-transito-e-outras-friccoes\/\" \/>\n<meta property=\"og:locale\" content=\"pt_PT\" \/>\n<meta property=\"og:type\" content=\"article\" \/>\n<meta property=\"og:title\" content=\"Mapas inst\u00e1veis: sobre corpos em tr\u00e2nsito e outras fric\u00e7\u00f5es - Caravana Grupo Editorial\" \/>\n<meta property=\"og:description\" content=\"Em Mapas inst\u00e1veis, Vivien Merciel Suarez cartografa corpos que s\u00e3o atravessados e, ao mesmo tempo, atravessam cidades, montanhas, elevadores e sil\u00eancios. Mas, sobretudo, atravessam a si mesmos. Suas personagens caminham\" \/>\n<meta property=\"og:url\" content=\"https:\/\/caravanagrupoeditorial.com\/pt\/livros\/mapas-instaveis-sobre-corpos-em-transito-e-outras-friccoes\/\" \/>\n<meta property=\"og:site_name\" content=\"Caravana Grupo Editorial\" \/>\n<meta property=\"article:publisher\" content=\"https:\/\/www.facebook.com\/caravanagrupoeditorial\" \/>\n<meta property=\"article:modified_time\" content=\"2026-03-26T16:45:58+00:00\" \/>\n<meta property=\"og:image\" content=\"https:\/\/caravanagrupoeditorial.com\/wp-content\/uploads\/2026\/03\/Mapas-instaveis-Ayumi-Shimamoto-scaled.jpg\" \/>\n\t<meta property=\"og:image:width\" content=\"2560\" \/>\n\t<meta property=\"og:image:height\" content=\"2560\" \/>\n\t<meta property=\"og:image:type\" content=\"image\/jpeg\" \/>\n<meta name=\"twitter:card\" content=\"summary_large_image\" \/>\n<meta name=\"twitter:label1\" content=\"Tempo estimado de leitura\" \/>\n\t<meta name=\"twitter:data1\" content=\"1 minuto\" \/>\n<script type=\"application\/ld+json\" class=\"yoast-schema-graph\">{\"@context\":\"https:\/\/schema.org\",\"@graph\":[{\"@type\":\"WebPage\",\"@id\":\"https:\/\/caravanagrupoeditorial.com\/livros\/mapas-instaveis-sobre-corpos-em-transito-e-outras-friccoes\/\",\"url\":\"https:\/\/caravanagrupoeditorial.com\/livros\/mapas-instaveis-sobre-corpos-em-transito-e-outras-friccoes\/\",\"name\":\"Mapas inst\u00e1veis: sobre corpos em tr\u00e2nsito e outras fric\u00e7\u00f5es - Caravana Grupo Editorial\",\"isPartOf\":{\"@id\":\"https:\/\/caravanagrupoeditorial.com\/#website\"},\"primaryImageOfPage\":{\"@id\":\"https:\/\/caravanagrupoeditorial.com\/livros\/mapas-instaveis-sobre-corpos-em-transito-e-outras-friccoes\/#primaryimage\"},\"image\":{\"@id\":\"https:\/\/caravanagrupoeditorial.com\/livros\/mapas-instaveis-sobre-corpos-em-transito-e-outras-friccoes\/#primaryimage\"},\"thumbnailUrl\":\"https:\/\/i0.wp.com\/caravanagrupoeditorial.com\/wp-content\/uploads\/2026\/03\/Mapas-instaveis-Ayumi-Shimamoto-scaled.jpg?fit=2560%2C2560&ssl=1\",\"datePublished\":\"2026-03-26T15:45:48+00:00\",\"dateModified\":\"2026-03-26T16:45:58+00:00\",\"breadcrumb\":{\"@id\":\"https:\/\/caravanagrupoeditorial.com\/livros\/mapas-instaveis-sobre-corpos-em-transito-e-outras-friccoes\/#breadcrumb\"},\"inLanguage\":\"pt-PT\",\"potentialAction\":[{\"@type\":\"ReadAction\",\"target\":[\"https:\/\/caravanagrupoeditorial.com\/livros\/mapas-instaveis-sobre-corpos-em-transito-e-outras-friccoes\/\"]}]},{\"@type\":\"ImageObject\",\"inLanguage\":\"pt-PT\",\"@id\":\"https:\/\/caravanagrupoeditorial.com\/livros\/mapas-instaveis-sobre-corpos-em-transito-e-outras-friccoes\/#primaryimage\",\"url\":\"https:\/\/i0.wp.com\/caravanagrupoeditorial.com\/wp-content\/uploads\/2026\/03\/Mapas-instaveis-Ayumi-Shimamoto-scaled.jpg?fit=2560%2C2560&ssl=1\",\"contentUrl\":\"https:\/\/i0.wp.com\/caravanagrupoeditorial.com\/wp-content\/uploads\/2026\/03\/Mapas-instaveis-Ayumi-Shimamoto-scaled.jpg?fit=2560%2C2560&ssl=1\",\"width\":2560,\"height\":2560},{\"@type\":\"BreadcrumbList\",\"@id\":\"https:\/\/caravanagrupoeditorial.com\/livros\/mapas-instaveis-sobre-corpos-em-transito-e-outras-friccoes\/#breadcrumb\",\"itemListElement\":[{\"@type\":\"ListItem\",\"position\":1,\"name\":\"In\u00edcio\",\"item\":\"https:\/\/caravanagrupoeditorial.com\/\"},{\"@type\":\"ListItem\",\"position\":2,\"name\":\"Shop\",\"item\":\"https:\/\/caravanagrupoeditorial.com\/shop\/\"},{\"@type\":\"ListItem\",\"position\":3,\"name\":\"Mapas inst\u00e1veis: sobre corpos em tr\u00e2nsito e outras fric\u00e7\u00f5es\"}]},{\"@type\":\"WebSite\",\"@id\":\"https:\/\/caravanagrupoeditorial.com\/#website\",\"url\":\"https:\/\/caravanagrupoeditorial.com\/\",\"name\":\"Caravana Grupo Editorial\",\"description\":\"\",\"publisher\":{\"@id\":\"https:\/\/caravanagrupoeditorial.com\/#organization\"},\"potentialAction\":[{\"@type\":\"SearchAction\",\"target\":{\"@type\":\"EntryPoint\",\"urlTemplate\":\"https:\/\/caravanagrupoeditorial.com\/?s={search_term_string}\"},\"query-input\":{\"@type\":\"PropertyValueSpecification\",\"valueRequired\":true,\"valueName\":\"search_term_string\"}}],\"inLanguage\":\"pt-PT\"},{\"@type\":\"Organization\",\"@id\":\"https:\/\/caravanagrupoeditorial.com\/#organization\",\"name\":\"Caravana Grupo Editorial\",\"url\":\"https:\/\/caravanagrupoeditorial.com\/\",\"logo\":{\"@type\":\"ImageObject\",\"inLanguage\":\"pt-PT\",\"@id\":\"https:\/\/caravanagrupoeditorial.com\/#\/schema\/logo\/image\/\",\"url\":\"https:\/\/caravanagrupoeditorial.com\/wp-content\/uploads\/2024\/02\/cropped-Logo_Caravana.png\",\"contentUrl\":\"https:\/\/caravanagrupoeditorial.com\/wp-content\/uploads\/2024\/02\/cropped-Logo_Caravana.png\",\"width\":512,\"height\":512,\"caption\":\"Caravana Grupo Editorial\"},\"image\":{\"@id\":\"https:\/\/caravanagrupoeditorial.com\/#\/schema\/logo\/image\/\"},\"sameAs\":[\"https:\/\/www.facebook.com\/caravanagrupoeditorial\",\"https:\/\/www.instagram.com\/caravanagrupoeditorial\/?hl=pt-br\",\"https:\/\/www.youtube.com\/channel\/UCdD-xosEkpHCeRn2nDLiXfQ\"]}]}<\/script>\n<!-- \/ Yoast SEO plugin. -->","yoast_head_json":{"title":"Mapas inst\u00e1veis: sobre corpos em tr\u00e2nsito e outras fric\u00e7\u00f5es - Caravana Grupo Editorial","robots":{"index":"index","follow":"follow","max-snippet":"max-snippet:-1","max-image-preview":"max-image-preview:large","max-video-preview":"max-video-preview:-1"},"canonical":"https:\/\/caravanagrupoeditorial.com\/pt\/livros\/mapas-instaveis-sobre-corpos-em-transito-e-outras-friccoes\/","og_locale":"pt_PT","og_type":"article","og_title":"Mapas inst\u00e1veis: sobre corpos em tr\u00e2nsito e outras fric\u00e7\u00f5es - Caravana Grupo Editorial","og_description":"Em Mapas inst\u00e1veis, Vivien Merciel Suarez cartografa corpos que s\u00e3o atravessados e, ao mesmo tempo, atravessam cidades, montanhas, elevadores e sil\u00eancios. Mas, sobretudo, atravessam a si mesmos. Suas personagens caminham","og_url":"https:\/\/caravanagrupoeditorial.com\/pt\/livros\/mapas-instaveis-sobre-corpos-em-transito-e-outras-friccoes\/","og_site_name":"Caravana Grupo Editorial","article_publisher":"https:\/\/www.facebook.com\/caravanagrupoeditorial","article_modified_time":"2026-03-26T16:45:58+00:00","og_image":[{"width":2560,"height":2560,"url":"https:\/\/caravanagrupoeditorial.com\/wp-content\/uploads\/2026\/03\/Mapas-instaveis-Ayumi-Shimamoto-scaled.jpg","type":"image\/jpeg"}],"twitter_card":"summary_large_image","twitter_misc":{"Tempo estimado de leitura":"1 minuto"},"schema":{"@context":"https:\/\/schema.org","@graph":[{"@type":"WebPage","@id":"https:\/\/caravanagrupoeditorial.com\/livros\/mapas-instaveis-sobre-corpos-em-transito-e-outras-friccoes\/","url":"https:\/\/caravanagrupoeditorial.com\/livros\/mapas-instaveis-sobre-corpos-em-transito-e-outras-friccoes\/","name":"Mapas inst\u00e1veis: sobre corpos em tr\u00e2nsito e outras fric\u00e7\u00f5es - Caravana Grupo Editorial","isPartOf":{"@id":"https:\/\/caravanagrupoeditorial.com\/#website"},"primaryImageOfPage":{"@id":"https:\/\/caravanagrupoeditorial.com\/livros\/mapas-instaveis-sobre-corpos-em-transito-e-outras-friccoes\/#primaryimage"},"image":{"@id":"https:\/\/caravanagrupoeditorial.com\/livros\/mapas-instaveis-sobre-corpos-em-transito-e-outras-friccoes\/#primaryimage"},"thumbnailUrl":"https:\/\/i0.wp.com\/caravanagrupoeditorial.com\/wp-content\/uploads\/2026\/03\/Mapas-instaveis-Ayumi-Shimamoto-scaled.jpg?fit=2560%2C2560&ssl=1","datePublished":"2026-03-26T15:45:48+00:00","dateModified":"2026-03-26T16:45:58+00:00","breadcrumb":{"@id":"https:\/\/caravanagrupoeditorial.com\/livros\/mapas-instaveis-sobre-corpos-em-transito-e-outras-friccoes\/#breadcrumb"},"inLanguage":"pt-PT","potentialAction":[{"@type":"ReadAction","target":["https:\/\/caravanagrupoeditorial.com\/livros\/mapas-instaveis-sobre-corpos-em-transito-e-outras-friccoes\/"]}]},{"@type":"ImageObject","inLanguage":"pt-PT","@id":"https:\/\/caravanagrupoeditorial.com\/livros\/mapas-instaveis-sobre-corpos-em-transito-e-outras-friccoes\/#primaryimage","url":"https:\/\/i0.wp.com\/caravanagrupoeditorial.com\/wp-content\/uploads\/2026\/03\/Mapas-instaveis-Ayumi-Shimamoto-scaled.jpg?fit=2560%2C2560&ssl=1","contentUrl":"https:\/\/i0.wp.com\/caravanagrupoeditorial.com\/wp-content\/uploads\/2026\/03\/Mapas-instaveis-Ayumi-Shimamoto-scaled.jpg?fit=2560%2C2560&ssl=1","width":2560,"height":2560},{"@type":"BreadcrumbList","@id":"https:\/\/caravanagrupoeditorial.com\/livros\/mapas-instaveis-sobre-corpos-em-transito-e-outras-friccoes\/#breadcrumb","itemListElement":[{"@type":"ListItem","position":1,"name":"In\u00edcio","item":"https:\/\/caravanagrupoeditorial.com\/"},{"@type":"ListItem","position":2,"name":"Shop","item":"https:\/\/caravanagrupoeditorial.com\/shop\/"},{"@type":"ListItem","position":3,"name":"Mapas inst\u00e1veis: sobre corpos em tr\u00e2nsito e outras fric\u00e7\u00f5es"}]},{"@type":"WebSite","@id":"https:\/\/caravanagrupoeditorial.com\/#website","url":"https:\/\/caravanagrupoeditorial.com\/","name":"Cat\u00e1logo - Mercador Editorial","description":"","publisher":{"@id":"https:\/\/caravanagrupoeditorial.com\/#organization"},"potentialAction":[{"@type":"SearchAction","target":{"@type":"EntryPoint","urlTemplate":"https:\/\/caravanagrupoeditorial.com\/?s={search_term_string}"},"query-input":{"@type":"PropertyValueSpecification","valueRequired":true,"valueName":"search_term_string"}}],"inLanguage":"pt-PT"},{"@type":"Organization","@id":"https:\/\/caravanagrupoeditorial.com\/#organization","name":"Cat\u00e1logo - Mercador Editorial","url":"https:\/\/caravanagrupoeditorial.com\/","logo":{"@type":"ImageObject","inLanguage":"pt-PT","@id":"https:\/\/caravanagrupoeditorial.com\/#\/schema\/logo\/image\/","url":"https:\/\/caravanagrupoeditorial.com\/wp-content\/uploads\/2024\/02\/cropped-Logo_Caravana.png","contentUrl":"https:\/\/caravanagrupoeditorial.com\/wp-content\/uploads\/2024\/02\/cropped-Logo_Caravana.png","width":512,"height":512,"caption":"Caravana Grupo Editorial"},"image":{"@id":"https:\/\/caravanagrupoeditorial.com\/#\/schema\/logo\/image\/"},"sameAs":["https:\/\/www.facebook.com\/caravanagrupoeditorial","https:\/\/www.instagram.com\/caravanagrupoeditorial\/?hl=pt-br","https:\/\/www.youtube.com\/channel\/UCdD-xosEkpHCeRn2nDLiXfQ"]}]}},"jetpack_sharing_enabled":true,"brands":[{"id":20716,"name":"Vivien Merciel Suarez","slug":"vivien-merciel-suarez"}],"_links":{"self":[{"href":"https:\/\/caravanagrupoeditorial.com\/pt\/wp-json\/wp\/v2\/product\/101797","targetHints":{"allow":["GET"]}}],"collection":[{"href":"https:\/\/caravanagrupoeditorial.com\/pt\/wp-json\/wp\/v2\/product"}],"about":[{"href":"https:\/\/caravanagrupoeditorial.com\/pt\/wp-json\/wp\/v2\/types\/product"}],"replies":[{"embeddable":true,"href":"https:\/\/caravanagrupoeditorial.com\/pt\/wp-json\/wp\/v2\/comments?post=101797"}],"wp:featuredmedia":[{"embeddable":true,"href":"https:\/\/caravanagrupoeditorial.com\/pt\/wp-json\/wp\/v2\/media\/101804"}],"wp:attachment":[{"href":"https:\/\/caravanagrupoeditorial.com\/pt\/wp-json\/wp\/v2\/media?parent=101797"}],"wp:term":[{"taxonomy":"pwb-brand","embeddable":true,"href":"https:\/\/caravanagrupoeditorial.com\/pt\/wp-json\/wp\/v2\/pwb-brand?post=101797"},{"taxonomy":"product_brand","embeddable":true,"href":"https:\/\/caravanagrupoeditorial.com\/pt\/wp-json\/wp\/v2\/product_brand?post=101797"},{"taxonomy":"product_cat","embeddable":true,"href":"https:\/\/caravanagrupoeditorial.com\/pt\/wp-json\/wp\/v2\/product_cat?post=101797"},{"taxonomy":"product_tag","embeddable":true,"href":"https:\/\/caravanagrupoeditorial.com\/pt\/wp-json\/wp\/v2\/product_tag?post=101797"},{"taxonomy":"editora","embeddable":true,"href":"https:\/\/caravanagrupoeditorial.com\/pt\/wp-json\/wp\/v2\/editora?post=101797"}],"curies":[{"name":"wp","href":"https:\/\/api.w.org\/{rel}","templated":true}]}}