{"id":101416,"date":"2026-03-12T21:50:12","date_gmt":"2026-03-13T00:50:12","guid":{"rendered":"https:\/\/caravanagrupoeditorial.com\/?post_type=product&#038;p=101416"},"modified":"2026-04-27T09:03:50","modified_gmt":"2026-04-27T12:03:50","slug":"arrebentando-gaiolas","status":"publish","type":"product","link":"https:\/\/caravanagrupoeditorial.com\/pt\/livros\/arrebentando-gaiolas\/","title":{"rendered":"Arrebentando gaiolas"},"content":{"rendered":"<p style=\"text-align: justify;\">Arrebentando gaiolas \u00e9 uma colet\u00e2nea que prende o leitor desde as primeiras p\u00e1ginas e segue provocando, incomodando e incitando a continua\u00e7\u00e3o da leitura. Embora formados por contos curtos, os textos s\u00e3o expansivos no que dizem e, sobretudo, no que fazem sentir, pois s\u00e3o narrativas que concentram experi\u00eancias humanas atravessadas por dor, exclus\u00e3o, viol\u00eancia, desejo e enfrentamento. Assim, a escrita de Gustavo Anjos denuncia situa\u00e7\u00f5es que, muitas vezes, s\u00e3o silenciadas ou naturalizadas no cotidiano, e para tal, n\u00e3o recorre ao excesso ou \u00e0 espetaculariza\u00e7\u00e3o, muito pelo contr\u00e1rio, utiliza uma linguagem direta e sens\u00edvel revelando realidades duras por meio de cenas contidas, constru\u00eddas com cuidado est\u00e9tico e aten\u00e7\u00e3o \u00e0s subjetividades.  Ao abordar temas urgentes e socialmente necess\u00e1rios, os contos convidam \u00e0 reflex\u00e3o e ao enfrentamento, reafirmando a literatura como espa\u00e7o de escuta, visibilidade e questionamento. Por fim, n\u00e3o pensem muito, s\u00f3 leiam essa obra que arrebenta para al\u00e9m das gaiolas, rompe sil\u00eancios, amplia vozes e demonstra que narrativas breves podem carregar sentidos profundos e duradouros.<\/p>\n<p>Bet\u00e2nia Rita<\/p>","protected":false},"excerpt":{"rendered":"<p>Arrebentando gaiolas \u00e9 uma colet\u00e2nea que prende o leitor desde as primeiras p\u00e1ginas e segue provocando, incomodando e incitando a continua\u00e7\u00e3o da leitura. Embora formados por contos curtos, os textos<\/p>","protected":false},"featured_media":101418,"comment_status":"open","ping_status":"closed","template":"","meta":{"_acf_changed":false,"jetpack_post_was_ever_published":true,"_joinchat":[]},"pwb-brand":[20691],"product_brand":[],"product_cat":[20647,20646,170,19942],"product_tag":[136,835,137,23],"editora":[20601,20604],"class_list":{"0":"post-101416","1":"product","2":"type-product","3":"status-publish","4":"has-post-thumbnail","6":"pwb-brand-gustavo-anjos","7":"product_cat-caravana","8":"product_cat-mercador","9":"product_cat-novela-brasileira","10":"product_cat-pre-venda","11":"product_tag-caravana","12":"product_tag-caravanagrupoeditorial","13":"product_tag-editoraindependente","14":"product_tag-literatura","15":"editora-caravana","16":"editora-mercador","17":"pre_capa-pre-capa","19":"first","20":"instock","21":"shipping-taxable","22":"purchasable","23":"product-type-simple"},"acf":[],"yoast_head":"<!-- This site is optimized with the Yoast SEO plugin v27.2 - https:\/\/yoast.com\/product\/yoast-seo-wordpress\/ -->\n<title>Arrebentando gaiolas - Caravana Grupo Editorial<\/title>\n<meta name=\"robots\" content=\"index, follow, max-snippet:-1, max-image-preview:large, max-video-preview:-1\" \/>\n<link rel=\"canonical\" href=\"https:\/\/caravanagrupoeditorial.com\/pt\/livros\/arrebentando-gaiolas\/\" \/>\n<meta property=\"og:locale\" content=\"pt_PT\" \/>\n<meta property=\"og:type\" content=\"article\" \/>\n<meta property=\"og:title\" content=\"Arrebentando gaiolas - Caravana Grupo Editorial\" \/>\n<meta property=\"og:description\" content=\"Arrebentando gaiolas \u00e9 uma colet\u00e2nea que prende o leitor desde as primeiras p\u00e1ginas e segue provocando, incomodando e incitando a continua\u00e7\u00e3o da leitura. Embora formados por contos curtos, os textos\" \/>\n<meta property=\"og:url\" content=\"https:\/\/caravanagrupoeditorial.com\/pt\/livros\/arrebentando-gaiolas\/\" \/>\n<meta property=\"og:site_name\" content=\"Caravana Grupo Editorial\" \/>\n<meta property=\"article:publisher\" content=\"https:\/\/www.facebook.com\/caravanagrupoeditorial\" \/>\n<meta property=\"article:modified_time\" content=\"2026-04-27T12:03:50+00:00\" \/>\n<meta property=\"og:image\" content=\"https:\/\/caravanagrupoeditorial.com\/wp-content\/uploads\/2026\/03\/Arrebentando-gaiolas-Ayumi-Shimamoto-scaled.jpg\" \/>\n\t<meta property=\"og:image:width\" content=\"2560\" \/>\n\t<meta property=\"og:image:height\" content=\"2560\" \/>\n\t<meta property=\"og:image:type\" content=\"image\/jpeg\" \/>\n<meta name=\"twitter:card\" content=\"summary_large_image\" \/>\n<meta name=\"twitter:label1\" content=\"Tempo estimado de leitura\" \/>\n\t<meta name=\"twitter:data1\" content=\"2 minutos\" \/>\n<script type=\"application\/ld+json\" class=\"yoast-schema-graph\">{\"@context\":\"https:\/\/schema.org\",\"@graph\":[{\"@type\":\"WebPage\",\"@id\":\"https:\/\/caravanagrupoeditorial.com\/livros\/arrebentando-gaiolas\/\",\"url\":\"https:\/\/caravanagrupoeditorial.com\/livros\/arrebentando-gaiolas\/\",\"name\":\"Arrebentando gaiolas - Caravana Grupo Editorial\",\"isPartOf\":{\"@id\":\"https:\/\/caravanagrupoeditorial.com\/#website\"},\"primaryImageOfPage\":{\"@id\":\"https:\/\/caravanagrupoeditorial.com\/livros\/arrebentando-gaiolas\/#primaryimage\"},\"image\":{\"@id\":\"https:\/\/caravanagrupoeditorial.com\/livros\/arrebentando-gaiolas\/#primaryimage\"},\"thumbnailUrl\":\"https:\/\/i0.wp.com\/caravanagrupoeditorial.com\/wp-content\/uploads\/2026\/03\/Arrebentando-gaiolas-Ayumi-Shimamoto-scaled.jpg?fit=2560%2C2560&ssl=1\",\"datePublished\":\"2026-03-13T00:50:12+00:00\",\"dateModified\":\"2026-04-27T12:03:50+00:00\",\"breadcrumb\":{\"@id\":\"https:\/\/caravanagrupoeditorial.com\/livros\/arrebentando-gaiolas\/#breadcrumb\"},\"inLanguage\":\"pt-PT\",\"potentialAction\":[{\"@type\":\"ReadAction\",\"target\":[\"https:\/\/caravanagrupoeditorial.com\/livros\/arrebentando-gaiolas\/\"]}]},{\"@type\":\"ImageObject\",\"inLanguage\":\"pt-PT\",\"@id\":\"https:\/\/caravanagrupoeditorial.com\/livros\/arrebentando-gaiolas\/#primaryimage\",\"url\":\"https:\/\/i0.wp.com\/caravanagrupoeditorial.com\/wp-content\/uploads\/2026\/03\/Arrebentando-gaiolas-Ayumi-Shimamoto-scaled.jpg?fit=2560%2C2560&ssl=1\",\"contentUrl\":\"https:\/\/i0.wp.com\/caravanagrupoeditorial.com\/wp-content\/uploads\/2026\/03\/Arrebentando-gaiolas-Ayumi-Shimamoto-scaled.jpg?fit=2560%2C2560&ssl=1\",\"width\":2560,\"height\":2560},{\"@type\":\"BreadcrumbList\",\"@id\":\"https:\/\/caravanagrupoeditorial.com\/livros\/arrebentando-gaiolas\/#breadcrumb\",\"itemListElement\":[{\"@type\":\"ListItem\",\"position\":1,\"name\":\"In\u00edcio\",\"item\":\"https:\/\/caravanagrupoeditorial.com\/\"},{\"@type\":\"ListItem\",\"position\":2,\"name\":\"Shop\",\"item\":\"https:\/\/caravanagrupoeditorial.com\/shop\/\"},{\"@type\":\"ListItem\",\"position\":3,\"name\":\"Arrebentando gaiolas\"}]},{\"@type\":\"WebSite\",\"@id\":\"https:\/\/caravanagrupoeditorial.com\/#website\",\"url\":\"https:\/\/caravanagrupoeditorial.com\/\",\"name\":\"Caravana Grupo Editorial\",\"description\":\"\",\"publisher\":{\"@id\":\"https:\/\/caravanagrupoeditorial.com\/#organization\"},\"potentialAction\":[{\"@type\":\"SearchAction\",\"target\":{\"@type\":\"EntryPoint\",\"urlTemplate\":\"https:\/\/caravanagrupoeditorial.com\/?s={search_term_string}\"},\"query-input\":{\"@type\":\"PropertyValueSpecification\",\"valueRequired\":true,\"valueName\":\"search_term_string\"}}],\"inLanguage\":\"pt-PT\"},{\"@type\":\"Organization\",\"@id\":\"https:\/\/caravanagrupoeditorial.com\/#organization\",\"name\":\"Caravana Grupo Editorial\",\"url\":\"https:\/\/caravanagrupoeditorial.com\/\",\"logo\":{\"@type\":\"ImageObject\",\"inLanguage\":\"pt-PT\",\"@id\":\"https:\/\/caravanagrupoeditorial.com\/#\/schema\/logo\/image\/\",\"url\":\"https:\/\/caravanagrupoeditorial.com\/wp-content\/uploads\/2024\/02\/cropped-Logo_Caravana.png\",\"contentUrl\":\"https:\/\/caravanagrupoeditorial.com\/wp-content\/uploads\/2024\/02\/cropped-Logo_Caravana.png\",\"width\":512,\"height\":512,\"caption\":\"Caravana Grupo Editorial\"},\"image\":{\"@id\":\"https:\/\/caravanagrupoeditorial.com\/#\/schema\/logo\/image\/\"},\"sameAs\":[\"https:\/\/www.facebook.com\/caravanagrupoeditorial\",\"https:\/\/www.instagram.com\/caravanagrupoeditorial\/?hl=pt-br\",\"https:\/\/www.youtube.com\/channel\/UCdD-xosEkpHCeRn2nDLiXfQ\"]}]}<\/script>\n<!-- \/ Yoast SEO plugin. -->","yoast_head_json":{"title":"Arrebentando gaiolas - Caravana Grupo Editorial","robots":{"index":"index","follow":"follow","max-snippet":"max-snippet:-1","max-image-preview":"max-image-preview:large","max-video-preview":"max-video-preview:-1"},"canonical":"https:\/\/caravanagrupoeditorial.com\/pt\/livros\/arrebentando-gaiolas\/","og_locale":"pt_PT","og_type":"article","og_title":"Arrebentando gaiolas - Caravana Grupo Editorial","og_description":"Arrebentando gaiolas \u00e9 uma colet\u00e2nea que prende o leitor desde as primeiras p\u00e1ginas e segue provocando, incomodando e incitando a continua\u00e7\u00e3o da leitura. Embora formados por contos curtos, os textos","og_url":"https:\/\/caravanagrupoeditorial.com\/pt\/livros\/arrebentando-gaiolas\/","og_site_name":"Caravana Grupo Editorial","article_publisher":"https:\/\/www.facebook.com\/caravanagrupoeditorial","article_modified_time":"2026-04-27T12:03:50+00:00","og_image":[{"width":2560,"height":2560,"url":"https:\/\/caravanagrupoeditorial.com\/wp-content\/uploads\/2026\/03\/Arrebentando-gaiolas-Ayumi-Shimamoto-scaled.jpg","type":"image\/jpeg"}],"twitter_card":"summary_large_image","twitter_misc":{"Tempo estimado de leitura":"2 minutos"},"schema":{"@context":"https:\/\/schema.org","@graph":[{"@type":"WebPage","@id":"https:\/\/caravanagrupoeditorial.com\/livros\/arrebentando-gaiolas\/","url":"https:\/\/caravanagrupoeditorial.com\/livros\/arrebentando-gaiolas\/","name":"Arrebentando gaiolas - Caravana Grupo Editorial","isPartOf":{"@id":"https:\/\/caravanagrupoeditorial.com\/#website"},"primaryImageOfPage":{"@id":"https:\/\/caravanagrupoeditorial.com\/livros\/arrebentando-gaiolas\/#primaryimage"},"image":{"@id":"https:\/\/caravanagrupoeditorial.com\/livros\/arrebentando-gaiolas\/#primaryimage"},"thumbnailUrl":"https:\/\/i0.wp.com\/caravanagrupoeditorial.com\/wp-content\/uploads\/2026\/03\/Arrebentando-gaiolas-Ayumi-Shimamoto-scaled.jpg?fit=2560%2C2560&ssl=1","datePublished":"2026-03-13T00:50:12+00:00","dateModified":"2026-04-27T12:03:50+00:00","breadcrumb":{"@id":"https:\/\/caravanagrupoeditorial.com\/livros\/arrebentando-gaiolas\/#breadcrumb"},"inLanguage":"pt-PT","potentialAction":[{"@type":"ReadAction","target":["https:\/\/caravanagrupoeditorial.com\/livros\/arrebentando-gaiolas\/"]}]},{"@type":"ImageObject","inLanguage":"pt-PT","@id":"https:\/\/caravanagrupoeditorial.com\/livros\/arrebentando-gaiolas\/#primaryimage","url":"https:\/\/i0.wp.com\/caravanagrupoeditorial.com\/wp-content\/uploads\/2026\/03\/Arrebentando-gaiolas-Ayumi-Shimamoto-scaled.jpg?fit=2560%2C2560&ssl=1","contentUrl":"https:\/\/i0.wp.com\/caravanagrupoeditorial.com\/wp-content\/uploads\/2026\/03\/Arrebentando-gaiolas-Ayumi-Shimamoto-scaled.jpg?fit=2560%2C2560&ssl=1","width":2560,"height":2560},{"@type":"BreadcrumbList","@id":"https:\/\/caravanagrupoeditorial.com\/livros\/arrebentando-gaiolas\/#breadcrumb","itemListElement":[{"@type":"ListItem","position":1,"name":"In\u00edcio","item":"https:\/\/caravanagrupoeditorial.com\/"},{"@type":"ListItem","position":2,"name":"Shop","item":"https:\/\/caravanagrupoeditorial.com\/shop\/"},{"@type":"ListItem","position":3,"name":"Arrebentando gaiolas"}]},{"@type":"WebSite","@id":"https:\/\/caravanagrupoeditorial.com\/#website","url":"https:\/\/caravanagrupoeditorial.com\/","name":"Cat\u00e1logo - Mercador Editorial","description":"","publisher":{"@id":"https:\/\/caravanagrupoeditorial.com\/#organization"},"potentialAction":[{"@type":"SearchAction","target":{"@type":"EntryPoint","urlTemplate":"https:\/\/caravanagrupoeditorial.com\/?s={search_term_string}"},"query-input":{"@type":"PropertyValueSpecification","valueRequired":true,"valueName":"search_term_string"}}],"inLanguage":"pt-PT"},{"@type":"Organization","@id":"https:\/\/caravanagrupoeditorial.com\/#organization","name":"Cat\u00e1logo - Mercador Editorial","url":"https:\/\/caravanagrupoeditorial.com\/","logo":{"@type":"ImageObject","inLanguage":"pt-PT","@id":"https:\/\/caravanagrupoeditorial.com\/#\/schema\/logo\/image\/","url":"https:\/\/caravanagrupoeditorial.com\/wp-content\/uploads\/2024\/02\/cropped-Logo_Caravana.png","contentUrl":"https:\/\/caravanagrupoeditorial.com\/wp-content\/uploads\/2024\/02\/cropped-Logo_Caravana.png","width":512,"height":512,"caption":"Caravana Grupo Editorial"},"image":{"@id":"https:\/\/caravanagrupoeditorial.com\/#\/schema\/logo\/image\/"},"sameAs":["https:\/\/www.facebook.com\/caravanagrupoeditorial","https:\/\/www.instagram.com\/caravanagrupoeditorial\/?hl=pt-br","https:\/\/www.youtube.com\/channel\/UCdD-xosEkpHCeRn2nDLiXfQ"]}]}},"jetpack_sharing_enabled":true,"brands":[{"id":20691,"name":"Gustavo Anjos","slug":"gustavo-anjos"}],"_links":{"self":[{"href":"https:\/\/caravanagrupoeditorial.com\/pt\/wp-json\/wp\/v2\/product\/101416","targetHints":{"allow":["GET"]}}],"collection":[{"href":"https:\/\/caravanagrupoeditorial.com\/pt\/wp-json\/wp\/v2\/product"}],"about":[{"href":"https:\/\/caravanagrupoeditorial.com\/pt\/wp-json\/wp\/v2\/types\/product"}],"replies":[{"embeddable":true,"href":"https:\/\/caravanagrupoeditorial.com\/pt\/wp-json\/wp\/v2\/comments?post=101416"}],"wp:featuredmedia":[{"embeddable":true,"href":"https:\/\/caravanagrupoeditorial.com\/pt\/wp-json\/wp\/v2\/media\/101418"}],"wp:attachment":[{"href":"https:\/\/caravanagrupoeditorial.com\/pt\/wp-json\/wp\/v2\/media?parent=101416"}],"wp:term":[{"taxonomy":"pwb-brand","embeddable":true,"href":"https:\/\/caravanagrupoeditorial.com\/pt\/wp-json\/wp\/v2\/pwb-brand?post=101416"},{"taxonomy":"product_brand","embeddable":true,"href":"https:\/\/caravanagrupoeditorial.com\/pt\/wp-json\/wp\/v2\/product_brand?post=101416"},{"taxonomy":"product_cat","embeddable":true,"href":"https:\/\/caravanagrupoeditorial.com\/pt\/wp-json\/wp\/v2\/product_cat?post=101416"},{"taxonomy":"product_tag","embeddable":true,"href":"https:\/\/caravanagrupoeditorial.com\/pt\/wp-json\/wp\/v2\/product_tag?post=101416"},{"taxonomy":"editora","embeddable":true,"href":"https:\/\/caravanagrupoeditorial.com\/pt\/wp-json\/wp\/v2\/editora?post=101416"}],"curies":[{"name":"wp","href":"https:\/\/api.w.org\/{rel}","templated":true}]}}