{"id":101030,"date":"2026-03-01T14:10:15","date_gmt":"2026-03-01T17:10:15","guid":{"rendered":"https:\/\/caravanagrupoeditorial.com\/?post_type=product&#038;p=101030"},"modified":"2026-03-01T14:18:49","modified_gmt":"2026-03-01T17:18:49","slug":"soy-loco-por-ti-colombia-volume-2-ebook-formato-kindle","status":"publish","type":"product","link":"https:\/\/caravanagrupoeditorial.com\/pt\/livros\/soy-loco-por-ti-colombia-volume-2-ebook-formato-kindle\/","title":{"rendered":"Soy loco por ti, Col\u00f4mbia Volume 2 | Ebook formato kindle"},"content":{"rendered":"<p style=\"text-align: justify;\">A viagem come\u00e7a nos quarentas quando a Col\u00f4mbia era o El Dorado, uma liga marginal que reuniu muitos dos grandes craques do planeta, come\u00e7ando por Di St\u00e9fano, erguendo-se maior ainda com Pedernera. Depois dos argentinos, as estrelas da Am\u00e9rica do Sul desembocavam todas na p\u00e1tria de Gabriel Garcia M\u00e1rquez. As estrelas que desfilaram nas paisagens cafeteras, foram de natureza embriagante como se tratasse da escapat\u00f3ria perfeita de vidas tremidas, ang\u00fastias escondidas, desnortes s\u00fabitos. Este \u00e9 o livro onde tamb\u00e9m cabem Garrincha, Heleno de Freitas, Charro Moreno ou Corbatta, onde cabem Carrizo e Sekularac. H\u00e1 deboche e encanto, tango fora de horas e extenuante samba. H\u00e1 um hino ao estilo bo\u00e9mio e a um estrelato nunca livre de pecados, sejam broncas, pol\u00e9micas, mulheres, jogo ou perdi\u00e7\u00e3o et\u00edlica. A grandeza colombiana est\u00e1 em arriscar a diferen\u00e7a, carregar a ousadia, de Maturana, Higuita ou Valderrama, e desmascarar o futuro. Soy loco por ti, Col\u00f4mbia re\u00fane tudo isto e uma fartura de mais de 150 entrevistados.<\/p>","protected":false},"excerpt":{"rendered":"<p>A viagem come\u00e7a nos quarentas quando a Col\u00f4mbia era o El Dorado, uma liga marginal que reuniu muitos dos grandes craques do planeta, come\u00e7ando por Di St\u00e9fano, erguendo-se maior ainda<\/p>","protected":false},"featured_media":101031,"comment_status":"open","ping_status":"closed","template":"","meta":{"_acf_changed":false,"jetpack_post_was_ever_published":false,"_joinchat":[]},"pwb-brand":[20260],"product_brand":[],"product_cat":[20647,49,20261,20646],"product_tag":[134,136,20,137,22,23,135],"editora":[20604],"class_list":{"0":"post-101030","1":"product","2":"type-product","3":"status-publish","4":"has-post-thumbnail","6":"pwb-brand-pedro-cadima","7":"product_cat-caravana","8":"product_cat-e-book","9":"product_cat-futebol-historia","10":"product_cat-mercador","11":"product_tag-autorindependente","12":"product_tag-caravana","13":"product_tag-caravana-grupo-editorial","14":"product_tag-editoraindependente","15":"product_tag-leitura-boa","16":"product_tag-literatura","17":"product_tag-livros","18":"editora-mercador","20":"first","21":"instock","22":"shipping-taxable","23":"product-type-external"},"acf":[],"yoast_head":"<!-- This site is optimized with the Yoast SEO plugin v27.2 - https:\/\/yoast.com\/product\/yoast-seo-wordpress\/ -->\n<title>Soy loco por ti, Col\u00f4mbia Volume 2 | Ebook formato kindle - Caravana Grupo Editorial<\/title>\n<meta name=\"robots\" content=\"index, follow, max-snippet:-1, max-image-preview:large, max-video-preview:-1\" \/>\n<link rel=\"canonical\" href=\"https:\/\/caravanagrupoeditorial.com\/pt\/livros\/soy-loco-por-ti-colombia-volume-2-ebook-formato-kindle\/\" \/>\n<meta property=\"og:locale\" content=\"pt_PT\" \/>\n<meta property=\"og:type\" content=\"article\" \/>\n<meta property=\"og:title\" content=\"Soy loco por ti, Col\u00f4mbia Volume 2 | Ebook formato kindle - Caravana Grupo Editorial\" \/>\n<meta property=\"og:description\" content=\"A viagem come\u00e7a nos quarentas quando a Col\u00f4mbia era o El Dorado, uma liga marginal que reuniu muitos dos grandes craques do planeta, come\u00e7ando por Di St\u00e9fano, erguendo-se maior ainda\" \/>\n<meta property=\"og:url\" content=\"https:\/\/caravanagrupoeditorial.com\/pt\/livros\/soy-loco-por-ti-colombia-volume-2-ebook-formato-kindle\/\" \/>\n<meta property=\"og:site_name\" content=\"Caravana Grupo Editorial\" \/>\n<meta property=\"article:publisher\" content=\"https:\/\/www.facebook.com\/caravanagrupoeditorial\" \/>\n<meta property=\"article:modified_time\" content=\"2026-03-01T17:18:49+00:00\" \/>\n<meta property=\"og:image\" content=\"https:\/\/caravanagrupoeditorial.com\/wp-content\/uploads\/2026\/03\/mockup-ebook-caravana-642x800.png\" \/>\n\t<meta property=\"og:image:width\" content=\"642\" \/>\n\t<meta property=\"og:image:height\" content=\"800\" \/>\n\t<meta property=\"og:image:type\" content=\"image\/png\" \/>\n<meta name=\"twitter:card\" content=\"summary_large_image\" \/>\n<meta name=\"twitter:label1\" content=\"Tempo estimado de leitura\" \/>\n\t<meta name=\"twitter:data1\" content=\"2 minutos\" \/>\n<script type=\"application\/ld+json\" class=\"yoast-schema-graph\">{\"@context\":\"https:\/\/schema.org\",\"@graph\":[{\"@type\":\"WebPage\",\"@id\":\"https:\/\/caravanagrupoeditorial.com\/livros\/soy-loco-por-ti-colombia-volume-2-ebook-formato-kindle\/\",\"url\":\"https:\/\/caravanagrupoeditorial.com\/livros\/soy-loco-por-ti-colombia-volume-2-ebook-formato-kindle\/\",\"name\":\"Soy loco por ti, Col\u00f4mbia Volume 2 | Ebook formato kindle - Caravana Grupo Editorial\",\"isPartOf\":{\"@id\":\"https:\/\/caravanagrupoeditorial.com\/#website\"},\"primaryImageOfPage\":{\"@id\":\"https:\/\/caravanagrupoeditorial.com\/livros\/soy-loco-por-ti-colombia-volume-2-ebook-formato-kindle\/#primaryimage\"},\"image\":{\"@id\":\"https:\/\/caravanagrupoeditorial.com\/livros\/soy-loco-por-ti-colombia-volume-2-ebook-formato-kindle\/#primaryimage\"},\"thumbnailUrl\":\"https:\/\/i0.wp.com\/caravanagrupoeditorial.com\/wp-content\/uploads\/2026\/03\/mockup-ebook-caravana.png?fit=1365%2C1700&ssl=1\",\"datePublished\":\"2026-03-01T17:10:15+00:00\",\"dateModified\":\"2026-03-01T17:18:49+00:00\",\"breadcrumb\":{\"@id\":\"https:\/\/caravanagrupoeditorial.com\/livros\/soy-loco-por-ti-colombia-volume-2-ebook-formato-kindle\/#breadcrumb\"},\"inLanguage\":\"pt-PT\",\"potentialAction\":[{\"@type\":\"ReadAction\",\"target\":[\"https:\/\/caravanagrupoeditorial.com\/livros\/soy-loco-por-ti-colombia-volume-2-ebook-formato-kindle\/\"]}]},{\"@type\":\"ImageObject\",\"inLanguage\":\"pt-PT\",\"@id\":\"https:\/\/caravanagrupoeditorial.com\/livros\/soy-loco-por-ti-colombia-volume-2-ebook-formato-kindle\/#primaryimage\",\"url\":\"https:\/\/i0.wp.com\/caravanagrupoeditorial.com\/wp-content\/uploads\/2026\/03\/mockup-ebook-caravana.png?fit=1365%2C1700&ssl=1\",\"contentUrl\":\"https:\/\/i0.wp.com\/caravanagrupoeditorial.com\/wp-content\/uploads\/2026\/03\/mockup-ebook-caravana.png?fit=1365%2C1700&ssl=1\",\"width\":1365,\"height\":1700},{\"@type\":\"BreadcrumbList\",\"@id\":\"https:\/\/caravanagrupoeditorial.com\/livros\/soy-loco-por-ti-colombia-volume-2-ebook-formato-kindle\/#breadcrumb\",\"itemListElement\":[{\"@type\":\"ListItem\",\"position\":1,\"name\":\"In\u00edcio\",\"item\":\"https:\/\/caravanagrupoeditorial.com\/\"},{\"@type\":\"ListItem\",\"position\":2,\"name\":\"Shop\",\"item\":\"https:\/\/caravanagrupoeditorial.com\/shop\/\"},{\"@type\":\"ListItem\",\"position\":3,\"name\":\"Soy loco por ti, Col\u00f4mbia Volume 2 | Ebook formato kindle\"}]},{\"@type\":\"WebSite\",\"@id\":\"https:\/\/caravanagrupoeditorial.com\/#website\",\"url\":\"https:\/\/caravanagrupoeditorial.com\/\",\"name\":\"Caravana Grupo Editorial\",\"description\":\"\",\"publisher\":{\"@id\":\"https:\/\/caravanagrupoeditorial.com\/#organization\"},\"potentialAction\":[{\"@type\":\"SearchAction\",\"target\":{\"@type\":\"EntryPoint\",\"urlTemplate\":\"https:\/\/caravanagrupoeditorial.com\/?s={search_term_string}\"},\"query-input\":{\"@type\":\"PropertyValueSpecification\",\"valueRequired\":true,\"valueName\":\"search_term_string\"}}],\"inLanguage\":\"pt-PT\"},{\"@type\":\"Organization\",\"@id\":\"https:\/\/caravanagrupoeditorial.com\/#organization\",\"name\":\"Caravana Grupo Editorial\",\"url\":\"https:\/\/caravanagrupoeditorial.com\/\",\"logo\":{\"@type\":\"ImageObject\",\"inLanguage\":\"pt-PT\",\"@id\":\"https:\/\/caravanagrupoeditorial.com\/#\/schema\/logo\/image\/\",\"url\":\"https:\/\/caravanagrupoeditorial.com\/wp-content\/uploads\/2024\/02\/cropped-Logo_Caravana.png\",\"contentUrl\":\"https:\/\/caravanagrupoeditorial.com\/wp-content\/uploads\/2024\/02\/cropped-Logo_Caravana.png\",\"width\":512,\"height\":512,\"caption\":\"Caravana Grupo Editorial\"},\"image\":{\"@id\":\"https:\/\/caravanagrupoeditorial.com\/#\/schema\/logo\/image\/\"},\"sameAs\":[\"https:\/\/www.facebook.com\/caravanagrupoeditorial\",\"https:\/\/www.instagram.com\/caravanagrupoeditorial\/?hl=pt-br\",\"https:\/\/www.youtube.com\/channel\/UCdD-xosEkpHCeRn2nDLiXfQ\"]}]}<\/script>\n<!-- \/ Yoast SEO plugin. -->","yoast_head_json":{"title":"Soy loco por ti, Col\u00f4mbia Volume 2 | Ebook formato kindle - Caravana Grupo Editorial","robots":{"index":"index","follow":"follow","max-snippet":"max-snippet:-1","max-image-preview":"max-image-preview:large","max-video-preview":"max-video-preview:-1"},"canonical":"https:\/\/caravanagrupoeditorial.com\/pt\/livros\/soy-loco-por-ti-colombia-volume-2-ebook-formato-kindle\/","og_locale":"pt_PT","og_type":"article","og_title":"Soy loco por ti, Col\u00f4mbia Volume 2 | Ebook formato kindle - Caravana Grupo Editorial","og_description":"A viagem come\u00e7a nos quarentas quando a Col\u00f4mbia era o El Dorado, uma liga marginal que reuniu muitos dos grandes craques do planeta, come\u00e7ando por Di St\u00e9fano, erguendo-se maior ainda","og_url":"https:\/\/caravanagrupoeditorial.com\/pt\/livros\/soy-loco-por-ti-colombia-volume-2-ebook-formato-kindle\/","og_site_name":"Caravana Grupo Editorial","article_publisher":"https:\/\/www.facebook.com\/caravanagrupoeditorial","article_modified_time":"2026-03-01T17:18:49+00:00","og_image":[{"width":642,"height":800,"url":"https:\/\/caravanagrupoeditorial.com\/wp-content\/uploads\/2026\/03\/mockup-ebook-caravana-642x800.png","type":"image\/png"}],"twitter_card":"summary_large_image","twitter_misc":{"Tempo estimado de leitura":"2 minutos"},"schema":{"@context":"https:\/\/schema.org","@graph":[{"@type":"WebPage","@id":"https:\/\/caravanagrupoeditorial.com\/livros\/soy-loco-por-ti-colombia-volume-2-ebook-formato-kindle\/","url":"https:\/\/caravanagrupoeditorial.com\/livros\/soy-loco-por-ti-colombia-volume-2-ebook-formato-kindle\/","name":"Soy loco por ti, Col\u00f4mbia Volume 2 | Ebook formato kindle - Caravana Grupo Editorial","isPartOf":{"@id":"https:\/\/caravanagrupoeditorial.com\/#website"},"primaryImageOfPage":{"@id":"https:\/\/caravanagrupoeditorial.com\/livros\/soy-loco-por-ti-colombia-volume-2-ebook-formato-kindle\/#primaryimage"},"image":{"@id":"https:\/\/caravanagrupoeditorial.com\/livros\/soy-loco-por-ti-colombia-volume-2-ebook-formato-kindle\/#primaryimage"},"thumbnailUrl":"https:\/\/i0.wp.com\/caravanagrupoeditorial.com\/wp-content\/uploads\/2026\/03\/mockup-ebook-caravana.png?fit=1365%2C1700&ssl=1","datePublished":"2026-03-01T17:10:15+00:00","dateModified":"2026-03-01T17:18:49+00:00","breadcrumb":{"@id":"https:\/\/caravanagrupoeditorial.com\/livros\/soy-loco-por-ti-colombia-volume-2-ebook-formato-kindle\/#breadcrumb"},"inLanguage":"pt-PT","potentialAction":[{"@type":"ReadAction","target":["https:\/\/caravanagrupoeditorial.com\/livros\/soy-loco-por-ti-colombia-volume-2-ebook-formato-kindle\/"]}]},{"@type":"ImageObject","inLanguage":"pt-PT","@id":"https:\/\/caravanagrupoeditorial.com\/livros\/soy-loco-por-ti-colombia-volume-2-ebook-formato-kindle\/#primaryimage","url":"https:\/\/i0.wp.com\/caravanagrupoeditorial.com\/wp-content\/uploads\/2026\/03\/mockup-ebook-caravana.png?fit=1365%2C1700&ssl=1","contentUrl":"https:\/\/i0.wp.com\/caravanagrupoeditorial.com\/wp-content\/uploads\/2026\/03\/mockup-ebook-caravana.png?fit=1365%2C1700&ssl=1","width":1365,"height":1700},{"@type":"BreadcrumbList","@id":"https:\/\/caravanagrupoeditorial.com\/livros\/soy-loco-por-ti-colombia-volume-2-ebook-formato-kindle\/#breadcrumb","itemListElement":[{"@type":"ListItem","position":1,"name":"In\u00edcio","item":"https:\/\/caravanagrupoeditorial.com\/"},{"@type":"ListItem","position":2,"name":"Shop","item":"https:\/\/caravanagrupoeditorial.com\/shop\/"},{"@type":"ListItem","position":3,"name":"Soy loco por ti, Col\u00f4mbia Volume 2 | Ebook formato kindle"}]},{"@type":"WebSite","@id":"https:\/\/caravanagrupoeditorial.com\/#website","url":"https:\/\/caravanagrupoeditorial.com\/","name":"Cat\u00e1logo - Mercador Editorial","description":"","publisher":{"@id":"https:\/\/caravanagrupoeditorial.com\/#organization"},"potentialAction":[{"@type":"SearchAction","target":{"@type":"EntryPoint","urlTemplate":"https:\/\/caravanagrupoeditorial.com\/?s={search_term_string}"},"query-input":{"@type":"PropertyValueSpecification","valueRequired":true,"valueName":"search_term_string"}}],"inLanguage":"pt-PT"},{"@type":"Organization","@id":"https:\/\/caravanagrupoeditorial.com\/#organization","name":"Cat\u00e1logo - Mercador Editorial","url":"https:\/\/caravanagrupoeditorial.com\/","logo":{"@type":"ImageObject","inLanguage":"pt-PT","@id":"https:\/\/caravanagrupoeditorial.com\/#\/schema\/logo\/image\/","url":"https:\/\/caravanagrupoeditorial.com\/wp-content\/uploads\/2024\/02\/cropped-Logo_Caravana.png","contentUrl":"https:\/\/caravanagrupoeditorial.com\/wp-content\/uploads\/2024\/02\/cropped-Logo_Caravana.png","width":512,"height":512,"caption":"Caravana Grupo Editorial"},"image":{"@id":"https:\/\/caravanagrupoeditorial.com\/#\/schema\/logo\/image\/"},"sameAs":["https:\/\/www.facebook.com\/caravanagrupoeditorial","https:\/\/www.instagram.com\/caravanagrupoeditorial\/?hl=pt-br","https:\/\/www.youtube.com\/channel\/UCdD-xosEkpHCeRn2nDLiXfQ"]}]}},"jetpack_sharing_enabled":true,"brands":[{"id":20260,"name":"Pedro Cadima","slug":"pedro-cadima"}],"_links":{"self":[{"href":"https:\/\/caravanagrupoeditorial.com\/pt\/wp-json\/wp\/v2\/product\/101030","targetHints":{"allow":["GET"]}}],"collection":[{"href":"https:\/\/caravanagrupoeditorial.com\/pt\/wp-json\/wp\/v2\/product"}],"about":[{"href":"https:\/\/caravanagrupoeditorial.com\/pt\/wp-json\/wp\/v2\/types\/product"}],"replies":[{"embeddable":true,"href":"https:\/\/caravanagrupoeditorial.com\/pt\/wp-json\/wp\/v2\/comments?post=101030"}],"wp:featuredmedia":[{"embeddable":true,"href":"https:\/\/caravanagrupoeditorial.com\/pt\/wp-json\/wp\/v2\/media\/101031"}],"wp:attachment":[{"href":"https:\/\/caravanagrupoeditorial.com\/pt\/wp-json\/wp\/v2\/media?parent=101030"}],"wp:term":[{"taxonomy":"pwb-brand","embeddable":true,"href":"https:\/\/caravanagrupoeditorial.com\/pt\/wp-json\/wp\/v2\/pwb-brand?post=101030"},{"taxonomy":"product_brand","embeddable":true,"href":"https:\/\/caravanagrupoeditorial.com\/pt\/wp-json\/wp\/v2\/product_brand?post=101030"},{"taxonomy":"product_cat","embeddable":true,"href":"https:\/\/caravanagrupoeditorial.com\/pt\/wp-json\/wp\/v2\/product_cat?post=101030"},{"taxonomy":"product_tag","embeddable":true,"href":"https:\/\/caravanagrupoeditorial.com\/pt\/wp-json\/wp\/v2\/product_tag?post=101030"},{"taxonomy":"editora","embeddable":true,"href":"https:\/\/caravanagrupoeditorial.com\/pt\/wp-json\/wp\/v2\/editora?post=101030"}],"curies":[{"name":"wp","href":"https:\/\/api.w.org\/{rel}","templated":true}]}}