{"id":101014,"date":"2026-03-01T12:58:51","date_gmt":"2026-03-01T15:58:51","guid":{"rendered":"https:\/\/caravanagrupoeditorial.com\/?post_type=product&#038;p=101014"},"modified":"2026-04-27T09:03:50","modified_gmt":"2026-04-27T12:03:50","slug":"destiny-sorrow","status":"publish","type":"product","link":"https:\/\/caravanagrupoeditorial.com\/pt\/livros\/destiny-sorrow\/","title":{"rendered":"Destiny Sorrow"},"content":{"rendered":"<p style=\"text-align: justify;\">Desde a mais antiga mem\u00f3ria, a vida das pessoas \u00e9 regida por destinos entregues pelo Deus-Computador. A sociedade estabeleceu-se julgando os destinos de seus indiv\u00edduos, deixando a Ordem no topo e o Caos marginalizado. Frustrado com isso, um grupo de ca\u00f3ticos surge opondo-se a Deus, justamente quando um jovem recebe o destino de salvar o mundo.<\/p>","protected":false},"excerpt":{"rendered":"<p>Desde a mais antiga mem\u00f3ria, a vida das pessoas \u00e9 regida por destinos entregues pelo Deus-Computador. A sociedade estabeleceu-se julgando os destinos de seus indiv\u00edduos, deixando a Ordem no topo<\/p>","protected":false},"featured_media":101016,"comment_status":"open","ping_status":"closed","template":"","meta":{"_acf_changed":false,"jetpack_post_was_ever_published":false,"_joinchat":[]},"pwb-brand":[20678],"product_brand":[],"product_cat":[170,19942],"product_tag":[134,136,20,137,22,23,135],"editora":[20601,20604],"class_list":{"0":"post-101014","1":"product","2":"type-product","3":"status-publish","4":"has-post-thumbnail","6":"pwb-brand-red-graves","7":"product_cat-novela-brasileira","8":"product_cat-pre-venda","9":"product_tag-autorindependente","10":"product_tag-caravana","11":"product_tag-caravana-grupo-editorial","12":"product_tag-editoraindependente","13":"product_tag-leitura-boa","14":"product_tag-literatura","15":"product_tag-livros","16":"editora-caravana","17":"editora-mercador","18":"pre_capa-nao-e-pre-capa","20":"first","21":"instock","22":"shipping-taxable","23":"purchasable","24":"product-type-simple"},"acf":[],"yoast_head":"<!-- This site is optimized with the Yoast SEO plugin v27.2 - https:\/\/yoast.com\/product\/yoast-seo-wordpress\/ -->\n<title>Destiny Sorrow - Caravana Grupo Editorial<\/title>\n<meta name=\"robots\" content=\"index, follow, max-snippet:-1, max-image-preview:large, max-video-preview:-1\" \/>\n<link rel=\"canonical\" href=\"https:\/\/caravanagrupoeditorial.com\/pt\/livros\/destiny-sorrow\/\" \/>\n<meta property=\"og:locale\" content=\"pt_PT\" \/>\n<meta property=\"og:type\" content=\"article\" \/>\n<meta property=\"og:title\" content=\"Destiny Sorrow - Caravana Grupo Editorial\" \/>\n<meta property=\"og:description\" content=\"Desde a mais antiga mem\u00f3ria, a vida das pessoas \u00e9 regida por destinos entregues pelo Deus-Computador. A sociedade estabeleceu-se julgando os destinos de seus indiv\u00edduos, deixando a Ordem no topo\" \/>\n<meta property=\"og:url\" content=\"https:\/\/caravanagrupoeditorial.com\/pt\/livros\/destiny-sorrow\/\" \/>\n<meta property=\"og:site_name\" content=\"Caravana Grupo Editorial\" \/>\n<meta property=\"article:publisher\" content=\"https:\/\/www.facebook.com\/caravanagrupoeditorial\" \/>\n<meta property=\"article:modified_time\" content=\"2026-04-27T12:03:50+00:00\" \/>\n<meta property=\"og:image\" content=\"https:\/\/caravanagrupoeditorial.com\/wp-content\/uploads\/2026\/03\/Destiny-Sorrow-Ayumi-Shimamoto-scaled.jpg\" \/>\n\t<meta property=\"og:image:width\" content=\"2560\" \/>\n\t<meta property=\"og:image:height\" content=\"2560\" \/>\n\t<meta property=\"og:image:type\" content=\"image\/jpeg\" \/>\n<meta name=\"twitter:card\" content=\"summary_large_image\" \/>\n<meta name=\"twitter:label1\" content=\"Tempo estimado de leitura\" \/>\n\t<meta name=\"twitter:data1\" content=\"1 minuto\" \/>\n<script type=\"application\/ld+json\" class=\"yoast-schema-graph\">{\"@context\":\"https:\/\/schema.org\",\"@graph\":[{\"@type\":\"WebPage\",\"@id\":\"https:\/\/caravanagrupoeditorial.com\/livros\/destiny-sorrow\/\",\"url\":\"https:\/\/caravanagrupoeditorial.com\/livros\/destiny-sorrow\/\",\"name\":\"Destiny Sorrow - Caravana Grupo Editorial\",\"isPartOf\":{\"@id\":\"https:\/\/caravanagrupoeditorial.com\/#website\"},\"primaryImageOfPage\":{\"@id\":\"https:\/\/caravanagrupoeditorial.com\/livros\/destiny-sorrow\/#primaryimage\"},\"image\":{\"@id\":\"https:\/\/caravanagrupoeditorial.com\/livros\/destiny-sorrow\/#primaryimage\"},\"thumbnailUrl\":\"https:\/\/i0.wp.com\/caravanagrupoeditorial.com\/wp-content\/uploads\/2026\/03\/Destiny-Sorrow-Ayumi-Shimamoto-scaled.jpg?fit=2560%2C2560&ssl=1\",\"datePublished\":\"2026-03-01T15:58:51+00:00\",\"dateModified\":\"2026-04-27T12:03:50+00:00\",\"breadcrumb\":{\"@id\":\"https:\/\/caravanagrupoeditorial.com\/livros\/destiny-sorrow\/#breadcrumb\"},\"inLanguage\":\"pt-PT\",\"potentialAction\":[{\"@type\":\"ReadAction\",\"target\":[\"https:\/\/caravanagrupoeditorial.com\/livros\/destiny-sorrow\/\"]}]},{\"@type\":\"ImageObject\",\"inLanguage\":\"pt-PT\",\"@id\":\"https:\/\/caravanagrupoeditorial.com\/livros\/destiny-sorrow\/#primaryimage\",\"url\":\"https:\/\/i0.wp.com\/caravanagrupoeditorial.com\/wp-content\/uploads\/2026\/03\/Destiny-Sorrow-Ayumi-Shimamoto-scaled.jpg?fit=2560%2C2560&ssl=1\",\"contentUrl\":\"https:\/\/i0.wp.com\/caravanagrupoeditorial.com\/wp-content\/uploads\/2026\/03\/Destiny-Sorrow-Ayumi-Shimamoto-scaled.jpg?fit=2560%2C2560&ssl=1\",\"width\":2560,\"height\":2560},{\"@type\":\"BreadcrumbList\",\"@id\":\"https:\/\/caravanagrupoeditorial.com\/livros\/destiny-sorrow\/#breadcrumb\",\"itemListElement\":[{\"@type\":\"ListItem\",\"position\":1,\"name\":\"In\u00edcio\",\"item\":\"https:\/\/caravanagrupoeditorial.com\/\"},{\"@type\":\"ListItem\",\"position\":2,\"name\":\"Shop\",\"item\":\"https:\/\/caravanagrupoeditorial.com\/shop\/\"},{\"@type\":\"ListItem\",\"position\":3,\"name\":\"Destiny Sorrow\"}]},{\"@type\":\"WebSite\",\"@id\":\"https:\/\/caravanagrupoeditorial.com\/#website\",\"url\":\"https:\/\/caravanagrupoeditorial.com\/\",\"name\":\"Caravana Grupo Editorial\",\"description\":\"\",\"publisher\":{\"@id\":\"https:\/\/caravanagrupoeditorial.com\/#organization\"},\"potentialAction\":[{\"@type\":\"SearchAction\",\"target\":{\"@type\":\"EntryPoint\",\"urlTemplate\":\"https:\/\/caravanagrupoeditorial.com\/?s={search_term_string}\"},\"query-input\":{\"@type\":\"PropertyValueSpecification\",\"valueRequired\":true,\"valueName\":\"search_term_string\"}}],\"inLanguage\":\"pt-PT\"},{\"@type\":\"Organization\",\"@id\":\"https:\/\/caravanagrupoeditorial.com\/#organization\",\"name\":\"Caravana Grupo Editorial\",\"url\":\"https:\/\/caravanagrupoeditorial.com\/\",\"logo\":{\"@type\":\"ImageObject\",\"inLanguage\":\"pt-PT\",\"@id\":\"https:\/\/caravanagrupoeditorial.com\/#\/schema\/logo\/image\/\",\"url\":\"https:\/\/caravanagrupoeditorial.com\/wp-content\/uploads\/2024\/02\/cropped-Logo_Caravana.png\",\"contentUrl\":\"https:\/\/caravanagrupoeditorial.com\/wp-content\/uploads\/2024\/02\/cropped-Logo_Caravana.png\",\"width\":512,\"height\":512,\"caption\":\"Caravana Grupo Editorial\"},\"image\":{\"@id\":\"https:\/\/caravanagrupoeditorial.com\/#\/schema\/logo\/image\/\"},\"sameAs\":[\"https:\/\/www.facebook.com\/caravanagrupoeditorial\",\"https:\/\/www.instagram.com\/caravanagrupoeditorial\/?hl=pt-br\",\"https:\/\/www.youtube.com\/channel\/UCdD-xosEkpHCeRn2nDLiXfQ\"]}]}<\/script>\n<!-- \/ Yoast SEO plugin. -->","yoast_head_json":{"title":"Destiny Sorrow - Caravana Grupo Editorial","robots":{"index":"index","follow":"follow","max-snippet":"max-snippet:-1","max-image-preview":"max-image-preview:large","max-video-preview":"max-video-preview:-1"},"canonical":"https:\/\/caravanagrupoeditorial.com\/pt\/livros\/destiny-sorrow\/","og_locale":"pt_PT","og_type":"article","og_title":"Destiny Sorrow - Caravana Grupo Editorial","og_description":"Desde a mais antiga mem\u00f3ria, a vida das pessoas \u00e9 regida por destinos entregues pelo Deus-Computador. A sociedade estabeleceu-se julgando os destinos de seus indiv\u00edduos, deixando a Ordem no topo","og_url":"https:\/\/caravanagrupoeditorial.com\/pt\/livros\/destiny-sorrow\/","og_site_name":"Caravana Grupo Editorial","article_publisher":"https:\/\/www.facebook.com\/caravanagrupoeditorial","article_modified_time":"2026-04-27T12:03:50+00:00","og_image":[{"width":2560,"height":2560,"url":"https:\/\/caravanagrupoeditorial.com\/wp-content\/uploads\/2026\/03\/Destiny-Sorrow-Ayumi-Shimamoto-scaled.jpg","type":"image\/jpeg"}],"twitter_card":"summary_large_image","twitter_misc":{"Tempo estimado de leitura":"1 minuto"},"schema":{"@context":"https:\/\/schema.org","@graph":[{"@type":"WebPage","@id":"https:\/\/caravanagrupoeditorial.com\/livros\/destiny-sorrow\/","url":"https:\/\/caravanagrupoeditorial.com\/livros\/destiny-sorrow\/","name":"Destiny Sorrow - Caravana Grupo Editorial","isPartOf":{"@id":"https:\/\/caravanagrupoeditorial.com\/#website"},"primaryImageOfPage":{"@id":"https:\/\/caravanagrupoeditorial.com\/livros\/destiny-sorrow\/#primaryimage"},"image":{"@id":"https:\/\/caravanagrupoeditorial.com\/livros\/destiny-sorrow\/#primaryimage"},"thumbnailUrl":"https:\/\/i0.wp.com\/caravanagrupoeditorial.com\/wp-content\/uploads\/2026\/03\/Destiny-Sorrow-Ayumi-Shimamoto-scaled.jpg?fit=2560%2C2560&ssl=1","datePublished":"2026-03-01T15:58:51+00:00","dateModified":"2026-04-27T12:03:50+00:00","breadcrumb":{"@id":"https:\/\/caravanagrupoeditorial.com\/livros\/destiny-sorrow\/#breadcrumb"},"inLanguage":"pt-PT","potentialAction":[{"@type":"ReadAction","target":["https:\/\/caravanagrupoeditorial.com\/livros\/destiny-sorrow\/"]}]},{"@type":"ImageObject","inLanguage":"pt-PT","@id":"https:\/\/caravanagrupoeditorial.com\/livros\/destiny-sorrow\/#primaryimage","url":"https:\/\/i0.wp.com\/caravanagrupoeditorial.com\/wp-content\/uploads\/2026\/03\/Destiny-Sorrow-Ayumi-Shimamoto-scaled.jpg?fit=2560%2C2560&ssl=1","contentUrl":"https:\/\/i0.wp.com\/caravanagrupoeditorial.com\/wp-content\/uploads\/2026\/03\/Destiny-Sorrow-Ayumi-Shimamoto-scaled.jpg?fit=2560%2C2560&ssl=1","width":2560,"height":2560},{"@type":"BreadcrumbList","@id":"https:\/\/caravanagrupoeditorial.com\/livros\/destiny-sorrow\/#breadcrumb","itemListElement":[{"@type":"ListItem","position":1,"name":"In\u00edcio","item":"https:\/\/caravanagrupoeditorial.com\/"},{"@type":"ListItem","position":2,"name":"Shop","item":"https:\/\/caravanagrupoeditorial.com\/shop\/"},{"@type":"ListItem","position":3,"name":"Destiny Sorrow"}]},{"@type":"WebSite","@id":"https:\/\/caravanagrupoeditorial.com\/#website","url":"https:\/\/caravanagrupoeditorial.com\/","name":"Cat\u00e1logo - Mercador Editorial","description":"","publisher":{"@id":"https:\/\/caravanagrupoeditorial.com\/#organization"},"potentialAction":[{"@type":"SearchAction","target":{"@type":"EntryPoint","urlTemplate":"https:\/\/caravanagrupoeditorial.com\/?s={search_term_string}"},"query-input":{"@type":"PropertyValueSpecification","valueRequired":true,"valueName":"search_term_string"}}],"inLanguage":"pt-PT"},{"@type":"Organization","@id":"https:\/\/caravanagrupoeditorial.com\/#organization","name":"Cat\u00e1logo - Mercador Editorial","url":"https:\/\/caravanagrupoeditorial.com\/","logo":{"@type":"ImageObject","inLanguage":"pt-PT","@id":"https:\/\/caravanagrupoeditorial.com\/#\/schema\/logo\/image\/","url":"https:\/\/caravanagrupoeditorial.com\/wp-content\/uploads\/2024\/02\/cropped-Logo_Caravana.png","contentUrl":"https:\/\/caravanagrupoeditorial.com\/wp-content\/uploads\/2024\/02\/cropped-Logo_Caravana.png","width":512,"height":512,"caption":"Caravana Grupo Editorial"},"image":{"@id":"https:\/\/caravanagrupoeditorial.com\/#\/schema\/logo\/image\/"},"sameAs":["https:\/\/www.facebook.com\/caravanagrupoeditorial","https:\/\/www.instagram.com\/caravanagrupoeditorial\/?hl=pt-br","https:\/\/www.youtube.com\/channel\/UCdD-xosEkpHCeRn2nDLiXfQ"]}]}},"jetpack_sharing_enabled":true,"brands":[{"id":20678,"name":"Red Graves","slug":"red-graves"}],"_links":{"self":[{"href":"https:\/\/caravanagrupoeditorial.com\/pt\/wp-json\/wp\/v2\/product\/101014","targetHints":{"allow":["GET"]}}],"collection":[{"href":"https:\/\/caravanagrupoeditorial.com\/pt\/wp-json\/wp\/v2\/product"}],"about":[{"href":"https:\/\/caravanagrupoeditorial.com\/pt\/wp-json\/wp\/v2\/types\/product"}],"replies":[{"embeddable":true,"href":"https:\/\/caravanagrupoeditorial.com\/pt\/wp-json\/wp\/v2\/comments?post=101014"}],"wp:featuredmedia":[{"embeddable":true,"href":"https:\/\/caravanagrupoeditorial.com\/pt\/wp-json\/wp\/v2\/media\/101016"}],"wp:attachment":[{"href":"https:\/\/caravanagrupoeditorial.com\/pt\/wp-json\/wp\/v2\/media?parent=101014"}],"wp:term":[{"taxonomy":"pwb-brand","embeddable":true,"href":"https:\/\/caravanagrupoeditorial.com\/pt\/wp-json\/wp\/v2\/pwb-brand?post=101014"},{"taxonomy":"product_brand","embeddable":true,"href":"https:\/\/caravanagrupoeditorial.com\/pt\/wp-json\/wp\/v2\/product_brand?post=101014"},{"taxonomy":"product_cat","embeddable":true,"href":"https:\/\/caravanagrupoeditorial.com\/pt\/wp-json\/wp\/v2\/product_cat?post=101014"},{"taxonomy":"product_tag","embeddable":true,"href":"https:\/\/caravanagrupoeditorial.com\/pt\/wp-json\/wp\/v2\/product_tag?post=101014"},{"taxonomy":"editora","embeddable":true,"href":"https:\/\/caravanagrupoeditorial.com\/pt\/wp-json\/wp\/v2\/editora?post=101014"}],"curies":[{"name":"wp","href":"https:\/\/api.w.org\/{rel}","templated":true}]}}