{"id":100563,"date":"2025-08-30T14:35:18","date_gmt":"2025-08-30T17:35:18","guid":{"rendered":"https:\/\/caravanagrupoeditorial.com\/?post_type=product&#038;p=100563"},"modified":"2026-02-24T20:16:59","modified_gmt":"2026-02-24T23:16:59","slug":"atras-da-escrita-ebook-formato-kindle","status":"publish","type":"product","link":"https:\/\/caravanagrupoeditorial.com\/pt\/livros\/atras-da-escrita-ebook-formato-kindle\/","title":{"rendered":"Atr\u00e1s da Escrita | Ebook formato kindle"},"content":{"rendered":"<p style=\"text-align: justify;\">Aten\u00e7\u00e3o: o escritor est\u00e1 nu! Em \u201cAtr\u00e1s da Escrita\u201d, FMR encena um striptease liter\u00e1rio valendo-se de raro despudor. Aqui fundamental para seu prop\u00f3sito maior: transportar os bastidores da vida liter\u00e1ria para o centro de um palco iluminado. Ou seria uma mesa de aut\u00f3psia? Pois \u00e9 com um sat\u00edrico bisturi que FMR disseca os s\u00f3rdidos pormenores do mundo editorial, seus escritores e leitores, festivais e editores, igrejinhas e medalh\u00f5es. O livro nos apresenta \u00e0 Luc\u00edlia, uma jovem e apaixonada leitora que vai a um festival para ouvir a consagrada autora Alexandra Matos Oliveira. A \u201cAutora-Salvadora\u201d logo ir\u00e1 surtar numa confer\u00eancia e, aos poucos, o festival liter\u00e1rio se transforma num neur\u00f3tico labirinto em areia movedi\u00e7a. Pelas m\u00e3os e olhos de Lucilia, tamb\u00e9m chegaremos a aventuras que envolvem um manuscrito proibido, escondido no stand de um tresloucado editor italiano. E mais n\u00e3o conto, para guardar segredo. Fugindo das armadilhas de uma literatura condicionada por demandas pol\u00edticas ou de mercado, FMR tira todos os fantasmas debaixo do tapete e inventa alguns novos. Estamos entre adultos aqui: n\u00e3o h\u00e1 inten\u00e7\u00f5es bonitinhas nesse corajoso livro. FMR n\u00e3o est\u00e1 preocupado em sair bem na foto para a posteridade, com mais um texto daqueles cheios de boas inten\u00e7\u00f5es e certezas morais. Ao contr\u00e1rio: seu olhar corrosivo reafirma a literatura como uma m\u00e1quina de perguntas. A \u00fanica coisa, talvez, que ela \u201cdeva\u201d ser.<\/p>\n<p><strong>JP Cuenca<\/strong><\/p>\n<p>Este romance de estreia apresenta-nos um escritor cujo engenho consiste, entre o mais, em saber falar das coisas por dentro falando delas por fora, e em saber falar das coisas por fora falando delas por dentro. Festivais liter\u00e1rios, mercados editoriais e crises de inspira\u00e7\u00e3o s\u00e3o temas normalmente entendidos como estando do lado de fora dos livros, sobretudo quando comparados com quest\u00f5es sem\u00e2nticas, estruturas narrativas e digress\u00f5es sobre Hor\u00e1cio, estas do lado de dentro. Francisco Mouta Rubio prop\u00f4s-se a escrever, de uma vez, uma fic\u00e7\u00e3o sobre todas essas coisas a partir de todos os \u00e2ngulos, deixando-nos, sobre si, a seguinte pergunta: \u00e9 um leitor que a sua gera\u00e7\u00e3o ganhou, ou um escritor que \u00e0 partida se perdeu? A melhor fuga a esta pergunta encontra-se, por enquanto, no seguinte excerto:<br \/>\n\u00abO romance \u00e9 o lugar para todas as f\u00f3rmulas imaginativas e para se abordar quantas coisas diferentes, mas \u00e9 t\u00edpico dos principiantes quererem enfiar todas as ideias e frases dentro do seu primeiro texto. Para al\u00e9m disso, saiba que ningu\u00e9m vence a escrita num primeiro romance\u00bb.<br \/>\n\u00c9 que as melhores fugas a perguntas s\u00e3o aquelas que acertadamente concluem que a resposta \u00e9 para depois. E Mouta Rubio est\u00e1 consciente disso, o que \u00e9 sem d\u00favida um bom come\u00e7o. Saber olhar para dentro a partir de fora e para fora a partir de dentro \u00e9 sem d\u00favida um bom come\u00e7o.<\/p>\n<p><strong>Guilherme P. Henriques<\/strong>, <i>cr\u00edtico liter\u00e1rio<\/i><\/p>\n<p>Agora \u00e9 que \u00e9<\/p>\n<p>Fico sempre admirado, e um pouco aflito, quando encontro algu\u00e9m disposto a subir e a descer \u2014 porque a fic\u00e7\u00e3o \u00e9 uma escada entre o fresco C\u00e9u e as lavas do Dem\u00f3nio \u2014 o caminho da literatura, as noites sem dormir, o trabalho diurno noutra coisa, os medos disto tudo. Passei por isso e passo por isso a toda a hora. Mais surpreendido fico quando me surge uma pessoa que conheci sem tais problemas e me aparece com eles na m\u00e3o, acabados de acontecer. O FMR foi meu aluno na p\u00f3s-gradua\u00e7\u00e3o Arte da Cr\u00f3nica, na FCSH, e destacou-se pela observa\u00e7\u00e3o das coisas e pessoas \u00e0 sua volta, desenvolvendo uma veia c\u00f3mica e sat\u00edrica. Tal pedia a aten\u00e7\u00e3o de quem acredita, como eu, que o humor \u00e9 aprofundar, n\u00e3o \u00e9 aligeirar. Repito-me muito e agora repito o pobre Arist\u00f3teles que decerto disse \u201ca trag\u00e9dia e a com\u00e9dia escrevem-se com as mesmas letras do alfabeto\u201d (ou \u201ccom as letras do mesmo alfabeto\u201d) menos vezes do que eu o cito.<br \/>\nTemos ent\u00e3o aqui os resultados posteriores: uma s\u00e1tira ao mundo das feiras liter\u00e1rias, universo em expans\u00e3o que puxa \u2014 por for\u00e7as grav\u00edticas \u2014 na direc\u00e7\u00e3o de s\u00f3is que luzem e de buracos negros que engolem.<br \/>\nPonho o pr\u00f3prio autor a fazer a apresenta\u00e7\u00e3o dos esp\u00e9cimes, a taxinomia dos bichos que v\u00e3o \u00e0s feiras do livro. Por exemplo, os leitores:<br \/>\n\u201cGente em vias de extin\u00e7\u00e3o que, ao inv\u00e9s de trabalharem mais e contribu\u00edrem para a economia nacional, ao inv\u00e9s de terem vontade de rentabilizar cada esfor\u00e7o ou de trabalhar mais doze horas para ajudar o patr\u00e3o, preferem a moeda mais rara do nosso tempo, talvez a menos desejada e em vias de extin\u00e7\u00e3o, essa mesma, o \u00f3cio. Estes pregui\u00e7osos hedonistas, vulgo leitores, assombrados pelo prazer de pensar e reflectir insistem em afrontar a economia produtiva com tempos mortos e vazios entre p\u00e1ginas desaceleradas. Os leitores ociosos s\u00e3o considerados pela maioria leitores odiosos, pois se o tempo n\u00e3o ocupado pelo trabalho serve para o colocar em causa, ent\u00e3o este leitor ocioso torna-se um perigo real para a sociedade que trabalha e se escusa a aprofundar os temas que evita. Procuradores de t\u00e9dio que ao entrarem numa livraria dizem numa voz interior bem alta e reconhec\u00edvel pelo olhar, Aqui vou eu desgra\u00e7ar a minha carteirinha mais uma vez.\u201d<br \/>\nH\u00e1 pouco eu at\u00e9 estava a ser simp\u00e1tico com o carrocel dos livros, mas o FMR apanha bem o que pode ser descrito como um pesadelo de festival liter\u00e1rio, as suas manias e os seus manientos:<br \/>\n\u201cDesembocam excurs\u00f5es tur\u00edsticas oferecendo passeios pitorescos entre contracapas e badanas, recorda-se com carinho os autores bons, os autores mortos, e os que recusaram galard\u00f5es, esses her\u00f3is de capa ao contr\u00e1rio. Todos Santos-Autores. Merecem, insistem, pelo menos, uma condecora\u00e7\u00e3o liter\u00e1ria. \u00c9 por esta altura, que os cr\u00edticos cr\u00edpticos, os melhores pensadores entre os melhores, pagos para serem escutados por centenas de almas empobrecidas, sempre t\u00e3o \u00e1cidos, sagazes mas incapazes de aceitarem a cr\u00edtica em ricochete, ganham protagonismo e santificam os seus malditos, que devem, s\u00f3 podem, ser desconhecidos. \u00c9 assim todos os anos. Os escritores malditos s\u00e3o os excrementos que restam dos despojos comerciais desta feira, nomes apagados de hist\u00f3ria comercial, pela sua verve autodestrutiva, pelo prazer de cuspir no c\u00e2none que os rejeita, e afrontar o imoral, pela inclina\u00e7\u00e3o para o confronto total com a burguesia e com os costumes da sua \u00e9poca.\u201d<br \/>\nE como vemos aqui um satirista preocupado (o FMR), agora uma breve observa\u00e7\u00e3o desde o lado que o autor agora escolheu: o do escritor.<br \/>\n\u201cO paciente leitor, a Luc\u00edlia e todos os presentes nesta sala de palestras do Festival Liter\u00e1rio 16 de Junho perguntar\u00e3o agora porque raio Adolfo Alves Oliveira e toda esta gente necessita sempre de tr\u00eas nomes? Nada mais simples, meus caros: no meio editorial, se possu\u00edrem um apelido sui generis como Pessoa, Pessanha, Brand\u00e3o ou at\u00e9 Spatha, n\u00e3o necessitar\u00e3o de qualquer suplemento em forma de terceiro apelido para se manterem no ouvido de um destes atarefados agentes liter\u00e1rios. Agora, se um desses apelidos comuns, isto \u00e9, de mero plebeu, for a \u00fanica forma que temos para mostrar, a vida ser\u00e1 mais complicada, pelo que devemos usar tudo o que temos e n\u00e3o temos, isto \u00e9: tr\u00eas nomes. \u00c9 que a mem\u00f3ria dos leitores tem mais onde ser gasta do que a relembrar quem \u00e9 o Ant\u00f3nio Antunes, o Rui Martins ou o Jos\u00e9 Peixoto.\u201d<br \/>\nTudo bem, tudo bem, e agora a ferroada:<br \/>\n\u201cOs escritores, como o leitor sabe, s\u00e3o seres puramente intelectuais, almas suprahumanas que apenas se martirizam com as grandes quest\u00f5es e as preocupa\u00e7\u00f5es est\u00e9ticas enquanto se afogam no seu eterno agora para conseguir produzir a melhor obra poss\u00edvel para si, devoto leitor. \u201c<br \/>\nMas o que fez ent\u00e3o correr o FMR para este mundo perdido? No fim, sem spoilers, espero eu, est\u00e1 a coragem, o risco e:<br \/>\n\u201cA paix\u00e3o pela falta de mem\u00f3ria e pela oportunidade perdida de dizer o que queria e deveria ter dito \u00e9 abra\u00e7ada aqui mesmo: no livro e no escrever. Atr\u00e1s da Escrita \u00e9 a hist\u00f3ria mais complexa que j\u00e1 escrevi. N\u00e3o sei sobre o que \u00e9, a que responde ou o que cont\u00e9m mas tanto de mim est\u00e1 aqui.\u201d<br \/>\nBem, caro FMR, um primeiro romance \u00e9 o princ\u00edpio. Boa sorte.<\/p>\n<p><strong>Rui Martins<\/strong> <i>(e um Cardoso no meio)<\/i><\/p>","protected":false},"excerpt":{"rendered":"<p>Aten\u00e7\u00e3o: o escritor est\u00e1 nu! Em \u201cAtr\u00e1s da Escrita\u201d, FMR encena um striptease liter\u00e1rio valendo-se de raro despudor. Aqui fundamental para seu prop\u00f3sito maior: transportar os bastidores da vida liter\u00e1ria<\/p>","protected":false},"featured_media":100564,"comment_status":"open","ping_status":"closed","template":"","meta":{"_acf_changed":false,"jetpack_post_was_ever_published":true,"_joinchat":[]},"pwb-brand":[20091],"product_brand":[],"product_cat":[20647,49,20646,173],"product_tag":[136,835,137,23],"editora":[20601,20604],"class_list":{"0":"post-100563","1":"product","2":"type-product","3":"status-publish","4":"has-post-thumbnail","6":"pwb-brand-fmr","7":"product_cat-caravana","8":"product_cat-e-book","9":"product_cat-mercador","10":"product_cat-romance","11":"product_tag-caravana","12":"product_tag-caravanagrupoeditorial","13":"product_tag-editoraindependente","14":"product_tag-literatura","15":"product_shipping_class-livraria-caravana","16":"editora-caravana","17":"editora-mercador","19":"first","20":"instock","21":"shipping-taxable","22":"product-type-external"},"acf":[],"yoast_head":"<!-- This site is optimized with the Yoast SEO plugin v27.2 - https:\/\/yoast.com\/product\/yoast-seo-wordpress\/ -->\n<title>Atr\u00e1s da Escrita | Ebook formato kindle - Caravana Grupo Editorial<\/title>\n<meta name=\"robots\" content=\"index, follow, max-snippet:-1, max-image-preview:large, max-video-preview:-1\" \/>\n<link rel=\"canonical\" href=\"https:\/\/caravanagrupoeditorial.com\/pt\/livros\/atras-da-escrita-ebook-formato-kindle\/\" \/>\n<meta property=\"og:locale\" content=\"pt_PT\" \/>\n<meta property=\"og:type\" content=\"article\" \/>\n<meta property=\"og:title\" content=\"Atr\u00e1s da Escrita | Ebook formato kindle - Caravana Grupo Editorial\" \/>\n<meta property=\"og:description\" content=\"Aten\u00e7\u00e3o: o escritor est\u00e1 nu! Em \u201cAtr\u00e1s da Escrita\u201d, FMR encena um striptease liter\u00e1rio valendo-se de raro despudor. Aqui fundamental para seu prop\u00f3sito maior: transportar os bastidores da vida liter\u00e1ria\" \/>\n<meta property=\"og:url\" content=\"https:\/\/caravanagrupoeditorial.com\/pt\/livros\/atras-da-escrita-ebook-formato-kindle\/\" \/>\n<meta property=\"og:site_name\" content=\"Caravana Grupo Editorial\" \/>\n<meta property=\"article:publisher\" content=\"https:\/\/www.facebook.com\/caravanagrupoeditorial\" \/>\n<meta property=\"article:modified_time\" content=\"2026-02-24T23:16:59+00:00\" \/>\n<meta property=\"og:image\" content=\"https:\/\/i0.wp.com\/caravanagrupoeditorial.com\/wp-content\/uploads\/2026\/02\/mockup-ebook-caravana-3-300x300-1.webp?fit=300%2C300&ssl=1\" \/>\n\t<meta property=\"og:image:width\" content=\"300\" \/>\n\t<meta property=\"og:image:height\" content=\"300\" \/>\n\t<meta property=\"og:image:type\" content=\"image\/webp\" \/>\n<meta name=\"twitter:card\" content=\"summary_large_image\" \/>\n<meta name=\"twitter:label1\" content=\"Tempo estimado de leitura\" \/>\n\t<meta name=\"twitter:data1\" content=\"8 minutos\" \/>\n<script type=\"application\/ld+json\" class=\"yoast-schema-graph\">{\"@context\":\"https:\/\/schema.org\",\"@graph\":[{\"@type\":\"WebPage\",\"@id\":\"https:\/\/caravanagrupoeditorial.com\/livros\/atras-da-escrita-ebook-formato-kindle\/\",\"url\":\"https:\/\/caravanagrupoeditorial.com\/livros\/atras-da-escrita-ebook-formato-kindle\/\",\"name\":\"Atr\u00e1s da Escrita | Ebook formato kindle - Caravana Grupo Editorial\",\"isPartOf\":{\"@id\":\"https:\/\/caravanagrupoeditorial.com\/#website\"},\"primaryImageOfPage\":{\"@id\":\"https:\/\/caravanagrupoeditorial.com\/livros\/atras-da-escrita-ebook-formato-kindle\/#primaryimage\"},\"image\":{\"@id\":\"https:\/\/caravanagrupoeditorial.com\/livros\/atras-da-escrita-ebook-formato-kindle\/#primaryimage\"},\"thumbnailUrl\":\"https:\/\/i0.wp.com\/caravanagrupoeditorial.com\/wp-content\/uploads\/2026\/02\/mockup-ebook-caravana-3-300x300-1.webp?fit=300%2C300&ssl=1\",\"datePublished\":\"2025-08-30T17:35:18+00:00\",\"dateModified\":\"2026-02-24T23:16:59+00:00\",\"breadcrumb\":{\"@id\":\"https:\/\/caravanagrupoeditorial.com\/livros\/atras-da-escrita-ebook-formato-kindle\/#breadcrumb\"},\"inLanguage\":\"pt-PT\",\"potentialAction\":[{\"@type\":\"ReadAction\",\"target\":[\"https:\/\/caravanagrupoeditorial.com\/livros\/atras-da-escrita-ebook-formato-kindle\/\"]}]},{\"@type\":\"ImageObject\",\"inLanguage\":\"pt-PT\",\"@id\":\"https:\/\/caravanagrupoeditorial.com\/livros\/atras-da-escrita-ebook-formato-kindle\/#primaryimage\",\"url\":\"https:\/\/i0.wp.com\/caravanagrupoeditorial.com\/wp-content\/uploads\/2026\/02\/mockup-ebook-caravana-3-300x300-1.webp?fit=300%2C300&ssl=1\",\"contentUrl\":\"https:\/\/i0.wp.com\/caravanagrupoeditorial.com\/wp-content\/uploads\/2026\/02\/mockup-ebook-caravana-3-300x300-1.webp?fit=300%2C300&ssl=1\",\"width\":300,\"height\":300},{\"@type\":\"BreadcrumbList\",\"@id\":\"https:\/\/caravanagrupoeditorial.com\/livros\/atras-da-escrita-ebook-formato-kindle\/#breadcrumb\",\"itemListElement\":[{\"@type\":\"ListItem\",\"position\":1,\"name\":\"In\u00edcio\",\"item\":\"https:\/\/caravanagrupoeditorial.com\/\"},{\"@type\":\"ListItem\",\"position\":2,\"name\":\"Shop\",\"item\":\"https:\/\/caravanagrupoeditorial.com\/shop\/\"},{\"@type\":\"ListItem\",\"position\":3,\"name\":\"Atr\u00e1s da Escrita | Ebook formato kindle\"}]},{\"@type\":\"WebSite\",\"@id\":\"https:\/\/caravanagrupoeditorial.com\/#website\",\"url\":\"https:\/\/caravanagrupoeditorial.com\/\",\"name\":\"Caravana Grupo Editorial\",\"description\":\"\",\"publisher\":{\"@id\":\"https:\/\/caravanagrupoeditorial.com\/#organization\"},\"potentialAction\":[{\"@type\":\"SearchAction\",\"target\":{\"@type\":\"EntryPoint\",\"urlTemplate\":\"https:\/\/caravanagrupoeditorial.com\/?s={search_term_string}\"},\"query-input\":{\"@type\":\"PropertyValueSpecification\",\"valueRequired\":true,\"valueName\":\"search_term_string\"}}],\"inLanguage\":\"pt-PT\"},{\"@type\":\"Organization\",\"@id\":\"https:\/\/caravanagrupoeditorial.com\/#organization\",\"name\":\"Caravana Grupo Editorial\",\"url\":\"https:\/\/caravanagrupoeditorial.com\/\",\"logo\":{\"@type\":\"ImageObject\",\"inLanguage\":\"pt-PT\",\"@id\":\"https:\/\/caravanagrupoeditorial.com\/#\/schema\/logo\/image\/\",\"url\":\"https:\/\/caravanagrupoeditorial.com\/wp-content\/uploads\/2024\/02\/cropped-Logo_Caravana.png\",\"contentUrl\":\"https:\/\/caravanagrupoeditorial.com\/wp-content\/uploads\/2024\/02\/cropped-Logo_Caravana.png\",\"width\":512,\"height\":512,\"caption\":\"Caravana Grupo Editorial\"},\"image\":{\"@id\":\"https:\/\/caravanagrupoeditorial.com\/#\/schema\/logo\/image\/\"},\"sameAs\":[\"https:\/\/www.facebook.com\/caravanagrupoeditorial\",\"https:\/\/www.instagram.com\/caravanagrupoeditorial\/?hl=pt-br\",\"https:\/\/www.youtube.com\/channel\/UCdD-xosEkpHCeRn2nDLiXfQ\"]}]}<\/script>\n<!-- \/ Yoast SEO plugin. -->","yoast_head_json":{"title":"Atr\u00e1s da Escrita | Ebook formato kindle - Caravana Grupo Editorial","robots":{"index":"index","follow":"follow","max-snippet":"max-snippet:-1","max-image-preview":"max-image-preview:large","max-video-preview":"max-video-preview:-1"},"canonical":"https:\/\/caravanagrupoeditorial.com\/pt\/livros\/atras-da-escrita-ebook-formato-kindle\/","og_locale":"pt_PT","og_type":"article","og_title":"Atr\u00e1s da Escrita | Ebook formato kindle - Caravana Grupo Editorial","og_description":"Aten\u00e7\u00e3o: o escritor est\u00e1 nu! Em \u201cAtr\u00e1s da Escrita\u201d, FMR encena um striptease liter\u00e1rio valendo-se de raro despudor. Aqui fundamental para seu prop\u00f3sito maior: transportar os bastidores da vida liter\u00e1ria","og_url":"https:\/\/caravanagrupoeditorial.com\/pt\/livros\/atras-da-escrita-ebook-formato-kindle\/","og_site_name":"Caravana Grupo Editorial","article_publisher":"https:\/\/www.facebook.com\/caravanagrupoeditorial","article_modified_time":"2026-02-24T23:16:59+00:00","og_image":[{"width":300,"height":300,"url":"https:\/\/i0.wp.com\/caravanagrupoeditorial.com\/wp-content\/uploads\/2026\/02\/mockup-ebook-caravana-3-300x300-1.webp?fit=300%2C300&ssl=1","type":"image\/webp"}],"twitter_card":"summary_large_image","twitter_misc":{"Tempo estimado de leitura":"8 minutos"},"schema":{"@context":"https:\/\/schema.org","@graph":[{"@type":"WebPage","@id":"https:\/\/caravanagrupoeditorial.com\/livros\/atras-da-escrita-ebook-formato-kindle\/","url":"https:\/\/caravanagrupoeditorial.com\/livros\/atras-da-escrita-ebook-formato-kindle\/","name":"Atr\u00e1s da Escrita | Ebook formato kindle - Caravana Grupo Editorial","isPartOf":{"@id":"https:\/\/caravanagrupoeditorial.com\/#website"},"primaryImageOfPage":{"@id":"https:\/\/caravanagrupoeditorial.com\/livros\/atras-da-escrita-ebook-formato-kindle\/#primaryimage"},"image":{"@id":"https:\/\/caravanagrupoeditorial.com\/livros\/atras-da-escrita-ebook-formato-kindle\/#primaryimage"},"thumbnailUrl":"https:\/\/i0.wp.com\/caravanagrupoeditorial.com\/wp-content\/uploads\/2026\/02\/mockup-ebook-caravana-3-300x300-1.webp?fit=300%2C300&ssl=1","datePublished":"2025-08-30T17:35:18+00:00","dateModified":"2026-02-24T23:16:59+00:00","breadcrumb":{"@id":"https:\/\/caravanagrupoeditorial.com\/livros\/atras-da-escrita-ebook-formato-kindle\/#breadcrumb"},"inLanguage":"pt-PT","potentialAction":[{"@type":"ReadAction","target":["https:\/\/caravanagrupoeditorial.com\/livros\/atras-da-escrita-ebook-formato-kindle\/"]}]},{"@type":"ImageObject","inLanguage":"pt-PT","@id":"https:\/\/caravanagrupoeditorial.com\/livros\/atras-da-escrita-ebook-formato-kindle\/#primaryimage","url":"https:\/\/i0.wp.com\/caravanagrupoeditorial.com\/wp-content\/uploads\/2026\/02\/mockup-ebook-caravana-3-300x300-1.webp?fit=300%2C300&ssl=1","contentUrl":"https:\/\/i0.wp.com\/caravanagrupoeditorial.com\/wp-content\/uploads\/2026\/02\/mockup-ebook-caravana-3-300x300-1.webp?fit=300%2C300&ssl=1","width":300,"height":300},{"@type":"BreadcrumbList","@id":"https:\/\/caravanagrupoeditorial.com\/livros\/atras-da-escrita-ebook-formato-kindle\/#breadcrumb","itemListElement":[{"@type":"ListItem","position":1,"name":"In\u00edcio","item":"https:\/\/caravanagrupoeditorial.com\/"},{"@type":"ListItem","position":2,"name":"Shop","item":"https:\/\/caravanagrupoeditorial.com\/shop\/"},{"@type":"ListItem","position":3,"name":"Atr\u00e1s da Escrita | Ebook formato kindle"}]},{"@type":"WebSite","@id":"https:\/\/caravanagrupoeditorial.com\/#website","url":"https:\/\/caravanagrupoeditorial.com\/","name":"Cat\u00e1logo - Mercador Editorial","description":"","publisher":{"@id":"https:\/\/caravanagrupoeditorial.com\/#organization"},"potentialAction":[{"@type":"SearchAction","target":{"@type":"EntryPoint","urlTemplate":"https:\/\/caravanagrupoeditorial.com\/?s={search_term_string}"},"query-input":{"@type":"PropertyValueSpecification","valueRequired":true,"valueName":"search_term_string"}}],"inLanguage":"pt-PT"},{"@type":"Organization","@id":"https:\/\/caravanagrupoeditorial.com\/#organization","name":"Cat\u00e1logo - Mercador Editorial","url":"https:\/\/caravanagrupoeditorial.com\/","logo":{"@type":"ImageObject","inLanguage":"pt-PT","@id":"https:\/\/caravanagrupoeditorial.com\/#\/schema\/logo\/image\/","url":"https:\/\/caravanagrupoeditorial.com\/wp-content\/uploads\/2024\/02\/cropped-Logo_Caravana.png","contentUrl":"https:\/\/caravanagrupoeditorial.com\/wp-content\/uploads\/2024\/02\/cropped-Logo_Caravana.png","width":512,"height":512,"caption":"Caravana Grupo Editorial"},"image":{"@id":"https:\/\/caravanagrupoeditorial.com\/#\/schema\/logo\/image\/"},"sameAs":["https:\/\/www.facebook.com\/caravanagrupoeditorial","https:\/\/www.instagram.com\/caravanagrupoeditorial\/?hl=pt-br","https:\/\/www.youtube.com\/channel\/UCdD-xosEkpHCeRn2nDLiXfQ"]}]}},"jetpack_sharing_enabled":true,"brands":[{"id":20091,"name":"FMR","slug":"fmr"}],"_links":{"self":[{"href":"https:\/\/caravanagrupoeditorial.com\/pt\/wp-json\/wp\/v2\/product\/100563","targetHints":{"allow":["GET"]}}],"collection":[{"href":"https:\/\/caravanagrupoeditorial.com\/pt\/wp-json\/wp\/v2\/product"}],"about":[{"href":"https:\/\/caravanagrupoeditorial.com\/pt\/wp-json\/wp\/v2\/types\/product"}],"replies":[{"embeddable":true,"href":"https:\/\/caravanagrupoeditorial.com\/pt\/wp-json\/wp\/v2\/comments?post=100563"}],"wp:featuredmedia":[{"embeddable":true,"href":"https:\/\/caravanagrupoeditorial.com\/pt\/wp-json\/wp\/v2\/media\/100564"}],"wp:attachment":[{"href":"https:\/\/caravanagrupoeditorial.com\/pt\/wp-json\/wp\/v2\/media?parent=100563"}],"wp:term":[{"taxonomy":"pwb-brand","embeddable":true,"href":"https:\/\/caravanagrupoeditorial.com\/pt\/wp-json\/wp\/v2\/pwb-brand?post=100563"},{"taxonomy":"product_brand","embeddable":true,"href":"https:\/\/caravanagrupoeditorial.com\/pt\/wp-json\/wp\/v2\/product_brand?post=100563"},{"taxonomy":"product_cat","embeddable":true,"href":"https:\/\/caravanagrupoeditorial.com\/pt\/wp-json\/wp\/v2\/product_cat?post=100563"},{"taxonomy":"product_tag","embeddable":true,"href":"https:\/\/caravanagrupoeditorial.com\/pt\/wp-json\/wp\/v2\/product_tag?post=100563"},{"taxonomy":"editora","embeddable":true,"href":"https:\/\/caravanagrupoeditorial.com\/pt\/wp-json\/wp\/v2\/editora?post=100563"}],"curies":[{"name":"wp","href":"https:\/\/api.w.org\/{rel}","templated":true}]}}