{"id":515,"date":"2020-08-05T14:53:51","date_gmt":"2020-08-05T14:53:51","guid":{"rendered":"https:\/\/caravanagrupoeditorial.com\/?page_id=515"},"modified":"2026-02-06T00:22:19","modified_gmt":"2026-02-06T03:22:19","slug":"biblioteca-maria-jose-de-queiros","status":"publish","type":"page","link":"https:\/\/caravanagrupoeditorial.com\/pt\/biblioteca-maria-jose-de-queiros\/","title":{"rendered":"Biblioteca Maria Jos\u00e9 de Queiroz <i>(in memoriam)<\/i>"},"content":{"rendered":"<h1 style=\"text-align: center;\">Biografia<\/h1>\n<p style=\"text-align: justify;\">Aos 26 anos, Maria Jos\u00e9 de Queiroz tornou-se a mais jovem professora catedr\u00e1tica do pa\u00eds e, por concurso, sucedeu o professor Eduardo Frieiro na Faculdade de Letras da Universidade Federal de Minas Gerais, onde lecionou Literatura Hispano-Americana. Doutorou-se em Letras Neolatinas pela mesma institui\u00e7\u00e3o. Viveu uma longa e importante carreira como Visiting Professor em universidades da Europa e dos Estados Unidos, na Sorbonne, Lille, Bordeaux, Aix-en-Provence, Bonn, Col\u00f4nia, Indiana, Harvard e Berkeley. Desde 1953, colaborou em jornais de Minas Gerais e escreveu para mais de uma d\u00fazia de peri\u00f3dicos, inclusive o franc\u00eas Le Monde. Em 1961, publicou o primeiro de seus onze ensaios sobre literatura e, em 1973, estreou como ficcionista. Foi Membro da Academia Mineira de Letras (Cadeira 40, Patrono: Visconde de Caet\u00e9 (1766-1838)). Em 2019, a Academia Mineira de Letras fez homenagem aos seus 50 anos como acad\u00eamica, sendo a primeira mulher empossada na institui\u00e7\u00e3o. Para a ocasi\u00e3o, que aconteceu no dia 20 de novembro de 2019, lan\u00e7amos o romance in\u00e9dito Terra inc\u00f3gnita, assim como a edi\u00e7\u00e3o revista e atualizada de A literatura encarcerada. Dela, tamb\u00e9m publicamos Amor cruel, amor vingador, livro de narrativas breves, Desde longe, ambos em 2021, e Como me contaram: f\u00e1bulas historiais volume II, em 2024, todos sob a coordena\u00e7\u00e3o da professora Lyslei Nascimento, do departamento de letras da UFMG.<\/p>\n<p><em>Faleceu em 15 de novembro de 2023, deixando uma imenso legado para a literatura em l\u00edngua portuguesa.<\/em><\/p>\n<p style=\"text-align: center;\"><img data-recalc-dims=\"1\" loading=\"lazy\" decoding=\"async\" src=\"https:\/\/i0.wp.com\/caravanagrupoeditorial.com\/wp-content\/uploads\/2020\/08\/Maria_Jose-_de_Queiroz-1-.jpg?resize=285%2C214&#038;ssl=1\" alt=\"\" width=\"285\" height=\"214\" \/><\/p>\n<p><\/p>\t\t\n\t\t\t\t\t<section>\n\t\t\t\t\t\t\t<header>\n\t\t\t\t\t<h2>Not\u00edcias<\/h2>\n\t\t\t\t<\/header>\n\t\t\t\t\t\t\t\t\t<a href=\"https:\/\/caravanagrupoeditorial.com\/pt\/morre-aos-89-anos-a-escritora-mineira-maria-jose-de-queiroz\/\">\n\t\t\t\t\t\t\t\t\t\t<img data-recalc-dims=\"1\" decoding=\"async\" src=\"https:\/\/i0.wp.com\/caravanagrupoeditorial.com\/wp-content\/uploads\/2023\/11\/1_maria_jose-32237083.jpg?w=1170&#038;ssl=1\" alt=\"Post Image\" style=\"height285px;object-fit: cover;\">\n\t\t\t\t\t\t\t\t\t<\/a>\n\t\t\t\t\t\t\t\t\t\t\t\t\t\t\t\t\t\t\t\t\t\t\t\t\t\t\t<a href=\"https:\/\/caravanagrupoeditorial.com\/pt\/category\/maria-jose-de-queiroz\/\">Maria Jos\u00e9 de Queiroz<\/a>\n\t\t\t\t\t\t\t\t\t\t\t\t\t\t\t\t\t\t\t\t\t\t\t\t\t\t\t\t\t\t\t\t\t\t\t<h4 style=\"font-size:20px;\">\n\t\t\t\t\t\t\t\t\t<a href=\"https:\/\/caravanagrupoeditorial.com\/pt\/morre-aos-89-anos-a-escritora-mineira-maria-jose-de-queiroz\/\">Morre, aos 89 anos, a escritora mineira Maria Jos\u00e9 de Queiroz<\/a>\n\t\t\t\t\t\t\t\t<\/h4>\n\t\t\t\t\t<\/section>\t\t\t\t\n\t\t\t\t\t<h2>Obras publicadas pela Caravana<\/h2>\t\t\t\t\n\t\t\t\t\t<section >\n    <h2>Products Grid<\/h2>\n        <ul>\n                        <li><a href=\"#\">Obras publicadas pela Caravana<\/a><\/li>\n                        <li><a href=\"https:\/\/caravanagrupoeditorial.com\/pt\/categoria-produto\/formato\/\">Formato<\/a><\/li>\n        <\/ul>\n            <ul>\n                        <\/ul>\n<\/section>\n\t\t\t\t\t<h2>Galeria<\/h2>\t\t\t\t\t\t\t\n\t\t\t<figure class='gallery-item'>\n\t\t\t\t<a data-elementor-open-lightbox=\"yes\" data-elementor-lightbox-slideshow=\"7ee39df\" data-elementor-lightbox-title=\"MJQ\" data-e-action-hash=\"#elementor-action%3Aaction%3Dlightbox%26settings%3DeyJpZCI6NDQ1NSwidXJsIjoiaHR0cHM6XC9cL2NhcmF2YW5hZ3J1cG9lZGl0b3JpYWwuY29tXC93cC1jb250ZW50XC91cGxvYWRzXC8yMDIxXC8wNFwvTUpRLmpwZWciLCJzbGlkZXNob3ciOiI3ZWUzOWRmIn0%3D\" href=\"https:\/\/i0.wp.com\/caravanagrupoeditorial.com\/wp-content\/uploads\/2021\/04\/MJQ.jpeg?ssl=1\"><img data-recalc-dims=\"1\" loading=\"lazy\" width=\"247\" height=\"296\" src=\"https:\/\/i0.wp.com\/caravanagrupoeditorial.com\/wp-content\/uploads\/2021\/04\/MJQ.jpeg?resize=247%2C296&#038;ssl=1\" alt=\"\" aria-describedby=\"gallery-1-4455\" decoding=\"async\" \/><\/a>\n\t\t\t\t<figcaption class='wp-caption-text gallery-caption' id='gallery-1-4455'>\n\t\t\t\tFotografia: Lyslei Nascimento, Rio de Janeiro, 2017\n\t\t\t\t<\/figcaption><\/figure>\n<div class=\"epyt-video-wrapper\"><div  id=\"_ytid_89675\"  width=\"1020\" height=\"573\"  data-origwidth=\"1020\" data-origheight=\"573\" data-facadesrc=\"https:\/\/www.youtube.com\/embed\/cQ2b3A7JSVU?enablejsapi=1&#038;autoplay=0&#038;cc_load_policy=0&#038;cc_lang_pref=&#038;iv_load_policy=1&#038;loop=0&#038;rel=0&#038;fs=1&#038;playsinline=0&#038;autohide=2&#038;theme=dark&#038;color=red&#038;controls=1&#038;disablekb=0&#038;\" class=\"__youtube_prefs__ epyt-facade epyt-is-override  no-lazyload\" data-epautoplay=\"1\" ><img data-recalc-dims=\"1\" decoding=\"async\" data-spai-excluded=\"true\" class=\"epyt-facade-poster skip-lazy\" loading=\"lazy\"  alt=\"YouTube player\"  src=\"https:\/\/i0.wp.com\/i.ytimg.com\/vi\/cQ2b3A7JSVU\/maxresdefault.jpg?w=1170&#038;ssl=1\"  \/><button class=\"epyt-facade-play\" aria-label=\"Play\"><svg data-no-lazy=\"1\" height=\"100%\" version=\"1.1\" viewbox=\"0 0 68 48\" width=\"100%\"><path class=\"ytp-large-play-button-bg\" d=\"M66.52,7.74c-0.78-2.93-2.49-5.41-5.42-6.19C55.79,.13,34,0,34,0S12.21,.13,6.9,1.55 C3.97,2.33,2.27,4.81,1.48,7.74C0.06,13.05,0,24,0,24s0.06,10.95,1.48,16.26c0.78,2.93,2.49,5.41,5.42,6.19 C12.21,47.87,34,48,34,48s21.79-0.13,27.1-1.55c2.93-0.78,4.64-3.26,5.42-6.19C67.94,34.95,68,24,68,24S67.94,13.05,66.52,7.74z\" fill=\"#f00\"><\/path><path d=\"M 45,24 27,14 27,34\" fill=\"#fff\"><\/path><\/svg><\/button><\/div><\/div><!-- \/wp:post-content -->","protected":false},"excerpt":{"rendered":"<p>Biografia Aos 26 anos, Maria Jos\u00e9 de Queiroz tornou-se a mais jovem professora catedr\u00e1tica do pa\u00eds e, por concurso, sucedeu o professor Eduardo Frieiro na Faculdade de Letras da Universidade<\/p>","protected":false},"author":1,"featured_media":0,"parent":0,"menu_order":0,"comment_status":"closed","ping_status":"closed","template":"","meta":{"_acf_changed":false,"jetpack_post_was_ever_published":false,"_joinchat":[],"footnotes":""},"class_list":["post-515","page","type-page","status-publish","hentry"],"acf":[],"yoast_head":"<!-- This site is optimized with the Yoast SEO plugin v27.2 - https:\/\/yoast.com\/product\/yoast-seo-wordpress\/ -->\n<title>Biblioteca Maria Jos\u00e9 de Queiroz (in memoriam) - Caravana Grupo Editorial<\/title>\n<meta name=\"robots\" content=\"index, follow, max-snippet:-1, max-image-preview:large, max-video-preview:-1\" \/>\n<link rel=\"canonical\" href=\"https:\/\/caravanagrupoeditorial.com\/pt\/biblioteca-maria-jose-de-queiros\/\" \/>\n<meta property=\"og:locale\" content=\"pt_PT\" \/>\n<meta property=\"og:type\" content=\"article\" \/>\n<meta property=\"og:title\" content=\"Biblioteca Maria Jos\u00e9 de Queiroz (in memoriam) - Caravana Grupo Editorial\" \/>\n<meta property=\"og:description\" content=\"Biografia Aos 26 anos, Maria Jos\u00e9 de Queiroz tornou-se a mais jovem professora catedr\u00e1tica do pa\u00eds e, por concurso, sucedeu o professor Eduardo Frieiro na Faculdade de Letras da Universidade\" \/>\n<meta property=\"og:url\" content=\"https:\/\/caravanagrupoeditorial.com\/pt\/biblioteca-maria-jose-de-queiros\/\" \/>\n<meta property=\"og:site_name\" content=\"Caravana Grupo Editorial\" \/>\n<meta property=\"article:publisher\" content=\"https:\/\/www.facebook.com\/caravanagrupoeditorial\" \/>\n<meta property=\"article:modified_time\" content=\"2026-02-06T03:22:19+00:00\" \/>\n<meta property=\"og:image\" content=\"https:\/\/caravanagrupoeditorial.com\/wp-content\/uploads\/2020\/08\/Maria_Jose-_de_Queiroz-1-.jpg\" \/>\n<meta name=\"twitter:card\" content=\"summary_large_image\" \/>\n<meta name=\"twitter:label1\" content=\"Tempo estimado de leitura\" \/>\n\t<meta name=\"twitter:data1\" content=\"1 minuto\" \/>\n<script type=\"application\/ld+json\" class=\"yoast-schema-graph\">{\"@context\":\"https:\/\/schema.org\",\"@graph\":[{\"@type\":\"WebPage\",\"@id\":\"https:\/\/caravanagrupoeditorial.com\/biblioteca-maria-jose-de-queiros\/\",\"url\":\"https:\/\/caravanagrupoeditorial.com\/biblioteca-maria-jose-de-queiros\/\",\"name\":\"Biblioteca Maria Jos\u00e9 de Queiroz (in memoriam) - Caravana Grupo Editorial\",\"isPartOf\":{\"@id\":\"https:\/\/caravanagrupoeditorial.com\/#website\"},\"primaryImageOfPage\":{\"@id\":\"https:\/\/caravanagrupoeditorial.com\/biblioteca-maria-jose-de-queiros\/#primaryimage\"},\"image\":{\"@id\":\"https:\/\/caravanagrupoeditorial.com\/biblioteca-maria-jose-de-queiros\/#primaryimage\"},\"thumbnailUrl\":\"https:\/\/caravanagrupoeditorial.com\/wp-content\/uploads\/2020\/08\/Maria_Jose-_de_Queiroz-1-.jpg\",\"datePublished\":\"2020-08-05T14:53:51+00:00\",\"dateModified\":\"2026-02-06T03:22:19+00:00\",\"breadcrumb\":{\"@id\":\"https:\/\/caravanagrupoeditorial.com\/biblioteca-maria-jose-de-queiros\/#breadcrumb\"},\"inLanguage\":\"pt-PT\",\"potentialAction\":[{\"@type\":\"ReadAction\",\"target\":[\"https:\/\/caravanagrupoeditorial.com\/biblioteca-maria-jose-de-queiros\/\"]}]},{\"@type\":\"ImageObject\",\"inLanguage\":\"pt-PT\",\"@id\":\"https:\/\/caravanagrupoeditorial.com\/biblioteca-maria-jose-de-queiros\/#primaryimage\",\"url\":\"https:\/\/caravanagrupoeditorial.com\/wp-content\/uploads\/2020\/08\/Maria_Jose-_de_Queiroz-1-.jpg\",\"contentUrl\":\"https:\/\/caravanagrupoeditorial.com\/wp-content\/uploads\/2020\/08\/Maria_Jose-_de_Queiroz-1-.jpg\"},{\"@type\":\"BreadcrumbList\",\"@id\":\"https:\/\/caravanagrupoeditorial.com\/biblioteca-maria-jose-de-queiros\/#breadcrumb\",\"itemListElement\":[{\"@type\":\"ListItem\",\"position\":1,\"name\":\"In\u00edcio\",\"item\":\"https:\/\/caravanagrupoeditorial.com\/\"},{\"@type\":\"ListItem\",\"position\":2,\"name\":\"Biblioteca Maria Jos\u00e9 de Queiroz (in memoriam)\"}]},{\"@type\":\"WebSite\",\"@id\":\"https:\/\/caravanagrupoeditorial.com\/#website\",\"url\":\"https:\/\/caravanagrupoeditorial.com\/\",\"name\":\"Caravana Grupo Editorial\",\"description\":\"\",\"publisher\":{\"@id\":\"https:\/\/caravanagrupoeditorial.com\/#organization\"},\"potentialAction\":[{\"@type\":\"SearchAction\",\"target\":{\"@type\":\"EntryPoint\",\"urlTemplate\":\"https:\/\/caravanagrupoeditorial.com\/?s={search_term_string}\"},\"query-input\":{\"@type\":\"PropertyValueSpecification\",\"valueRequired\":true,\"valueName\":\"search_term_string\"}}],\"inLanguage\":\"pt-PT\"},{\"@type\":\"Organization\",\"@id\":\"https:\/\/caravanagrupoeditorial.com\/#organization\",\"name\":\"Caravana Grupo Editorial\",\"url\":\"https:\/\/caravanagrupoeditorial.com\/\",\"logo\":{\"@type\":\"ImageObject\",\"inLanguage\":\"pt-PT\",\"@id\":\"https:\/\/caravanagrupoeditorial.com\/#\/schema\/logo\/image\/\",\"url\":\"https:\/\/caravanagrupoeditorial.com\/wp-content\/uploads\/2024\/02\/cropped-Logo_Caravana.png\",\"contentUrl\":\"https:\/\/caravanagrupoeditorial.com\/wp-content\/uploads\/2024\/02\/cropped-Logo_Caravana.png\",\"width\":512,\"height\":512,\"caption\":\"Caravana Grupo Editorial\"},\"image\":{\"@id\":\"https:\/\/caravanagrupoeditorial.com\/#\/schema\/logo\/image\/\"},\"sameAs\":[\"https:\/\/www.facebook.com\/caravanagrupoeditorial\",\"https:\/\/www.instagram.com\/caravanagrupoeditorial\/?hl=pt-br\",\"https:\/\/www.youtube.com\/channel\/UCdD-xosEkpHCeRn2nDLiXfQ\"]}]}<\/script>\n<!-- \/ Yoast SEO plugin. -->","yoast_head_json":{"title":"Biblioteca Maria Jos\u00e9 de Queiroz (in memoriam) - Caravana Grupo Editorial","robots":{"index":"index","follow":"follow","max-snippet":"max-snippet:-1","max-image-preview":"max-image-preview:large","max-video-preview":"max-video-preview:-1"},"canonical":"https:\/\/caravanagrupoeditorial.com\/pt\/biblioteca-maria-jose-de-queiros\/","og_locale":"pt_PT","og_type":"article","og_title":"Biblioteca Maria Jos\u00e9 de Queiroz (in memoriam) - Caravana Grupo Editorial","og_description":"Biografia Aos 26 anos, Maria Jos\u00e9 de Queiroz tornou-se a mais jovem professora catedr\u00e1tica do pa\u00eds e, por concurso, sucedeu o professor Eduardo Frieiro na Faculdade de Letras da Universidade","og_url":"https:\/\/caravanagrupoeditorial.com\/pt\/biblioteca-maria-jose-de-queiros\/","og_site_name":"Caravana Grupo Editorial","article_publisher":"https:\/\/www.facebook.com\/caravanagrupoeditorial","article_modified_time":"2026-02-06T03:22:19+00:00","og_image":[{"url":"https:\/\/caravanagrupoeditorial.com\/wp-content\/uploads\/2020\/08\/Maria_Jose-_de_Queiroz-1-.jpg","type":"","width":"","height":""}],"twitter_card":"summary_large_image","twitter_misc":{"Tempo estimado de leitura":"1 minuto"},"schema":{"@context":"https:\/\/schema.org","@graph":[{"@type":"WebPage","@id":"https:\/\/caravanagrupoeditorial.com\/biblioteca-maria-jose-de-queiros\/","url":"https:\/\/caravanagrupoeditorial.com\/biblioteca-maria-jose-de-queiros\/","name":"Biblioteca Maria Jos\u00e9 de Queiroz (in memoriam) - Caravana Grupo Editorial","isPartOf":{"@id":"https:\/\/caravanagrupoeditorial.com\/#website"},"primaryImageOfPage":{"@id":"https:\/\/caravanagrupoeditorial.com\/biblioteca-maria-jose-de-queiros\/#primaryimage"},"image":{"@id":"https:\/\/caravanagrupoeditorial.com\/biblioteca-maria-jose-de-queiros\/#primaryimage"},"thumbnailUrl":"https:\/\/caravanagrupoeditorial.com\/wp-content\/uploads\/2020\/08\/Maria_Jose-_de_Queiroz-1-.jpg","datePublished":"2020-08-05T14:53:51+00:00","dateModified":"2026-02-06T03:22:19+00:00","breadcrumb":{"@id":"https:\/\/caravanagrupoeditorial.com\/biblioteca-maria-jose-de-queiros\/#breadcrumb"},"inLanguage":"pt-PT","potentialAction":[{"@type":"ReadAction","target":["https:\/\/caravanagrupoeditorial.com\/biblioteca-maria-jose-de-queiros\/"]}]},{"@type":"ImageObject","inLanguage":"pt-PT","@id":"https:\/\/caravanagrupoeditorial.com\/biblioteca-maria-jose-de-queiros\/#primaryimage","url":"https:\/\/caravanagrupoeditorial.com\/wp-content\/uploads\/2020\/08\/Maria_Jose-_de_Queiroz-1-.jpg","contentUrl":"https:\/\/caravanagrupoeditorial.com\/wp-content\/uploads\/2020\/08\/Maria_Jose-_de_Queiroz-1-.jpg"},{"@type":"BreadcrumbList","@id":"https:\/\/caravanagrupoeditorial.com\/biblioteca-maria-jose-de-queiros\/#breadcrumb","itemListElement":[{"@type":"ListItem","position":1,"name":"In\u00edcio","item":"https:\/\/caravanagrupoeditorial.com\/"},{"@type":"ListItem","position":2,"name":"Biblioteca Maria Jos\u00e9 de Queiroz (in memoriam)"}]},{"@type":"WebSite","@id":"https:\/\/caravanagrupoeditorial.com\/#website","url":"https:\/\/caravanagrupoeditorial.com\/","name":"Cat\u00e1logo - Mercador Editorial","description":"","publisher":{"@id":"https:\/\/caravanagrupoeditorial.com\/#organization"},"potentialAction":[{"@type":"SearchAction","target":{"@type":"EntryPoint","urlTemplate":"https:\/\/caravanagrupoeditorial.com\/?s={search_term_string}"},"query-input":{"@type":"PropertyValueSpecification","valueRequired":true,"valueName":"search_term_string"}}],"inLanguage":"pt-PT"},{"@type":"Organization","@id":"https:\/\/caravanagrupoeditorial.com\/#organization","name":"Cat\u00e1logo - Mercador Editorial","url":"https:\/\/caravanagrupoeditorial.com\/","logo":{"@type":"ImageObject","inLanguage":"pt-PT","@id":"https:\/\/caravanagrupoeditorial.com\/#\/schema\/logo\/image\/","url":"https:\/\/caravanagrupoeditorial.com\/wp-content\/uploads\/2024\/02\/cropped-Logo_Caravana.png","contentUrl":"https:\/\/caravanagrupoeditorial.com\/wp-content\/uploads\/2024\/02\/cropped-Logo_Caravana.png","width":512,"height":512,"caption":"Caravana Grupo Editorial"},"image":{"@id":"https:\/\/caravanagrupoeditorial.com\/#\/schema\/logo\/image\/"},"sameAs":["https:\/\/www.facebook.com\/caravanagrupoeditorial","https:\/\/www.instagram.com\/caravanagrupoeditorial\/?hl=pt-br","https:\/\/www.youtube.com\/channel\/UCdD-xosEkpHCeRn2nDLiXfQ"]}]}},"jetpack_sharing_enabled":true,"_links":{"self":[{"href":"https:\/\/caravanagrupoeditorial.com\/pt\/wp-json\/wp\/v2\/pages\/515","targetHints":{"allow":["GET"]}}],"collection":[{"href":"https:\/\/caravanagrupoeditorial.com\/pt\/wp-json\/wp\/v2\/pages"}],"about":[{"href":"https:\/\/caravanagrupoeditorial.com\/pt\/wp-json\/wp\/v2\/types\/page"}],"author":[{"embeddable":true,"href":"https:\/\/caravanagrupoeditorial.com\/pt\/wp-json\/wp\/v2\/users\/1"}],"replies":[{"embeddable":true,"href":"https:\/\/caravanagrupoeditorial.com\/pt\/wp-json\/wp\/v2\/comments?post=515"}],"version-history":[{"count":38,"href":"https:\/\/caravanagrupoeditorial.com\/pt\/wp-json\/wp\/v2\/pages\/515\/revisions"}],"predecessor-version":[{"id":99766,"href":"https:\/\/caravanagrupoeditorial.com\/pt\/wp-json\/wp\/v2\/pages\/515\/revisions\/99766"}],"wp:attachment":[{"href":"https:\/\/caravanagrupoeditorial.com\/pt\/wp-json\/wp\/v2\/media?parent=515"}],"curies":[{"name":"wp","href":"https:\/\/api.w.org\/{rel}","templated":true}]}}