{"id":2564,"date":"2016-08-04T11:15:19","date_gmt":"2016-08-04T11:15:19","guid":{"rendered":"http:\/\/flatsome.dev\/?page_id=8412"},"modified":"2024-08-26T10:28:51","modified_gmt":"2024-08-26T13:28:51","slug":"our-stores","status":"publish","type":"page","link":"https:\/\/caravanagrupoeditorial.com\/pt\/our-stores\/","title":{"rendered":"Selos e Cole\u00e7\u00f5es"},"content":{"rendered":"\n[ux_banner height=&#8221;150px&#8221; bg_color=&#8221;rgb(0,0,0)&#8221; bg_overlay=&#8221;rgba(0, 0, 0, 0.2)&#8221;]\n\n[text_box width=&#8221;68&#8243; width__sm=&#8221;60&#8243; position_x=&#8221;50&#8243; position_y=&#8221;50&#8243;]\n\n<h3 class=\"uppercase\"><strong>Selos e cole\u00e7\u00f5es<\/strong><\/h3>\n\n[\/text_box]\n\n[\/ux_banner]\n[row]\n\n[col span__sm=&#8221;12&#8243;]\n\n<h3>COLE\u00c7\u00d5ES<\/h3>\n<p><strong>Cole\u00e7\u00e3o Arqueologia Hist\u00f3rica<\/strong><\/p>\n<div id=\"row-196277846\" class=\"row\">\n<div id=\"col-1082012583\" class=\"col small-12 large-12\">\n<div class=\"col-inner\">\n<div>\u00a0<\/div>\n<div class=\"answer\" align=\"justify\">A <strong>Cole\u00e7\u00e3o Arqueologia Hist\u00f3rica<\/strong> \u00e9 dedicada a estudos sobre o processo de forma\u00e7\u00e3o do Mundo Moderno ancorados em an\u00e1lises sobre a materialidade arqueol\u00f3gica. Colonialismo, capitalismo, movimentos diasp\u00f3ricos, etnicidade, etnog\u00eanese, encontros culturais, escravid\u00e3o, rela\u00e7\u00f5es de poder, repress\u00e3o, resist\u00eancia, persist\u00eancia, consumo e patrim\u00f4nio cultural est\u00e3o dentre os temas que a cole\u00e7\u00e3o se prop\u00f5e a abordar, com base em pesquisas que enfatizem as rela\u00e7\u00f5es entre a cultura material, os registros escritos, iconogr\u00e1ficos e oralidade.<br \/><br \/>\n<p><b>Conselho Editorial<\/b><\/p>\n<p>Luis Symanski, editor (UFMG)<\/p>\n<p>Tania Andrade Lima (UFRJ)<br \/>Rui Gomes Coelho (Durham University)<br \/>Caterina Mantilla (Universitat Bonn )<br \/>L\u00facio Menezes Ferreira (UFPEL)<br \/>Marcos Andr\u00e9 Torres de Souza (UFRJ)<br \/>Sarah Hissa (UFRB)<br \/>Andres Zarankin (UFMG)<br \/>Diogo Menezes Costa (UFPA)<br \/>Rafael de Abreu e Souza (Comit\u00ea Internacional da\u00a0Cruz\u00a0Vermelha)<\/p>\n<\/div>\n<div class=\"is-divider divider clearfix\">\u00a0<\/div>\n<div id=\"row-618853062\" class=\"row\">\n<div id=\"col-491720916\" class=\"col small-12 large-12\">\n<div class=\"col-inner\">\n<div class=\"title\"><strong>PENSAR HIST\u00d3RIA<\/strong><\/div>\n<div>\u00a0<\/div>\n<div class=\"answer\" align=\"justify\">A\u00a0<b>Cole\u00e7\u00e3o Pensar Hist\u00f3ria<\/b>\u00a0\u00e9 dedicada \u00e0 reflex\u00f5es sobre aspectos hist\u00f3ricos das sociedades modernas e contempor\u00e2neas. Trabalho, conflitos, negocia\u00e7\u00f5es, discursos, culturas e hierarquias sociais s\u00e3o alguns dos temas discutidos, em investiga\u00e7\u00f5es que primam pelo rigor metodol\u00f3gico e pelo tratamento cr\u00edtico \u00e0s fontes.\n<p>\u00a0<\/p>\n<p><b>Conselho Editorial<\/b><br \/>Andr\u00e9 Lu\u00eds Ferreira (UFPA)<br \/>Carmen Bernand (Universidade Paris Nanterre)<br \/>Douglas Lima de Jesus (UFMG)\u00a0<strong>(Editor)<\/strong><br \/>Eduardo Fran\u00e7a Paiva (UFMG)<br \/>Fabr\u00edcio Vinhas Manini Angelo (UNIBH)<br \/>Fernanda Aires Bombardi (USP)<br \/>Isnara Pereira Ivo (UESB)<br \/>Jonis Freire (UFF)<br \/>Kelly Lislie Julio (UFSJ)<br \/>S\u00f4nia Maria de Magalh\u00e3es (UFG)<\/p>\n<\/div>\n<div class=\"is-divider divider clearfix\">\u00a0<\/div>\n<div class=\"title\"><strong>PENSAR EDUCA\u00c7\u00c3O<\/strong><\/div>\n<div>\u00a0<\/div>\n<div class=\"answer\" align=\"justify\">A <b>Cole\u00e7\u00e3o Pensar Educa\u00e7\u00e3o<\/b> tem por objetivo a publica\u00e7\u00e3o de obras que resultem de pesquisas, de experi\u00eancias e reflex\u00f5es sobre os grandes temas que mobilizam os movimentos sociais, profissionais e ativistas da educa\u00e7\u00e3o, sobretudo no Brasil, na Am\u00e9rica Latina, na \u00c1frica, e que inspirem pol\u00edticas e pr\u00e1ticas criativas em dire\u00e7\u00e3o a uma educa\u00e7\u00e3o e a uma sociedade democr\u00e1ticas e igualit\u00e1rias, sem racismo, sem LGBTQIA+fobias, sem viol\u00eancias, sem preconceitos e discrimina\u00e7\u00e3o de qualquer natureza. Ser\u00e3o priorizadas a publica\u00e7\u00e3o de obras que dialoguem com epistemologias que valorizem as culturas, as experi\u00eancias e projetos pol\u00edtico-pedag\u00f3gicos dos povos origin\u00e1rios, quilombolas, feministas e dos movimentos sociais democr\u00e1ticos, escritas por ativistas e profissionais da educa\u00e7\u00e3o b\u00e1sica e superior que dialoguem com esse ide\u00e1rio.\n<p>\u00a0<\/p>\n<p><b>Conselho Editorial<\/b><br \/>Benjamin de Almeida Neves (UFMT)<br \/>Carolina Alves (UNIRIO)<br \/>Catarina de Almeida Santos (UNB)<br \/>Cheron Zanini Moretti (UNISC)<br \/>Jo\u00e3o Colares da Mota Neto (UEPA)<br \/>Leonardo Costaneto (Editor)<br \/>Luciano Mendes de Faria Filho (UFMG)<br \/>Viviane de Bona (UFPE)<\/p>\n<\/div>\n<\/div>\n<\/div>\n<\/div>\n<\/div>\n<\/div>\n<\/div>\n\n[\/col]\n\n[\/row]\n[row]\n\n[col span__sm=&#8221;12&#8243;]\n\n<h3>SELOS<\/h3>\n<div class=\"title\"><strong>CARAVANA<\/strong><\/div>\n<div>\u00a0<\/div>\n<div class=\"answer\" align=\"justify\">O selo\u00a0<b>Caravana<\/b> \u00e9 dedicado \u00e0 publica\u00e7\u00e3o de ensaios e obras liter\u00e1rias de nomes expressivos da cena nacional, bem como de autores independentes, que reflitam e produzam literatura em suas mais diversas manifesta\u00e7\u00f5es.\n<p><b>Conselho Editorial<\/b><br \/>Andr\u00e9 de Souza Pena (UFMG)<br \/>B\u00e1rbara Castelo Branco Monte (UNIFOR)<br \/>Elaine Martins (UFMG)<br \/>Jucelia Souza da Silva (UFMS)<br \/>Leonardo Costaneto (Editor)<br \/>M\u00e1rcia Let\u00edcia Gomes (FURG, Unir)<br \/>Reginaldo Leite (UFRJ, UERJ)<br \/>Rodrigo da Costa Araujo (UFF)<br \/>Rog\u00e9rio Silva Pereira (PUC-Minas, UnB, UFMG, UNICAMP)<\/p>\n<\/div>\n[row_inner]\n\n\n[\/row_inner]\n\n[\/col]\n\n[\/row]\n\n","protected":false},"excerpt":{"rendered":"[ux_banner height=\"150px\" bg_color=\"rgb(0,0,0)\" bg_overlay=\"rgba(0, 0, 0, 0.2)\"] [text_box width=\"68\" width__sm=\"60\" position_x=\"50\" position_y=\"50\"] Selos e cole\u00e7\u00f5es [\/text_box] [\/ux_banner] [row] [col span__sm=\"12\"] COLE\u00c7\u00d5ES Cole\u00e7\u00e3o Arqueologia Hist\u00f3rica \u00a0 A Cole\u00e7\u00e3o Arqueologia Hist\u00f3rica \u00e9","protected":false},"author":1,"featured_media":2547,"parent":0,"menu_order":0,"comment_status":"closed","ping_status":"closed","template":"page-blank.php","meta":{"_acf_changed":false,"jetpack_post_was_ever_published":false,"_joinchat":[],"footnotes":""},"class_list":["post-2564","page","type-page","status-publish","has-post-thumbnail","hentry"],"acf":[],"yoast_head":"<!-- This site is optimized with the Yoast SEO plugin v27.2 - https:\/\/yoast.com\/product\/yoast-seo-wordpress\/ -->\n<title>Selos e Cole\u00e7\u00f5es - Caravana Grupo Editorial<\/title>\n<meta name=\"robots\" content=\"index, follow, max-snippet:-1, max-image-preview:large, max-video-preview:-1\" \/>\n<link rel=\"canonical\" href=\"https:\/\/caravanagrupoeditorial.com\/pt\/our-stores\/\" \/>\n<meta property=\"og:locale\" content=\"pt_PT\" \/>\n<meta property=\"og:type\" content=\"article\" \/>\n<meta property=\"og:title\" content=\"Selos e Cole\u00e7\u00f5es - Caravana Grupo Editorial\" \/>\n<meta property=\"og:url\" content=\"https:\/\/caravanagrupoeditorial.com\/pt\/our-stores\/\" \/>\n<meta property=\"og:site_name\" content=\"Caravana Grupo Editorial\" \/>\n<meta property=\"article:publisher\" content=\"https:\/\/www.facebook.com\/caravanagrupoeditorial\" \/>\n<meta property=\"article:modified_time\" content=\"2024-08-26T13:28:51+00:00\" \/>\n<meta property=\"og:image\" content=\"https:\/\/i0.wp.com\/caravanagrupoeditorial.com\/wp-content\/uploads\/2016\/08\/dummy-1.jpg?fit=400%2C260&ssl=1\" \/>\n\t<meta property=\"og:image:width\" content=\"400\" \/>\n\t<meta property=\"og:image:height\" content=\"260\" \/>\n\t<meta property=\"og:image:type\" content=\"image\/jpeg\" \/>\n<meta name=\"twitter:card\" content=\"summary_large_image\" \/>\n<meta name=\"twitter:label1\" content=\"Tempo estimado de leitura\" \/>\n\t<meta name=\"twitter:data1\" content=\"4 minutos\" \/>\n<script type=\"application\/ld+json\" class=\"yoast-schema-graph\">{\"@context\":\"https:\/\/schema.org\",\"@graph\":[{\"@type\":\"WebPage\",\"@id\":\"https:\/\/caravanagrupoeditorial.com\/our-stores\/\",\"url\":\"https:\/\/caravanagrupoeditorial.com\/our-stores\/\",\"name\":\"Selos e Cole\u00e7\u00f5es - Caravana Grupo Editorial\",\"isPartOf\":{\"@id\":\"https:\/\/caravanagrupoeditorial.com\/#website\"},\"primaryImageOfPage\":{\"@id\":\"https:\/\/caravanagrupoeditorial.com\/our-stores\/#primaryimage\"},\"image\":{\"@id\":\"https:\/\/caravanagrupoeditorial.com\/our-stores\/#primaryimage\"},\"thumbnailUrl\":\"https:\/\/i0.wp.com\/caravanagrupoeditorial.com\/wp-content\/uploads\/2016\/08\/dummy-1.jpg?fit=400%2C260&ssl=1\",\"datePublished\":\"2016-08-04T11:15:19+00:00\",\"dateModified\":\"2024-08-26T13:28:51+00:00\",\"breadcrumb\":{\"@id\":\"https:\/\/caravanagrupoeditorial.com\/our-stores\/#breadcrumb\"},\"inLanguage\":\"pt-PT\",\"potentialAction\":[{\"@type\":\"ReadAction\",\"target\":[\"https:\/\/caravanagrupoeditorial.com\/our-stores\/\"]}]},{\"@type\":\"ImageObject\",\"inLanguage\":\"pt-PT\",\"@id\":\"https:\/\/caravanagrupoeditorial.com\/our-stores\/#primaryimage\",\"url\":\"https:\/\/i0.wp.com\/caravanagrupoeditorial.com\/wp-content\/uploads\/2016\/08\/dummy-1.jpg?fit=400%2C260&ssl=1\",\"contentUrl\":\"https:\/\/i0.wp.com\/caravanagrupoeditorial.com\/wp-content\/uploads\/2016\/08\/dummy-1.jpg?fit=400%2C260&ssl=1\",\"width\":400,\"height\":260},{\"@type\":\"BreadcrumbList\",\"@id\":\"https:\/\/caravanagrupoeditorial.com\/our-stores\/#breadcrumb\",\"itemListElement\":[{\"@type\":\"ListItem\",\"position\":1,\"name\":\"In\u00edcio\",\"item\":\"https:\/\/caravanagrupoeditorial.com\/\"},{\"@type\":\"ListItem\",\"position\":2,\"name\":\"Selos e Cole\u00e7\u00f5es\"}]},{\"@type\":\"WebSite\",\"@id\":\"https:\/\/caravanagrupoeditorial.com\/#website\",\"url\":\"https:\/\/caravanagrupoeditorial.com\/\",\"name\":\"Caravana Grupo Editorial\",\"description\":\"\",\"publisher\":{\"@id\":\"https:\/\/caravanagrupoeditorial.com\/#organization\"},\"potentialAction\":[{\"@type\":\"SearchAction\",\"target\":{\"@type\":\"EntryPoint\",\"urlTemplate\":\"https:\/\/caravanagrupoeditorial.com\/?s={search_term_string}\"},\"query-input\":{\"@type\":\"PropertyValueSpecification\",\"valueRequired\":true,\"valueName\":\"search_term_string\"}}],\"inLanguage\":\"pt-PT\"},{\"@type\":\"Organization\",\"@id\":\"https:\/\/caravanagrupoeditorial.com\/#organization\",\"name\":\"Caravana Grupo Editorial\",\"url\":\"https:\/\/caravanagrupoeditorial.com\/\",\"logo\":{\"@type\":\"ImageObject\",\"inLanguage\":\"pt-PT\",\"@id\":\"https:\/\/caravanagrupoeditorial.com\/#\/schema\/logo\/image\/\",\"url\":\"https:\/\/caravanagrupoeditorial.com\/wp-content\/uploads\/2024\/02\/cropped-Logo_Caravana.png\",\"contentUrl\":\"https:\/\/caravanagrupoeditorial.com\/wp-content\/uploads\/2024\/02\/cropped-Logo_Caravana.png\",\"width\":512,\"height\":512,\"caption\":\"Caravana Grupo Editorial\"},\"image\":{\"@id\":\"https:\/\/caravanagrupoeditorial.com\/#\/schema\/logo\/image\/\"},\"sameAs\":[\"https:\/\/www.facebook.com\/caravanagrupoeditorial\",\"https:\/\/www.instagram.com\/caravanagrupoeditorial\/?hl=pt-br\",\"https:\/\/www.youtube.com\/channel\/UCdD-xosEkpHCeRn2nDLiXfQ\"]}]}<\/script>\n<!-- \/ Yoast SEO plugin. -->","yoast_head_json":{"title":"Selos e Cole\u00e7\u00f5es - Caravana Grupo Editorial","robots":{"index":"index","follow":"follow","max-snippet":"max-snippet:-1","max-image-preview":"max-image-preview:large","max-video-preview":"max-video-preview:-1"},"canonical":"https:\/\/caravanagrupoeditorial.com\/pt\/our-stores\/","og_locale":"pt_PT","og_type":"article","og_title":"Selos e Cole\u00e7\u00f5es - Caravana Grupo Editorial","og_url":"https:\/\/caravanagrupoeditorial.com\/pt\/our-stores\/","og_site_name":"Caravana Grupo Editorial","article_publisher":"https:\/\/www.facebook.com\/caravanagrupoeditorial","article_modified_time":"2024-08-26T13:28:51+00:00","og_image":[{"width":400,"height":260,"url":"https:\/\/i0.wp.com\/caravanagrupoeditorial.com\/wp-content\/uploads\/2016\/08\/dummy-1.jpg?fit=400%2C260&ssl=1","type":"image\/jpeg"}],"twitter_card":"summary_large_image","twitter_misc":{"Tempo estimado de leitura":"4 minutos"},"schema":{"@context":"https:\/\/schema.org","@graph":[{"@type":"WebPage","@id":"https:\/\/caravanagrupoeditorial.com\/our-stores\/","url":"https:\/\/caravanagrupoeditorial.com\/our-stores\/","name":"Selos e Cole\u00e7\u00f5es - Caravana Grupo Editorial","isPartOf":{"@id":"https:\/\/caravanagrupoeditorial.com\/#website"},"primaryImageOfPage":{"@id":"https:\/\/caravanagrupoeditorial.com\/our-stores\/#primaryimage"},"image":{"@id":"https:\/\/caravanagrupoeditorial.com\/our-stores\/#primaryimage"},"thumbnailUrl":"https:\/\/i0.wp.com\/caravanagrupoeditorial.com\/wp-content\/uploads\/2016\/08\/dummy-1.jpg?fit=400%2C260&ssl=1","datePublished":"2016-08-04T11:15:19+00:00","dateModified":"2024-08-26T13:28:51+00:00","breadcrumb":{"@id":"https:\/\/caravanagrupoeditorial.com\/our-stores\/#breadcrumb"},"inLanguage":"pt-PT","potentialAction":[{"@type":"ReadAction","target":["https:\/\/caravanagrupoeditorial.com\/our-stores\/"]}]},{"@type":"ImageObject","inLanguage":"pt-PT","@id":"https:\/\/caravanagrupoeditorial.com\/our-stores\/#primaryimage","url":"https:\/\/i0.wp.com\/caravanagrupoeditorial.com\/wp-content\/uploads\/2016\/08\/dummy-1.jpg?fit=400%2C260&ssl=1","contentUrl":"https:\/\/i0.wp.com\/caravanagrupoeditorial.com\/wp-content\/uploads\/2016\/08\/dummy-1.jpg?fit=400%2C260&ssl=1","width":400,"height":260},{"@type":"BreadcrumbList","@id":"https:\/\/caravanagrupoeditorial.com\/our-stores\/#breadcrumb","itemListElement":[{"@type":"ListItem","position":1,"name":"In\u00edcio","item":"https:\/\/caravanagrupoeditorial.com\/"},{"@type":"ListItem","position":2,"name":"Selos e Cole\u00e7\u00f5es"}]},{"@type":"WebSite","@id":"https:\/\/caravanagrupoeditorial.com\/#website","url":"https:\/\/caravanagrupoeditorial.com\/","name":"Cat\u00e1logo - Mercador Editorial","description":"","publisher":{"@id":"https:\/\/caravanagrupoeditorial.com\/#organization"},"potentialAction":[{"@type":"SearchAction","target":{"@type":"EntryPoint","urlTemplate":"https:\/\/caravanagrupoeditorial.com\/?s={search_term_string}"},"query-input":{"@type":"PropertyValueSpecification","valueRequired":true,"valueName":"search_term_string"}}],"inLanguage":"pt-PT"},{"@type":"Organization","@id":"https:\/\/caravanagrupoeditorial.com\/#organization","name":"Cat\u00e1logo - Mercador Editorial","url":"https:\/\/caravanagrupoeditorial.com\/","logo":{"@type":"ImageObject","inLanguage":"pt-PT","@id":"https:\/\/caravanagrupoeditorial.com\/#\/schema\/logo\/image\/","url":"https:\/\/caravanagrupoeditorial.com\/wp-content\/uploads\/2024\/02\/cropped-Logo_Caravana.png","contentUrl":"https:\/\/caravanagrupoeditorial.com\/wp-content\/uploads\/2024\/02\/cropped-Logo_Caravana.png","width":512,"height":512,"caption":"Caravana Grupo Editorial"},"image":{"@id":"https:\/\/caravanagrupoeditorial.com\/#\/schema\/logo\/image\/"},"sameAs":["https:\/\/www.facebook.com\/caravanagrupoeditorial","https:\/\/www.instagram.com\/caravanagrupoeditorial\/?hl=pt-br","https:\/\/www.youtube.com\/channel\/UCdD-xosEkpHCeRn2nDLiXfQ"]}]}},"jetpack_sharing_enabled":true,"_links":{"self":[{"href":"https:\/\/caravanagrupoeditorial.com\/pt\/wp-json\/wp\/v2\/pages\/2564","targetHints":{"allow":["GET"]}}],"collection":[{"href":"https:\/\/caravanagrupoeditorial.com\/pt\/wp-json\/wp\/v2\/pages"}],"about":[{"href":"https:\/\/caravanagrupoeditorial.com\/pt\/wp-json\/wp\/v2\/types\/page"}],"author":[{"embeddable":true,"href":"https:\/\/caravanagrupoeditorial.com\/pt\/wp-json\/wp\/v2\/users\/1"}],"replies":[{"embeddable":true,"href":"https:\/\/caravanagrupoeditorial.com\/pt\/wp-json\/wp\/v2\/comments?post=2564"}],"version-history":[{"count":46,"href":"https:\/\/caravanagrupoeditorial.com\/pt\/wp-json\/wp\/v2\/pages\/2564\/revisions"}],"predecessor-version":[{"id":48922,"href":"https:\/\/caravanagrupoeditorial.com\/pt\/wp-json\/wp\/v2\/pages\/2564\/revisions\/48922"}],"wp:featuredmedia":[{"embeddable":true,"href":"https:\/\/caravanagrupoeditorial.com\/pt\/wp-json\/wp\/v2\/media\/2547"}],"wp:attachment":[{"href":"https:\/\/caravanagrupoeditorial.com\/pt\/wp-json\/wp\/v2\/media?parent=2564"}],"curies":[{"name":"wp","href":"https:\/\/api.w.org\/{rel}","templated":true}]}}