{"id":2494,"date":"2024-02-04T05:41:44","date_gmt":"2024-02-04T08:41:44","guid":{"rendered":"https:\/\/electro.madrasthemes.com\/?page_id=2494"},"modified":"2026-02-05T18:38:11","modified_gmt":"2026-02-05T21:38:11","slug":"sobre-nos","status":"publish","type":"page","link":"https:\/\/caravanagrupoeditorial.com\/pt\/sobre-nos\/","title":{"rendered":"sobre nos"},"content":{"rendered":"<div class=\"wpb-content-wrapper\"><div class=\"vc_row wpb_row vc_row-fluid about-features inner-top-md inner-bottom-sm\"><div class=\"wpb_column vc_column_container vc_col-sm-12\"><div class=\"vc_column-inner vc_custom_1457518924264\"><div class=\"wpb_wrapper\">\n\t<div class=\"wpb_text_column wpb_content_element vc_custom_1770317210786\" >\n\t\t<div class=\"wpb_wrapper\">\n\t\t\t<p style=\"text-align: justify;\">A Caravana Grupo Editorial nasceu da vontade do nosso editor s\u00eanior, Leonardo Costaneto, de publicar seus livros e dos colegas. Naquela \u00e9poca, com uma publica\u00e7\u00e3o independente, ele viajou por Minas Gerais e algumas capitais do pa\u00eds, at\u00e9 chegar a Buenos Aires. De l\u00e1, voltou com a ideia de produzir livros artesanais na Argentina, para onde ia v\u00e1rias vezes trazendo caixas e mais caixas de exemplares que eram distribu\u00eddos pelo Brasil. O primeiro lan\u00e7amento, da ent\u00e3o Sangre Editorial, ocorreu em 23 de mar\u00e7o de 2019, em Belo Horizonte, na Biblioteca P\u00fablica Estadual, num evento coletivo que reuniu mais de 40 escritores de diversas regi\u00f5es. Apesar de pequena, j\u00e1 \u00e9ramos valentes!<\/p>\n<p style=\"text-align: justify;\">Com a demanda crescente, migramos para a produ\u00e7\u00e3o em formato convencional, primeiro em Belo Horizonte, depois, no interior de S\u00e3o Paulo, at\u00e9 definirmos como base para impress\u00f5es o Rio de Janeiro. At\u00e9 2024, publicamos em diversos formatos e g\u00eaneros, sob padr\u00f5es gr\u00e1ficos e editoriais consolidados ao longo tempo e do ac\u00famulo de experi\u00eancia, garantindo nossa identidade e qualidade das publica\u00e7\u00f5es. Foram mais de 2 mil t\u00edtulos de obras individuais e coletivas, entre narrativas, poesia, ensaio e infanto-juvenil.<\/p>\n<p style=\"text-align: justify;\">Em 2024, Leonardo Costaneto e Leonardo Chagas, diretor-geral, adquiriram a Cabur\u00e9 Libros, a mesma em que Costaneto come\u00e7ou a produzir livros em formato artesanal. Situada no bairro de San Telmo, a livraria \u00e9 uma das principais da capital argentina e passou a ser, tamb\u00e9m, editora, reunindo autores de quase todas as prov\u00edncias do pa\u00eds. No mesmo ano, Costaneto inaugurou a Mercador Editorial, baseada em Lisboa e voltada para autores da lusofonia, com foco na Europa. Em 2025, lan\u00e7amos a Kuntur, no Peru, a Oro y Plata, no Uruguai, e a Alicanto, no Chile, para promover e conectar nossos autores da Am\u00e9rica do Sul.<\/p>\n<p style=\"text-align: justify;\">Olavo Romano, nosso primeiro editor s\u00eanior e cujo trabalho foi decisivo para nosso crescimento, Maria Jos\u00e9 de Queiroz e Angelo Machado, Maria Val\u00e9ria Rezende e Andreia Fernandes, D\u00e9cio Torres Cruz, M\u00e1rcio Mau\u00e9s e Sandra Godinho, Jozias Benedicto e Tonico Mercador, s\u00e3o alguns dos nossos mais prestigiados autores, que confiaram sua obra e nome \u00e0 Caravana para que cheg\u00e1ssemos at\u00e9 aqui e encontrar voc\u00ea!<\/p>\n\n\t\t<\/div>\n\t<\/div>\n<\/div><\/div><\/div><\/div>\n<\/div>","protected":false},"excerpt":{"rendered":"A Caravana Grupo Editorial nasceu da vontade do nosso editor s\u00eanior, Leonardo Costaneto, de publicar seus livros e dos colegas. Naquela \u00e9poca, com uma publica\u00e7\u00e3o independente, ele viajou por Minas","protected":false},"author":1,"featured_media":99669,"parent":0,"menu_order":0,"comment_status":"closed","ping_status":"closed","template":"","meta":{"_acf_changed":false,"jetpack_post_was_ever_published":false,"_joinchat":[],"footnotes":""},"class_list":["post-2494","page","type-page","status-publish","has-post-thumbnail","hentry"],"acf":[],"yoast_head":"<!-- This site is optimized with the Yoast SEO plugin v27.2 - https:\/\/yoast.com\/product\/yoast-seo-wordpress\/ -->\n<title>sobre nos - Caravana Grupo Editorial<\/title>\n<meta name=\"description\" content=\"A Caravana Grupo Editorial nasceu da vontade do nosso editor s\u00eanior, Leonardo Costaneto, de publicar seus livros e dos colegas. Naquela \u00e9poca, com uma publica\u00e7\u00e3o independente, ele viajou por Minas Gerais e algumas capitais do pa\u00eds, at\u00e9 chegar a Buenos Aires. De l\u00e1, voltou com a ideia de produzir livros artesanais na Argentina, para onde ia v\u00e1rias vezes trazendo caixas e mais caixas de exemplares que eram distribu\u00eddos pelo Brasil. O primeiro lan\u00e7amento, da ent\u00e3o Sangre Editorial, ocorreu em 23 de mar\u00e7o de 2019, em Belo Horizonte, na Biblioteca P\u00fablica Estadual, num evento coletivo que reuniu mais de 40 escritores de diversas regi\u00f5es. Apesar de pequena, j\u00e1 \u00e9ramos valentes!\" \/>\n<meta name=\"robots\" content=\"index, follow, max-snippet:-1, max-image-preview:large, max-video-preview:-1\" \/>\n<link rel=\"canonical\" href=\"https:\/\/caravanagrupoeditorial.com\/pt\/sobre-nos\/\" \/>\n<meta property=\"og:locale\" content=\"pt_PT\" \/>\n<meta property=\"og:type\" content=\"article\" \/>\n<meta property=\"og:title\" content=\"sobre nos - Caravana Grupo Editorial\" \/>\n<meta property=\"og:description\" content=\"A Caravana Grupo Editorial nasceu da vontade do nosso editor s\u00eanior, Leonardo Costaneto, de publicar seus livros e dos colegas. Naquela \u00e9poca, com uma publica\u00e7\u00e3o independente, ele viajou por Minas Gerais e algumas capitais do pa\u00eds, at\u00e9 chegar a Buenos Aires. De l\u00e1, voltou com a ideia de produzir livros artesanais na Argentina, para onde ia v\u00e1rias vezes trazendo caixas e mais caixas de exemplares que eram distribu\u00eddos pelo Brasil. O primeiro lan\u00e7amento, da ent\u00e3o Sangre Editorial, ocorreu em 23 de mar\u00e7o de 2019, em Belo Horizonte, na Biblioteca P\u00fablica Estadual, num evento coletivo que reuniu mais de 40 escritores de diversas regi\u00f5es. Apesar de pequena, j\u00e1 \u00e9ramos valentes!\" \/>\n<meta property=\"og:url\" content=\"https:\/\/caravanagrupoeditorial.com\/pt\/sobre-nos\/\" \/>\n<meta property=\"og:site_name\" content=\"Caravana Grupo Editorial\" \/>\n<meta property=\"article:publisher\" content=\"https:\/\/www.facebook.com\/caravanagrupoeditorial\" \/>\n<meta property=\"article:modified_time\" content=\"2026-02-05T21:38:11+00:00\" \/>\n<meta property=\"og:image\" content=\"https:\/\/i0.wp.com\/caravanagrupoeditorial.com\/wp-content\/uploads\/2026\/02\/banner-caravana-1.png?fit=950%2C350&ssl=1\" \/>\n\t<meta property=\"og:image:width\" content=\"950\" \/>\n\t<meta property=\"og:image:height\" content=\"350\" \/>\n\t<meta property=\"og:image:type\" content=\"image\/png\" \/>\n<meta name=\"twitter:card\" content=\"summary_large_image\" \/>\n<meta name=\"twitter:label1\" content=\"Tempo estimado de leitura\" \/>\n\t<meta name=\"twitter:data1\" content=\"3 minutos\" \/>\n<script type=\"application\/ld+json\" class=\"yoast-schema-graph\">{\"@context\":\"https:\/\/schema.org\",\"@graph\":[{\"@type\":\"WebPage\",\"@id\":\"https:\/\/caravanagrupoeditorial.com\/sobre-nos\/\",\"url\":\"https:\/\/caravanagrupoeditorial.com\/sobre-nos\/\",\"name\":\"sobre nos - Caravana Grupo Editorial\",\"isPartOf\":{\"@id\":\"https:\/\/caravanagrupoeditorial.com\/#website\"},\"primaryImageOfPage\":{\"@id\":\"https:\/\/caravanagrupoeditorial.com\/sobre-nos\/#primaryimage\"},\"image\":{\"@id\":\"https:\/\/caravanagrupoeditorial.com\/sobre-nos\/#primaryimage\"},\"thumbnailUrl\":\"https:\/\/i0.wp.com\/caravanagrupoeditorial.com\/wp-content\/uploads\/2026\/02\/banner-caravana-1.png?fit=950%2C350&ssl=1\",\"datePublished\":\"2024-02-04T08:41:44+00:00\",\"dateModified\":\"2026-02-05T21:38:11+00:00\",\"description\":\"A Caravana Grupo Editorial nasceu da vontade do nosso editor s\u00eanior, Leonardo Costaneto, de publicar seus livros e dos colegas. Naquela \u00e9poca, com uma publica\u00e7\u00e3o independente, ele viajou por Minas Gerais e algumas capitais do pa\u00eds, at\u00e9 chegar a Buenos Aires. De l\u00e1, voltou com a ideia de produzir livros artesanais na Argentina, para onde ia v\u00e1rias vezes trazendo caixas e mais caixas de exemplares que eram distribu\u00eddos pelo Brasil. O primeiro lan\u00e7amento, da ent\u00e3o Sangre Editorial, ocorreu em 23 de mar\u00e7o de 2019, em Belo Horizonte, na Biblioteca P\u00fablica Estadual, num evento coletivo que reuniu mais de 40 escritores de diversas regi\u00f5es. Apesar de pequena, j\u00e1 \u00e9ramos valentes!\",\"breadcrumb\":{\"@id\":\"https:\/\/caravanagrupoeditorial.com\/sobre-nos\/#breadcrumb\"},\"inLanguage\":\"pt-PT\",\"potentialAction\":[{\"@type\":\"ReadAction\",\"target\":[\"https:\/\/caravanagrupoeditorial.com\/sobre-nos\/\"]}]},{\"@type\":\"ImageObject\",\"inLanguage\":\"pt-PT\",\"@id\":\"https:\/\/caravanagrupoeditorial.com\/sobre-nos\/#primaryimage\",\"url\":\"https:\/\/i0.wp.com\/caravanagrupoeditorial.com\/wp-content\/uploads\/2026\/02\/banner-caravana-1.png?fit=950%2C350&ssl=1\",\"contentUrl\":\"https:\/\/i0.wp.com\/caravanagrupoeditorial.com\/wp-content\/uploads\/2026\/02\/banner-caravana-1.png?fit=950%2C350&ssl=1\",\"width\":950,\"height\":350},{\"@type\":\"BreadcrumbList\",\"@id\":\"https:\/\/caravanagrupoeditorial.com\/sobre-nos\/#breadcrumb\",\"itemListElement\":[{\"@type\":\"ListItem\",\"position\":1,\"name\":\"In\u00edcio\",\"item\":\"https:\/\/caravanagrupoeditorial.com\/\"},{\"@type\":\"ListItem\",\"position\":2,\"name\":\"sobre nos\"}]},{\"@type\":\"WebSite\",\"@id\":\"https:\/\/caravanagrupoeditorial.com\/#website\",\"url\":\"https:\/\/caravanagrupoeditorial.com\/\",\"name\":\"Caravana Grupo Editorial\",\"description\":\"\",\"publisher\":{\"@id\":\"https:\/\/caravanagrupoeditorial.com\/#organization\"},\"potentialAction\":[{\"@type\":\"SearchAction\",\"target\":{\"@type\":\"EntryPoint\",\"urlTemplate\":\"https:\/\/caravanagrupoeditorial.com\/?s={search_term_string}\"},\"query-input\":{\"@type\":\"PropertyValueSpecification\",\"valueRequired\":true,\"valueName\":\"search_term_string\"}}],\"inLanguage\":\"pt-PT\"},{\"@type\":\"Organization\",\"@id\":\"https:\/\/caravanagrupoeditorial.com\/#organization\",\"name\":\"Caravana Grupo Editorial\",\"url\":\"https:\/\/caravanagrupoeditorial.com\/\",\"logo\":{\"@type\":\"ImageObject\",\"inLanguage\":\"pt-PT\",\"@id\":\"https:\/\/caravanagrupoeditorial.com\/#\/schema\/logo\/image\/\",\"url\":\"https:\/\/caravanagrupoeditorial.com\/wp-content\/uploads\/2024\/02\/cropped-Logo_Caravana.png\",\"contentUrl\":\"https:\/\/caravanagrupoeditorial.com\/wp-content\/uploads\/2024\/02\/cropped-Logo_Caravana.png\",\"width\":512,\"height\":512,\"caption\":\"Caravana Grupo Editorial\"},\"image\":{\"@id\":\"https:\/\/caravanagrupoeditorial.com\/#\/schema\/logo\/image\/\"},\"sameAs\":[\"https:\/\/www.facebook.com\/caravanagrupoeditorial\",\"https:\/\/www.instagram.com\/caravanagrupoeditorial\/?hl=pt-br\",\"https:\/\/www.youtube.com\/channel\/UCdD-xosEkpHCeRn2nDLiXfQ\"]}]}<\/script>\n<!-- \/ Yoast SEO plugin. -->","yoast_head_json":{"title":"sobre nos - Caravana Grupo Editorial","description":"A Caravana Grupo Editorial nasceu da vontade do nosso editor s\u00eanior, Leonardo Costaneto, de publicar seus livros e dos colegas. Naquela \u00e9poca, com uma publica\u00e7\u00e3o independente, ele viajou por Minas Gerais e algumas capitais do pa\u00eds, at\u00e9 chegar a Buenos Aires. De l\u00e1, voltou com a ideia de produzir livros artesanais na Argentina, para onde ia v\u00e1rias vezes trazendo caixas e mais caixas de exemplares que eram distribu\u00eddos pelo Brasil. O primeiro lan\u00e7amento, da ent\u00e3o Sangre Editorial, ocorreu em 23 de mar\u00e7o de 2019, em Belo Horizonte, na Biblioteca P\u00fablica Estadual, num evento coletivo que reuniu mais de 40 escritores de diversas regi\u00f5es. Apesar de pequena, j\u00e1 \u00e9ramos valentes!","robots":{"index":"index","follow":"follow","max-snippet":"max-snippet:-1","max-image-preview":"max-image-preview:large","max-video-preview":"max-video-preview:-1"},"canonical":"https:\/\/caravanagrupoeditorial.com\/pt\/sobre-nos\/","og_locale":"pt_PT","og_type":"article","og_title":"sobre nos - Caravana Grupo Editorial","og_description":"A Caravana Grupo Editorial nasceu da vontade do nosso editor s\u00eanior, Leonardo Costaneto, de publicar seus livros e dos colegas. Naquela \u00e9poca, com uma publica\u00e7\u00e3o independente, ele viajou por Minas Gerais e algumas capitais do pa\u00eds, at\u00e9 chegar a Buenos Aires. De l\u00e1, voltou com a ideia de produzir livros artesanais na Argentina, para onde ia v\u00e1rias vezes trazendo caixas e mais caixas de exemplares que eram distribu\u00eddos pelo Brasil. O primeiro lan\u00e7amento, da ent\u00e3o Sangre Editorial, ocorreu em 23 de mar\u00e7o de 2019, em Belo Horizonte, na Biblioteca P\u00fablica Estadual, num evento coletivo que reuniu mais de 40 escritores de diversas regi\u00f5es. Apesar de pequena, j\u00e1 \u00e9ramos valentes!","og_url":"https:\/\/caravanagrupoeditorial.com\/pt\/sobre-nos\/","og_site_name":"Caravana Grupo Editorial","article_publisher":"https:\/\/www.facebook.com\/caravanagrupoeditorial","article_modified_time":"2026-02-05T21:38:11+00:00","og_image":[{"width":950,"height":350,"url":"https:\/\/i0.wp.com\/caravanagrupoeditorial.com\/wp-content\/uploads\/2026\/02\/banner-caravana-1.png?fit=950%2C350&ssl=1","type":"image\/png"}],"twitter_card":"summary_large_image","twitter_misc":{"Tempo estimado de leitura":"3 minutos"},"schema":{"@context":"https:\/\/schema.org","@graph":[{"@type":"WebPage","@id":"https:\/\/caravanagrupoeditorial.com\/sobre-nos\/","url":"https:\/\/caravanagrupoeditorial.com\/sobre-nos\/","name":"sobre nos - Caravana Grupo Editorial","isPartOf":{"@id":"https:\/\/caravanagrupoeditorial.com\/#website"},"primaryImageOfPage":{"@id":"https:\/\/caravanagrupoeditorial.com\/sobre-nos\/#primaryimage"},"image":{"@id":"https:\/\/caravanagrupoeditorial.com\/sobre-nos\/#primaryimage"},"thumbnailUrl":"https:\/\/i0.wp.com\/caravanagrupoeditorial.com\/wp-content\/uploads\/2026\/02\/banner-caravana-1.png?fit=950%2C350&ssl=1","datePublished":"2024-02-04T08:41:44+00:00","dateModified":"2026-02-05T21:38:11+00:00","description":"A Caravana Grupo Editorial nasceu da vontade do nosso editor s\u00eanior, Leonardo Costaneto, de publicar seus livros e dos colegas. Naquela \u00e9poca, com uma publica\u00e7\u00e3o independente, ele viajou por Minas Gerais e algumas capitais do pa\u00eds, at\u00e9 chegar a Buenos Aires. De l\u00e1, voltou com a ideia de produzir livros artesanais na Argentina, para onde ia v\u00e1rias vezes trazendo caixas e mais caixas de exemplares que eram distribu\u00eddos pelo Brasil. O primeiro lan\u00e7amento, da ent\u00e3o Sangre Editorial, ocorreu em 23 de mar\u00e7o de 2019, em Belo Horizonte, na Biblioteca P\u00fablica Estadual, num evento coletivo que reuniu mais de 40 escritores de diversas regi\u00f5es. Apesar de pequena, j\u00e1 \u00e9ramos valentes!","breadcrumb":{"@id":"https:\/\/caravanagrupoeditorial.com\/sobre-nos\/#breadcrumb"},"inLanguage":"pt-PT","potentialAction":[{"@type":"ReadAction","target":["https:\/\/caravanagrupoeditorial.com\/sobre-nos\/"]}]},{"@type":"ImageObject","inLanguage":"pt-PT","@id":"https:\/\/caravanagrupoeditorial.com\/sobre-nos\/#primaryimage","url":"https:\/\/i0.wp.com\/caravanagrupoeditorial.com\/wp-content\/uploads\/2026\/02\/banner-caravana-1.png?fit=950%2C350&ssl=1","contentUrl":"https:\/\/i0.wp.com\/caravanagrupoeditorial.com\/wp-content\/uploads\/2026\/02\/banner-caravana-1.png?fit=950%2C350&ssl=1","width":950,"height":350},{"@type":"BreadcrumbList","@id":"https:\/\/caravanagrupoeditorial.com\/sobre-nos\/#breadcrumb","itemListElement":[{"@type":"ListItem","position":1,"name":"In\u00edcio","item":"https:\/\/caravanagrupoeditorial.com\/"},{"@type":"ListItem","position":2,"name":"sobre nos"}]},{"@type":"WebSite","@id":"https:\/\/caravanagrupoeditorial.com\/#website","url":"https:\/\/caravanagrupoeditorial.com\/","name":"Cat\u00e1logo - Mercador Editorial","description":"","publisher":{"@id":"https:\/\/caravanagrupoeditorial.com\/#organization"},"potentialAction":[{"@type":"SearchAction","target":{"@type":"EntryPoint","urlTemplate":"https:\/\/caravanagrupoeditorial.com\/?s={search_term_string}"},"query-input":{"@type":"PropertyValueSpecification","valueRequired":true,"valueName":"search_term_string"}}],"inLanguage":"pt-PT"},{"@type":"Organization","@id":"https:\/\/caravanagrupoeditorial.com\/#organization","name":"Cat\u00e1logo - Mercador Editorial","url":"https:\/\/caravanagrupoeditorial.com\/","logo":{"@type":"ImageObject","inLanguage":"pt-PT","@id":"https:\/\/caravanagrupoeditorial.com\/#\/schema\/logo\/image\/","url":"https:\/\/caravanagrupoeditorial.com\/wp-content\/uploads\/2024\/02\/cropped-Logo_Caravana.png","contentUrl":"https:\/\/caravanagrupoeditorial.com\/wp-content\/uploads\/2024\/02\/cropped-Logo_Caravana.png","width":512,"height":512,"caption":"Caravana Grupo Editorial"},"image":{"@id":"https:\/\/caravanagrupoeditorial.com\/#\/schema\/logo\/image\/"},"sameAs":["https:\/\/www.facebook.com\/caravanagrupoeditorial","https:\/\/www.instagram.com\/caravanagrupoeditorial\/?hl=pt-br","https:\/\/www.youtube.com\/channel\/UCdD-xosEkpHCeRn2nDLiXfQ"]}]}},"jetpack_sharing_enabled":true,"_links":{"self":[{"href":"https:\/\/caravanagrupoeditorial.com\/pt\/wp-json\/wp\/v2\/pages\/2494","targetHints":{"allow":["GET"]}}],"collection":[{"href":"https:\/\/caravanagrupoeditorial.com\/pt\/wp-json\/wp\/v2\/pages"}],"about":[{"href":"https:\/\/caravanagrupoeditorial.com\/pt\/wp-json\/wp\/v2\/types\/page"}],"author":[{"embeddable":true,"href":"https:\/\/caravanagrupoeditorial.com\/pt\/wp-json\/wp\/v2\/users\/1"}],"replies":[{"embeddable":true,"href":"https:\/\/caravanagrupoeditorial.com\/pt\/wp-json\/wp\/v2\/comments?post=2494"}],"version-history":[{"count":8,"href":"https:\/\/caravanagrupoeditorial.com\/pt\/wp-json\/wp\/v2\/pages\/2494\/revisions"}],"predecessor-version":[{"id":99672,"href":"https:\/\/caravanagrupoeditorial.com\/pt\/wp-json\/wp\/v2\/pages\/2494\/revisions\/99672"}],"wp:featuredmedia":[{"embeddable":true,"href":"https:\/\/caravanagrupoeditorial.com\/pt\/wp-json\/wp\/v2\/media\/99669"}],"wp:attachment":[{"href":"https:\/\/caravanagrupoeditorial.com\/pt\/wp-json\/wp\/v2\/media?parent=2494"}],"curies":[{"name":"wp","href":"https:\/\/api.w.org\/{rel}","templated":true}]}}