{"id":1112649,"date":"2026-04-09T23:24:24","date_gmt":"2026-04-10T02:24:24","guid":{"rendered":"https:\/\/caravanagrupoeditorial.com\/?post_type=product&#038;p=1112649"},"modified":"2026-04-09T23:29:48","modified_gmt":"2026-04-10T02:29:48","slug":"en-la-busqueda-del-fuego","status":"publish","type":"product","link":"https:\/\/caravanagrupoeditorial.com\/es_uy\/livros\/en-la-busqueda-del-fuego\/","title":{"rendered":"En la b\u00fasqueda del fuego"},"content":{"rendered":"<p style=\"text-align: justify;\">Emiliano Garrido, el poeta, comenz\u00f3 a escribir como una necesidad \u00edntima, casi urgente. Con el tiempo, esa pulsi\u00f3n se transform\u00f3 en un territorio de juego y exploraci\u00f3n, donde el poema aparece como forma de estar en el mundo. En la b\u00fasqueda de un ritmo m\u00e1s calmo, el autor imagin\u00f3 \u2014y a veces habit\u00f3\u2014 una vida cerca de los pinos y de la naturaleza, como si all\u00ed pudiera encenderse un fuego esencial: el de la palabra limpia.<br \/>\nEn la b\u00fasqueda del fuego re\u00fane poemas atravesados por esa tensi\u00f3n. El deseo de escapar del v\u00e9rtigo cotidiano convive con la imposibilidad de esquivar del todo el ruido de la vida contempor\u00e1nea. Hay aqu\u00ed reflexiones sobre los v\u00ednculos, la deriva existencial, el autoconocimiento, los excesos, la m\u00fasica y la observaci\u00f3n del entorno.<br \/>\nEsta primera antolog\u00eda propone la poes\u00eda como espacio de libertad y sinceridad posible, e invita al lector a acercarse al fuego no para poseerlo, sino para dejarse intrigar por su luz.<\/p>","protected":false},"excerpt":{"rendered":"<p>Emiliano Garrido, el poeta, comenz\u00f3 a escribir como una necesidad \u00edntima, casi urgente. Con el tiempo, esa pulsi\u00f3n se transform\u00f3 en un territorio de juego y exploraci\u00f3n, donde el poema<\/p>","protected":false},"featured_media":1112651,"comment_status":"open","ping_status":"closed","template":"","meta":{"_acf_changed":false,"jetpack_post_was_ever_published":true,"_joinchat":[]},"pwb-brand":[20724],"product_brand":[],"product_cat":[20634,169,19942],"product_tag":[136,835,137,23],"editora":[20627],"class_list":{"0":"post-1112649","1":"product","2":"type-product","3":"status-publish","4":"has-post-thumbnail","6":"pwb-brand-emiliano-garrido","7":"product_cat-oroyplata","8":"product_cat-poesia","9":"product_cat-pre-venda","10":"product_tag-caravana","11":"product_tag-caravanagrupoeditorial","12":"product_tag-editoraindependente","13":"product_tag-literatura","14":"editora-oro-y-plata","15":"pre_capa-pre-capa","17":"first","18":"instock","19":"shipping-taxable","20":"purchasable","21":"product-type-simple"},"acf":[],"yoast_head":"<!-- This site is optimized with the Yoast SEO plugin v27.2 - https:\/\/yoast.com\/product\/yoast-seo-wordpress\/ -->\n<title>En la b\u00fasqueda del fuego - Caravana Grupo Editorial<\/title>\n<meta name=\"robots\" content=\"index, follow, max-snippet:-1, max-image-preview:large, max-video-preview:-1\" \/>\n<link rel=\"canonical\" href=\"https:\/\/caravanagrupoeditorial.com\/es_uy\/livros\/en-la-busqueda-del-fuego\/\" \/>\n<meta property=\"og:locale\" content=\"es_ES\" \/>\n<meta property=\"og:type\" content=\"article\" \/>\n<meta property=\"og:title\" content=\"En la b\u00fasqueda del fuego - Caravana Grupo Editorial\" \/>\n<meta property=\"og:description\" content=\"Emiliano Garrido, el poeta, comenz\u00f3 a escribir como una necesidad \u00edntima, casi urgente. Con el tiempo, esa pulsi\u00f3n se transform\u00f3 en un territorio de juego y exploraci\u00f3n, donde el poema\" \/>\n<meta property=\"og:url\" content=\"https:\/\/caravanagrupoeditorial.com\/es_uy\/livros\/en-la-busqueda-del-fuego\/\" \/>\n<meta property=\"og:site_name\" content=\"Caravana Grupo Editorial\" \/>\n<meta property=\"article:publisher\" content=\"https:\/\/www.facebook.com\/caravanagrupoeditorial\" \/>\n<meta property=\"article:modified_time\" content=\"2026-04-10T02:29:48+00:00\" \/>\n<meta property=\"og:image\" content=\"https:\/\/caravanagrupoeditorial.com\/wp-content\/uploads\/2026\/04\/MOCKUP_-En-la-busqueda-del-fuego-Lucas-Braga-Dos-Anjos-800x800.png\" \/>\n\t<meta property=\"og:image:width\" content=\"800\" \/>\n\t<meta property=\"og:image:height\" content=\"800\" \/>\n\t<meta property=\"og:image:type\" content=\"image\/png\" \/>\n<meta name=\"twitter:card\" content=\"summary_large_image\" \/>\n<meta name=\"twitter:label1\" content=\"Est. reading time\" \/>\n\t<meta name=\"twitter:data1\" content=\"1 minuto\" \/>\n<script type=\"application\/ld+json\" class=\"yoast-schema-graph\">{\"@context\":\"https:\/\/schema.org\",\"@graph\":[{\"@type\":\"WebPage\",\"@id\":\"https:\/\/caravanagrupoeditorial.com\/livros\/en-la-busqueda-del-fuego\/\",\"url\":\"https:\/\/caravanagrupoeditorial.com\/livros\/en-la-busqueda-del-fuego\/\",\"name\":\"En la b\u00fasqueda del fuego - Caravana Grupo Editorial\",\"isPartOf\":{\"@id\":\"https:\/\/caravanagrupoeditorial.com\/#website\"},\"primaryImageOfPage\":{\"@id\":\"https:\/\/caravanagrupoeditorial.com\/livros\/en-la-busqueda-del-fuego\/#primaryimage\"},\"image\":{\"@id\":\"https:\/\/caravanagrupoeditorial.com\/livros\/en-la-busqueda-del-fuego\/#primaryimage\"},\"thumbnailUrl\":\"https:\/\/i0.wp.com\/caravanagrupoeditorial.com\/wp-content\/uploads\/2026\/04\/MOCKUP_-En-la-busqueda-del-fuego-Lucas-Braga-Dos-Anjos.png?fit=1600%2C1600&ssl=1\",\"datePublished\":\"2026-04-10T02:24:24+00:00\",\"dateModified\":\"2026-04-10T02:29:48+00:00\",\"breadcrumb\":{\"@id\":\"https:\/\/caravanagrupoeditorial.com\/livros\/en-la-busqueda-del-fuego\/#breadcrumb\"},\"inLanguage\":\"es-UY\",\"potentialAction\":[{\"@type\":\"ReadAction\",\"target\":[\"https:\/\/caravanagrupoeditorial.com\/livros\/en-la-busqueda-del-fuego\/\"]}]},{\"@type\":\"ImageObject\",\"inLanguage\":\"es-UY\",\"@id\":\"https:\/\/caravanagrupoeditorial.com\/livros\/en-la-busqueda-del-fuego\/#primaryimage\",\"url\":\"https:\/\/i0.wp.com\/caravanagrupoeditorial.com\/wp-content\/uploads\/2026\/04\/MOCKUP_-En-la-busqueda-del-fuego-Lucas-Braga-Dos-Anjos.png?fit=1600%2C1600&ssl=1\",\"contentUrl\":\"https:\/\/i0.wp.com\/caravanagrupoeditorial.com\/wp-content\/uploads\/2026\/04\/MOCKUP_-En-la-busqueda-del-fuego-Lucas-Braga-Dos-Anjos.png?fit=1600%2C1600&ssl=1\",\"width\":1600,\"height\":1600},{\"@type\":\"BreadcrumbList\",\"@id\":\"https:\/\/caravanagrupoeditorial.com\/livros\/en-la-busqueda-del-fuego\/#breadcrumb\",\"itemListElement\":[{\"@type\":\"ListItem\",\"position\":1,\"name\":\"In\u00edcio\",\"item\":\"https:\/\/caravanagrupoeditorial.com\/\"},{\"@type\":\"ListItem\",\"position\":2,\"name\":\"Shop\",\"item\":\"https:\/\/caravanagrupoeditorial.com\/shop\/\"},{\"@type\":\"ListItem\",\"position\":3,\"name\":\"En la b\u00fasqueda del fuego\"}]},{\"@type\":\"WebSite\",\"@id\":\"https:\/\/caravanagrupoeditorial.com\/#website\",\"url\":\"https:\/\/caravanagrupoeditorial.com\/\",\"name\":\"Caravana Grupo Editorial\",\"description\":\"\",\"publisher\":{\"@id\":\"https:\/\/caravanagrupoeditorial.com\/#organization\"},\"potentialAction\":[{\"@type\":\"SearchAction\",\"target\":{\"@type\":\"EntryPoint\",\"urlTemplate\":\"https:\/\/caravanagrupoeditorial.com\/?s={search_term_string}\"},\"query-input\":{\"@type\":\"PropertyValueSpecification\",\"valueRequired\":true,\"valueName\":\"search_term_string\"}}],\"inLanguage\":\"es-UY\"},{\"@type\":\"Organization\",\"@id\":\"https:\/\/caravanagrupoeditorial.com\/#organization\",\"name\":\"Caravana Grupo Editorial\",\"url\":\"https:\/\/caravanagrupoeditorial.com\/\",\"logo\":{\"@type\":\"ImageObject\",\"inLanguage\":\"es-UY\",\"@id\":\"https:\/\/caravanagrupoeditorial.com\/#\/schema\/logo\/image\/\",\"url\":\"https:\/\/caravanagrupoeditorial.com\/wp-content\/uploads\/2024\/02\/cropped-Logo_Caravana.png\",\"contentUrl\":\"https:\/\/caravanagrupoeditorial.com\/wp-content\/uploads\/2024\/02\/cropped-Logo_Caravana.png\",\"width\":512,\"height\":512,\"caption\":\"Caravana Grupo Editorial\"},\"image\":{\"@id\":\"https:\/\/caravanagrupoeditorial.com\/#\/schema\/logo\/image\/\"},\"sameAs\":[\"https:\/\/www.facebook.com\/caravanagrupoeditorial\",\"https:\/\/www.instagram.com\/caravanagrupoeditorial\/?hl=pt-br\",\"https:\/\/www.youtube.com\/channel\/UCdD-xosEkpHCeRn2nDLiXfQ\"]}]}<\/script>\n<!-- \/ Yoast SEO plugin. -->","yoast_head_json":{"title":"En la b\u00fasqueda del fuego - Caravana Grupo Editorial","robots":{"index":"index","follow":"follow","max-snippet":"max-snippet:-1","max-image-preview":"max-image-preview:large","max-video-preview":"max-video-preview:-1"},"canonical":"https:\/\/caravanagrupoeditorial.com\/es_uy\/livros\/en-la-busqueda-del-fuego\/","og_locale":"es_ES","og_type":"article","og_title":"En la b\u00fasqueda del fuego - Caravana Grupo Editorial","og_description":"Emiliano Garrido, el poeta, comenz\u00f3 a escribir como una necesidad \u00edntima, casi urgente. Con el tiempo, esa pulsi\u00f3n se transform\u00f3 en un territorio de juego y exploraci\u00f3n, donde el poema","og_url":"https:\/\/caravanagrupoeditorial.com\/es_uy\/livros\/en-la-busqueda-del-fuego\/","og_site_name":"Caravana Grupo Editorial","article_publisher":"https:\/\/www.facebook.com\/caravanagrupoeditorial","article_modified_time":"2026-04-10T02:29:48+00:00","og_image":[{"width":800,"height":800,"url":"https:\/\/caravanagrupoeditorial.com\/wp-content\/uploads\/2026\/04\/MOCKUP_-En-la-busqueda-del-fuego-Lucas-Braga-Dos-Anjos-800x800.png","type":"image\/png"}],"twitter_card":"summary_large_image","twitter_misc":{"Est. reading time":"1 minuto"},"schema":{"@context":"https:\/\/schema.org","@graph":[{"@type":"WebPage","@id":"https:\/\/caravanagrupoeditorial.com\/livros\/en-la-busqueda-del-fuego\/","url":"https:\/\/caravanagrupoeditorial.com\/livros\/en-la-busqueda-del-fuego\/","name":"En la b\u00fasqueda del fuego - Caravana Grupo Editorial","isPartOf":{"@id":"https:\/\/caravanagrupoeditorial.com\/#website"},"primaryImageOfPage":{"@id":"https:\/\/caravanagrupoeditorial.com\/livros\/en-la-busqueda-del-fuego\/#primaryimage"},"image":{"@id":"https:\/\/caravanagrupoeditorial.com\/livros\/en-la-busqueda-del-fuego\/#primaryimage"},"thumbnailUrl":"https:\/\/i0.wp.com\/caravanagrupoeditorial.com\/wp-content\/uploads\/2026\/04\/MOCKUP_-En-la-busqueda-del-fuego-Lucas-Braga-Dos-Anjos.png?fit=1600%2C1600&ssl=1","datePublished":"2026-04-10T02:24:24+00:00","dateModified":"2026-04-10T02:29:48+00:00","breadcrumb":{"@id":"https:\/\/caravanagrupoeditorial.com\/livros\/en-la-busqueda-del-fuego\/#breadcrumb"},"inLanguage":"es-UY","potentialAction":[{"@type":"ReadAction","target":["https:\/\/caravanagrupoeditorial.com\/livros\/en-la-busqueda-del-fuego\/"]}]},{"@type":"ImageObject","inLanguage":"es-UY","@id":"https:\/\/caravanagrupoeditorial.com\/livros\/en-la-busqueda-del-fuego\/#primaryimage","url":"https:\/\/i0.wp.com\/caravanagrupoeditorial.com\/wp-content\/uploads\/2026\/04\/MOCKUP_-En-la-busqueda-del-fuego-Lucas-Braga-Dos-Anjos.png?fit=1600%2C1600&ssl=1","contentUrl":"https:\/\/i0.wp.com\/caravanagrupoeditorial.com\/wp-content\/uploads\/2026\/04\/MOCKUP_-En-la-busqueda-del-fuego-Lucas-Braga-Dos-Anjos.png?fit=1600%2C1600&ssl=1","width":1600,"height":1600},{"@type":"BreadcrumbList","@id":"https:\/\/caravanagrupoeditorial.com\/livros\/en-la-busqueda-del-fuego\/#breadcrumb","itemListElement":[{"@type":"ListItem","position":1,"name":"In\u00edcio","item":"https:\/\/caravanagrupoeditorial.com\/"},{"@type":"ListItem","position":2,"name":"Shop","item":"https:\/\/caravanagrupoeditorial.com\/shop\/"},{"@type":"ListItem","position":3,"name":"En la b\u00fasqueda del fuego"}]},{"@type":"WebSite","@id":"https:\/\/caravanagrupoeditorial.com\/#website","url":"https:\/\/caravanagrupoeditorial.com\/","name":"Cat\u00e1logo Oro y Plata Editorial","description":"","publisher":{"@id":"https:\/\/caravanagrupoeditorial.com\/#organization"},"potentialAction":[{"@type":"SearchAction","target":{"@type":"EntryPoint","urlTemplate":"https:\/\/caravanagrupoeditorial.com\/?s={search_term_string}"},"query-input":{"@type":"PropertyValueSpecification","valueRequired":true,"valueName":"search_term_string"}}],"inLanguage":"es-UY"},{"@type":"Organization","@id":"https:\/\/caravanagrupoeditorial.com\/#organization","name":"Cat\u00e1logo Oro y Plata Editorial","url":"https:\/\/caravanagrupoeditorial.com\/","logo":{"@type":"ImageObject","inLanguage":"es-UY","@id":"https:\/\/caravanagrupoeditorial.com\/#\/schema\/logo\/image\/","url":"https:\/\/caravanagrupoeditorial.com\/wp-content\/uploads\/2024\/02\/cropped-Logo_Caravana.png","contentUrl":"https:\/\/caravanagrupoeditorial.com\/wp-content\/uploads\/2024\/02\/cropped-Logo_Caravana.png","width":512,"height":512,"caption":"Caravana Grupo Editorial"},"image":{"@id":"https:\/\/caravanagrupoeditorial.com\/#\/schema\/logo\/image\/"},"sameAs":["https:\/\/www.facebook.com\/caravanagrupoeditorial","https:\/\/www.instagram.com\/caravanagrupoeditorial\/?hl=pt-br","https:\/\/www.youtube.com\/channel\/UCdD-xosEkpHCeRn2nDLiXfQ"]}]}},"jetpack_sharing_enabled":true,"brands":[{"id":20724,"name":"Emiliano Garrido","slug":"emiliano-garrido"}],"_links":{"self":[{"href":"https:\/\/caravanagrupoeditorial.com\/es_uy\/wp-json\/wp\/v2\/product\/1112649","targetHints":{"allow":["GET"]}}],"collection":[{"href":"https:\/\/caravanagrupoeditorial.com\/es_uy\/wp-json\/wp\/v2\/product"}],"about":[{"href":"https:\/\/caravanagrupoeditorial.com\/es_uy\/wp-json\/wp\/v2\/types\/product"}],"replies":[{"embeddable":true,"href":"https:\/\/caravanagrupoeditorial.com\/es_uy\/wp-json\/wp\/v2\/comments?post=1112649"}],"wp:featuredmedia":[{"embeddable":true,"href":"https:\/\/caravanagrupoeditorial.com\/es_uy\/wp-json\/wp\/v2\/media\/1112651"}],"wp:attachment":[{"href":"https:\/\/caravanagrupoeditorial.com\/es_uy\/wp-json\/wp\/v2\/media?parent=1112649"}],"wp:term":[{"taxonomy":"pwb-brand","embeddable":true,"href":"https:\/\/caravanagrupoeditorial.com\/es_uy\/wp-json\/wp\/v2\/pwb-brand?post=1112649"},{"taxonomy":"product_brand","embeddable":true,"href":"https:\/\/caravanagrupoeditorial.com\/es_uy\/wp-json\/wp\/v2\/product_brand?post=1112649"},{"taxonomy":"product_cat","embeddable":true,"href":"https:\/\/caravanagrupoeditorial.com\/es_uy\/wp-json\/wp\/v2\/product_cat?post=1112649"},{"taxonomy":"product_tag","embeddable":true,"href":"https:\/\/caravanagrupoeditorial.com\/es_uy\/wp-json\/wp\/v2\/product_tag?post=1112649"},{"taxonomy":"editora","embeddable":true,"href":"https:\/\/caravanagrupoeditorial.com\/es_uy\/wp-json\/wp\/v2\/editora?post=1112649"}],"curies":[{"name":"wp","href":"https:\/\/api.w.org\/{rel}","templated":true}]}}