{"id":101976,"date":"2026-04-02T13:56:22","date_gmt":"2026-04-02T16:56:22","guid":{"rendered":"https:\/\/caravanagrupoeditorial.com\/?post_type=product&#038;p=101976"},"modified":"2026-04-02T23:49:27","modified_gmt":"2026-04-03T02:49:27","slug":"brasil","status":"publish","type":"product","link":"https:\/\/caravanagrupoeditorial.com\/es_uy\/livros\/brasil\/","title":{"rendered":"Brasil"},"content":{"rendered":"<p style=\"text-align: justify;\">Sob o atual cen\u00e1rio pol\u00edtico internacional, podemos dizer que o mundo vive uma crise democr\u00e1tica e de respeito \u00e0 soberania de pa\u00edses. As press\u00f5es internacionais, com objetivos puramente econ\u00f4micos, causam, por muitas vezes, o desrespeito a comunidades diversas. Neste contexto, Ontem, 72 anos atr\u00e1s \u00e9 uma obra liter\u00e1ria que traz reflex\u00e3o sobre assuntos relativos n\u00e3o s\u00f3 \u00e0 comunidade judaica, mas tamb\u00e9m procura, atrav\u00e9s da inclus\u00e3o, discorrer sobre outras narrativas que contam vidas cheias de diversidade, como a comunidade roma (ciganos), europeus orientais (lituanos, poloneses etc.), LGBTQIA+, dentre outros, que tamb\u00e9m, e n\u00e3o em menor import\u00e2ncia, foram v\u00edtimas do Holocausto. Erik Whitman explora temas de diversidade, racismo, viol\u00eancia contra a mulher, homofobia, misoginia, \u00f3dio, sobreviv\u00eancia e resili\u00eancia, al\u00e9m de empoderamento feminino, atrav\u00e9s da protagonista Hannah e de sua for\u00e7a monumental em reinventar-se a cada momento na sua luta pela sobreviv\u00eancia e pelo resgate de sua identidade. O processo de pesquisa do autor se deu durante dois anos de pesquisa, participando do coral de uma sinagoga e aprendendo mais sobre a cultura judaica, pesquisando hist\u00f3rias vividas na Segunda Guerra, al\u00e9m de uma longa pesquisa hist\u00f3rica sobre as outras minorias que tamb\u00e9m foram v\u00edtimas do Holocausto, tais como os roma, os europeus orientais e os LGBTQIA+. Na pesquisa e no romance, tamb\u00e9m foram feitas algumas distin\u00e7\u00f5es da cultura judaica sefardi e ashkenazi, para mostrar as diferen\u00e7as entre duas personagens que, em vez de dividi-las, as unem.<\/p>","protected":false},"excerpt":{"rendered":"<p>Sob o atual cen\u00e1rio pol\u00edtico internacional, podemos dizer que o mundo vive uma crise democr\u00e1tica e de respeito \u00e0 soberania de pa\u00edses. As press\u00f5es internacionais, com objetivos puramente econ\u00f4micos, causam,<\/p>","protected":false},"featured_media":101977,"comment_status":"open","ping_status":"closed","template":"","meta":{"_acf_changed":false,"jetpack_post_was_ever_published":true,"_joinchat":[]},"pwb-brand":[20722],"product_brand":[],"product_cat":[171,20634,19942],"product_tag":[136,835,137,23],"editora":[20627],"class_list":{"0":"post-101976","1":"product","2":"type-product","3":"status-publish","4":"has-post-thumbnail","6":"pwb-brand-fernandez-de-palleja","7":"product_cat-contos","8":"product_cat-oroyplata","9":"product_cat-pre-venda","10":"product_tag-caravana","11":"product_tag-caravanagrupoeditorial","12":"product_tag-editoraindependente","13":"product_tag-literatura","14":"editora-oro-y-plata","15":"pre_capa-pre-capa","17":"first","18":"instock","19":"shipping-taxable","20":"purchasable","21":"product-type-simple"},"acf":[],"yoast_head":"<!-- This site is optimized with the Yoast SEO plugin v27.2 - https:\/\/yoast.com\/product\/yoast-seo-wordpress\/ -->\n<title>Brasil - Caravana Grupo Editorial<\/title>\n<meta name=\"robots\" content=\"index, follow, max-snippet:-1, max-image-preview:large, max-video-preview:-1\" \/>\n<link rel=\"canonical\" href=\"https:\/\/caravanagrupoeditorial.com\/es_uy\/livros\/brasil\/\" \/>\n<meta property=\"og:locale\" content=\"es_ES\" \/>\n<meta property=\"og:type\" content=\"article\" \/>\n<meta property=\"og:title\" content=\"Brasil - Caravana Grupo Editorial\" \/>\n<meta property=\"og:description\" content=\"Sob o atual cen\u00e1rio pol\u00edtico internacional, podemos dizer que o mundo vive uma crise democr\u00e1tica e de respeito \u00e0 soberania de pa\u00edses. As press\u00f5es internacionais, com objetivos puramente econ\u00f4micos, causam,\" \/>\n<meta property=\"og:url\" content=\"https:\/\/caravanagrupoeditorial.com\/es_uy\/livros\/brasil\/\" \/>\n<meta property=\"og:site_name\" content=\"Caravana Grupo Editorial\" \/>\n<meta property=\"article:publisher\" content=\"https:\/\/www.facebook.com\/caravanagrupoeditorial\" \/>\n<meta property=\"article:modified_time\" content=\"2026-04-03T02:49:27+00:00\" \/>\n<meta property=\"og:image\" content=\"https:\/\/caravanagrupoeditorial.com\/wp-content\/uploads\/2026\/04\/MOCKUP_-Brasil-Giovana-Sibille-Franco-1-800x800.png\" \/>\n\t<meta property=\"og:image:width\" content=\"800\" \/>\n\t<meta property=\"og:image:height\" content=\"800\" \/>\n\t<meta property=\"og:image:type\" content=\"image\/png\" \/>\n<meta name=\"twitter:card\" content=\"summary_large_image\" \/>\n<meta name=\"twitter:label1\" content=\"Est. reading time\" \/>\n\t<meta name=\"twitter:data1\" content=\"2 minutos\" \/>\n<script type=\"application\/ld+json\" class=\"yoast-schema-graph\">{\"@context\":\"https:\/\/schema.org\",\"@graph\":[{\"@type\":\"WebPage\",\"@id\":\"https:\/\/caravanagrupoeditorial.com\/livros\/brasil\/\",\"url\":\"https:\/\/caravanagrupoeditorial.com\/livros\/brasil\/\",\"name\":\"Brasil - Caravana Grupo Editorial\",\"isPartOf\":{\"@id\":\"https:\/\/caravanagrupoeditorial.com\/#website\"},\"primaryImageOfPage\":{\"@id\":\"https:\/\/caravanagrupoeditorial.com\/livros\/brasil\/#primaryimage\"},\"image\":{\"@id\":\"https:\/\/caravanagrupoeditorial.com\/livros\/brasil\/#primaryimage\"},\"thumbnailUrl\":\"https:\/\/i0.wp.com\/caravanagrupoeditorial.com\/wp-content\/uploads\/2026\/04\/MOCKUP_-Brasil-Giovana-Sibille-Franco-1.png?fit=1600%2C1600&ssl=1\",\"datePublished\":\"2026-04-02T16:56:22+00:00\",\"dateModified\":\"2026-04-03T02:49:27+00:00\",\"breadcrumb\":{\"@id\":\"https:\/\/caravanagrupoeditorial.com\/livros\/brasil\/#breadcrumb\"},\"inLanguage\":\"es-UY\",\"potentialAction\":[{\"@type\":\"ReadAction\",\"target\":[\"https:\/\/caravanagrupoeditorial.com\/livros\/brasil\/\"]}]},{\"@type\":\"ImageObject\",\"inLanguage\":\"es-UY\",\"@id\":\"https:\/\/caravanagrupoeditorial.com\/livros\/brasil\/#primaryimage\",\"url\":\"https:\/\/i0.wp.com\/caravanagrupoeditorial.com\/wp-content\/uploads\/2026\/04\/MOCKUP_-Brasil-Giovana-Sibille-Franco-1.png?fit=1600%2C1600&ssl=1\",\"contentUrl\":\"https:\/\/i0.wp.com\/caravanagrupoeditorial.com\/wp-content\/uploads\/2026\/04\/MOCKUP_-Brasil-Giovana-Sibille-Franco-1.png?fit=1600%2C1600&ssl=1\",\"width\":1600,\"height\":1600},{\"@type\":\"BreadcrumbList\",\"@id\":\"https:\/\/caravanagrupoeditorial.com\/livros\/brasil\/#breadcrumb\",\"itemListElement\":[{\"@type\":\"ListItem\",\"position\":1,\"name\":\"In\u00edcio\",\"item\":\"https:\/\/caravanagrupoeditorial.com\/\"},{\"@type\":\"ListItem\",\"position\":2,\"name\":\"Shop\",\"item\":\"https:\/\/caravanagrupoeditorial.com\/shop\/\"},{\"@type\":\"ListItem\",\"position\":3,\"name\":\"Brasil\"}]},{\"@type\":\"WebSite\",\"@id\":\"https:\/\/caravanagrupoeditorial.com\/#website\",\"url\":\"https:\/\/caravanagrupoeditorial.com\/\",\"name\":\"Caravana Grupo Editorial\",\"description\":\"\",\"publisher\":{\"@id\":\"https:\/\/caravanagrupoeditorial.com\/#organization\"},\"potentialAction\":[{\"@type\":\"SearchAction\",\"target\":{\"@type\":\"EntryPoint\",\"urlTemplate\":\"https:\/\/caravanagrupoeditorial.com\/?s={search_term_string}\"},\"query-input\":{\"@type\":\"PropertyValueSpecification\",\"valueRequired\":true,\"valueName\":\"search_term_string\"}}],\"inLanguage\":\"es-UY\"},{\"@type\":\"Organization\",\"@id\":\"https:\/\/caravanagrupoeditorial.com\/#organization\",\"name\":\"Caravana Grupo Editorial\",\"url\":\"https:\/\/caravanagrupoeditorial.com\/\",\"logo\":{\"@type\":\"ImageObject\",\"inLanguage\":\"es-UY\",\"@id\":\"https:\/\/caravanagrupoeditorial.com\/#\/schema\/logo\/image\/\",\"url\":\"https:\/\/caravanagrupoeditorial.com\/wp-content\/uploads\/2024\/02\/cropped-Logo_Caravana.png\",\"contentUrl\":\"https:\/\/caravanagrupoeditorial.com\/wp-content\/uploads\/2024\/02\/cropped-Logo_Caravana.png\",\"width\":512,\"height\":512,\"caption\":\"Caravana Grupo Editorial\"},\"image\":{\"@id\":\"https:\/\/caravanagrupoeditorial.com\/#\/schema\/logo\/image\/\"},\"sameAs\":[\"https:\/\/www.facebook.com\/caravanagrupoeditorial\",\"https:\/\/www.instagram.com\/caravanagrupoeditorial\/?hl=pt-br\",\"https:\/\/www.youtube.com\/channel\/UCdD-xosEkpHCeRn2nDLiXfQ\"]}]}<\/script>\n<!-- \/ Yoast SEO plugin. -->","yoast_head_json":{"title":"Brasil - Caravana Grupo Editorial","robots":{"index":"index","follow":"follow","max-snippet":"max-snippet:-1","max-image-preview":"max-image-preview:large","max-video-preview":"max-video-preview:-1"},"canonical":"https:\/\/caravanagrupoeditorial.com\/es_uy\/livros\/brasil\/","og_locale":"es_ES","og_type":"article","og_title":"Brasil - Caravana Grupo Editorial","og_description":"Sob o atual cen\u00e1rio pol\u00edtico internacional, podemos dizer que o mundo vive uma crise democr\u00e1tica e de respeito \u00e0 soberania de pa\u00edses. As press\u00f5es internacionais, com objetivos puramente econ\u00f4micos, causam,","og_url":"https:\/\/caravanagrupoeditorial.com\/es_uy\/livros\/brasil\/","og_site_name":"Caravana Grupo Editorial","article_publisher":"https:\/\/www.facebook.com\/caravanagrupoeditorial","article_modified_time":"2026-04-03T02:49:27+00:00","og_image":[{"width":800,"height":800,"url":"https:\/\/caravanagrupoeditorial.com\/wp-content\/uploads\/2026\/04\/MOCKUP_-Brasil-Giovana-Sibille-Franco-1-800x800.png","type":"image\/png"}],"twitter_card":"summary_large_image","twitter_misc":{"Est. reading time":"2 minutos"},"schema":{"@context":"https:\/\/schema.org","@graph":[{"@type":"WebPage","@id":"https:\/\/caravanagrupoeditorial.com\/livros\/brasil\/","url":"https:\/\/caravanagrupoeditorial.com\/livros\/brasil\/","name":"Brasil - Caravana Grupo Editorial","isPartOf":{"@id":"https:\/\/caravanagrupoeditorial.com\/#website"},"primaryImageOfPage":{"@id":"https:\/\/caravanagrupoeditorial.com\/livros\/brasil\/#primaryimage"},"image":{"@id":"https:\/\/caravanagrupoeditorial.com\/livros\/brasil\/#primaryimage"},"thumbnailUrl":"https:\/\/i0.wp.com\/caravanagrupoeditorial.com\/wp-content\/uploads\/2026\/04\/MOCKUP_-Brasil-Giovana-Sibille-Franco-1.png?fit=1600%2C1600&ssl=1","datePublished":"2026-04-02T16:56:22+00:00","dateModified":"2026-04-03T02:49:27+00:00","breadcrumb":{"@id":"https:\/\/caravanagrupoeditorial.com\/livros\/brasil\/#breadcrumb"},"inLanguage":"es-UY","potentialAction":[{"@type":"ReadAction","target":["https:\/\/caravanagrupoeditorial.com\/livros\/brasil\/"]}]},{"@type":"ImageObject","inLanguage":"es-UY","@id":"https:\/\/caravanagrupoeditorial.com\/livros\/brasil\/#primaryimage","url":"https:\/\/i0.wp.com\/caravanagrupoeditorial.com\/wp-content\/uploads\/2026\/04\/MOCKUP_-Brasil-Giovana-Sibille-Franco-1.png?fit=1600%2C1600&ssl=1","contentUrl":"https:\/\/i0.wp.com\/caravanagrupoeditorial.com\/wp-content\/uploads\/2026\/04\/MOCKUP_-Brasil-Giovana-Sibille-Franco-1.png?fit=1600%2C1600&ssl=1","width":1600,"height":1600},{"@type":"BreadcrumbList","@id":"https:\/\/caravanagrupoeditorial.com\/livros\/brasil\/#breadcrumb","itemListElement":[{"@type":"ListItem","position":1,"name":"In\u00edcio","item":"https:\/\/caravanagrupoeditorial.com\/"},{"@type":"ListItem","position":2,"name":"Shop","item":"https:\/\/caravanagrupoeditorial.com\/shop\/"},{"@type":"ListItem","position":3,"name":"Brasil"}]},{"@type":"WebSite","@id":"https:\/\/caravanagrupoeditorial.com\/#website","url":"https:\/\/caravanagrupoeditorial.com\/","name":"Cat\u00e1logo Oro y Plata Editorial","description":"","publisher":{"@id":"https:\/\/caravanagrupoeditorial.com\/#organization"},"potentialAction":[{"@type":"SearchAction","target":{"@type":"EntryPoint","urlTemplate":"https:\/\/caravanagrupoeditorial.com\/?s={search_term_string}"},"query-input":{"@type":"PropertyValueSpecification","valueRequired":true,"valueName":"search_term_string"}}],"inLanguage":"es-UY"},{"@type":"Organization","@id":"https:\/\/caravanagrupoeditorial.com\/#organization","name":"Cat\u00e1logo Oro y Plata Editorial","url":"https:\/\/caravanagrupoeditorial.com\/","logo":{"@type":"ImageObject","inLanguage":"es-UY","@id":"https:\/\/caravanagrupoeditorial.com\/#\/schema\/logo\/image\/","url":"https:\/\/caravanagrupoeditorial.com\/wp-content\/uploads\/2024\/02\/cropped-Logo_Caravana.png","contentUrl":"https:\/\/caravanagrupoeditorial.com\/wp-content\/uploads\/2024\/02\/cropped-Logo_Caravana.png","width":512,"height":512,"caption":"Caravana Grupo Editorial"},"image":{"@id":"https:\/\/caravanagrupoeditorial.com\/#\/schema\/logo\/image\/"},"sameAs":["https:\/\/www.facebook.com\/caravanagrupoeditorial","https:\/\/www.instagram.com\/caravanagrupoeditorial\/?hl=pt-br","https:\/\/www.youtube.com\/channel\/UCdD-xosEkpHCeRn2nDLiXfQ"]}]}},"jetpack_sharing_enabled":true,"brands":[{"id":20722,"name":"Fern\u00e1ndez de Palleja","slug":"fernandez-de-palleja"}],"_links":{"self":[{"href":"https:\/\/caravanagrupoeditorial.com\/es_uy\/wp-json\/wp\/v2\/product\/101976","targetHints":{"allow":["GET"]}}],"collection":[{"href":"https:\/\/caravanagrupoeditorial.com\/es_uy\/wp-json\/wp\/v2\/product"}],"about":[{"href":"https:\/\/caravanagrupoeditorial.com\/es_uy\/wp-json\/wp\/v2\/types\/product"}],"replies":[{"embeddable":true,"href":"https:\/\/caravanagrupoeditorial.com\/es_uy\/wp-json\/wp\/v2\/comments?post=101976"}],"wp:featuredmedia":[{"embeddable":true,"href":"https:\/\/caravanagrupoeditorial.com\/es_uy\/wp-json\/wp\/v2\/media\/101977"}],"wp:attachment":[{"href":"https:\/\/caravanagrupoeditorial.com\/es_uy\/wp-json\/wp\/v2\/media?parent=101976"}],"wp:term":[{"taxonomy":"pwb-brand","embeddable":true,"href":"https:\/\/caravanagrupoeditorial.com\/es_uy\/wp-json\/wp\/v2\/pwb-brand?post=101976"},{"taxonomy":"product_brand","embeddable":true,"href":"https:\/\/caravanagrupoeditorial.com\/es_uy\/wp-json\/wp\/v2\/product_brand?post=101976"},{"taxonomy":"product_cat","embeddable":true,"href":"https:\/\/caravanagrupoeditorial.com\/es_uy\/wp-json\/wp\/v2\/product_cat?post=101976"},{"taxonomy":"product_tag","embeddable":true,"href":"https:\/\/caravanagrupoeditorial.com\/es_uy\/wp-json\/wp\/v2\/product_tag?post=101976"},{"taxonomy":"editora","embeddable":true,"href":"https:\/\/caravanagrupoeditorial.com\/es_uy\/wp-json\/wp\/v2\/editora?post=101976"}],"curies":[{"name":"wp","href":"https:\/\/api.w.org\/{rel}","templated":true}]}}