{"id":100127,"date":"2025-09-19T21:29:22","date_gmt":"2025-09-20T00:29:22","guid":{"rendered":"https:\/\/caravanagrupoeditorial.com\/produto\/ocelos\/"},"modified":"2026-04-02T23:45:48","modified_gmt":"2026-04-03T02:45:48","slug":"ocelos","status":"publish","type":"product","link":"https:\/\/caravanagrupoeditorial.com\/es_uy\/livros\/ocelos\/","title":{"rendered":"Ocelos"},"content":{"rendered":"<p style=\"text-align: justify;\">Este libro es un recorrido corporal, se despliega como un ojo que avista estampas diversas, se pasea en su paneo citadino recolectando la recurrencia de personajes que se relacionan en el trazado liminal de lo cotidiano: un migrante haitiano, un militar, un ni\u00f1o con par\u00e1lisis, una chica con discapacidad. Nunca los mismos, sino sus arquetipos. Las escenas parten diversas en sus l\u00edneas de fuga que nunca acontecen en un mismo lugar, pero que dan cuenta de la calidad de instant\u00e1nea de un particular estado de cosas en un tiempo presente. El lenguaje po\u00e9tico de la minuta diaria remarca la zona intermedia que este libro-mirada propone sobre las cosas: un rozar sin agotar, la sugerencia de las frases por sobre las historias acabadas, y asimismo, la lumbre de los enunciados que pretenden hacer de h\u00e1bitat para los pensamientos ralentizados en espacios de frenes\u00ed. Ocelos es un texto que se despoja de los ropajes gen\u00e9ricos para adentrarse en su propia mitolog\u00eda, en la invenci\u00f3n de la mirada que otorga valor a las cosas y a los recorridos, sopesa el pasado armado de una ciudad que se enmascara de pac\u00edfica, y atiende a las violencias punzantes que se esconden en un decorado vegetal de supuesta calma. El libro funciona como conjuro tambi\u00e9n, tasa las palabras que \u00adcuidadosamente pueden mover las piezas de la ciudad en una circunstancia futura.<\/p>","protected":false},"excerpt":{"rendered":"<p>Este libro es un recorrido corporal, se despliega como un ojo que avista estampas diversas, se pasea en su paneo citadino recolectando la recurrencia de personajes que se relacionan en<\/p>","protected":false},"featured_media":100126,"comment_status":"open","ping_status":"closed","template":"","meta":{"_acf_changed":false,"jetpack_post_was_ever_published":false,"_joinchat":[]},"pwb-brand":[20629],"product_brand":[],"product_cat":[20633,20634,169,19942],"product_tag":[],"editora":[20618,20627],"class_list":{"0":"post-100127","1":"product","2":"type-product","3":"status-publish","4":"has-post-thumbnail","6":"pwb-brand-carlos-leiton","7":"product_cat-alicanto","8":"product_cat-oroyplata","9":"product_cat-poesia","10":"product_cat-pre-venda","11":"editora-alicanto","12":"editora-oro-y-plata","13":"pre_capa-pre-capa","15":"first","16":"instock","17":"shipping-taxable","18":"purchasable","19":"product-type-simple"},"acf":[],"yoast_head":"<!-- This site is optimized with the Yoast SEO plugin v27.2 - https:\/\/yoast.com\/product\/yoast-seo-wordpress\/ -->\n<title>Ocelos - Caravana Grupo Editorial<\/title>\n<meta name=\"robots\" content=\"index, follow, max-snippet:-1, max-image-preview:large, max-video-preview:-1\" \/>\n<link rel=\"canonical\" href=\"https:\/\/caravanagrupoeditorial.com\/es_uy\/livros\/ocelos\/\" \/>\n<meta property=\"og:locale\" content=\"es_ES\" \/>\n<meta property=\"og:type\" content=\"article\" \/>\n<meta property=\"og:title\" content=\"Ocelos - Caravana Grupo Editorial\" \/>\n<meta property=\"og:description\" content=\"Este libro es un recorrido corporal, se despliega como un ojo que avista estampas diversas, se pasea en su paneo citadino recolectando la recurrencia de personajes que se relacionan en\" \/>\n<meta property=\"og:url\" content=\"https:\/\/caravanagrupoeditorial.com\/es_uy\/livros\/ocelos\/\" \/>\n<meta property=\"og:site_name\" content=\"Caravana Grupo Editorial\" \/>\n<meta property=\"article:publisher\" content=\"https:\/\/www.facebook.com\/caravanagrupoeditorial\" \/>\n<meta property=\"article:modified_time\" content=\"2026-04-03T02:45:48+00:00\" \/>\n<meta property=\"og:image\" content=\"https:\/\/caravanagrupoeditorial.com\/wp-content\/uploads\/2026\/02\/MOCKUP_-Ocelos-Lucas-Braga-Dos-Anjos-1-800x800.png\" \/>\n\t<meta property=\"og:image:width\" content=\"800\" \/>\n\t<meta property=\"og:image:height\" content=\"800\" \/>\n\t<meta property=\"og:image:type\" content=\"image\/png\" \/>\n<meta name=\"twitter:card\" content=\"summary_large_image\" \/>\n<meta name=\"twitter:label1\" content=\"Est. reading time\" \/>\n\t<meta name=\"twitter:data1\" content=\"2 minutos\" \/>\n<script type=\"application\/ld+json\" class=\"yoast-schema-graph\">{\"@context\":\"https:\/\/schema.org\",\"@graph\":[{\"@type\":\"WebPage\",\"@id\":\"https:\/\/caravanagrupoeditorial.com\/livros\/ocelos\/\",\"url\":\"https:\/\/caravanagrupoeditorial.com\/livros\/ocelos\/\",\"name\":\"Ocelos - Caravana Grupo Editorial\",\"isPartOf\":{\"@id\":\"https:\/\/caravanagrupoeditorial.com\/#website\"},\"primaryImageOfPage\":{\"@id\":\"https:\/\/caravanagrupoeditorial.com\/livros\/ocelos\/#primaryimage\"},\"image\":{\"@id\":\"https:\/\/caravanagrupoeditorial.com\/livros\/ocelos\/#primaryimage\"},\"thumbnailUrl\":\"https:\/\/i0.wp.com\/caravanagrupoeditorial.com\/wp-content\/uploads\/2026\/02\/MOCKUP_-Ocelos-Lucas-Braga-Dos-Anjos-1.png?fit=1600%2C1600&ssl=1\",\"datePublished\":\"2025-09-20T00:29:22+00:00\",\"dateModified\":\"2026-04-03T02:45:48+00:00\",\"breadcrumb\":{\"@id\":\"https:\/\/caravanagrupoeditorial.com\/livros\/ocelos\/#breadcrumb\"},\"inLanguage\":\"es-UY\",\"potentialAction\":[{\"@type\":\"ReadAction\",\"target\":[\"https:\/\/caravanagrupoeditorial.com\/livros\/ocelos\/\"]}]},{\"@type\":\"ImageObject\",\"inLanguage\":\"es-UY\",\"@id\":\"https:\/\/caravanagrupoeditorial.com\/livros\/ocelos\/#primaryimage\",\"url\":\"https:\/\/i0.wp.com\/caravanagrupoeditorial.com\/wp-content\/uploads\/2026\/02\/MOCKUP_-Ocelos-Lucas-Braga-Dos-Anjos-1.png?fit=1600%2C1600&ssl=1\",\"contentUrl\":\"https:\/\/i0.wp.com\/caravanagrupoeditorial.com\/wp-content\/uploads\/2026\/02\/MOCKUP_-Ocelos-Lucas-Braga-Dos-Anjos-1.png?fit=1600%2C1600&ssl=1\",\"width\":1600,\"height\":1600},{\"@type\":\"BreadcrumbList\",\"@id\":\"https:\/\/caravanagrupoeditorial.com\/livros\/ocelos\/#breadcrumb\",\"itemListElement\":[{\"@type\":\"ListItem\",\"position\":1,\"name\":\"In\u00edcio\",\"item\":\"https:\/\/caravanagrupoeditorial.com\/\"},{\"@type\":\"ListItem\",\"position\":2,\"name\":\"Shop\",\"item\":\"https:\/\/caravanagrupoeditorial.com\/shop\/\"},{\"@type\":\"ListItem\",\"position\":3,\"name\":\"Ocelos\"}]},{\"@type\":\"WebSite\",\"@id\":\"https:\/\/caravanagrupoeditorial.com\/#website\",\"url\":\"https:\/\/caravanagrupoeditorial.com\/\",\"name\":\"Caravana Grupo Editorial\",\"description\":\"\",\"publisher\":{\"@id\":\"https:\/\/caravanagrupoeditorial.com\/#organization\"},\"potentialAction\":[{\"@type\":\"SearchAction\",\"target\":{\"@type\":\"EntryPoint\",\"urlTemplate\":\"https:\/\/caravanagrupoeditorial.com\/?s={search_term_string}\"},\"query-input\":{\"@type\":\"PropertyValueSpecification\",\"valueRequired\":true,\"valueName\":\"search_term_string\"}}],\"inLanguage\":\"es-UY\"},{\"@type\":\"Organization\",\"@id\":\"https:\/\/caravanagrupoeditorial.com\/#organization\",\"name\":\"Caravana Grupo Editorial\",\"url\":\"https:\/\/caravanagrupoeditorial.com\/\",\"logo\":{\"@type\":\"ImageObject\",\"inLanguage\":\"es-UY\",\"@id\":\"https:\/\/caravanagrupoeditorial.com\/#\/schema\/logo\/image\/\",\"url\":\"https:\/\/caravanagrupoeditorial.com\/wp-content\/uploads\/2024\/02\/cropped-Logo_Caravana.png\",\"contentUrl\":\"https:\/\/caravanagrupoeditorial.com\/wp-content\/uploads\/2024\/02\/cropped-Logo_Caravana.png\",\"width\":512,\"height\":512,\"caption\":\"Caravana Grupo Editorial\"},\"image\":{\"@id\":\"https:\/\/caravanagrupoeditorial.com\/#\/schema\/logo\/image\/\"},\"sameAs\":[\"https:\/\/www.facebook.com\/caravanagrupoeditorial\",\"https:\/\/www.instagram.com\/caravanagrupoeditorial\/?hl=pt-br\",\"https:\/\/www.youtube.com\/channel\/UCdD-xosEkpHCeRn2nDLiXfQ\"]}]}<\/script>\n<!-- \/ Yoast SEO plugin. -->","yoast_head_json":{"title":"Ocelos - Caravana Grupo Editorial","robots":{"index":"index","follow":"follow","max-snippet":"max-snippet:-1","max-image-preview":"max-image-preview:large","max-video-preview":"max-video-preview:-1"},"canonical":"https:\/\/caravanagrupoeditorial.com\/es_uy\/livros\/ocelos\/","og_locale":"es_ES","og_type":"article","og_title":"Ocelos - Caravana Grupo Editorial","og_description":"Este libro es un recorrido corporal, se despliega como un ojo que avista estampas diversas, se pasea en su paneo citadino recolectando la recurrencia de personajes que se relacionan en","og_url":"https:\/\/caravanagrupoeditorial.com\/es_uy\/livros\/ocelos\/","og_site_name":"Caravana Grupo Editorial","article_publisher":"https:\/\/www.facebook.com\/caravanagrupoeditorial","article_modified_time":"2026-04-03T02:45:48+00:00","og_image":[{"width":800,"height":800,"url":"https:\/\/caravanagrupoeditorial.com\/wp-content\/uploads\/2026\/02\/MOCKUP_-Ocelos-Lucas-Braga-Dos-Anjos-1-800x800.png","type":"image\/png"}],"twitter_card":"summary_large_image","twitter_misc":{"Est. reading time":"2 minutos"},"schema":{"@context":"https:\/\/schema.org","@graph":[{"@type":"WebPage","@id":"https:\/\/caravanagrupoeditorial.com\/livros\/ocelos\/","url":"https:\/\/caravanagrupoeditorial.com\/livros\/ocelos\/","name":"Ocelos - Caravana Grupo Editorial","isPartOf":{"@id":"https:\/\/caravanagrupoeditorial.com\/#website"},"primaryImageOfPage":{"@id":"https:\/\/caravanagrupoeditorial.com\/livros\/ocelos\/#primaryimage"},"image":{"@id":"https:\/\/caravanagrupoeditorial.com\/livros\/ocelos\/#primaryimage"},"thumbnailUrl":"https:\/\/i0.wp.com\/caravanagrupoeditorial.com\/wp-content\/uploads\/2026\/02\/MOCKUP_-Ocelos-Lucas-Braga-Dos-Anjos-1.png?fit=1600%2C1600&ssl=1","datePublished":"2025-09-20T00:29:22+00:00","dateModified":"2026-04-03T02:45:48+00:00","breadcrumb":{"@id":"https:\/\/caravanagrupoeditorial.com\/livros\/ocelos\/#breadcrumb"},"inLanguage":"es-UY","potentialAction":[{"@type":"ReadAction","target":["https:\/\/caravanagrupoeditorial.com\/livros\/ocelos\/"]}]},{"@type":"ImageObject","inLanguage":"es-UY","@id":"https:\/\/caravanagrupoeditorial.com\/livros\/ocelos\/#primaryimage","url":"https:\/\/i0.wp.com\/caravanagrupoeditorial.com\/wp-content\/uploads\/2026\/02\/MOCKUP_-Ocelos-Lucas-Braga-Dos-Anjos-1.png?fit=1600%2C1600&ssl=1","contentUrl":"https:\/\/i0.wp.com\/caravanagrupoeditorial.com\/wp-content\/uploads\/2026\/02\/MOCKUP_-Ocelos-Lucas-Braga-Dos-Anjos-1.png?fit=1600%2C1600&ssl=1","width":1600,"height":1600},{"@type":"BreadcrumbList","@id":"https:\/\/caravanagrupoeditorial.com\/livros\/ocelos\/#breadcrumb","itemListElement":[{"@type":"ListItem","position":1,"name":"In\u00edcio","item":"https:\/\/caravanagrupoeditorial.com\/"},{"@type":"ListItem","position":2,"name":"Shop","item":"https:\/\/caravanagrupoeditorial.com\/shop\/"},{"@type":"ListItem","position":3,"name":"Ocelos"}]},{"@type":"WebSite","@id":"https:\/\/caravanagrupoeditorial.com\/#website","url":"https:\/\/caravanagrupoeditorial.com\/","name":"Cat\u00e1logo Oro y Plata Editorial","description":"","publisher":{"@id":"https:\/\/caravanagrupoeditorial.com\/#organization"},"potentialAction":[{"@type":"SearchAction","target":{"@type":"EntryPoint","urlTemplate":"https:\/\/caravanagrupoeditorial.com\/?s={search_term_string}"},"query-input":{"@type":"PropertyValueSpecification","valueRequired":true,"valueName":"search_term_string"}}],"inLanguage":"es-UY"},{"@type":"Organization","@id":"https:\/\/caravanagrupoeditorial.com\/#organization","name":"Cat\u00e1logo Oro y Plata Editorial","url":"https:\/\/caravanagrupoeditorial.com\/","logo":{"@type":"ImageObject","inLanguage":"es-UY","@id":"https:\/\/caravanagrupoeditorial.com\/#\/schema\/logo\/image\/","url":"https:\/\/caravanagrupoeditorial.com\/wp-content\/uploads\/2024\/02\/cropped-Logo_Caravana.png","contentUrl":"https:\/\/caravanagrupoeditorial.com\/wp-content\/uploads\/2024\/02\/cropped-Logo_Caravana.png","width":512,"height":512,"caption":"Caravana Grupo Editorial"},"image":{"@id":"https:\/\/caravanagrupoeditorial.com\/#\/schema\/logo\/image\/"},"sameAs":["https:\/\/www.facebook.com\/caravanagrupoeditorial","https:\/\/www.instagram.com\/caravanagrupoeditorial\/?hl=pt-br","https:\/\/www.youtube.com\/channel\/UCdD-xosEkpHCeRn2nDLiXfQ"]}]}},"jetpack_sharing_enabled":true,"brands":[{"id":20629,"name":"Carlos Leiton","slug":"carlos-leiton"}],"_links":{"self":[{"href":"https:\/\/caravanagrupoeditorial.com\/es_uy\/wp-json\/wp\/v2\/product\/100127","targetHints":{"allow":["GET"]}}],"collection":[{"href":"https:\/\/caravanagrupoeditorial.com\/es_uy\/wp-json\/wp\/v2\/product"}],"about":[{"href":"https:\/\/caravanagrupoeditorial.com\/es_uy\/wp-json\/wp\/v2\/types\/product"}],"replies":[{"embeddable":true,"href":"https:\/\/caravanagrupoeditorial.com\/es_uy\/wp-json\/wp\/v2\/comments?post=100127"}],"wp:featuredmedia":[{"embeddable":true,"href":"https:\/\/caravanagrupoeditorial.com\/es_uy\/wp-json\/wp\/v2\/media\/100126"}],"wp:attachment":[{"href":"https:\/\/caravanagrupoeditorial.com\/es_uy\/wp-json\/wp\/v2\/media?parent=100127"}],"wp:term":[{"taxonomy":"pwb-brand","embeddable":true,"href":"https:\/\/caravanagrupoeditorial.com\/es_uy\/wp-json\/wp\/v2\/pwb-brand?post=100127"},{"taxonomy":"product_brand","embeddable":true,"href":"https:\/\/caravanagrupoeditorial.com\/es_uy\/wp-json\/wp\/v2\/product_brand?post=100127"},{"taxonomy":"product_cat","embeddable":true,"href":"https:\/\/caravanagrupoeditorial.com\/es_uy\/wp-json\/wp\/v2\/product_cat?post=100127"},{"taxonomy":"product_tag","embeddable":true,"href":"https:\/\/caravanagrupoeditorial.com\/es_uy\/wp-json\/wp\/v2\/product_tag?post=100127"},{"taxonomy":"editora","embeddable":true,"href":"https:\/\/caravanagrupoeditorial.com\/es_uy\/wp-json\/wp\/v2\/editora?post=100127"}],"curies":[{"name":"wp","href":"https:\/\/api.w.org\/{rel}","templated":true}]}}