{"id":100125,"date":"2025-09-25T21:28:53","date_gmt":"2025-09-26T00:28:53","guid":{"rendered":"https:\/\/caravanagrupoeditorial.com\/produto\/extrapicante-y-otros-relatos-perversos\/"},"modified":"2026-04-02T23:47:27","modified_gmt":"2026-04-03T02:47:27","slug":"extrapicante-y-otros-relatos-perversos","status":"publish","type":"product","link":"https:\/\/caravanagrupoeditorial.com\/es_uy\/livros\/extrapicante-y-otros-relatos-perversos\/","title":{"rendered":"Extrapicante y otros relatos perversos"},"content":{"rendered":"<p style=\"text-align: justify;\">Una psic\u00f3loga drogadicta recibe la visita de un extra\u00f1o paciente. Un sicario santiaguino acepta el encargo de torturar a un deudor, utilizando sus distintos grados de picor\/dolor para hacerlo. En un Chile dist\u00f3pico, devastado por la muerte y la sequ\u00eda, una exsoldado busca un regalo \u00fanico para su novia. Un periodista frustrado y una diosa del porno se reencuentran y juntos descubren la pasi\u00f3n por la sangre. Un neonazi enamorado de su bate entrega su mirada respecto de las calles sucias de la ciudad. Un solitario adicto a redes sociales dedica sus noches a \u201codiar\u201d a otros usuarios, hasta que una de sus v\u00edctimas decide hacer algo. Humor negro, terror, sexo, drama. Una antolog\u00eda que no da tregua y que propone una mirada sobre la naturaleza humana desde su m\u00e1s profunda oscuridad, al tiempo que desnuda la realidad de un post modernismo exacerbado y nos invita a plantearnos de una manera cruda la perversidad que habita en nuestro interior.<\/p>","protected":false},"excerpt":{"rendered":"<p>Una psic\u00f3loga drogadicta recibe la visita de un extra\u00f1o paciente. Un sicario santiaguino acepta el encargo de torturar a un deudor, utilizando sus distintos grados de picor\/dolor para hacerlo. En<\/p>","protected":false},"featured_media":100124,"comment_status":"open","ping_status":"closed","template":"","meta":{"_acf_changed":false,"jetpack_post_was_ever_published":false,"_joinchat":[]},"pwb-brand":[20630],"product_brand":[],"product_cat":[20633,171,20634,19942],"product_tag":[],"editora":[20618,20627],"class_list":{"0":"post-100125","1":"product","2":"type-product","3":"status-publish","4":"has-post-thumbnail","6":"pwb-brand-claudio-rios-espinoza","7":"product_cat-alicanto","8":"product_cat-contos","9":"product_cat-oroyplata","10":"product_cat-pre-venda","11":"editora-alicanto","12":"editora-oro-y-plata","13":"pre_capa-pre-capa","15":"first","16":"instock","17":"shipping-taxable","18":"purchasable","19":"product-type-simple"},"acf":[],"yoast_head":"<!-- This site is optimized with the Yoast SEO plugin v27.2 - https:\/\/yoast.com\/product\/yoast-seo-wordpress\/ -->\n<title>Extrapicante y otros relatos perversos - Caravana Grupo Editorial<\/title>\n<meta name=\"robots\" content=\"index, follow, max-snippet:-1, max-image-preview:large, max-video-preview:-1\" \/>\n<link rel=\"canonical\" href=\"https:\/\/caravanagrupoeditorial.com\/es_uy\/livros\/extrapicante-y-otros-relatos-perversos\/\" \/>\n<meta property=\"og:locale\" content=\"es_ES\" \/>\n<meta property=\"og:type\" content=\"article\" \/>\n<meta property=\"og:title\" content=\"Extrapicante y otros relatos perversos - Caravana Grupo Editorial\" \/>\n<meta property=\"og:description\" content=\"Una psic\u00f3loga drogadicta recibe la visita de un extra\u00f1o paciente. Un sicario santiaguino acepta el encargo de torturar a un deudor, utilizando sus distintos grados de picor\/dolor para hacerlo. En\" \/>\n<meta property=\"og:url\" content=\"https:\/\/caravanagrupoeditorial.com\/es_uy\/livros\/extrapicante-y-otros-relatos-perversos\/\" \/>\n<meta property=\"og:site_name\" content=\"Caravana Grupo Editorial\" \/>\n<meta property=\"article:publisher\" content=\"https:\/\/www.facebook.com\/caravanagrupoeditorial\" \/>\n<meta property=\"article:modified_time\" content=\"2026-04-03T02:47:27+00:00\" \/>\n<meta property=\"og:image\" content=\"https:\/\/caravanagrupoeditorial.com\/wp-content\/uploads\/2026\/02\/MOCKUP_Extrapicante-y-otros-relatos-perversos-Giovana-Sibille-Franco.png\" \/>\n\t<meta property=\"og:image:width\" content=\"1500\" \/>\n\t<meta property=\"og:image:height\" content=\"1500\" \/>\n\t<meta property=\"og:image:type\" content=\"image\/png\" \/>\n<meta name=\"twitter:card\" content=\"summary_large_image\" \/>\n<meta name=\"twitter:label1\" content=\"Est. reading time\" \/>\n\t<meta name=\"twitter:data1\" content=\"2 minutos\" \/>\n<script type=\"application\/ld+json\" class=\"yoast-schema-graph\">{\"@context\":\"https:\/\/schema.org\",\"@graph\":[{\"@type\":\"WebPage\",\"@id\":\"https:\/\/caravanagrupoeditorial.com\/livros\/extrapicante-y-otros-relatos-perversos\/\",\"url\":\"https:\/\/caravanagrupoeditorial.com\/livros\/extrapicante-y-otros-relatos-perversos\/\",\"name\":\"Extrapicante y otros relatos perversos - Caravana Grupo Editorial\",\"isPartOf\":{\"@id\":\"https:\/\/caravanagrupoeditorial.com\/#website\"},\"primaryImageOfPage\":{\"@id\":\"https:\/\/caravanagrupoeditorial.com\/livros\/extrapicante-y-otros-relatos-perversos\/#primaryimage\"},\"image\":{\"@id\":\"https:\/\/caravanagrupoeditorial.com\/livros\/extrapicante-y-otros-relatos-perversos\/#primaryimage\"},\"thumbnailUrl\":\"https:\/\/i0.wp.com\/caravanagrupoeditorial.com\/wp-content\/uploads\/2026\/02\/MOCKUP_Extrapicante-y-otros-relatos-perversos-Giovana-Sibille-Franco.png?fit=1500%2C1500&ssl=1\",\"datePublished\":\"2025-09-26T00:28:53+00:00\",\"dateModified\":\"2026-04-03T02:47:27+00:00\",\"breadcrumb\":{\"@id\":\"https:\/\/caravanagrupoeditorial.com\/livros\/extrapicante-y-otros-relatos-perversos\/#breadcrumb\"},\"inLanguage\":\"es-UY\",\"potentialAction\":[{\"@type\":\"ReadAction\",\"target\":[\"https:\/\/caravanagrupoeditorial.com\/livros\/extrapicante-y-otros-relatos-perversos\/\"]}]},{\"@type\":\"ImageObject\",\"inLanguage\":\"es-UY\",\"@id\":\"https:\/\/caravanagrupoeditorial.com\/livros\/extrapicante-y-otros-relatos-perversos\/#primaryimage\",\"url\":\"https:\/\/i0.wp.com\/caravanagrupoeditorial.com\/wp-content\/uploads\/2026\/02\/MOCKUP_Extrapicante-y-otros-relatos-perversos-Giovana-Sibille-Franco.png?fit=1500%2C1500&ssl=1\",\"contentUrl\":\"https:\/\/i0.wp.com\/caravanagrupoeditorial.com\/wp-content\/uploads\/2026\/02\/MOCKUP_Extrapicante-y-otros-relatos-perversos-Giovana-Sibille-Franco.png?fit=1500%2C1500&ssl=1\",\"width\":1500,\"height\":1500},{\"@type\":\"BreadcrumbList\",\"@id\":\"https:\/\/caravanagrupoeditorial.com\/livros\/extrapicante-y-otros-relatos-perversos\/#breadcrumb\",\"itemListElement\":[{\"@type\":\"ListItem\",\"position\":1,\"name\":\"In\u00edcio\",\"item\":\"https:\/\/caravanagrupoeditorial.com\/\"},{\"@type\":\"ListItem\",\"position\":2,\"name\":\"Shop\",\"item\":\"https:\/\/caravanagrupoeditorial.com\/shop\/\"},{\"@type\":\"ListItem\",\"position\":3,\"name\":\"Extrapicante y otros relatos perversos\"}]},{\"@type\":\"WebSite\",\"@id\":\"https:\/\/caravanagrupoeditorial.com\/#website\",\"url\":\"https:\/\/caravanagrupoeditorial.com\/\",\"name\":\"Caravana Grupo Editorial\",\"description\":\"\",\"publisher\":{\"@id\":\"https:\/\/caravanagrupoeditorial.com\/#organization\"},\"potentialAction\":[{\"@type\":\"SearchAction\",\"target\":{\"@type\":\"EntryPoint\",\"urlTemplate\":\"https:\/\/caravanagrupoeditorial.com\/?s={search_term_string}\"},\"query-input\":{\"@type\":\"PropertyValueSpecification\",\"valueRequired\":true,\"valueName\":\"search_term_string\"}}],\"inLanguage\":\"es-UY\"},{\"@type\":\"Organization\",\"@id\":\"https:\/\/caravanagrupoeditorial.com\/#organization\",\"name\":\"Caravana Grupo Editorial\",\"url\":\"https:\/\/caravanagrupoeditorial.com\/\",\"logo\":{\"@type\":\"ImageObject\",\"inLanguage\":\"es-UY\",\"@id\":\"https:\/\/caravanagrupoeditorial.com\/#\/schema\/logo\/image\/\",\"url\":\"https:\/\/caravanagrupoeditorial.com\/wp-content\/uploads\/2024\/02\/cropped-Logo_Caravana.png\",\"contentUrl\":\"https:\/\/caravanagrupoeditorial.com\/wp-content\/uploads\/2024\/02\/cropped-Logo_Caravana.png\",\"width\":512,\"height\":512,\"caption\":\"Caravana Grupo Editorial\"},\"image\":{\"@id\":\"https:\/\/caravanagrupoeditorial.com\/#\/schema\/logo\/image\/\"},\"sameAs\":[\"https:\/\/www.facebook.com\/caravanagrupoeditorial\",\"https:\/\/www.instagram.com\/caravanagrupoeditorial\/?hl=pt-br\",\"https:\/\/www.youtube.com\/channel\/UCdD-xosEkpHCeRn2nDLiXfQ\"]}]}<\/script>\n<!-- \/ Yoast SEO plugin. -->","yoast_head_json":{"title":"Extrapicante y otros relatos perversos - Caravana Grupo Editorial","robots":{"index":"index","follow":"follow","max-snippet":"max-snippet:-1","max-image-preview":"max-image-preview:large","max-video-preview":"max-video-preview:-1"},"canonical":"https:\/\/caravanagrupoeditorial.com\/es_uy\/livros\/extrapicante-y-otros-relatos-perversos\/","og_locale":"es_ES","og_type":"article","og_title":"Extrapicante y otros relatos perversos - Caravana Grupo Editorial","og_description":"Una psic\u00f3loga drogadicta recibe la visita de un extra\u00f1o paciente. Un sicario santiaguino acepta el encargo de torturar a un deudor, utilizando sus distintos grados de picor\/dolor para hacerlo. En","og_url":"https:\/\/caravanagrupoeditorial.com\/es_uy\/livros\/extrapicante-y-otros-relatos-perversos\/","og_site_name":"Caravana Grupo Editorial","article_publisher":"https:\/\/www.facebook.com\/caravanagrupoeditorial","article_modified_time":"2026-04-03T02:47:27+00:00","og_image":[{"width":1500,"height":1500,"url":"https:\/\/caravanagrupoeditorial.com\/wp-content\/uploads\/2026\/02\/MOCKUP_Extrapicante-y-otros-relatos-perversos-Giovana-Sibille-Franco.png","type":"image\/png"}],"twitter_card":"summary_large_image","twitter_misc":{"Est. reading time":"2 minutos"},"schema":{"@context":"https:\/\/schema.org","@graph":[{"@type":"WebPage","@id":"https:\/\/caravanagrupoeditorial.com\/livros\/extrapicante-y-otros-relatos-perversos\/","url":"https:\/\/caravanagrupoeditorial.com\/livros\/extrapicante-y-otros-relatos-perversos\/","name":"Extrapicante y otros relatos perversos - Caravana Grupo Editorial","isPartOf":{"@id":"https:\/\/caravanagrupoeditorial.com\/#website"},"primaryImageOfPage":{"@id":"https:\/\/caravanagrupoeditorial.com\/livros\/extrapicante-y-otros-relatos-perversos\/#primaryimage"},"image":{"@id":"https:\/\/caravanagrupoeditorial.com\/livros\/extrapicante-y-otros-relatos-perversos\/#primaryimage"},"thumbnailUrl":"https:\/\/i0.wp.com\/caravanagrupoeditorial.com\/wp-content\/uploads\/2026\/02\/MOCKUP_Extrapicante-y-otros-relatos-perversos-Giovana-Sibille-Franco.png?fit=1500%2C1500&ssl=1","datePublished":"2025-09-26T00:28:53+00:00","dateModified":"2026-04-03T02:47:27+00:00","breadcrumb":{"@id":"https:\/\/caravanagrupoeditorial.com\/livros\/extrapicante-y-otros-relatos-perversos\/#breadcrumb"},"inLanguage":"es-UY","potentialAction":[{"@type":"ReadAction","target":["https:\/\/caravanagrupoeditorial.com\/livros\/extrapicante-y-otros-relatos-perversos\/"]}]},{"@type":"ImageObject","inLanguage":"es-UY","@id":"https:\/\/caravanagrupoeditorial.com\/livros\/extrapicante-y-otros-relatos-perversos\/#primaryimage","url":"https:\/\/i0.wp.com\/caravanagrupoeditorial.com\/wp-content\/uploads\/2026\/02\/MOCKUP_Extrapicante-y-otros-relatos-perversos-Giovana-Sibille-Franco.png?fit=1500%2C1500&ssl=1","contentUrl":"https:\/\/i0.wp.com\/caravanagrupoeditorial.com\/wp-content\/uploads\/2026\/02\/MOCKUP_Extrapicante-y-otros-relatos-perversos-Giovana-Sibille-Franco.png?fit=1500%2C1500&ssl=1","width":1500,"height":1500},{"@type":"BreadcrumbList","@id":"https:\/\/caravanagrupoeditorial.com\/livros\/extrapicante-y-otros-relatos-perversos\/#breadcrumb","itemListElement":[{"@type":"ListItem","position":1,"name":"In\u00edcio","item":"https:\/\/caravanagrupoeditorial.com\/"},{"@type":"ListItem","position":2,"name":"Shop","item":"https:\/\/caravanagrupoeditorial.com\/shop\/"},{"@type":"ListItem","position":3,"name":"Extrapicante y otros relatos perversos"}]},{"@type":"WebSite","@id":"https:\/\/caravanagrupoeditorial.com\/#website","url":"https:\/\/caravanagrupoeditorial.com\/","name":"Cat\u00e1logo Oro y Plata Editorial","description":"","publisher":{"@id":"https:\/\/caravanagrupoeditorial.com\/#organization"},"potentialAction":[{"@type":"SearchAction","target":{"@type":"EntryPoint","urlTemplate":"https:\/\/caravanagrupoeditorial.com\/?s={search_term_string}"},"query-input":{"@type":"PropertyValueSpecification","valueRequired":true,"valueName":"search_term_string"}}],"inLanguage":"es-UY"},{"@type":"Organization","@id":"https:\/\/caravanagrupoeditorial.com\/#organization","name":"Cat\u00e1logo Oro y Plata Editorial","url":"https:\/\/caravanagrupoeditorial.com\/","logo":{"@type":"ImageObject","inLanguage":"es-UY","@id":"https:\/\/caravanagrupoeditorial.com\/#\/schema\/logo\/image\/","url":"https:\/\/caravanagrupoeditorial.com\/wp-content\/uploads\/2024\/02\/cropped-Logo_Caravana.png","contentUrl":"https:\/\/caravanagrupoeditorial.com\/wp-content\/uploads\/2024\/02\/cropped-Logo_Caravana.png","width":512,"height":512,"caption":"Caravana Grupo Editorial"},"image":{"@id":"https:\/\/caravanagrupoeditorial.com\/#\/schema\/logo\/image\/"},"sameAs":["https:\/\/www.facebook.com\/caravanagrupoeditorial","https:\/\/www.instagram.com\/caravanagrupoeditorial\/?hl=pt-br","https:\/\/www.youtube.com\/channel\/UCdD-xosEkpHCeRn2nDLiXfQ"]}]}},"jetpack_sharing_enabled":true,"brands":[{"id":20630,"name":"Claudio R\u00edos Espinoza","slug":"claudio-rios-espinoza"}],"_links":{"self":[{"href":"https:\/\/caravanagrupoeditorial.com\/es_uy\/wp-json\/wp\/v2\/product\/100125","targetHints":{"allow":["GET"]}}],"collection":[{"href":"https:\/\/caravanagrupoeditorial.com\/es_uy\/wp-json\/wp\/v2\/product"}],"about":[{"href":"https:\/\/caravanagrupoeditorial.com\/es_uy\/wp-json\/wp\/v2\/types\/product"}],"replies":[{"embeddable":true,"href":"https:\/\/caravanagrupoeditorial.com\/es_uy\/wp-json\/wp\/v2\/comments?post=100125"}],"wp:featuredmedia":[{"embeddable":true,"href":"https:\/\/caravanagrupoeditorial.com\/es_uy\/wp-json\/wp\/v2\/media\/100124"}],"wp:attachment":[{"href":"https:\/\/caravanagrupoeditorial.com\/es_uy\/wp-json\/wp\/v2\/media?parent=100125"}],"wp:term":[{"taxonomy":"pwb-brand","embeddable":true,"href":"https:\/\/caravanagrupoeditorial.com\/es_uy\/wp-json\/wp\/v2\/pwb-brand?post=100125"},{"taxonomy":"product_brand","embeddable":true,"href":"https:\/\/caravanagrupoeditorial.com\/es_uy\/wp-json\/wp\/v2\/product_brand?post=100125"},{"taxonomy":"product_cat","embeddable":true,"href":"https:\/\/caravanagrupoeditorial.com\/es_uy\/wp-json\/wp\/v2\/product_cat?post=100125"},{"taxonomy":"product_tag","embeddable":true,"href":"https:\/\/caravanagrupoeditorial.com\/es_uy\/wp-json\/wp\/v2\/product_tag?post=100125"},{"taxonomy":"editora","embeddable":true,"href":"https:\/\/caravanagrupoeditorial.com\/es_uy\/wp-json\/wp\/v2\/editora?post=100125"}],"curies":[{"name":"wp","href":"https:\/\/api.w.org\/{rel}","templated":true}]}}