{"id":71645,"date":"2025-03-25T19:59:13","date_gmt":"2025-03-25T22:59:13","guid":{"rendered":"https:\/\/caravanagrupoeditorial.com\/?page_id=71645"},"modified":"2026-02-06T01:47:12","modified_gmt":"2026-02-06T04:47:12","slug":"biblioteca-decio-torres-cruz","status":"publish","type":"page","link":"https:\/\/caravanagrupoeditorial.com\/es_uy\/biblioteca-decio-torres-cruz\/","title":{"rendered":"Biblioteca D\u00e9cio Torres Cruz"},"content":{"rendered":"<h1 style=\"text-align: center;\">Biograf\u00eda<\/h1>\n<p style=\"text-align: justify;\">D\u00e9cio Torres Cruz \u00e9 escritor, cr\u00edtico liter\u00e1rio e professor. Membro da Academia de Letras da Bahia e da ACL de S\u00e3o Paulo. Ph.D. em literatura comparada pela SUNY, Buffalo, com p\u00f3s-doutorado em Londres. Mestre em teoria da literatura, especialista em tradu\u00e7\u00e3o e bacharel em letras (UFBA). Autor, dentre outros, de Hist\u00f3rias roubadas (2022) e Paisagens interiores (2021). Vencedor do Concurso de Poesia da Academia Carioca de Letras (2023).<\/p>\n<p style=\"text-align: center;\"><a href=\"https:\/\/i0.wp.com\/caravanagrupoeditorial.com\/wp-content\/uploads\/2024\/05\/DECIO-TORRES3-Cecilia-Rosa.jpg?ssl=1\"><img data-recalc-dims=\"1\" loading=\"lazy\" decoding=\"async\" src=\"https:\/\/i0.wp.com\/caravanagrupoeditorial.com\/wp-content\/uploads\/2024\/05\/DECIO-TORRES3-Cecilia-Rosa.jpg?resize=539%2C400&#038;ssl=1\" alt=\"\" width=\"539\" height=\"400\" \/><\/a><\/p>\n<p><\/p>\t\t\t<h2>Obras publicadas pela Caravana<\/h2>\t\t\t\t\n\t\t\t\t\t<section >\n    <h2>Products Grid<\/h2>\n        <ul>\n                        <li><a href=\"#\">Obras publicadas pela Caravana<\/a><\/li>\n                        <li><a href=\"https:\/\/caravanagrupoeditorial.com\/es_uy\/product-category\/formato\/\">Formato<\/a><\/li>\n        <\/ul>\n            <ul>\n            <li>\n\t\t\t                    <a href=\"#\" data-product=\"39035\"><\/a>\n            |\n                \t\t\t\t\t\t\t<a href=\"https:\/\/caravanagrupoeditorial.com\/es_uy\/dashboard-2\/adm-livros\/39035\/\">  <\/a>\n\t\t\t\t\t\t\t\t\t\t|\n\t\t\t\t<a href=\"#\" data-proid=\"39035\"> <\/a>\n\t\t<a href=\"https:\/\/caravanagrupoeditorial.com\/es_uy\/product-category\/categoria-literaria\/poesia\/\" rel=\"tag\">Poes\u00eda<\/a><a href=\"https:\/\/caravanagrupoeditorial.com\/es_uy\/product\/a-poesia-da-matematica\/\"><h2>A poesia da matem\u00e1tica<\/h2><img data-recalc-dims=\"1\" loading=\"lazy\" decoding=\"async\" width=\"247\" height=\"296\" src=\"https:\/\/i0.wp.com\/caravanagrupoeditorial.com\/wp-content\/uploads\/2024\/05\/A-poesia-da-matematica-Mockup_14x20_Caravana-Ramiro-Carreira.jpg?resize=247%2C296&#038;ssl=1\" alt=\"A poesia da matem\u00e1tica\" \/><\/a><!-- \/.product-loop-header --><a href=\"https:\/\/caravanagrupoeditorial.com\/es_uy\/product-category\/categoria-literaria\/poesia\/\" rel=\"tag\">Poes\u00eda<\/a><a href=\"https:\/\/caravanagrupoeditorial.com\/es_uy\/product\/a-poesia-da-matematica\/\"><h2>A poesia da matem\u00e1tica<\/h2>\t\t\n\t\t\t<strong>0<\/strong> out of 5 (0)\n\t\t\t\tSKU: D\u00e9cio Torres Cruz<\/a><!-- \/.product-loop-body -->\n\t<bdi>&#82;&#36;&nbsp;70,00<\/bdi>\n<a href=\"\/wp-admin\/admin-ajax.php?add-to-cart=39035\" aria-describedby=\"woocommerce_loop_add_to_cart_link_describedby_39035\" data-quantity=\"1\" data-product_id=\"39035\" data-product_sku=\"D\u00e9cio Torres Cruz\" aria-label=\"Adicione ao carrinho: &ldquo;A poesia da matem\u00e1tica&rdquo;\" rel=\"nofollow\" data-success_message=\"\u201cA poesia da matem\u00e1tica\u201d foi adicionado ao seu carrinho\" role=\"button\">Adicionar ao carrinho<\/a>\t\n<!-- \/.price-add-to-cart -->\n\t<a\n\t\thref=\"https:\/\/caravanagrupoeditorial.com\/es_uy\/?action=yith-woocompare-add-product&#038;id=39035\"\n\t\tclass=\"compare link  add-to-compare-link\"\n\t\tdata-product_id=\"39035\"\n\t\ttarget=\"_self\"\n\t\trel=\"nofollow\"\n\t>\n\t\t\tComparar\t\t\n\t<\/a>\n<!-- \/.product-loop-footer --><!-- \/.product-inner --><!-- \/.product-outer --><\/li>\n<li>\n\t\t\t                    <a href=\"#\" data-product=\"48320\"><\/a>\n            |\n                \t\t\t\t\t\t\t<a href=\"https:\/\/caravanagrupoeditorial.com\/es_uy\/dashboard-2\/adm-livros\/48320\/\">  <\/a>\n\t\t\t\t\t\t\t\t\t\t|\n\t\t\t\t<a href=\"#\" data-proid=\"48320\"> <\/a>\n\t\t<a href=\"https:\/\/caravanagrupoeditorial.com\/es_uy\/product-category\/categoria-literaria\/poesia\/\" rel=\"tag\">Poes\u00eda<\/a><a href=\"https:\/\/caravanagrupoeditorial.com\/es_uy\/product\/la-poesia-de-la-matematica\/\"><h2>La poes\u00eda de la matem\u00e1tica<\/h2><img data-recalc-dims=\"1\" loading=\"lazy\" decoding=\"async\" width=\"247\" height=\"296\" src=\"https:\/\/i0.wp.com\/caravanagrupoeditorial.com\/wp-content\/uploads\/2024\/08\/poesia-de-la-matematica-mockup-Celeide-Luz.png?resize=247%2C296&#038;ssl=1\" alt=\"La poes\u00eda de la matem\u00e1tica\" \/><\/a><!-- \/.product-loop-header --><a href=\"https:\/\/caravanagrupoeditorial.com\/es_uy\/product-category\/categoria-literaria\/poesia\/\" rel=\"tag\">Poes\u00eda<\/a><a href=\"https:\/\/caravanagrupoeditorial.com\/es_uy\/product\/la-poesia-de-la-matematica\/\"><h2>La poes\u00eda de la matem\u00e1tica<\/h2>\t\t\n\t\t\t<strong>0<\/strong> out of 5 (0)\n\t\t\t<p><br data-mce-bogus=\"1\"><\/p>\n\t\t\t\tSKU: D\u00e9cio Torres Cruz-1<\/a><!-- \/.product-loop-body -->\n\t<bdi>&#82;&#36;&nbsp;60,00<\/bdi>\n<a href=\"\/wp-admin\/admin-ajax.php?add-to-cart=48320\" aria-describedby=\"woocommerce_loop_add_to_cart_link_describedby_48320\" data-quantity=\"1\" data-product_id=\"48320\" data-product_sku=\"D\u00e9cio Torres Cruz-1\" aria-label=\"Adicione ao carrinho: &ldquo;La poes\u00eda de la matem\u00e1tica&rdquo;\" rel=\"nofollow\" data-success_message=\"\u201cLa poes\u00eda de la matem\u00e1tica\u201d foi adicionado ao seu carrinho\" role=\"button\">Adicionar ao carrinho<\/a>\t\n<!-- \/.price-add-to-cart -->\n\t<a\n\t\thref=\"https:\/\/caravanagrupoeditorial.com\/es_uy\/?action=yith-woocompare-add-product&#038;id=48320\"\n\t\tclass=\"compare link  add-to-compare-link\"\n\t\tdata-product_id=\"48320\"\n\t\ttarget=\"_self\"\n\t\trel=\"nofollow\"\n\t>\n\t\t\tComparar\t\t\n\t<\/a>\n<!-- \/.product-loop-footer --><!-- \/.product-inner --><!-- \/.product-outer --><\/li>\n<li>\n\t\t\t                    <a href=\"#\" data-product=\"73071\"><\/a>\n            |\n                \t\t\t\t\t\t\t<a href=\"https:\/\/caravanagrupoeditorial.com\/es_uy\/dashboard-2\/adm-livros\/73071\/\">  <\/a>\n\t\t\t\t\t\t\t\t\t\t|\n\t\t\t\t<a href=\"#\" data-proid=\"73071\"> <\/a>\n\t\t<a href=\"https:\/\/caravanagrupoeditorial.com\/es_uy\/product-category\/categoria-literaria\/viagens\/\" rel=\"tag\">Viagens<\/a><a href=\"https:\/\/caravanagrupoeditorial.com\/es_uy\/product\/viagens-travessias\/\"><h2>Viagens &#038; travessias<\/h2><img data-recalc-dims=\"1\" loading=\"lazy\" decoding=\"async\" width=\"247\" height=\"296\" src=\"https:\/\/i0.wp.com\/caravanagrupoeditorial.com\/wp-content\/uploads\/2025\/05\/Mockup_Viagens-e-travessias-Cecilia-Rosa.png?resize=247%2C296&#038;ssl=1\" alt=\"Viagens &amp; travessias\" \/><\/a><!-- \/.product-loop-header --><a href=\"https:\/\/caravanagrupoeditorial.com\/es_uy\/product-category\/categoria-literaria\/viagens\/\" rel=\"tag\">Viagens<\/a><a href=\"https:\/\/caravanagrupoeditorial.com\/es_uy\/product\/viagens-travessias\/\"><h2>Viagens &#038; travessias<\/h2>\t\t\n\t\t\t<strong>0<\/strong> out of 5 (0)\n\t\t\t<p><\/p>\n\t\t\t\tSKU: D\u00e9cio Torres Cruz-5<\/a><!-- \/.product-loop-body -->\n\t<bdi>&#82;&#36;&nbsp;70,00<\/bdi>\n<a href=\"\/wp-admin\/admin-ajax.php?add-to-cart=73071\" aria-describedby=\"woocommerce_loop_add_to_cart_link_describedby_73071\" data-quantity=\"1\" data-product_id=\"73071\" data-product_sku=\"D\u00e9cio Torres Cruz-5\" aria-label=\"Adicione ao carrinho: &ldquo;Viagens &amp; travessias&rdquo;\" rel=\"nofollow\" data-success_message=\"\u201cViagens &amp; travessias\u201d foi adicionado ao seu carrinho\" role=\"button\">Adicionar ao carrinho<\/a>\t\n<!-- \/.price-add-to-cart -->\n\t<a\n\t\thref=\"https:\/\/caravanagrupoeditorial.com\/es_uy\/?action=yith-woocompare-add-product&#038;id=73071\"\n\t\tclass=\"compare link  add-to-compare-link\"\n\t\tdata-product_id=\"73071\"\n\t\ttarget=\"_self\"\n\t\trel=\"nofollow\"\n\t>\n\t\t\tComparar\t\t\n\t<\/a>\n<!-- \/.product-loop-footer --><!-- \/.product-inner --><!-- \/.product-outer --><\/li>\n            <\/ul>\n<\/section>\n\t\t\t\t\t<h2>Galeria<\/h2>\t\t\t\t\t\t\t\n\t\t\t<figure class='gallery-item'>\n\t\t\t\t<a data-elementor-open-lightbox=\"yes\" data-elementor-lightbox-slideshow=\"62f95acc\" data-elementor-lightbox-title=\"Imagem do WhatsApp de 2025-04-03 \u00e0(s) 11.58.12_9a136677\" data-e-action-hash=\"#elementor-action%3Aaction%3Dlightbox%26settings%3DeyJpZCI6NzE4MTYsInVybCI6Imh0dHBzOlwvXC9jYXJhdmFuYWdydXBvZWRpdG9yaWFsLmNvbVwvd3AtY29udGVudFwvdXBsb2Fkc1wvMjAyNVwvMDRcL0ltYWdlbS1kby1XaGF0c0FwcC1kZS0yMDI1LTA0LTAzLWFzLTExLjU4LjEyXzlhMTM2Njc3LmpwZyIsInNsaWRlc2hvdyI6IjYyZjk1YWNjIn0%3D\" href=\"https:\/\/i0.wp.com\/caravanagrupoeditorial.com\/wp-content\/uploads\/2025\/04\/Imagem-do-WhatsApp-de-2025-04-03-as-11.58.12_9a136677.jpg?ssl=1\"><img data-recalc-dims=\"1\" loading=\"lazy\" width=\"247\" height=\"296\" src=\"https:\/\/i0.wp.com\/caravanagrupoeditorial.com\/wp-content\/uploads\/2025\/04\/Imagem-do-WhatsApp-de-2025-04-03-as-11.58.12_9a136677.jpg?resize=247%2C296&#038;ssl=1\" alt=\"\" aria-describedby=\"gallery-3-71816\" decoding=\"async\" \/><\/a>\n\t\t\t\t<figcaption class='wp-caption-text gallery-caption' id='gallery-3-71816'>\n\t\t\t\tEm Portugal, Livraria Snob, 2\u00aa edi\u00e7\u00e3o da Caravana Lisboa\n\t\t\t\t<\/figcaption><\/figure><figure class='gallery-item'>\n\t\t\t\t<a data-elementor-open-lightbox=\"yes\" data-elementor-lightbox-slideshow=\"62f95acc\" data-elementor-lightbox-title=\"Imagem do WhatsApp de 2025-04-03 \u00e0(s) 11.58.35_e2fa6dc8\" data-e-action-hash=\"#elementor-action%3Aaction%3Dlightbox%26settings%3DeyJpZCI6NzE4MTUsInVybCI6Imh0dHBzOlwvXC9jYXJhdmFuYWdydXBvZWRpdG9yaWFsLmNvbVwvd3AtY29udGVudFwvdXBsb2Fkc1wvMjAyNVwvMDRcL0ltYWdlbS1kby1XaGF0c0FwcC1kZS0yMDI1LTA0LTAzLWFzLTExLjU4LjM1X2UyZmE2ZGM4LmpwZyIsInNsaWRlc2hvdyI6IjYyZjk1YWNjIn0%3D\" href=\"https:\/\/i0.wp.com\/caravanagrupoeditorial.com\/wp-content\/uploads\/2025\/04\/Imagem-do-WhatsApp-de-2025-04-03-as-11.58.35_e2fa6dc8.jpg?ssl=1\"><img data-recalc-dims=\"1\" loading=\"lazy\" width=\"247\" height=\"296\" src=\"https:\/\/i0.wp.com\/caravanagrupoeditorial.com\/wp-content\/uploads\/2025\/04\/Imagem-do-WhatsApp-de-2025-04-03-as-11.58.35_e2fa6dc8.jpg?resize=247%2C296&#038;ssl=1\" alt=\"\" aria-describedby=\"gallery-3-71815\" decoding=\"async\" \/><\/a>\n\t\t\t\t<figcaption class='wp-caption-text gallery-caption' id='gallery-3-71815'>\n\t\t\t\tEm Portugal, Livraria Snob, 2\u00aa edi\u00e7\u00e3o da Caravana Lisboa\n\t\t\t\t<\/figcaption><\/figure><figure class='gallery-item'>\n\t\t\t\t<a data-elementor-open-lightbox=\"yes\" data-elementor-lightbox-slideshow=\"62f95acc\" data-elementor-lightbox-title=\"Imagem do WhatsApp de 2025-04-03 \u00e0(s) 12.01.24_3059d0e3\" data-e-action-hash=\"#elementor-action%3Aaction%3Dlightbox%26settings%3DeyJpZCI6NzE4MTQsInVybCI6Imh0dHBzOlwvXC9jYXJhdmFuYWdydXBvZWRpdG9yaWFsLmNvbVwvd3AtY29udGVudFwvdXBsb2Fkc1wvMjAyNVwvMDRcL0ltYWdlbS1kby1XaGF0c0FwcC1kZS0yMDI1LTA0LTAzLWFzLTEyLjAxLjI0XzMwNTlkMGUzLmpwZyIsInNsaWRlc2hvdyI6IjYyZjk1YWNjIn0%3D\" href=\"https:\/\/i0.wp.com\/caravanagrupoeditorial.com\/wp-content\/uploads\/2025\/04\/Imagem-do-WhatsApp-de-2025-04-03-as-12.01.24_3059d0e3.jpg?ssl=1\"><img data-recalc-dims=\"1\" loading=\"lazy\" width=\"247\" height=\"296\" src=\"https:\/\/i0.wp.com\/caravanagrupoeditorial.com\/wp-content\/uploads\/2025\/04\/Imagem-do-WhatsApp-de-2025-04-03-as-12.01.24_3059d0e3.jpg?resize=247%2C296&#038;ssl=1\" alt=\"\" aria-describedby=\"gallery-3-71814\" decoding=\"async\" \/><\/a>\n\t\t\t\t<figcaption class='wp-caption-text gallery-caption' id='gallery-3-71814'>\n\t\t\t\tEm Portugal, Livraria Snob, 2\u00aa edi\u00e7\u00e3o da Caravana Lisboa, com as escritoras Aniete G\u00f3es, Vanina Cruz e Elaine Perez\n\t\t\t\t<\/figcaption><\/figure>\n<div class=\"epyt-video-wrapper\"><div  id=\"_ytid_86450\"  width=\"1020\" height=\"573\"  data-origwidth=\"1020\" data-origheight=\"573\" data-facadesrc=\"https:\/\/www.youtube.com\/embed\/eonqhSccSxo?enablejsapi=1&#038;autoplay=0&#038;cc_load_policy=0&#038;cc_lang_pref=&#038;iv_load_policy=1&#038;loop=0&#038;rel=0&#038;fs=1&#038;playsinline=0&#038;autohide=2&#038;theme=dark&#038;color=red&#038;controls=1&#038;disablekb=0&#038;\" class=\"__youtube_prefs__ epyt-facade epyt-is-override  no-lazyload\" data-epautoplay=\"1\" ><img data-recalc-dims=\"1\" decoding=\"async\" data-spai-excluded=\"true\" class=\"epyt-facade-poster skip-lazy\" loading=\"lazy\"  alt=\"YouTube player\"  src=\"https:\/\/i0.wp.com\/i.ytimg.com\/vi\/eonqhSccSxo\/maxresdefault.jpg?w=1170&#038;ssl=1\"  \/><button class=\"epyt-facade-play\" aria-label=\"Play\"><svg data-no-lazy=\"1\" height=\"100%\" version=\"1.1\" viewbox=\"0 0 68 48\" width=\"100%\"><path class=\"ytp-large-play-button-bg\" d=\"M66.52,7.74c-0.78-2.93-2.49-5.41-5.42-6.19C55.79,.13,34,0,34,0S12.21,.13,6.9,1.55 C3.97,2.33,2.27,4.81,1.48,7.74C0.06,13.05,0,24,0,24s0.06,10.95,1.48,16.26c0.78,2.93,2.49,5.41,5.42,6.19 C12.21,47.87,34,48,34,48s21.79-0.13,27.1-1.55c2.93-0.78,4.64-3.26,5.42-6.19C67.94,34.95,68,24,68,24S67.94,13.05,66.52,7.74z\" fill=\"#f00\"><\/path><path d=\"M 45,24 27,14 27,34\" fill=\"#fff\"><\/path><\/svg><\/button><\/div><\/div>\n\t\t\t\t\t<section>\n\t\t\t\t\t\t\t<header>\n\t\t\t\t\t<h2>Not\u00edcias<\/h2>\n\t\t\t\t<\/header>\n\t\t\t\t\t\t\t\t\t<a href=\"https:\/\/caravanagrupoeditorial.com\/es_uy\/decio-torres-cruz-lanca-versao-francesa-de-seu-livro-mais-recente-em-paris\/\">\n\t\t\t\t\t\t\t\t\t\t<img data-recalc-dims=\"1\" decoding=\"async\" src=\"https:\/\/i0.wp.com\/caravanagrupoeditorial.com\/wp-content\/uploads\/2025\/04\/WhatsApp-Image-2025-04-09-at-00.28.36-e1744203702107-900x615-1.jpeg?w=1170&#038;ssl=1\" alt=\"Post Image\" style=\"height285px;object-fit: cover;\">\n\t\t\t\t\t\t\t\t\t<\/a>\n\t\t\t\t\t\t\t\t\t\t\t\t\t\t\t\t\t\t\t\t\t\t\t\t\t\t\t<a href=\"https:\/\/caravanagrupoeditorial.com\/es_uy\/category\/decio-torres\/\">D\u00e9cio Torres<\/a>\n\t\t\t\t\t\t\t\t\t\t\t\t\t\t\t\t\t\t\t\t\t\t\t\t\t\t\t\t\t\t\t\t\t\t\t<h4 style=\"font-size:20px;\">\n\t\t\t\t\t\t\t\t\t<a href=\"https:\/\/caravanagrupoeditorial.com\/es_uy\/decio-torres-cruz-lanca-versao-francesa-de-seu-livro-mais-recente-em-paris\/\">D\u00e9cio Torres Cruz lan\u00e7a vers\u00e3o francesa de seu livro mais recente em Paris<\/a>\n\t\t\t\t\t\t\t\t<\/h4>\n\t\t\t\t\t\t\t\t\t<a href=\"https:\/\/caravanagrupoeditorial.com\/es_uy\/escritor-e-professor-decio-torres-cruz-lanca-novo-livro-a-poesia-da-matematica\/\">\n\t\t\t\t\t\t\t\t\t\t<img data-recalc-dims=\"1\" decoding=\"async\" src=\"https:\/\/i0.wp.com\/caravanagrupoeditorial.com\/wp-content\/uploads\/2024\/05\/DECIO-TORRES3-Cecilia-Rosa.jpg?w=1170&#038;ssl=1\" alt=\"Post Image\" style=\"height285px;object-fit: cover;\">\n\t\t\t\t\t\t\t\t\t<\/a>\n\t\t\t\t\t\t\t\t\t\t\t\t\t\t\t\t\t\t\t\t\t\t\t\t\t\t\t<a href=\"https:\/\/caravanagrupoeditorial.com\/es_uy\/category\/decio-torres\/\">D\u00e9cio Torres<\/a>\n\t\t\t\t\t\t\t\t\t\t\t\t\t\t\t\t\t\t\t\t\t\t\t\t\t\t\t\t\t\t\t\t\t\t\t<h4 style=\"font-size:20px;\">\n\t\t\t\t\t\t\t\t\t<a href=\"https:\/\/caravanagrupoeditorial.com\/es_uy\/escritor-e-professor-decio-torres-cruz-lanca-novo-livro-a-poesia-da-matematica\/\">Escritor e professor D\u00e9cio Torres Cruz lan\u00e7a novo livro \u2018A poesia da matem\u00e1tica\u2019<\/a>\n\t\t\t\t\t\t\t\t<\/h4>\n\t\t\t\t\t<\/section><!-- \/wp:post-content -->","protected":false},"excerpt":{"rendered":"<p>Biografia D\u00e9cio Torres Cruz \u00e9 escritor, cr\u00edtico liter\u00e1rio e professor. Membro da Academia de Letras da Bahia e da ACL de S\u00e3o Paulo. Ph.D. em literatura comparada pela SUNY, Buffalo,<\/p>","protected":false},"author":1,"featured_media":39036,"parent":0,"menu_order":0,"comment_status":"closed","ping_status":"closed","template":"","meta":{"_acf_changed":false,"jetpack_post_was_ever_published":false,"_joinchat":[],"footnotes":""},"class_list":["post-71645","page","type-page","status-publish","has-post-thumbnail","hentry"],"acf":[],"yoast_head":"<!-- This site is optimized with the Yoast SEO plugin v27.2 - https:\/\/yoast.com\/product\/yoast-seo-wordpress\/ -->\n<title>Biblioteca D\u00e9cio Torres Cruz - Caravana Grupo Editorial<\/title>\n<meta name=\"robots\" content=\"index, follow, max-snippet:-1, max-image-preview:large, max-video-preview:-1\" \/>\n<link rel=\"canonical\" href=\"https:\/\/caravanagrupoeditorial.com\/es_uy\/biblioteca-decio-torres-cruz\/\" \/>\n<meta property=\"og:locale\" content=\"es_ES\" \/>\n<meta property=\"og:type\" content=\"article\" \/>\n<meta property=\"og:title\" content=\"Biblioteca D\u00e9cio Torres Cruz - Caravana Grupo Editorial\" \/>\n<meta property=\"og:description\" content=\"Biografia D\u00e9cio Torres Cruz \u00e9 escritor, cr\u00edtico liter\u00e1rio e professor. Membro da Academia de Letras da Bahia e da ACL de S\u00e3o Paulo. Ph.D. em literatura comparada pela SUNY, Buffalo,\" \/>\n<meta property=\"og:url\" content=\"https:\/\/caravanagrupoeditorial.com\/es_uy\/biblioteca-decio-torres-cruz\/\" \/>\n<meta property=\"og:site_name\" content=\"Caravana Grupo Editorial\" \/>\n<meta property=\"article:publisher\" content=\"https:\/\/www.facebook.com\/caravanagrupoeditorial\" \/>\n<meta property=\"article:modified_time\" content=\"2026-02-06T04:47:12+00:00\" \/>\n<meta property=\"og:image\" content=\"https:\/\/i0.wp.com\/caravanagrupoeditorial.com\/wp-content\/uploads\/2024\/05\/DECIO-TORRES3-Cecilia-Rosa.jpg?fit=969%2C719&ssl=1\" \/>\n\t<meta property=\"og:image:width\" content=\"969\" \/>\n\t<meta property=\"og:image:height\" content=\"719\" \/>\n\t<meta property=\"og:image:type\" content=\"image\/jpeg\" \/>\n<meta name=\"twitter:card\" content=\"summary_large_image\" \/>\n<meta name=\"twitter:label1\" content=\"Est. reading time\" \/>\n\t<meta name=\"twitter:data1\" content=\"2 minutos\" \/>\n<script type=\"application\/ld+json\" class=\"yoast-schema-graph\">{\"@context\":\"https:\/\/schema.org\",\"@graph\":[{\"@type\":\"WebPage\",\"@id\":\"https:\/\/caravanagrupoeditorial.com\/biblioteca-decio-torres-cruz\/\",\"url\":\"https:\/\/caravanagrupoeditorial.com\/biblioteca-decio-torres-cruz\/\",\"name\":\"Biblioteca D\u00e9cio Torres Cruz - Caravana Grupo Editorial\",\"isPartOf\":{\"@id\":\"https:\/\/caravanagrupoeditorial.com\/#website\"},\"primaryImageOfPage\":{\"@id\":\"https:\/\/caravanagrupoeditorial.com\/biblioteca-decio-torres-cruz\/#primaryimage\"},\"image\":{\"@id\":\"https:\/\/caravanagrupoeditorial.com\/biblioteca-decio-torres-cruz\/#primaryimage\"},\"thumbnailUrl\":\"https:\/\/i0.wp.com\/caravanagrupoeditorial.com\/wp-content\/uploads\/2024\/05\/DECIO-TORRES3-Cecilia-Rosa.jpg?fit=969%2C719&ssl=1\",\"datePublished\":\"2025-03-25T22:59:13+00:00\",\"dateModified\":\"2026-02-06T04:47:12+00:00\",\"breadcrumb\":{\"@id\":\"https:\/\/caravanagrupoeditorial.com\/biblioteca-decio-torres-cruz\/#breadcrumb\"},\"inLanguage\":\"es-UY\",\"potentialAction\":[{\"@type\":\"ReadAction\",\"target\":[\"https:\/\/caravanagrupoeditorial.com\/biblioteca-decio-torres-cruz\/\"]}]},{\"@type\":\"ImageObject\",\"inLanguage\":\"es-UY\",\"@id\":\"https:\/\/caravanagrupoeditorial.com\/biblioteca-decio-torres-cruz\/#primaryimage\",\"url\":\"https:\/\/i0.wp.com\/caravanagrupoeditorial.com\/wp-content\/uploads\/2024\/05\/DECIO-TORRES3-Cecilia-Rosa.jpg?fit=969%2C719&ssl=1\",\"contentUrl\":\"https:\/\/i0.wp.com\/caravanagrupoeditorial.com\/wp-content\/uploads\/2024\/05\/DECIO-TORRES3-Cecilia-Rosa.jpg?fit=969%2C719&ssl=1\",\"width\":969,\"height\":719},{\"@type\":\"BreadcrumbList\",\"@id\":\"https:\/\/caravanagrupoeditorial.com\/biblioteca-decio-torres-cruz\/#breadcrumb\",\"itemListElement\":[{\"@type\":\"ListItem\",\"position\":1,\"name\":\"In\u00edcio\",\"item\":\"https:\/\/caravanagrupoeditorial.com\/\"},{\"@type\":\"ListItem\",\"position\":2,\"name\":\"Biblioteca D\u00e9cio Torres Cruz\"}]},{\"@type\":\"WebSite\",\"@id\":\"https:\/\/caravanagrupoeditorial.com\/#website\",\"url\":\"https:\/\/caravanagrupoeditorial.com\/\",\"name\":\"Caravana Grupo Editorial\",\"description\":\"\",\"publisher\":{\"@id\":\"https:\/\/caravanagrupoeditorial.com\/#organization\"},\"potentialAction\":[{\"@type\":\"SearchAction\",\"target\":{\"@type\":\"EntryPoint\",\"urlTemplate\":\"https:\/\/caravanagrupoeditorial.com\/?s={search_term_string}\"},\"query-input\":{\"@type\":\"PropertyValueSpecification\",\"valueRequired\":true,\"valueName\":\"search_term_string\"}}],\"inLanguage\":\"es-UY\"},{\"@type\":\"Organization\",\"@id\":\"https:\/\/caravanagrupoeditorial.com\/#organization\",\"name\":\"Caravana Grupo Editorial\",\"url\":\"https:\/\/caravanagrupoeditorial.com\/\",\"logo\":{\"@type\":\"ImageObject\",\"inLanguage\":\"es-UY\",\"@id\":\"https:\/\/caravanagrupoeditorial.com\/#\/schema\/logo\/image\/\",\"url\":\"https:\/\/caravanagrupoeditorial.com\/wp-content\/uploads\/2024\/02\/cropped-Logo_Caravana.png\",\"contentUrl\":\"https:\/\/caravanagrupoeditorial.com\/wp-content\/uploads\/2024\/02\/cropped-Logo_Caravana.png\",\"width\":512,\"height\":512,\"caption\":\"Caravana Grupo Editorial\"},\"image\":{\"@id\":\"https:\/\/caravanagrupoeditorial.com\/#\/schema\/logo\/image\/\"},\"sameAs\":[\"https:\/\/www.facebook.com\/caravanagrupoeditorial\",\"https:\/\/www.instagram.com\/caravanagrupoeditorial\/?hl=pt-br\",\"https:\/\/www.youtube.com\/channel\/UCdD-xosEkpHCeRn2nDLiXfQ\"]}]}<\/script>\n<!-- \/ Yoast SEO plugin. -->","yoast_head_json":{"title":"Biblioteca D\u00e9cio Torres Cruz - Caravana Grupo Editorial","robots":{"index":"index","follow":"follow","max-snippet":"max-snippet:-1","max-image-preview":"max-image-preview:large","max-video-preview":"max-video-preview:-1"},"canonical":"https:\/\/caravanagrupoeditorial.com\/es_uy\/biblioteca-decio-torres-cruz\/","og_locale":"es_ES","og_type":"article","og_title":"Biblioteca D\u00e9cio Torres Cruz - Caravana Grupo Editorial","og_description":"Biografia D\u00e9cio Torres Cruz \u00e9 escritor, cr\u00edtico liter\u00e1rio e professor. Membro da Academia de Letras da Bahia e da ACL de S\u00e3o Paulo. Ph.D. em literatura comparada pela SUNY, Buffalo,","og_url":"https:\/\/caravanagrupoeditorial.com\/es_uy\/biblioteca-decio-torres-cruz\/","og_site_name":"Caravana Grupo Editorial","article_publisher":"https:\/\/www.facebook.com\/caravanagrupoeditorial","article_modified_time":"2026-02-06T04:47:12+00:00","og_image":[{"width":969,"height":719,"url":"https:\/\/i0.wp.com\/caravanagrupoeditorial.com\/wp-content\/uploads\/2024\/05\/DECIO-TORRES3-Cecilia-Rosa.jpg?fit=969%2C719&ssl=1","type":"image\/jpeg"}],"twitter_card":"summary_large_image","twitter_misc":{"Est. reading time":"2 minutos"},"schema":{"@context":"https:\/\/schema.org","@graph":[{"@type":"WebPage","@id":"https:\/\/caravanagrupoeditorial.com\/biblioteca-decio-torres-cruz\/","url":"https:\/\/caravanagrupoeditorial.com\/biblioteca-decio-torres-cruz\/","name":"Biblioteca D\u00e9cio Torres Cruz - Caravana Grupo Editorial","isPartOf":{"@id":"https:\/\/caravanagrupoeditorial.com\/#website"},"primaryImageOfPage":{"@id":"https:\/\/caravanagrupoeditorial.com\/biblioteca-decio-torres-cruz\/#primaryimage"},"image":{"@id":"https:\/\/caravanagrupoeditorial.com\/biblioteca-decio-torres-cruz\/#primaryimage"},"thumbnailUrl":"https:\/\/i0.wp.com\/caravanagrupoeditorial.com\/wp-content\/uploads\/2024\/05\/DECIO-TORRES3-Cecilia-Rosa.jpg?fit=969%2C719&ssl=1","datePublished":"2025-03-25T22:59:13+00:00","dateModified":"2026-02-06T04:47:12+00:00","breadcrumb":{"@id":"https:\/\/caravanagrupoeditorial.com\/biblioteca-decio-torres-cruz\/#breadcrumb"},"inLanguage":"es-UY","potentialAction":[{"@type":"ReadAction","target":["https:\/\/caravanagrupoeditorial.com\/biblioteca-decio-torres-cruz\/"]}]},{"@type":"ImageObject","inLanguage":"es-UY","@id":"https:\/\/caravanagrupoeditorial.com\/biblioteca-decio-torres-cruz\/#primaryimage","url":"https:\/\/i0.wp.com\/caravanagrupoeditorial.com\/wp-content\/uploads\/2024\/05\/DECIO-TORRES3-Cecilia-Rosa.jpg?fit=969%2C719&ssl=1","contentUrl":"https:\/\/i0.wp.com\/caravanagrupoeditorial.com\/wp-content\/uploads\/2024\/05\/DECIO-TORRES3-Cecilia-Rosa.jpg?fit=969%2C719&ssl=1","width":969,"height":719},{"@type":"BreadcrumbList","@id":"https:\/\/caravanagrupoeditorial.com\/biblioteca-decio-torres-cruz\/#breadcrumb","itemListElement":[{"@type":"ListItem","position":1,"name":"In\u00edcio","item":"https:\/\/caravanagrupoeditorial.com\/"},{"@type":"ListItem","position":2,"name":"Biblioteca D\u00e9cio Torres Cruz"}]},{"@type":"WebSite","@id":"https:\/\/caravanagrupoeditorial.com\/#website","url":"https:\/\/caravanagrupoeditorial.com\/","name":"Cat\u00e1logo Oro y Plata Editorial","description":"","publisher":{"@id":"https:\/\/caravanagrupoeditorial.com\/#organization"},"potentialAction":[{"@type":"SearchAction","target":{"@type":"EntryPoint","urlTemplate":"https:\/\/caravanagrupoeditorial.com\/?s={search_term_string}"},"query-input":{"@type":"PropertyValueSpecification","valueRequired":true,"valueName":"search_term_string"}}],"inLanguage":"es-UY"},{"@type":"Organization","@id":"https:\/\/caravanagrupoeditorial.com\/#organization","name":"Cat\u00e1logo Oro y Plata Editorial","url":"https:\/\/caravanagrupoeditorial.com\/","logo":{"@type":"ImageObject","inLanguage":"es-UY","@id":"https:\/\/caravanagrupoeditorial.com\/#\/schema\/logo\/image\/","url":"https:\/\/caravanagrupoeditorial.com\/wp-content\/uploads\/2024\/02\/cropped-Logo_Caravana.png","contentUrl":"https:\/\/caravanagrupoeditorial.com\/wp-content\/uploads\/2024\/02\/cropped-Logo_Caravana.png","width":512,"height":512,"caption":"Caravana Grupo Editorial"},"image":{"@id":"https:\/\/caravanagrupoeditorial.com\/#\/schema\/logo\/image\/"},"sameAs":["https:\/\/www.facebook.com\/caravanagrupoeditorial","https:\/\/www.instagram.com\/caravanagrupoeditorial\/?hl=pt-br","https:\/\/www.youtube.com\/channel\/UCdD-xosEkpHCeRn2nDLiXfQ"]}]}},"jetpack_sharing_enabled":true,"_links":{"self":[{"href":"https:\/\/caravanagrupoeditorial.com\/es_uy\/wp-json\/wp\/v2\/pages\/71645","targetHints":{"allow":["GET"]}}],"collection":[{"href":"https:\/\/caravanagrupoeditorial.com\/es_uy\/wp-json\/wp\/v2\/pages"}],"about":[{"href":"https:\/\/caravanagrupoeditorial.com\/es_uy\/wp-json\/wp\/v2\/types\/page"}],"author":[{"embeddable":true,"href":"https:\/\/caravanagrupoeditorial.com\/es_uy\/wp-json\/wp\/v2\/users\/1"}],"replies":[{"embeddable":true,"href":"https:\/\/caravanagrupoeditorial.com\/es_uy\/wp-json\/wp\/v2\/comments?post=71645"}],"version-history":[{"count":20,"href":"https:\/\/caravanagrupoeditorial.com\/es_uy\/wp-json\/wp\/v2\/pages\/71645\/revisions"}],"predecessor-version":[{"id":99801,"href":"https:\/\/caravanagrupoeditorial.com\/es_uy\/wp-json\/wp\/v2\/pages\/71645\/revisions\/99801"}],"wp:featuredmedia":[{"embeddable":true,"href":"https:\/\/caravanagrupoeditorial.com\/es_uy\/wp-json\/wp\/v2\/media\/39036"}],"wp:attachment":[{"href":"https:\/\/caravanagrupoeditorial.com\/es_uy\/wp-json\/wp\/v2\/media?parent=71645"}],"curies":[{"name":"wp","href":"https:\/\/api.w.org\/{rel}","templated":true}]}}