{"id":3,"date":"2020-08-03T22:43:08","date_gmt":"2020-08-03T22:43:08","guid":{"rendered":"https:\/\/caravanagrupoeditorial.com\/?page_id=3"},"modified":"2021-03-20T23:51:43","modified_gmt":"2021-03-20T23:51:43","slug":"politica-de-privacidade","status":"publish","type":"page","link":"https:\/\/caravanagrupoeditorial.com\/es_uy\/politica-de-privacidade\/","title":{"rendered":"Pol\u00edtica de privacidade"},"content":{"rendered":"<p><strong>SE\u00c7\u00c3O 1 &#8211; O QUE FAZEMOS COM A SUA INFORMA\u00c7\u00c3O?<\/strong><\/p>\n<p>&nbsp;<\/p>\n<p style=\"text-align: justify;\">Quando voc\u00ea compra algo da nossa loja, como parte do processo de compra e venda, coletamos as informa\u00e7\u00f5es pessoais que voc\u00ea nos fornece tais como seu nome, endere\u00e7o e endere\u00e7o de e-mail.<br>Quando voc\u00ea navega pela nossa loja, recebemos tamb\u00e9m automaticamente o protocolo de internet do seu computador, o endere\u00e7o de IP, a fim de obter informa\u00e7\u00f5es que nos ajudam a aprender sobre seu navegador e sistema operacional.<br>Marketing por e-mail (se aplic\u00e1vel): Com a sua permiss\u00e3o, podemos lhe enviar emails sobre nossa loja, novos produtos e outras atualiza\u00e7\u00f5es.<\/p>\n<p style=\"text-align: justify;\"><strong>SE\u00c7\u00c3O 2 &#8211; CONSENTIMENTO<\/strong><\/p>\n<p style=\"text-align: justify;\">Como voc\u00eas obt\u00eam meu consentimento?<br>Quando voc\u00ea nos fornece as suas informa\u00e7\u00f5es pessoais para completar seu pedido, e ser direcionado para o nosso parceiro de pagamento &#8220;pagseguro do uol&#8221; ou outro parceiro de vendas, providenciar uma entrega ou retornar uma compra, entendemos que voc\u00ea concorda com a nossa coleta e uso dessas informa\u00e7\u00f5es para aquele motivo espec\u00edfico apenas.<br>Se pedimos por suas informa\u00e7\u00f5es pessoais por uma raz\u00e3o secund\u00e1ria, como marketing, vamos pedir diretamente por seu consentimento, ou lhe fornecer a oportunidade de dizer n\u00e3o.<br>Como eu retiro o meu consentimento?<br>Se ap\u00f3s nos fornecer seus dados, voc\u00ea mudar de ideia, voc\u00ea pode retirar o seu consentimento a qualquer momento, entrando em contato conosco atrav\u00e9s do e-mail gestao@caravanagrupoeditorial.com<\/p>\n<p style=\"text-align: justify;\"><strong>SE\u00c7\u00c3O 3 &#8211; DIVULGA\u00c7\u00c3O<\/strong><\/p>\n<p style=\"text-align: justify;\">Podemos divulgar suas informa\u00e7\u00f5es pessoais se formos obrigados pela lei ou se voc\u00ea violar nossos Termos de Servi\u00e7o.<\/p>\n<p style=\"text-align: justify;\"><strong>SE\u00c7\u00c3O 4 &#8211; CARAVANAGRUPOEDITORIAL.COM.BR<\/strong><\/p>\n<p style=\"text-align: justify;\">Seus dados est\u00e3o armazenados atrav\u00e9s do armazenamento de dados do caravanagrupoeditorial.com, banco de dados e a aplica\u00e7\u00e3o geral do caravanagrupoeditorial.com. N\u00f3s armazenamos dados em um servidor seguro atr\u00e1s de um firewall.<br>Pagamento:<br>Sempre que voc\u00ea escolher um produto para compra, para que seja finalizado o pagamento, voc\u00ea ser\u00e1 direcionado para uma site parceiro para finalizar o seu pagamento, no nosso site n\u00e3o solicitamos dados de cart\u00e3o de cr\u00e9dito.<\/p>\n<p style=\"text-align: justify;\"><strong>SE\u00c7\u00c3O 5 &#8211; SERVI\u00c7OS DE TERCEIROS<\/strong><\/p>\n<p style=\"text-align: justify;\">No geral, os fornecedores terceirizados utilizados por n\u00f3s ir\u00e3o apenas coletar, usar e divulgar suas informa\u00e7\u00f5es na medida do necess\u00e1rio para permitir que eles realizem os servi\u00e7os que nos fornecem.<br>Entretanto, certos fornecedores de servi\u00e7os terceirizados, tais como gateways de pagamento e outros processadores de transa\u00e7\u00e3o de pagamento, t\u00eam suas pr\u00f3prias pol\u00edticas de privacidade com respeito \u00e0 informa\u00e7\u00e3o que somos obrigados a fornecer para que sua compra seja efetuada.<br>Em rela\u00e7\u00e3o a fornecedores, recomendamos que voc\u00ea leia suas pol\u00edticas de privacidade para que possa entender a maneira com a qual suas informa\u00e7\u00f5es pessoais ser\u00e3o usadas eles.<br>Em particular, lembre-se que certos fornecedores podem ser localizados ou possuir instala\u00e7\u00f5es que s\u00e3o localizadas em jurisdi\u00e7\u00f5es diferentes que voc\u00ea ou n\u00f3s. Assim, se optar por continuar com uma transa\u00e7\u00e3o que envolve os servi\u00e7os de um fornecedor de servi\u00e7o terceirizado, suas informa\u00e7\u00f5es podem tornar-se sujeitas \u00e0s leis da(s) jurisdi\u00e7\u00e3o(\u00f5es) nas quais o fornecedor de servi\u00e7o ou suas instala\u00e7\u00f5es est\u00e3o localizados.<br>Para exemplificar, vamos supor que voc\u00ea esteja situado no Canad\u00e1 e sua transa\u00e7\u00e3o \u00e9 processada por um gateway de pagamento localizado nos Estados Unidos, ent\u00e3o suas informa\u00e7\u00f5es pessoais usadas para completar aquela transa\u00e7\u00e3o podem estar sujeitas a divulga\u00e7\u00e3o sob a legisla\u00e7\u00e3o dos Estados Unidos, incluindo o Ato Patriota.<br>Uma vez que voc\u00ea deixe o site da nossa loja ou seja redirecionado para um aplicativo ou site de terceiros, voc\u00ea n\u00e3o ser\u00e1 mais regido por nossa Pol\u00edtica de Privacidade ou pelos Termos de Servi\u00e7o.<br>Links<br>Quando voc\u00ea clica em links na nossa loja, eles podem lhe direcionar para fora do nosso site. N\u00e3o somos respons\u00e1veis pelas pr\u00e1ticas de privacidade de outros sites e lhe incentivamos a ler as declara\u00e7\u00f5es de privacidade deles.<\/p>\n<p style=\"text-align: justify;\"><strong>SE\u00c7\u00c3O 6 &#8211; SEGURAN\u00c7A<\/strong><\/p>\n<p style=\"text-align: justify;\">Para proteger suas informa\u00e7\u00f5es pessoais, tomamos precau\u00e7\u00f5es razo\u00e1veis e seguimos as melhores pr\u00e1ticas da ind\u00fastria para nos certificar que elas n\u00e3o ser\u00e3o perdidas inadequadamente, usurpadas, acessadas, divulgadas, alteradas ou destru\u00eddas.<br>COOKIES<br>Aqui est\u00e1 uma lista de cookies que usamos. N\u00f3s os listamos para que voc\u00ea possa escolher se voc\u00ea quer sair dos cookies ou n\u00e3o.<br>_caravanagrupoeditorial_session, token \u00fanico, por sess\u00e3o, Permite ao caravanagrupoeditorial.com armazenar informa\u00e7\u00f5es sobre sua sess\u00e3o (referenciador, landing page, etc).<\/p>\n<p style=\"text-align: justify;\"><strong>SE\u00c7\u00c3O 7 &#8211; IDADE DE CONSENTIMENTO<\/strong><\/p>\n<p style=\"text-align: justify;\">Ao usar este site, voc\u00ea afirma que tem pelo menos a maioridade em seu estado ou prov\u00edncia de resid\u00eancia e nos d\u00e1 seu consentimento para permitir que qualquer um dos seus dependentes menores de idade usem esse site.<\/p>\n<p style=\"text-align: justify;\"><strong>SE\u00c7\u00c3O 8 &#8211; ALTERA\u00c7\u00d5ES PARA ESSA POL\u00cdTICA DE PRIVACIDADE<\/strong><\/p>\n<p style=\"text-align: justify;\">Reservamos o direito de modificar essa pol\u00edtica de privacidade a qualquer momento, ent\u00e3o por favor, revise-a com frequ\u00eancia. Altera\u00e7\u00f5es e esclarecimentos v\u00e3o surtir efeito imediatamente ap\u00f3s sua publica\u00e7\u00e3o no site. Se fizermos altera\u00e7\u00f5es de materiais para essa pol\u00edtica, iremos notific\u00e1-lo aqui que eles foram atualizados, para que voc\u00ea tenha ci\u00eancia sobre quais informa\u00e7\u00f5es coletamos, como as usamos, e sob que circunst\u00e2ncias, usamos e\/ou divulgamos elas.<br>Se nossa loja for adquirida ou fundida com outra empresa, suas informa\u00e7\u00f5es podem ser transferidas para os novos propriet\u00e1rios para que possamos continuar a vender produtos para voc\u00ea.<\/p>\n<p style=\"text-align: justify;\"><strong>PERGUNTAS E INFORMA\u00c7\u00d5ES DE CONTATO<\/strong><\/p>\n<p style=\"text-align: justify;\">Se voc\u00ea quiser: acessar, corrigir, alterar ou excluir quaisquer informa\u00e7\u00f5es pessoais que temos sobre voc\u00ea, registre uma queixa, ou simplesmente entre em contato com nosso Oficial de Conformidade de Privacidade atrav\u00e9s do e-mail gestao@caravanagrupoeditorial.com<\/p>","protected":false},"excerpt":{"rendered":"SE\u00c7\u00c3O 1 - O QUE FAZEMOS COM A SUA INFORMA\u00c7\u00c3O? &nbsp; Quando voc\u00ea compra algo da nossa loja, como parte do processo de compra e venda, coletamos as informa\u00e7\u00f5es pessoais","protected":false},"author":1,"featured_media":0,"parent":0,"menu_order":0,"comment_status":"closed","ping_status":"open","template":"","meta":{"_acf_changed":false,"jetpack_post_was_ever_published":false,"_joinchat":[],"footnotes":""},"class_list":["post-3","page","type-page","status-publish","hentry"],"acf":[],"yoast_head":"<!-- This site is optimized with the Yoast SEO plugin v27.2 - https:\/\/yoast.com\/product\/yoast-seo-wordpress\/ -->\n<title>Pol\u00edtica de privacidade - Caravana Grupo Editorial<\/title>\n<meta name=\"robots\" content=\"index, follow, max-snippet:-1, max-image-preview:large, max-video-preview:-1\" \/>\n<link rel=\"canonical\" href=\"https:\/\/caravanagrupoeditorial.com\/es_uy\/politica-de-privacidade\/\" \/>\n<meta property=\"og:locale\" content=\"es_ES\" \/>\n<meta property=\"og:type\" content=\"article\" \/>\n<meta property=\"og:title\" content=\"Pol\u00edtica de privacidade - Caravana Grupo Editorial\" \/>\n<meta property=\"og:url\" content=\"https:\/\/caravanagrupoeditorial.com\/es_uy\/politica-de-privacidade\/\" \/>\n<meta property=\"og:site_name\" content=\"Caravana Grupo Editorial\" \/>\n<meta property=\"article:publisher\" content=\"https:\/\/www.facebook.com\/caravanagrupoeditorial\" \/>\n<meta property=\"article:modified_time\" content=\"2021-03-20T23:51:43+00:00\" \/>\n<meta property=\"og:image\" content=\"https:\/\/i0.wp.com\/caravanagrupoeditorial.com\/wp-content\/uploads\/2024\/02\/cropped-Logo_Caravana.png?fit=512%2C512&ssl=1\" \/>\n\t<meta property=\"og:image:width\" content=\"512\" \/>\n\t<meta property=\"og:image:height\" content=\"512\" \/>\n\t<meta property=\"og:image:type\" content=\"image\/png\" \/>\n<meta name=\"twitter:card\" content=\"summary_large_image\" \/>\n<meta name=\"twitter:label1\" content=\"Est. reading time\" \/>\n\t<meta name=\"twitter:data1\" content=\"4 minutos\" \/>\n<script type=\"application\/ld+json\" class=\"yoast-schema-graph\">{\"@context\":\"https:\/\/schema.org\",\"@graph\":[{\"@type\":\"WebPage\",\"@id\":\"https:\/\/caravanagrupoeditorial.com\/politica-de-privacidade\/\",\"url\":\"https:\/\/caravanagrupoeditorial.com\/politica-de-privacidade\/\",\"name\":\"Pol\u00edtica de privacidade - Caravana Grupo Editorial\",\"isPartOf\":{\"@id\":\"https:\/\/caravanagrupoeditorial.com\/#website\"},\"datePublished\":\"2020-08-03T22:43:08+00:00\",\"dateModified\":\"2021-03-20T23:51:43+00:00\",\"breadcrumb\":{\"@id\":\"https:\/\/caravanagrupoeditorial.com\/politica-de-privacidade\/#breadcrumb\"},\"inLanguage\":\"es-UY\",\"potentialAction\":[{\"@type\":\"ReadAction\",\"target\":[\"https:\/\/caravanagrupoeditorial.com\/politica-de-privacidade\/\"]}]},{\"@type\":\"BreadcrumbList\",\"@id\":\"https:\/\/caravanagrupoeditorial.com\/politica-de-privacidade\/#breadcrumb\",\"itemListElement\":[{\"@type\":\"ListItem\",\"position\":1,\"name\":\"In\u00edcio\",\"item\":\"https:\/\/caravanagrupoeditorial.com\/\"},{\"@type\":\"ListItem\",\"position\":2,\"name\":\"Pol\u00edtica de privacidade\"}]},{\"@type\":\"WebSite\",\"@id\":\"https:\/\/caravanagrupoeditorial.com\/#website\",\"url\":\"https:\/\/caravanagrupoeditorial.com\/\",\"name\":\"Caravana Grupo Editorial\",\"description\":\"\",\"publisher\":{\"@id\":\"https:\/\/caravanagrupoeditorial.com\/#organization\"},\"potentialAction\":[{\"@type\":\"SearchAction\",\"target\":{\"@type\":\"EntryPoint\",\"urlTemplate\":\"https:\/\/caravanagrupoeditorial.com\/?s={search_term_string}\"},\"query-input\":{\"@type\":\"PropertyValueSpecification\",\"valueRequired\":true,\"valueName\":\"search_term_string\"}}],\"inLanguage\":\"es-UY\"},{\"@type\":\"Organization\",\"@id\":\"https:\/\/caravanagrupoeditorial.com\/#organization\",\"name\":\"Caravana Grupo Editorial\",\"url\":\"https:\/\/caravanagrupoeditorial.com\/\",\"logo\":{\"@type\":\"ImageObject\",\"inLanguage\":\"es-UY\",\"@id\":\"https:\/\/caravanagrupoeditorial.com\/#\/schema\/logo\/image\/\",\"url\":\"https:\/\/caravanagrupoeditorial.com\/wp-content\/uploads\/2024\/02\/cropped-Logo_Caravana.png\",\"contentUrl\":\"https:\/\/caravanagrupoeditorial.com\/wp-content\/uploads\/2024\/02\/cropped-Logo_Caravana.png\",\"width\":512,\"height\":512,\"caption\":\"Caravana Grupo Editorial\"},\"image\":{\"@id\":\"https:\/\/caravanagrupoeditorial.com\/#\/schema\/logo\/image\/\"},\"sameAs\":[\"https:\/\/www.facebook.com\/caravanagrupoeditorial\",\"https:\/\/www.instagram.com\/caravanagrupoeditorial\/?hl=pt-br\",\"https:\/\/www.youtube.com\/channel\/UCdD-xosEkpHCeRn2nDLiXfQ\"]}]}<\/script>\n<!-- \/ Yoast SEO plugin. -->","yoast_head_json":{"title":"Pol\u00edtica de privacidade - Caravana Grupo Editorial","robots":{"index":"index","follow":"follow","max-snippet":"max-snippet:-1","max-image-preview":"max-image-preview:large","max-video-preview":"max-video-preview:-1"},"canonical":"https:\/\/caravanagrupoeditorial.com\/es_uy\/politica-de-privacidade\/","og_locale":"es_ES","og_type":"article","og_title":"Pol\u00edtica de privacidade - Caravana Grupo Editorial","og_url":"https:\/\/caravanagrupoeditorial.com\/es_uy\/politica-de-privacidade\/","og_site_name":"Caravana Grupo Editorial","article_publisher":"https:\/\/www.facebook.com\/caravanagrupoeditorial","article_modified_time":"2021-03-20T23:51:43+00:00","og_image":[{"width":512,"height":512,"url":"https:\/\/i0.wp.com\/caravanagrupoeditorial.com\/wp-content\/uploads\/2024\/02\/cropped-Logo_Caravana.png?fit=512%2C512&ssl=1","type":"image\/png"}],"twitter_card":"summary_large_image","twitter_misc":{"Est. reading time":"4 minutos"},"schema":{"@context":"https:\/\/schema.org","@graph":[{"@type":"WebPage","@id":"https:\/\/caravanagrupoeditorial.com\/politica-de-privacidade\/","url":"https:\/\/caravanagrupoeditorial.com\/politica-de-privacidade\/","name":"Pol\u00edtica de privacidade - Caravana Grupo Editorial","isPartOf":{"@id":"https:\/\/caravanagrupoeditorial.com\/#website"},"datePublished":"2020-08-03T22:43:08+00:00","dateModified":"2021-03-20T23:51:43+00:00","breadcrumb":{"@id":"https:\/\/caravanagrupoeditorial.com\/politica-de-privacidade\/#breadcrumb"},"inLanguage":"es-UY","potentialAction":[{"@type":"ReadAction","target":["https:\/\/caravanagrupoeditorial.com\/politica-de-privacidade\/"]}]},{"@type":"BreadcrumbList","@id":"https:\/\/caravanagrupoeditorial.com\/politica-de-privacidade\/#breadcrumb","itemListElement":[{"@type":"ListItem","position":1,"name":"In\u00edcio","item":"https:\/\/caravanagrupoeditorial.com\/"},{"@type":"ListItem","position":2,"name":"Pol\u00edtica de privacidade"}]},{"@type":"WebSite","@id":"https:\/\/caravanagrupoeditorial.com\/#website","url":"https:\/\/caravanagrupoeditorial.com\/","name":"Cat\u00e1logo Oro y Plata Editorial","description":"","publisher":{"@id":"https:\/\/caravanagrupoeditorial.com\/#organization"},"potentialAction":[{"@type":"SearchAction","target":{"@type":"EntryPoint","urlTemplate":"https:\/\/caravanagrupoeditorial.com\/?s={search_term_string}"},"query-input":{"@type":"PropertyValueSpecification","valueRequired":true,"valueName":"search_term_string"}}],"inLanguage":"es-UY"},{"@type":"Organization","@id":"https:\/\/caravanagrupoeditorial.com\/#organization","name":"Cat\u00e1logo Oro y Plata Editorial","url":"https:\/\/caravanagrupoeditorial.com\/","logo":{"@type":"ImageObject","inLanguage":"es-UY","@id":"https:\/\/caravanagrupoeditorial.com\/#\/schema\/logo\/image\/","url":"https:\/\/caravanagrupoeditorial.com\/wp-content\/uploads\/2024\/02\/cropped-Logo_Caravana.png","contentUrl":"https:\/\/caravanagrupoeditorial.com\/wp-content\/uploads\/2024\/02\/cropped-Logo_Caravana.png","width":512,"height":512,"caption":"Caravana Grupo Editorial"},"image":{"@id":"https:\/\/caravanagrupoeditorial.com\/#\/schema\/logo\/image\/"},"sameAs":["https:\/\/www.facebook.com\/caravanagrupoeditorial","https:\/\/www.instagram.com\/caravanagrupoeditorial\/?hl=pt-br","https:\/\/www.youtube.com\/channel\/UCdD-xosEkpHCeRn2nDLiXfQ"]}]}},"jetpack_sharing_enabled":true,"_links":{"self":[{"href":"https:\/\/caravanagrupoeditorial.com\/es_uy\/wp-json\/wp\/v2\/pages\/3","targetHints":{"allow":["GET"]}}],"collection":[{"href":"https:\/\/caravanagrupoeditorial.com\/es_uy\/wp-json\/wp\/v2\/pages"}],"about":[{"href":"https:\/\/caravanagrupoeditorial.com\/es_uy\/wp-json\/wp\/v2\/types\/page"}],"author":[{"embeddable":true,"href":"https:\/\/caravanagrupoeditorial.com\/es_uy\/wp-json\/wp\/v2\/users\/1"}],"replies":[{"embeddable":true,"href":"https:\/\/caravanagrupoeditorial.com\/es_uy\/wp-json\/wp\/v2\/comments?post=3"}],"version-history":[{"count":6,"href":"https:\/\/caravanagrupoeditorial.com\/es_uy\/wp-json\/wp\/v2\/pages\/3\/revisions"}],"predecessor-version":[{"id":4145,"href":"https:\/\/caravanagrupoeditorial.com\/es_uy\/wp-json\/wp\/v2\/pages\/3\/revisions\/4145"}],"wp:attachment":[{"href":"https:\/\/caravanagrupoeditorial.com\/es_uy\/wp-json\/wp\/v2\/media?parent=3"}],"curies":[{"name":"wp","href":"https:\/\/api.w.org\/{rel}","templated":true}]}}