{"id":100145,"date":"2025-09-23T12:50:14","date_gmt":"2025-09-23T15:50:14","guid":{"rendered":"https:\/\/caravanagrupoeditorial.com\/?post_type=product&#038;p=100145"},"modified":"2026-04-02T23:46:50","modified_gmt":"2026-04-03T02:46:50","slug":"a-orillas-del-leteo","status":"publish","type":"product","link":"https:\/\/caravanagrupoeditorial.com\/es_cl\/livros\/a-orillas-del-leteo\/","title":{"rendered":"A orillas del Leteo"},"content":{"rendered":"<p style=\"text-align: justify;\">En mi elemento viven infinitas bibliotecas potenciales, dice Federico, y cada uno de sus versos se percibe como una b\u00fasqueda, como un camino, como el sutil tr\u00e1nsito de una voz que al manifestarse descubre la belleza que vive en la herida.<br \/>\nDesde las flores del jard\u00edn hasta la gracia imperturbable de la monta\u00f1a, la naturaleza borda sus interminables ciclos en olas de maravilla y admiraci\u00f3n. Federico describe esa delicada existencia con la mirada atenta de aquel que entiende que el umbral de los d\u00edas es un tejido precioso, imposible de construir en soledad.<br \/>\n\u201cFinalmente, \/ toda existencia, \/ m\u00ednima o m\u00e1xima \/ se reduce a un acto \/ de fe.\u201d \u00bfQu\u00e9 tesoro viaja en la voz del poeta? \u00bfQu\u00e9 dilemas esconde el viento? \u00bfCu\u00e1l es la luz que revela la dimensi\u00f3n \u00faltima de la belleza?<br \/>\nA orillas del Leteo, Federico busca. Pregunta. Compone respuestas para capturar momentos de esencia y virtud.<br \/>\nPlantados en lo et\u00e9reo del abismo, estos poemas buscan la belleza de la ca\u00edda. Un recorrido posible. Un despertar.<\/p>","protected":false},"excerpt":{"rendered":"<p>En mi elemento viven infinitas bibliotecas potenciales, dice Federico, y cada uno de sus versos se percibe como una b\u00fasqueda, como un camino, como el sutil tr\u00e1nsito de una voz<\/p>","protected":false},"featured_media":100147,"comment_status":"open","ping_status":"closed","template":"","meta":{"_acf_changed":false,"jetpack_post_was_ever_published":false,"_joinchat":[]},"pwb-brand":[20628],"product_brand":[20626],"product_cat":[20633,175,20632,20634,19942],"product_tag":[],"editora":[20618,20602,20627],"class_list":{"0":"post-100145","1":"product","2":"type-product","3":"status-publish","4":"has-post-thumbnail","6":"pwb-brand-josue-polanco-venegas","7":"product_brand-josue-polanco-venegas","8":"product_cat-alicanto","9":"product_cat-ensaio","10":"product_cat-kuntur","11":"product_cat-oroyplata","12":"product_cat-pre-venda","13":"editora-alicanto","14":"editora-kuntur","15":"editora-oro-y-plata","16":"pre_capa-pre-capa","18":"first","19":"instock","20":"shipping-taxable","21":"purchasable","22":"product-type-simple"},"acf":[],"yoast_head":"<!-- This site is optimized with the Yoast SEO plugin v27.2 - https:\/\/yoast.com\/product\/yoast-seo-wordpress\/ -->\n<title>A orillas del Leteo - Caravana Grupo Editorial<\/title>\n<meta name=\"robots\" content=\"index, follow, max-snippet:-1, max-image-preview:large, max-video-preview:-1\" \/>\n<link rel=\"canonical\" href=\"https:\/\/caravanagrupoeditorial.com\/es_cl\/livros\/a-orillas-del-leteo\/\" \/>\n<meta property=\"og:locale\" content=\"es_ES\" \/>\n<meta property=\"og:type\" content=\"article\" \/>\n<meta property=\"og:title\" content=\"A orillas del Leteo - Caravana Grupo Editorial\" \/>\n<meta property=\"og:description\" content=\"En mi elemento viven infinitas bibliotecas potenciales, dice Federico, y cada uno de sus versos se percibe como una b\u00fasqueda, como un camino, como el sutil tr\u00e1nsito de una voz\" \/>\n<meta property=\"og:url\" content=\"https:\/\/caravanagrupoeditorial.com\/es_cl\/livros\/a-orillas-del-leteo\/\" \/>\n<meta property=\"og:site_name\" content=\"Caravana Grupo Editorial\" \/>\n<meta property=\"article:publisher\" content=\"https:\/\/www.facebook.com\/caravanagrupoeditorial\" \/>\n<meta property=\"article:modified_time\" content=\"2026-04-03T02:46:50+00:00\" \/>\n<meta property=\"og:image\" content=\"https:\/\/caravanagrupoeditorial.com\/wp-content\/uploads\/2026\/02\/MOCKUP_-A-orillas-del-Leteo-Lucas-Braga-Dos-Anjos-600x600-1.webp\" \/>\n\t<meta property=\"og:image:width\" content=\"600\" \/>\n\t<meta property=\"og:image:height\" content=\"600\" \/>\n\t<meta property=\"og:image:type\" content=\"image\/webp\" \/>\n<meta name=\"twitter:card\" content=\"summary_large_image\" \/>\n<meta name=\"twitter:label1\" content=\"Tiempo estimado de lectura\" \/>\n\t<meta name=\"twitter:data1\" content=\"2 minutos\" \/>\n<script type=\"application\/ld+json\" class=\"yoast-schema-graph\">{\"@context\":\"https:\/\/schema.org\",\"@graph\":[{\"@type\":\"WebPage\",\"@id\":\"https:\/\/caravanagrupoeditorial.com\/livros\/a-orillas-del-leteo\/\",\"url\":\"https:\/\/caravanagrupoeditorial.com\/livros\/a-orillas-del-leteo\/\",\"name\":\"A orillas del Leteo - Caravana Grupo Editorial\",\"isPartOf\":{\"@id\":\"https:\/\/caravanagrupoeditorial.com\/#website\"},\"primaryImageOfPage\":{\"@id\":\"https:\/\/caravanagrupoeditorial.com\/livros\/a-orillas-del-leteo\/#primaryimage\"},\"image\":{\"@id\":\"https:\/\/caravanagrupoeditorial.com\/livros\/a-orillas-del-leteo\/#primaryimage\"},\"thumbnailUrl\":\"https:\/\/i0.wp.com\/caravanagrupoeditorial.com\/wp-content\/uploads\/2026\/02\/MOCKUP_-A-orillas-del-Leteo-Lucas-Braga-Dos-Anjos-600x600-1.webp?fit=600%2C600&ssl=1\",\"datePublished\":\"2025-09-23T15:50:14+00:00\",\"dateModified\":\"2026-04-03T02:46:50+00:00\",\"breadcrumb\":{\"@id\":\"https:\/\/caravanagrupoeditorial.com\/livros\/a-orillas-del-leteo\/#breadcrumb\"},\"inLanguage\":\"es-CL\",\"potentialAction\":[{\"@type\":\"ReadAction\",\"target\":[\"https:\/\/caravanagrupoeditorial.com\/livros\/a-orillas-del-leteo\/\"]}]},{\"@type\":\"ImageObject\",\"inLanguage\":\"es-CL\",\"@id\":\"https:\/\/caravanagrupoeditorial.com\/livros\/a-orillas-del-leteo\/#primaryimage\",\"url\":\"https:\/\/i0.wp.com\/caravanagrupoeditorial.com\/wp-content\/uploads\/2026\/02\/MOCKUP_-A-orillas-del-Leteo-Lucas-Braga-Dos-Anjos-600x600-1.webp?fit=600%2C600&ssl=1\",\"contentUrl\":\"https:\/\/i0.wp.com\/caravanagrupoeditorial.com\/wp-content\/uploads\/2026\/02\/MOCKUP_-A-orillas-del-Leteo-Lucas-Braga-Dos-Anjos-600x600-1.webp?fit=600%2C600&ssl=1\",\"width\":600,\"height\":600},{\"@type\":\"BreadcrumbList\",\"@id\":\"https:\/\/caravanagrupoeditorial.com\/livros\/a-orillas-del-leteo\/#breadcrumb\",\"itemListElement\":[{\"@type\":\"ListItem\",\"position\":1,\"name\":\"In\u00edcio\",\"item\":\"https:\/\/caravanagrupoeditorial.com\/\"},{\"@type\":\"ListItem\",\"position\":2,\"name\":\"Shop\",\"item\":\"https:\/\/caravanagrupoeditorial.com\/shop\/\"},{\"@type\":\"ListItem\",\"position\":3,\"name\":\"A orillas del Leteo\"}]},{\"@type\":\"WebSite\",\"@id\":\"https:\/\/caravanagrupoeditorial.com\/#website\",\"url\":\"https:\/\/caravanagrupoeditorial.com\/\",\"name\":\"Caravana Grupo Editorial\",\"description\":\"\",\"publisher\":{\"@id\":\"https:\/\/caravanagrupoeditorial.com\/#organization\"},\"potentialAction\":[{\"@type\":\"SearchAction\",\"target\":{\"@type\":\"EntryPoint\",\"urlTemplate\":\"https:\/\/caravanagrupoeditorial.com\/?s={search_term_string}\"},\"query-input\":{\"@type\":\"PropertyValueSpecification\",\"valueRequired\":true,\"valueName\":\"search_term_string\"}}],\"inLanguage\":\"es-CL\"},{\"@type\":\"Organization\",\"@id\":\"https:\/\/caravanagrupoeditorial.com\/#organization\",\"name\":\"Caravana Grupo Editorial\",\"url\":\"https:\/\/caravanagrupoeditorial.com\/\",\"logo\":{\"@type\":\"ImageObject\",\"inLanguage\":\"es-CL\",\"@id\":\"https:\/\/caravanagrupoeditorial.com\/#\/schema\/logo\/image\/\",\"url\":\"https:\/\/caravanagrupoeditorial.com\/wp-content\/uploads\/2024\/02\/cropped-Logo_Caravana.png\",\"contentUrl\":\"https:\/\/caravanagrupoeditorial.com\/wp-content\/uploads\/2024\/02\/cropped-Logo_Caravana.png\",\"width\":512,\"height\":512,\"caption\":\"Caravana Grupo Editorial\"},\"image\":{\"@id\":\"https:\/\/caravanagrupoeditorial.com\/#\/schema\/logo\/image\/\"},\"sameAs\":[\"https:\/\/www.facebook.com\/caravanagrupoeditorial\",\"https:\/\/www.instagram.com\/caravanagrupoeditorial\/?hl=pt-br\",\"https:\/\/www.youtube.com\/channel\/UCdD-xosEkpHCeRn2nDLiXfQ\"]}]}<\/script>\n<!-- \/ Yoast SEO plugin. -->","yoast_head_json":{"title":"A orillas del Leteo - Caravana Grupo Editorial","robots":{"index":"index","follow":"follow","max-snippet":"max-snippet:-1","max-image-preview":"max-image-preview:large","max-video-preview":"max-video-preview:-1"},"canonical":"https:\/\/caravanagrupoeditorial.com\/es_cl\/livros\/a-orillas-del-leteo\/","og_locale":"es_ES","og_type":"article","og_title":"A orillas del Leteo - Caravana Grupo Editorial","og_description":"En mi elemento viven infinitas bibliotecas potenciales, dice Federico, y cada uno de sus versos se percibe como una b\u00fasqueda, como un camino, como el sutil tr\u00e1nsito de una voz","og_url":"https:\/\/caravanagrupoeditorial.com\/es_cl\/livros\/a-orillas-del-leteo\/","og_site_name":"Caravana Grupo Editorial","article_publisher":"https:\/\/www.facebook.com\/caravanagrupoeditorial","article_modified_time":"2026-04-03T02:46:50+00:00","og_image":[{"width":600,"height":600,"url":"https:\/\/caravanagrupoeditorial.com\/wp-content\/uploads\/2026\/02\/MOCKUP_-A-orillas-del-Leteo-Lucas-Braga-Dos-Anjos-600x600-1.webp","type":"image\/webp"}],"twitter_card":"summary_large_image","twitter_misc":{"Tiempo estimado de lectura":"2 minutos"},"schema":{"@context":"https:\/\/schema.org","@graph":[{"@type":"WebPage","@id":"https:\/\/caravanagrupoeditorial.com\/livros\/a-orillas-del-leteo\/","url":"https:\/\/caravanagrupoeditorial.com\/livros\/a-orillas-del-leteo\/","name":"A orillas del Leteo - Caravana Grupo Editorial","isPartOf":{"@id":"https:\/\/caravanagrupoeditorial.com\/#website"},"primaryImageOfPage":{"@id":"https:\/\/caravanagrupoeditorial.com\/livros\/a-orillas-del-leteo\/#primaryimage"},"image":{"@id":"https:\/\/caravanagrupoeditorial.com\/livros\/a-orillas-del-leteo\/#primaryimage"},"thumbnailUrl":"https:\/\/i0.wp.com\/caravanagrupoeditorial.com\/wp-content\/uploads\/2026\/02\/MOCKUP_-A-orillas-del-Leteo-Lucas-Braga-Dos-Anjos-600x600-1.webp?fit=600%2C600&ssl=1","datePublished":"2025-09-23T15:50:14+00:00","dateModified":"2026-04-03T02:46:50+00:00","breadcrumb":{"@id":"https:\/\/caravanagrupoeditorial.com\/livros\/a-orillas-del-leteo\/#breadcrumb"},"inLanguage":"es-CL","potentialAction":[{"@type":"ReadAction","target":["https:\/\/caravanagrupoeditorial.com\/livros\/a-orillas-del-leteo\/"]}]},{"@type":"ImageObject","inLanguage":"es-CL","@id":"https:\/\/caravanagrupoeditorial.com\/livros\/a-orillas-del-leteo\/#primaryimage","url":"https:\/\/i0.wp.com\/caravanagrupoeditorial.com\/wp-content\/uploads\/2026\/02\/MOCKUP_-A-orillas-del-Leteo-Lucas-Braga-Dos-Anjos-600x600-1.webp?fit=600%2C600&ssl=1","contentUrl":"https:\/\/i0.wp.com\/caravanagrupoeditorial.com\/wp-content\/uploads\/2026\/02\/MOCKUP_-A-orillas-del-Leteo-Lucas-Braga-Dos-Anjos-600x600-1.webp?fit=600%2C600&ssl=1","width":600,"height":600},{"@type":"BreadcrumbList","@id":"https:\/\/caravanagrupoeditorial.com\/livros\/a-orillas-del-leteo\/#breadcrumb","itemListElement":[{"@type":"ListItem","position":1,"name":"In\u00edcio","item":"https:\/\/caravanagrupoeditorial.com\/"},{"@type":"ListItem","position":2,"name":"Shop","item":"https:\/\/caravanagrupoeditorial.com\/shop\/"},{"@type":"ListItem","position":3,"name":"A orillas del Leteo"}]},{"@type":"WebSite","@id":"https:\/\/caravanagrupoeditorial.com\/#website","url":"https:\/\/caravanagrupoeditorial.com\/","name":"Cat\u00e1logo - Alicanto Editorial","description":"","publisher":{"@id":"https:\/\/caravanagrupoeditorial.com\/#organization"},"potentialAction":[{"@type":"SearchAction","target":{"@type":"EntryPoint","urlTemplate":"https:\/\/caravanagrupoeditorial.com\/?s={search_term_string}"},"query-input":{"@type":"PropertyValueSpecification","valueRequired":true,"valueName":"search_term_string"}}],"inLanguage":"es-CL"},{"@type":"Organization","@id":"https:\/\/caravanagrupoeditorial.com\/#organization","name":"Cat\u00e1logo - Alicanto Editorial","url":"https:\/\/caravanagrupoeditorial.com\/","logo":{"@type":"ImageObject","inLanguage":"es-CL","@id":"https:\/\/caravanagrupoeditorial.com\/#\/schema\/logo\/image\/","url":"https:\/\/caravanagrupoeditorial.com\/wp-content\/uploads\/2024\/02\/cropped-Logo_Caravana.png","contentUrl":"https:\/\/caravanagrupoeditorial.com\/wp-content\/uploads\/2024\/02\/cropped-Logo_Caravana.png","width":512,"height":512,"caption":"Caravana Grupo Editorial"},"image":{"@id":"https:\/\/caravanagrupoeditorial.com\/#\/schema\/logo\/image\/"},"sameAs":["https:\/\/www.facebook.com\/caravanagrupoeditorial","https:\/\/www.instagram.com\/caravanagrupoeditorial\/?hl=pt-br","https:\/\/www.youtube.com\/channel\/UCdD-xosEkpHCeRn2nDLiXfQ"]}]}},"jetpack_sharing_enabled":true,"brands":[{"id":20628,"name":"Josu\u00e9 Polanco Venegas","slug":"josue-polanco-venegas"}],"_links":{"self":[{"href":"https:\/\/caravanagrupoeditorial.com\/es_cl\/wp-json\/wp\/v2\/product\/100145","targetHints":{"allow":["GET"]}}],"collection":[{"href":"https:\/\/caravanagrupoeditorial.com\/es_cl\/wp-json\/wp\/v2\/product"}],"about":[{"href":"https:\/\/caravanagrupoeditorial.com\/es_cl\/wp-json\/wp\/v2\/types\/product"}],"replies":[{"embeddable":true,"href":"https:\/\/caravanagrupoeditorial.com\/es_cl\/wp-json\/wp\/v2\/comments?post=100145"}],"wp:featuredmedia":[{"embeddable":true,"href":"https:\/\/caravanagrupoeditorial.com\/es_cl\/wp-json\/wp\/v2\/media\/100147"}],"wp:attachment":[{"href":"https:\/\/caravanagrupoeditorial.com\/es_cl\/wp-json\/wp\/v2\/media?parent=100145"}],"wp:term":[{"taxonomy":"pwb-brand","embeddable":true,"href":"https:\/\/caravanagrupoeditorial.com\/es_cl\/wp-json\/wp\/v2\/pwb-brand?post=100145"},{"taxonomy":"product_brand","embeddable":true,"href":"https:\/\/caravanagrupoeditorial.com\/es_cl\/wp-json\/wp\/v2\/product_brand?post=100145"},{"taxonomy":"product_cat","embeddable":true,"href":"https:\/\/caravanagrupoeditorial.com\/es_cl\/wp-json\/wp\/v2\/product_cat?post=100145"},{"taxonomy":"product_tag","embeddable":true,"href":"https:\/\/caravanagrupoeditorial.com\/es_cl\/wp-json\/wp\/v2\/product_tag?post=100145"},{"taxonomy":"editora","embeddable":true,"href":"https:\/\/caravanagrupoeditorial.com\/es_cl\/wp-json\/wp\/v2\/editora?post=100145"}],"curies":[{"name":"wp","href":"https:\/\/api.w.org\/{rel}","templated":true}]}}