{"id":100129,"date":"2025-09-19T21:29:58","date_gmt":"2025-09-20T00:29:58","guid":{"rendered":"https:\/\/caravanagrupoeditorial.com\/produto\/la-decadencia-del-ser\/"},"modified":"2026-04-02T23:46:19","modified_gmt":"2026-04-03T02:46:19","slug":"la-decadencia-del-ser","status":"publish","type":"product","link":"https:\/\/caravanagrupoeditorial.com\/es_cl\/livros\/la-decadencia-del-ser\/","title":{"rendered":"La decadencia del ser"},"content":{"rendered":"<p style=\"text-align: justify;\">La decadencia del ser es un ensayo que desentra\u00f1a c\u00f3mo la hiperproductividad y la transparencia absoluta han convertido al individuo en esclavo de s\u00ed mismo. En una sociedad que glorifica la eficiencia y la exposici\u00f3n constante, hemos perdido el tiempo para la contemplaci\u00f3n y el pensamiento cr\u00edtico. Inspirado en Nietzsche, Heidegger y Byung-Chul Han, Josu\u00e9 Polanco Venegas analiza la crisis existencial del mundo moderno, donde la auto explotaci\u00f3n se esconde bajo la m\u00e1scara de la libertad. \u00bfPodemos recuperar nuestra esencia, escapar del ciclo de alienaci\u00f3n y volver a habitar el tiempo de manera aut\u00e9ntica?<\/p>","protected":false},"excerpt":{"rendered":"<p>La decadencia del ser es un ensayo que desentra\u00f1a c\u00f3mo la hiperproductividad y la transparencia absoluta han convertido al individuo en esclavo de s\u00ed mismo. En una sociedad que glorifica<\/p>","protected":false},"featured_media":100128,"comment_status":"open","ping_status":"closed","template":"","meta":{"_acf_changed":false,"jetpack_post_was_ever_published":false,"_joinchat":[]},"pwb-brand":[20628],"product_brand":[20626],"product_cat":[20633,175,20634,19942],"product_tag":[],"editora":[20618,20627],"class_list":{"0":"post-100129","1":"product","2":"type-product","3":"status-publish","4":"has-post-thumbnail","6":"pwb-brand-josue-polanco-venegas","7":"product_brand-josue-polanco-venegas","8":"product_cat-alicanto","9":"product_cat-ensaio","10":"product_cat-oroyplata","11":"product_cat-pre-venda","12":"editora-alicanto","13":"editora-oro-y-plata","14":"pre_capa-pre-capa","16":"first","17":"instock","18":"shipping-taxable","19":"purchasable","20":"product-type-simple"},"acf":[],"yoast_head":"<!-- This site is optimized with the Yoast SEO plugin v27.2 - https:\/\/yoast.com\/product\/yoast-seo-wordpress\/ -->\n<title>La decadencia del ser - Caravana Grupo Editorial<\/title>\n<meta name=\"robots\" content=\"index, follow, max-snippet:-1, max-image-preview:large, max-video-preview:-1\" \/>\n<link rel=\"canonical\" href=\"https:\/\/caravanagrupoeditorial.com\/es_cl\/livros\/la-decadencia-del-ser\/\" \/>\n<meta property=\"og:locale\" content=\"es_ES\" \/>\n<meta property=\"og:type\" content=\"article\" \/>\n<meta property=\"og:title\" content=\"La decadencia del ser - Caravana Grupo Editorial\" \/>\n<meta property=\"og:description\" content=\"La decadencia del ser es un ensayo que desentra\u00f1a c\u00f3mo la hiperproductividad y la transparencia absoluta han convertido al individuo en esclavo de s\u00ed mismo. En una sociedad que glorifica\" \/>\n<meta property=\"og:url\" content=\"https:\/\/caravanagrupoeditorial.com\/es_cl\/livros\/la-decadencia-del-ser\/\" \/>\n<meta property=\"og:site_name\" content=\"Caravana Grupo Editorial\" \/>\n<meta property=\"article:publisher\" content=\"https:\/\/www.facebook.com\/caravanagrupoeditorial\" \/>\n<meta property=\"article:modified_time\" content=\"2026-04-03T02:46:19+00:00\" \/>\n<meta property=\"og:image\" content=\"https:\/\/caravanagrupoeditorial.com\/wp-content\/uploads\/2026\/02\/MOCKUP_-La-decadencia-del-ser-Giovana-Sibille-Franco-1-800x800.png\" \/>\n\t<meta property=\"og:image:width\" content=\"800\" \/>\n\t<meta property=\"og:image:height\" content=\"800\" \/>\n\t<meta property=\"og:image:type\" content=\"image\/png\" \/>\n<meta name=\"twitter:card\" content=\"summary_large_image\" \/>\n<meta name=\"twitter:label1\" content=\"Tiempo estimado de lectura\" \/>\n\t<meta name=\"twitter:data1\" content=\"1 minuto\" \/>\n<script type=\"application\/ld+json\" class=\"yoast-schema-graph\">{\"@context\":\"https:\/\/schema.org\",\"@graph\":[{\"@type\":\"WebPage\",\"@id\":\"https:\/\/caravanagrupoeditorial.com\/livros\/la-decadencia-del-ser\/\",\"url\":\"https:\/\/caravanagrupoeditorial.com\/livros\/la-decadencia-del-ser\/\",\"name\":\"La decadencia del ser - Caravana Grupo Editorial\",\"isPartOf\":{\"@id\":\"https:\/\/caravanagrupoeditorial.com\/#website\"},\"primaryImageOfPage\":{\"@id\":\"https:\/\/caravanagrupoeditorial.com\/livros\/la-decadencia-del-ser\/#primaryimage\"},\"image\":{\"@id\":\"https:\/\/caravanagrupoeditorial.com\/livros\/la-decadencia-del-ser\/#primaryimage\"},\"thumbnailUrl\":\"https:\/\/i0.wp.com\/caravanagrupoeditorial.com\/wp-content\/uploads\/2026\/02\/MOCKUP_-La-decadencia-del-ser-Giovana-Sibille-Franco-1.png?fit=1600%2C1600&ssl=1\",\"datePublished\":\"2025-09-20T00:29:58+00:00\",\"dateModified\":\"2026-04-03T02:46:19+00:00\",\"breadcrumb\":{\"@id\":\"https:\/\/caravanagrupoeditorial.com\/livros\/la-decadencia-del-ser\/#breadcrumb\"},\"inLanguage\":\"es-CL\",\"potentialAction\":[{\"@type\":\"ReadAction\",\"target\":[\"https:\/\/caravanagrupoeditorial.com\/livros\/la-decadencia-del-ser\/\"]}]},{\"@type\":\"ImageObject\",\"inLanguage\":\"es-CL\",\"@id\":\"https:\/\/caravanagrupoeditorial.com\/livros\/la-decadencia-del-ser\/#primaryimage\",\"url\":\"https:\/\/i0.wp.com\/caravanagrupoeditorial.com\/wp-content\/uploads\/2026\/02\/MOCKUP_-La-decadencia-del-ser-Giovana-Sibille-Franco-1.png?fit=1600%2C1600&ssl=1\",\"contentUrl\":\"https:\/\/i0.wp.com\/caravanagrupoeditorial.com\/wp-content\/uploads\/2026\/02\/MOCKUP_-La-decadencia-del-ser-Giovana-Sibille-Franco-1.png?fit=1600%2C1600&ssl=1\",\"width\":1600,\"height\":1600},{\"@type\":\"BreadcrumbList\",\"@id\":\"https:\/\/caravanagrupoeditorial.com\/livros\/la-decadencia-del-ser\/#breadcrumb\",\"itemListElement\":[{\"@type\":\"ListItem\",\"position\":1,\"name\":\"In\u00edcio\",\"item\":\"https:\/\/caravanagrupoeditorial.com\/\"},{\"@type\":\"ListItem\",\"position\":2,\"name\":\"Shop\",\"item\":\"https:\/\/caravanagrupoeditorial.com\/shop\/\"},{\"@type\":\"ListItem\",\"position\":3,\"name\":\"La decadencia del ser\"}]},{\"@type\":\"WebSite\",\"@id\":\"https:\/\/caravanagrupoeditorial.com\/#website\",\"url\":\"https:\/\/caravanagrupoeditorial.com\/\",\"name\":\"Caravana Grupo Editorial\",\"description\":\"\",\"publisher\":{\"@id\":\"https:\/\/caravanagrupoeditorial.com\/#organization\"},\"potentialAction\":[{\"@type\":\"SearchAction\",\"target\":{\"@type\":\"EntryPoint\",\"urlTemplate\":\"https:\/\/caravanagrupoeditorial.com\/?s={search_term_string}\"},\"query-input\":{\"@type\":\"PropertyValueSpecification\",\"valueRequired\":true,\"valueName\":\"search_term_string\"}}],\"inLanguage\":\"es-CL\"},{\"@type\":\"Organization\",\"@id\":\"https:\/\/caravanagrupoeditorial.com\/#organization\",\"name\":\"Caravana Grupo Editorial\",\"url\":\"https:\/\/caravanagrupoeditorial.com\/\",\"logo\":{\"@type\":\"ImageObject\",\"inLanguage\":\"es-CL\",\"@id\":\"https:\/\/caravanagrupoeditorial.com\/#\/schema\/logo\/image\/\",\"url\":\"https:\/\/caravanagrupoeditorial.com\/wp-content\/uploads\/2024\/02\/cropped-Logo_Caravana.png\",\"contentUrl\":\"https:\/\/caravanagrupoeditorial.com\/wp-content\/uploads\/2024\/02\/cropped-Logo_Caravana.png\",\"width\":512,\"height\":512,\"caption\":\"Caravana Grupo Editorial\"},\"image\":{\"@id\":\"https:\/\/caravanagrupoeditorial.com\/#\/schema\/logo\/image\/\"},\"sameAs\":[\"https:\/\/www.facebook.com\/caravanagrupoeditorial\",\"https:\/\/www.instagram.com\/caravanagrupoeditorial\/?hl=pt-br\",\"https:\/\/www.youtube.com\/channel\/UCdD-xosEkpHCeRn2nDLiXfQ\"]}]}<\/script>\n<!-- \/ Yoast SEO plugin. -->","yoast_head_json":{"title":"La decadencia del ser - Caravana Grupo Editorial","robots":{"index":"index","follow":"follow","max-snippet":"max-snippet:-1","max-image-preview":"max-image-preview:large","max-video-preview":"max-video-preview:-1"},"canonical":"https:\/\/caravanagrupoeditorial.com\/es_cl\/livros\/la-decadencia-del-ser\/","og_locale":"es_ES","og_type":"article","og_title":"La decadencia del ser - Caravana Grupo Editorial","og_description":"La decadencia del ser es un ensayo que desentra\u00f1a c\u00f3mo la hiperproductividad y la transparencia absoluta han convertido al individuo en esclavo de s\u00ed mismo. En una sociedad que glorifica","og_url":"https:\/\/caravanagrupoeditorial.com\/es_cl\/livros\/la-decadencia-del-ser\/","og_site_name":"Caravana Grupo Editorial","article_publisher":"https:\/\/www.facebook.com\/caravanagrupoeditorial","article_modified_time":"2026-04-03T02:46:19+00:00","og_image":[{"width":800,"height":800,"url":"https:\/\/caravanagrupoeditorial.com\/wp-content\/uploads\/2026\/02\/MOCKUP_-La-decadencia-del-ser-Giovana-Sibille-Franco-1-800x800.png","type":"image\/png"}],"twitter_card":"summary_large_image","twitter_misc":{"Tiempo estimado de lectura":"1 minuto"},"schema":{"@context":"https:\/\/schema.org","@graph":[{"@type":"WebPage","@id":"https:\/\/caravanagrupoeditorial.com\/livros\/la-decadencia-del-ser\/","url":"https:\/\/caravanagrupoeditorial.com\/livros\/la-decadencia-del-ser\/","name":"La decadencia del ser - Caravana Grupo Editorial","isPartOf":{"@id":"https:\/\/caravanagrupoeditorial.com\/#website"},"primaryImageOfPage":{"@id":"https:\/\/caravanagrupoeditorial.com\/livros\/la-decadencia-del-ser\/#primaryimage"},"image":{"@id":"https:\/\/caravanagrupoeditorial.com\/livros\/la-decadencia-del-ser\/#primaryimage"},"thumbnailUrl":"https:\/\/i0.wp.com\/caravanagrupoeditorial.com\/wp-content\/uploads\/2026\/02\/MOCKUP_-La-decadencia-del-ser-Giovana-Sibille-Franco-1.png?fit=1600%2C1600&ssl=1","datePublished":"2025-09-20T00:29:58+00:00","dateModified":"2026-04-03T02:46:19+00:00","breadcrumb":{"@id":"https:\/\/caravanagrupoeditorial.com\/livros\/la-decadencia-del-ser\/#breadcrumb"},"inLanguage":"es-CL","potentialAction":[{"@type":"ReadAction","target":["https:\/\/caravanagrupoeditorial.com\/livros\/la-decadencia-del-ser\/"]}]},{"@type":"ImageObject","inLanguage":"es-CL","@id":"https:\/\/caravanagrupoeditorial.com\/livros\/la-decadencia-del-ser\/#primaryimage","url":"https:\/\/i0.wp.com\/caravanagrupoeditorial.com\/wp-content\/uploads\/2026\/02\/MOCKUP_-La-decadencia-del-ser-Giovana-Sibille-Franco-1.png?fit=1600%2C1600&ssl=1","contentUrl":"https:\/\/i0.wp.com\/caravanagrupoeditorial.com\/wp-content\/uploads\/2026\/02\/MOCKUP_-La-decadencia-del-ser-Giovana-Sibille-Franco-1.png?fit=1600%2C1600&ssl=1","width":1600,"height":1600},{"@type":"BreadcrumbList","@id":"https:\/\/caravanagrupoeditorial.com\/livros\/la-decadencia-del-ser\/#breadcrumb","itemListElement":[{"@type":"ListItem","position":1,"name":"In\u00edcio","item":"https:\/\/caravanagrupoeditorial.com\/"},{"@type":"ListItem","position":2,"name":"Shop","item":"https:\/\/caravanagrupoeditorial.com\/shop\/"},{"@type":"ListItem","position":3,"name":"La decadencia del ser"}]},{"@type":"WebSite","@id":"https:\/\/caravanagrupoeditorial.com\/#website","url":"https:\/\/caravanagrupoeditorial.com\/","name":"Cat\u00e1logo - Alicanto Editorial","description":"","publisher":{"@id":"https:\/\/caravanagrupoeditorial.com\/#organization"},"potentialAction":[{"@type":"SearchAction","target":{"@type":"EntryPoint","urlTemplate":"https:\/\/caravanagrupoeditorial.com\/?s={search_term_string}"},"query-input":{"@type":"PropertyValueSpecification","valueRequired":true,"valueName":"search_term_string"}}],"inLanguage":"es-CL"},{"@type":"Organization","@id":"https:\/\/caravanagrupoeditorial.com\/#organization","name":"Cat\u00e1logo - Alicanto Editorial","url":"https:\/\/caravanagrupoeditorial.com\/","logo":{"@type":"ImageObject","inLanguage":"es-CL","@id":"https:\/\/caravanagrupoeditorial.com\/#\/schema\/logo\/image\/","url":"https:\/\/caravanagrupoeditorial.com\/wp-content\/uploads\/2024\/02\/cropped-Logo_Caravana.png","contentUrl":"https:\/\/caravanagrupoeditorial.com\/wp-content\/uploads\/2024\/02\/cropped-Logo_Caravana.png","width":512,"height":512,"caption":"Caravana Grupo Editorial"},"image":{"@id":"https:\/\/caravanagrupoeditorial.com\/#\/schema\/logo\/image\/"},"sameAs":["https:\/\/www.facebook.com\/caravanagrupoeditorial","https:\/\/www.instagram.com\/caravanagrupoeditorial\/?hl=pt-br","https:\/\/www.youtube.com\/channel\/UCdD-xosEkpHCeRn2nDLiXfQ"]}]}},"jetpack_sharing_enabled":true,"brands":[{"id":20628,"name":"Josu\u00e9 Polanco Venegas","slug":"josue-polanco-venegas"}],"_links":{"self":[{"href":"https:\/\/caravanagrupoeditorial.com\/es_cl\/wp-json\/wp\/v2\/product\/100129","targetHints":{"allow":["GET"]}}],"collection":[{"href":"https:\/\/caravanagrupoeditorial.com\/es_cl\/wp-json\/wp\/v2\/product"}],"about":[{"href":"https:\/\/caravanagrupoeditorial.com\/es_cl\/wp-json\/wp\/v2\/types\/product"}],"replies":[{"embeddable":true,"href":"https:\/\/caravanagrupoeditorial.com\/es_cl\/wp-json\/wp\/v2\/comments?post=100129"}],"wp:featuredmedia":[{"embeddable":true,"href":"https:\/\/caravanagrupoeditorial.com\/es_cl\/wp-json\/wp\/v2\/media\/100128"}],"wp:attachment":[{"href":"https:\/\/caravanagrupoeditorial.com\/es_cl\/wp-json\/wp\/v2\/media?parent=100129"}],"wp:term":[{"taxonomy":"pwb-brand","embeddable":true,"href":"https:\/\/caravanagrupoeditorial.com\/es_cl\/wp-json\/wp\/v2\/pwb-brand?post=100129"},{"taxonomy":"product_brand","embeddable":true,"href":"https:\/\/caravanagrupoeditorial.com\/es_cl\/wp-json\/wp\/v2\/product_brand?post=100129"},{"taxonomy":"product_cat","embeddable":true,"href":"https:\/\/caravanagrupoeditorial.com\/es_cl\/wp-json\/wp\/v2\/product_cat?post=100129"},{"taxonomy":"product_tag","embeddable":true,"href":"https:\/\/caravanagrupoeditorial.com\/es_cl\/wp-json\/wp\/v2\/product_tag?post=100129"},{"taxonomy":"editora","embeddable":true,"href":"https:\/\/caravanagrupoeditorial.com\/es_cl\/wp-json\/wp\/v2\/editora?post=100129"}],"curies":[{"name":"wp","href":"https:\/\/api.w.org\/{rel}","templated":true}]}}