{"id":99364,"date":"2016-03-24T12:57:35","date_gmt":"2016-03-24T12:57:35","guid":{"rendered":"https:\/\/electro.madrasthemes.com\/?page_id=2844"},"modified":"2016-03-24T12:57:35","modified_gmt":"2016-03-24T12:57:35","slug":"store-directory","status":"publish","type":"page","link":"https:\/\/caravanagrupoeditorial.com\/es_cl\/store-directory\/","title":{"rendered":"Store Directory"},"content":{"rendered":"<div class=\"electro-store-directory clearfix\">\n\t\t\t<hr class=\"no-margin\">\n\t\t\t<div class=\"widget woocommerce widget_product_categories\"><h2 class=\"widgettitle\">Product categories<\/h2><ul class=\"product-categories\"><li class=\"cat-item cat-item-189 cat-parent\"><a href=\"https:\/\/caravanagrupoeditorial.com\/es_cl\/categoria-producto\/categoria-literaria\/\">categoria liter\u00e1ria<\/a><ul class='children'>\n<li class=\"cat-item cat-item-20036\"><a href=\"https:\/\/caravanagrupoeditorial.com\/es_cl\/categoria-producto\/categoria-literaria\/autoajuda\/\">autoajuda<\/a><\/li>\n<li class=\"cat-item cat-item-20281\"><a href=\"https:\/\/caravanagrupoeditorial.com\/es_cl\/categoria-producto\/categoria-literaria\/autobiografia\/\">autobiografia<\/a><\/li>\n<li class=\"cat-item cat-item-182\"><a href=\"https:\/\/caravanagrupoeditorial.com\/es_cl\/categoria-producto\/categoria-literaria\/biografia\/\">biografia<\/a><\/li>\n<li class=\"cat-item cat-item-20209\"><a href=\"https:\/\/caravanagrupoeditorial.com\/es_cl\/categoria-producto\/categoria-literaria\/cartas\/\">cartas<\/a><\/li>\n<li class=\"cat-item cat-item-20648\"><a href=\"https:\/\/caravanagrupoeditorial.com\/es_cl\/categoria-producto\/categoria-literaria\/cinema\/\">cinema<\/a><\/li>\n<li class=\"cat-item cat-item-171\"><a href=\"https:\/\/caravanagrupoeditorial.com\/es_cl\/categoria-producto\/categoria-literaria\/contos\/\">contos<\/a><\/li>\n<li class=\"cat-item cat-item-180\"><a href=\"https:\/\/caravanagrupoeditorial.com\/es_cl\/categoria-producto\/categoria-literaria\/cronicas\/\">cr\u00f4nicas<\/a><\/li>\n<li class=\"cat-item cat-item-1900\"><a href=\"https:\/\/caravanagrupoeditorial.com\/es_cl\/categoria-producto\/categoria-literaria\/depoimentos\/\">depoimentos<\/a><\/li>\n<li class=\"cat-item cat-item-175\"><a href=\"https:\/\/caravanagrupoeditorial.com\/es_cl\/categoria-producto\/categoria-literaria\/ensaio\/\">ensaio<\/a><\/li>\n<li class=\"cat-item cat-item-20080\"><a href=\"https:\/\/caravanagrupoeditorial.com\/es_cl\/categoria-producto\/categoria-literaria\/ficcao-cientifica\/\">fic\u00e7\u00e3o Cientifica<\/a><\/li>\n<li class=\"cat-item cat-item-20150\"><a href=\"https:\/\/caravanagrupoeditorial.com\/es_cl\/categoria-producto\/categoria-literaria\/ficcao-portuguesa\/\">fic\u00e7\u00e3o portuguesa<\/a><\/li>\n<li class=\"cat-item cat-item-20261\"><a href=\"https:\/\/caravanagrupoeditorial.com\/es_cl\/categoria-producto\/categoria-literaria\/futebol-historia\/\">futebol - Hist\u00f3ria<\/a><\/li>\n<li class=\"cat-item cat-item-177\"><a href=\"https:\/\/caravanagrupoeditorial.com\/es_cl\/categoria-producto\/categoria-literaria\/historia\/\">hist\u00f3ria<\/a><\/li>\n<li class=\"cat-item cat-item-179\"><a href=\"https:\/\/caravanagrupoeditorial.com\/es_cl\/categoria-producto\/categoria-literaria\/infantojuvenil\/\">infantojuvenil<\/a><\/li>\n<li class=\"cat-item cat-item-20066\"><a href=\"https:\/\/caravanagrupoeditorial.com\/es_cl\/categoria-producto\/categoria-literaria\/informativo\/\">informativo<\/a><\/li>\n<li class=\"cat-item cat-item-178\"><a href=\"https:\/\/caravanagrupoeditorial.com\/es_cl\/categoria-producto\/categoria-literaria\/literatura-brasileira\/\">literatura brasileira<\/a><\/li>\n<li class=\"cat-item cat-item-174\"><a href=\"https:\/\/caravanagrupoeditorial.com\/es_cl\/categoria-producto\/categoria-literaria\/literatura-judaica\/\">literatura judaica<\/a><\/li>\n<li class=\"cat-item cat-item-185\"><a href=\"https:\/\/caravanagrupoeditorial.com\/es_cl\/categoria-producto\/categoria-literaria\/memorias\/\">mem\u00f3rias<\/a><\/li>\n<li class=\"cat-item cat-item-184\"><a href=\"https:\/\/caravanagrupoeditorial.com\/es_cl\/categoria-producto\/categoria-literaria\/narrativa\/\">narrativa<\/a><\/li>\n<li class=\"cat-item cat-item-170\"><a href=\"https:\/\/caravanagrupoeditorial.com\/es_cl\/categoria-producto\/categoria-literaria\/novela-brasileira\/\">novela<\/a><\/li>\n<li class=\"cat-item cat-item-169\"><a href=\"https:\/\/caravanagrupoeditorial.com\/es_cl\/categoria-producto\/categoria-literaria\/poesia\/\">poesia<\/a><\/li>\n<li class=\"cat-item cat-item-20183\"><a href=\"https:\/\/caravanagrupoeditorial.com\/es_cl\/categoria-producto\/categoria-literaria\/politica\/\">pol\u00edtica<\/a><\/li>\n<li class=\"cat-item cat-item-191\"><a href=\"https:\/\/caravanagrupoeditorial.com\/es_cl\/categoria-producto\/categoria-literaria\/prosa\/\">prosa<\/a><\/li>\n<li class=\"cat-item cat-item-183\"><a href=\"https:\/\/caravanagrupoeditorial.com\/es_cl\/categoria-producto\/categoria-literaria\/psicologia\/\">psicologia<\/a><\/li>\n<li class=\"cat-item cat-item-173\"><a href=\"https:\/\/caravanagrupoeditorial.com\/es_cl\/categoria-producto\/categoria-literaria\/romance\/\">novela<\/a><\/li>\n<li class=\"cat-item cat-item-20203\"><a href=\"https:\/\/caravanagrupoeditorial.com\/es_cl\/categoria-producto\/categoria-literaria\/sonhos\/\">sonhos<\/a><\/li>\n<li class=\"cat-item cat-item-20144\"><a href=\"https:\/\/caravanagrupoeditorial.com\/es_cl\/categoria-producto\/categoria-literaria\/teatro\/\">teatro<\/a><\/li>\n<li class=\"cat-item cat-item-20200\"><a href=\"https:\/\/caravanagrupoeditorial.com\/es_cl\/categoria-producto\/categoria-literaria\/teatro-infantojuvenil\/\">teatro infantojuvenil<\/a><\/li>\n<li class=\"cat-item cat-item-186\"><a href=\"https:\/\/caravanagrupoeditorial.com\/es_cl\/categoria-producto\/categoria-literaria\/teoria-literaria\/\">teoria liter\u00e1ria<\/a><\/li>\n<li class=\"cat-item cat-item-20312\"><a href=\"https:\/\/caravanagrupoeditorial.com\/es_cl\/categoria-producto\/categoria-literaria\/texto-teatral\/\">texto teatral<\/a><\/li>\n<li class=\"cat-item cat-item-20124\"><a href=\"https:\/\/caravanagrupoeditorial.com\/es_cl\/categoria-producto\/categoria-literaria\/viagens\/\">viagens<\/a><\/li>\n<\/ul>\n<\/li>\n<li class=\"cat-item cat-item-20631 cat-parent\"><a href=\"https:\/\/caravanagrupoeditorial.com\/es_cl\/categoria-producto\/editora\/\">Editora<\/a><ul class='children'>\n<li class=\"cat-item cat-item-20633\"><a href=\"https:\/\/caravanagrupoeditorial.com\/es_cl\/categoria-producto\/editora\/alicanto\/\">alicanto<\/a><\/li>\n<li class=\"cat-item cat-item-20649\"><a href=\"https:\/\/caravanagrupoeditorial.com\/es_cl\/categoria-producto\/editora\/cabure\/\">cabur\u00e9<\/a><\/li>\n<li class=\"cat-item cat-item-20647\"><a href=\"https:\/\/caravanagrupoeditorial.com\/es_cl\/categoria-producto\/editora\/caravana\/\">caravana<\/a><\/li>\n<li class=\"cat-item cat-item-20632\"><a href=\"https:\/\/caravanagrupoeditorial.com\/es_cl\/categoria-producto\/editora\/kuntur\/\">kuntur<\/a><\/li>\n<li class=\"cat-item cat-item-20646\"><a href=\"https:\/\/caravanagrupoeditorial.com\/es_cl\/categoria-producto\/editora\/mercador\/\">mercador<\/a><\/li>\n<li class=\"cat-item cat-item-20634\"><a href=\"https:\/\/caravanagrupoeditorial.com\/es_cl\/categoria-producto\/editora\/oroyplata\/\">oroyplata<\/a><\/li>\n<\/ul>\n<\/li>\n<li class=\"cat-item cat-item-20598 cat-parent\"><a href=\"https:\/\/caravanagrupoeditorial.com\/es_cl\/categoria-producto\/formato\/\">formato<\/a><ul class='children'>\n<li class=\"cat-item cat-item-123\"><a href=\"https:\/\/caravanagrupoeditorial.com\/es_cl\/categoria-producto\/formato\/dois-em-um\/\">dois em um<\/a><\/li>\n<li class=\"cat-item cat-item-49\"><a href=\"https:\/\/caravanagrupoeditorial.com\/es_cl\/categoria-producto\/formato\/e-book\/\">e-books<\/a><\/li>\n<\/ul>\n<\/li>\n<li class=\"cat-item cat-item-19942\"><a href=\"https:\/\/caravanagrupoeditorial.com\/es_cl\/categoria-producto\/pre-venda\/\">preventa<\/a><\/li>\n<li class=\"cat-item cat-item-190 cat-parent\"><a href=\"https:\/\/caravanagrupoeditorial.com\/es_cl\/categoria-producto\/selos-e-colecoes\/\">selos e cole\u00e7\u00f5es<\/a><ul class='children'>\n<li class=\"cat-item cat-item-151\"><a href=\"https:\/\/caravanagrupoeditorial.com\/es_cl\/categoria-producto\/selos-e-colecoes\/cafundos\/\">cafund\u00f3s<\/a><\/li>\n<li class=\"cat-item cat-item-57\"><a href=\"https:\/\/caravanagrupoeditorial.com\/es_cl\/categoria-producto\/selos-e-colecoes\/diversa\/\">diversa<\/a><\/li>\n<li class=\"cat-item cat-item-39\"><a href=\"https:\/\/caravanagrupoeditorial.com\/es_cl\/categoria-producto\/selos-e-colecoes\/ere\/\">er\u00ea<\/a><\/li>\n<li class=\"cat-item cat-item-187\"><a href=\"https:\/\/caravanagrupoeditorial.com\/es_cl\/categoria-producto\/selos-e-colecoes\/pensar-educacao\/\">pensar educa\u00e7\u00e3o<\/a><\/li>\n<li class=\"cat-item cat-item-29\"><a href=\"https:\/\/caravanagrupoeditorial.com\/es_cl\/categoria-producto\/selos-e-colecoes\/pensar-historia\/\">pensar hist\u00f3ria<\/a><\/li>\n<li class=\"cat-item cat-item-32\"><a href=\"https:\/\/caravanagrupoeditorial.com\/es_cl\/categoria-producto\/selos-e-colecoes\/princeps\/\">princeps<\/a><\/li>\n<li class=\"cat-item cat-item-41\"><a href=\"https:\/\/caravanagrupoeditorial.com\/es_cl\/categoria-producto\/selos-e-colecoes\/psi-edicoes-academicas\/\">psi edi\u00e7\u00f5es acad\u00eamicas<\/a><\/li>\n<li class=\"cat-item cat-item-43\"><a href=\"https:\/\/caravanagrupoeditorial.com\/es_cl\/categoria-producto\/selos-e-colecoes\/sangre-editorial\/\">sangre editorial<\/a><\/li>\n<li class=\"cat-item cat-item-2109\"><a href=\"https:\/\/caravanagrupoeditorial.com\/es_cl\/categoria-producto\/selos-e-colecoes\/traca-edicoes\/\">tra\u00e7a edi\u00e7\u00f5es<\/a><\/li>\n<\/ul>\n<\/li>\n<li class=\"cat-item cat-item-16\"><a href=\"https:\/\/caravanagrupoeditorial.com\/es_cl\/categoria-producto\/sem-categoria\/\">Sem categoria<\/a><\/li>\n<li class=\"cat-item cat-item-20190 cat-parent\"><a href=\"https:\/\/caravanagrupoeditorial.com\/es_cl\/categoria-producto\/traducoes\/\">tradu\u00e7\u00f5es<\/a><ul class='children'>\n<li class=\"cat-item cat-item-748\"><a href=\"https:\/\/caravanagrupoeditorial.com\/es_cl\/categoria-producto\/traducoes\/espanhol\/\">espanhol<\/a><\/li>\n<li class=\"cat-item cat-item-20191\"><a href=\"https:\/\/caravanagrupoeditorial.com\/es_cl\/categoria-producto\/traducoes\/frances\/\">franc\u00eas<\/a><\/li>\n<li class=\"cat-item cat-item-20205\"><a href=\"https:\/\/caravanagrupoeditorial.com\/es_cl\/categoria-producto\/traducoes\/ingles\/\">ingl\u00eas<\/a><\/li>\n<\/ul>\n<\/li>\n<\/ul><\/div>\t\t<\/div>","protected":false},"excerpt":{"rendered":"Product categoriescategoria liter\u00e1ria autoajuda autobiografia biografia cartas cinema contos cr\u00f4nicas depoimentos ensaio fic\u00e7\u00e3o Cientifica fic\u00e7\u00e3o portuguesa futebol - Hist\u00f3ria hist\u00f3ria infantojuvenil informativo literatura brasileira literatura judaica mem\u00f3rias narrativa novela poesia","protected":false},"author":1,"featured_media":0,"parent":0,"menu_order":0,"comment_status":"closed","ping_status":"closed","template":"","meta":{"_acf_changed":false,"jetpack_post_was_ever_published":false,"_joinchat":[],"footnotes":""},"class_list":["post-99364","page","type-page","status-publish","hentry"],"acf":[],"yoast_head":"<!-- This site is optimized with the Yoast SEO plugin v27.2 - https:\/\/yoast.com\/product\/yoast-seo-wordpress\/ -->\n<title>Store Directory - Caravana Grupo Editorial<\/title>\n<meta name=\"robots\" content=\"index, follow, max-snippet:-1, max-image-preview:large, max-video-preview:-1\" \/>\n<link rel=\"canonical\" href=\"https:\/\/caravanagrupoeditorial.com\/es_cl\/store-directory\/\" \/>\n<meta property=\"og:locale\" content=\"es_ES\" \/>\n<meta property=\"og:type\" content=\"article\" \/>\n<meta property=\"og:title\" content=\"Store Directory - Caravana Grupo Editorial\" \/>\n<meta property=\"og:url\" content=\"https:\/\/caravanagrupoeditorial.com\/es_cl\/store-directory\/\" \/>\n<meta property=\"og:site_name\" content=\"Caravana Grupo Editorial\" \/>\n<meta property=\"article:publisher\" content=\"https:\/\/www.facebook.com\/caravanagrupoeditorial\" \/>\n<meta property=\"og:image\" content=\"https:\/\/i0.wp.com\/caravanagrupoeditorial.com\/wp-content\/uploads\/2024\/02\/cropped-Logo_Caravana.png?fit=512%2C512&ssl=1\" \/>\n\t<meta property=\"og:image:width\" content=\"512\" \/>\n\t<meta property=\"og:image:height\" content=\"512\" \/>\n\t<meta property=\"og:image:type\" content=\"image\/png\" \/>\n<meta name=\"twitter:card\" content=\"summary_large_image\" \/>\n<script type=\"application\/ld+json\" class=\"yoast-schema-graph\">{\"@context\":\"https:\/\/schema.org\",\"@graph\":[{\"@type\":\"WebPage\",\"@id\":\"https:\/\/caravanagrupoeditorial.com\/store-directory\/\",\"url\":\"https:\/\/caravanagrupoeditorial.com\/store-directory\/\",\"name\":\"Store Directory - Caravana Grupo Editorial\",\"isPartOf\":{\"@id\":\"https:\/\/caravanagrupoeditorial.com\/#website\"},\"datePublished\":\"2016-03-24T12:57:35+00:00\",\"breadcrumb\":{\"@id\":\"https:\/\/caravanagrupoeditorial.com\/store-directory\/#breadcrumb\"},\"inLanguage\":\"es-CL\",\"potentialAction\":[{\"@type\":\"ReadAction\",\"target\":[\"https:\/\/caravanagrupoeditorial.com\/store-directory\/\"]}]},{\"@type\":\"BreadcrumbList\",\"@id\":\"https:\/\/caravanagrupoeditorial.com\/store-directory\/#breadcrumb\",\"itemListElement\":[{\"@type\":\"ListItem\",\"position\":1,\"name\":\"In\u00edcio\",\"item\":\"https:\/\/caravanagrupoeditorial.com\/\"},{\"@type\":\"ListItem\",\"position\":2,\"name\":\"Store Directory\"}]},{\"@type\":\"WebSite\",\"@id\":\"https:\/\/caravanagrupoeditorial.com\/#website\",\"url\":\"https:\/\/caravanagrupoeditorial.com\/\",\"name\":\"Caravana Grupo Editorial\",\"description\":\"\",\"publisher\":{\"@id\":\"https:\/\/caravanagrupoeditorial.com\/#organization\"},\"potentialAction\":[{\"@type\":\"SearchAction\",\"target\":{\"@type\":\"EntryPoint\",\"urlTemplate\":\"https:\/\/caravanagrupoeditorial.com\/?s={search_term_string}\"},\"query-input\":{\"@type\":\"PropertyValueSpecification\",\"valueRequired\":true,\"valueName\":\"search_term_string\"}}],\"inLanguage\":\"es-CL\"},{\"@type\":\"Organization\",\"@id\":\"https:\/\/caravanagrupoeditorial.com\/#organization\",\"name\":\"Caravana Grupo Editorial\",\"url\":\"https:\/\/caravanagrupoeditorial.com\/\",\"logo\":{\"@type\":\"ImageObject\",\"inLanguage\":\"es-CL\",\"@id\":\"https:\/\/caravanagrupoeditorial.com\/#\/schema\/logo\/image\/\",\"url\":\"https:\/\/caravanagrupoeditorial.com\/wp-content\/uploads\/2024\/02\/cropped-Logo_Caravana.png\",\"contentUrl\":\"https:\/\/caravanagrupoeditorial.com\/wp-content\/uploads\/2024\/02\/cropped-Logo_Caravana.png\",\"width\":512,\"height\":512,\"caption\":\"Caravana Grupo Editorial\"},\"image\":{\"@id\":\"https:\/\/caravanagrupoeditorial.com\/#\/schema\/logo\/image\/\"},\"sameAs\":[\"https:\/\/www.facebook.com\/caravanagrupoeditorial\",\"https:\/\/www.instagram.com\/caravanagrupoeditorial\/?hl=pt-br\",\"https:\/\/www.youtube.com\/channel\/UCdD-xosEkpHCeRn2nDLiXfQ\"]}]}<\/script>\n<!-- \/ Yoast SEO plugin. -->","yoast_head_json":{"title":"Store Directory - Caravana Grupo Editorial","robots":{"index":"index","follow":"follow","max-snippet":"max-snippet:-1","max-image-preview":"max-image-preview:large","max-video-preview":"max-video-preview:-1"},"canonical":"https:\/\/caravanagrupoeditorial.com\/es_cl\/store-directory\/","og_locale":"es_ES","og_type":"article","og_title":"Store Directory - Caravana Grupo Editorial","og_url":"https:\/\/caravanagrupoeditorial.com\/es_cl\/store-directory\/","og_site_name":"Caravana Grupo Editorial","article_publisher":"https:\/\/www.facebook.com\/caravanagrupoeditorial","og_image":[{"width":512,"height":512,"url":"https:\/\/i0.wp.com\/caravanagrupoeditorial.com\/wp-content\/uploads\/2024\/02\/cropped-Logo_Caravana.png?fit=512%2C512&ssl=1","type":"image\/png"}],"twitter_card":"summary_large_image","schema":{"@context":"https:\/\/schema.org","@graph":[{"@type":"WebPage","@id":"https:\/\/caravanagrupoeditorial.com\/store-directory\/","url":"https:\/\/caravanagrupoeditorial.com\/store-directory\/","name":"Store Directory - Caravana Grupo Editorial","isPartOf":{"@id":"https:\/\/caravanagrupoeditorial.com\/#website"},"datePublished":"2016-03-24T12:57:35+00:00","breadcrumb":{"@id":"https:\/\/caravanagrupoeditorial.com\/store-directory\/#breadcrumb"},"inLanguage":"es-CL","potentialAction":[{"@type":"ReadAction","target":["https:\/\/caravanagrupoeditorial.com\/store-directory\/"]}]},{"@type":"BreadcrumbList","@id":"https:\/\/caravanagrupoeditorial.com\/store-directory\/#breadcrumb","itemListElement":[{"@type":"ListItem","position":1,"name":"In\u00edcio","item":"https:\/\/caravanagrupoeditorial.com\/"},{"@type":"ListItem","position":2,"name":"Store Directory"}]},{"@type":"WebSite","@id":"https:\/\/caravanagrupoeditorial.com\/#website","url":"https:\/\/caravanagrupoeditorial.com\/","name":"Cat\u00e1logo - Alicanto Editorial","description":"","publisher":{"@id":"https:\/\/caravanagrupoeditorial.com\/#organization"},"potentialAction":[{"@type":"SearchAction","target":{"@type":"EntryPoint","urlTemplate":"https:\/\/caravanagrupoeditorial.com\/?s={search_term_string}"},"query-input":{"@type":"PropertyValueSpecification","valueRequired":true,"valueName":"search_term_string"}}],"inLanguage":"es-CL"},{"@type":"Organization","@id":"https:\/\/caravanagrupoeditorial.com\/#organization","name":"Cat\u00e1logo - Alicanto Editorial","url":"https:\/\/caravanagrupoeditorial.com\/","logo":{"@type":"ImageObject","inLanguage":"es-CL","@id":"https:\/\/caravanagrupoeditorial.com\/#\/schema\/logo\/image\/","url":"https:\/\/caravanagrupoeditorial.com\/wp-content\/uploads\/2024\/02\/cropped-Logo_Caravana.png","contentUrl":"https:\/\/caravanagrupoeditorial.com\/wp-content\/uploads\/2024\/02\/cropped-Logo_Caravana.png","width":512,"height":512,"caption":"Caravana Grupo Editorial"},"image":{"@id":"https:\/\/caravanagrupoeditorial.com\/#\/schema\/logo\/image\/"},"sameAs":["https:\/\/www.facebook.com\/caravanagrupoeditorial","https:\/\/www.instagram.com\/caravanagrupoeditorial\/?hl=pt-br","https:\/\/www.youtube.com\/channel\/UCdD-xosEkpHCeRn2nDLiXfQ"]}]}},"jetpack_sharing_enabled":true,"_links":{"self":[{"href":"https:\/\/caravanagrupoeditorial.com\/es_cl\/wp-json\/wp\/v2\/pages\/99364","targetHints":{"allow":["GET"]}}],"collection":[{"href":"https:\/\/caravanagrupoeditorial.com\/es_cl\/wp-json\/wp\/v2\/pages"}],"about":[{"href":"https:\/\/caravanagrupoeditorial.com\/es_cl\/wp-json\/wp\/v2\/types\/page"}],"author":[{"embeddable":true,"href":"https:\/\/caravanagrupoeditorial.com\/es_cl\/wp-json\/wp\/v2\/users\/1"}],"replies":[{"embeddable":true,"href":"https:\/\/caravanagrupoeditorial.com\/es_cl\/wp-json\/wp\/v2\/comments?post=99364"}],"version-history":[{"count":0,"href":"https:\/\/caravanagrupoeditorial.com\/es_cl\/wp-json\/wp\/v2\/pages\/99364\/revisions"}],"wp:attachment":[{"href":"https:\/\/caravanagrupoeditorial.com\/es_cl\/wp-json\/wp\/v2\/media?parent=99364"}],"curies":[{"name":"wp","href":"https:\/\/api.w.org\/{rel}","templated":true}]}}