{"id":2494,"date":"2024-02-04T05:41:44","date_gmt":"2024-02-04T08:41:44","guid":{"rendered":"https:\/\/electro.madrasthemes.com\/?page_id=2494"},"modified":"2026-02-05T18:38:11","modified_gmt":"2026-02-05T21:38:11","slug":"sobre-nos","status":"publish","type":"page","link":"https:\/\/caravanagrupoeditorial.com\/es_cl\/sobre-nos\/","title":{"rendered":"sobre nos"},"content":{"rendered":"<div class=\"wpb-content-wrapper\"><div class=\"vc_row wpb_row vc_row-fluid about-features inner-top-md inner-bottom-sm\"><div class=\"wpb_column vc_column_container vc_col-sm-12\"><div class=\"vc_column-inner vc_custom_1457518924264\"><div class=\"wpb_wrapper\">\n\t<div class=\"wpb_text_column wpb_content_element vc_custom_1770317210786\" >\n\t\t<div class=\"wpb_wrapper\">\n\t\t\t<p style=\"text-align: justify;\">Nuestro proyecto editorial naci\u00f3 entre las sierras de Ouro Preto, en Brasil, y las orillas del R\u00edo de la Plata, en Buenos Aires. En casi diez a\u00f1os de trayectoria, hemos publicado obras de m\u00e1s de dos mil autores en Am\u00e9rica Latina, Europa y \u00c1frica. Hoy, ampliando nuestra presencia en Chile, nace Alicanto Editorial con el objetivo de acercar escritores y lectores mediante la publicaci\u00f3n de narrativa y poes\u00eda. Adem\u00e1s, nuestra meta es distribuir los libros de nuestros autores locales en los diferentes pa\u00edses de la regi\u00f3n en los que nuestro Grupo Editorial est\u00e1 presente, sea en versi\u00f3n f\u00edsica o digital, con la venta en librer\u00edas asociadas y atrav\u00e9s de Internet.<\/p>\n<p style=\"text-align: justify;\">.<\/p>\n<p style=\"text-align: justify;\">.<\/p>\n<p style=\"text-align: justify;\">.<\/p>\n\n\t\t<\/div>\n\t<\/div>\n<\/div><\/div><\/div><\/div>\n<\/div>","protected":false},"excerpt":{"rendered":"A Caravana Grupo Editorial nasceu da vontade do nosso editor s\u00eanior, Leonardo Costaneto, de publicar seus livros e dos colegas. Naquela \u00e9poca, com uma publica\u00e7\u00e3o independente, ele viajou por Minas","protected":false},"author":1,"featured_media":99669,"parent":0,"menu_order":0,"comment_status":"closed","ping_status":"closed","template":"","meta":{"_acf_changed":false,"jetpack_post_was_ever_published":false,"_joinchat":[],"footnotes":""},"class_list":["post-2494","page","type-page","status-publish","has-post-thumbnail","hentry"],"acf":[],"yoast_head":"<!-- This site is optimized with the Yoast SEO plugin v27.2 - https:\/\/yoast.com\/product\/yoast-seo-wordpress\/ -->\n<title>sobre nos - Caravana Grupo Editorial<\/title>\n<meta name=\"description\" content=\"A Caravana Grupo Editorial nasceu da vontade do nosso editor s\u00eanior, Leonardo Costaneto, de publicar seus livros e dos colegas. Naquela \u00e9poca, com uma publica\u00e7\u00e3o independente, ele viajou por Minas Gerais e algumas capitais do pa\u00eds, at\u00e9 chegar a Buenos Aires. De l\u00e1, voltou com a ideia de produzir livros artesanais na Argentina, para onde ia v\u00e1rias vezes trazendo caixas e mais caixas de exemplares que eram distribu\u00eddos pelo Brasil. O primeiro lan\u00e7amento, da ent\u00e3o Sangre Editorial, ocorreu em 23 de mar\u00e7o de 2019, em Belo Horizonte, na Biblioteca P\u00fablica Estadual, num evento coletivo que reuniu mais de 40 escritores de diversas regi\u00f5es. Apesar de pequena, j\u00e1 \u00e9ramos valentes!\" \/>\n<meta name=\"robots\" content=\"index, follow, max-snippet:-1, max-image-preview:large, max-video-preview:-1\" \/>\n<link rel=\"canonical\" href=\"https:\/\/caravanagrupoeditorial.com\/es_cl\/sobre-nos\/\" \/>\n<meta property=\"og:locale\" content=\"es_ES\" \/>\n<meta property=\"og:type\" content=\"article\" \/>\n<meta property=\"og:title\" content=\"sobre nos - Caravana Grupo Editorial\" \/>\n<meta property=\"og:description\" content=\"A Caravana Grupo Editorial nasceu da vontade do nosso editor s\u00eanior, Leonardo Costaneto, de publicar seus livros e dos colegas. Naquela \u00e9poca, com uma publica\u00e7\u00e3o independente, ele viajou por Minas Gerais e algumas capitais do pa\u00eds, at\u00e9 chegar a Buenos Aires. De l\u00e1, voltou com a ideia de produzir livros artesanais na Argentina, para onde ia v\u00e1rias vezes trazendo caixas e mais caixas de exemplares que eram distribu\u00eddos pelo Brasil. O primeiro lan\u00e7amento, da ent\u00e3o Sangre Editorial, ocorreu em 23 de mar\u00e7o de 2019, em Belo Horizonte, na Biblioteca P\u00fablica Estadual, num evento coletivo que reuniu mais de 40 escritores de diversas regi\u00f5es. Apesar de pequena, j\u00e1 \u00e9ramos valentes!\" \/>\n<meta property=\"og:url\" content=\"https:\/\/caravanagrupoeditorial.com\/es_cl\/sobre-nos\/\" \/>\n<meta property=\"og:site_name\" content=\"Caravana Grupo Editorial\" \/>\n<meta property=\"article:publisher\" content=\"https:\/\/www.facebook.com\/caravanagrupoeditorial\" \/>\n<meta property=\"article:modified_time\" content=\"2026-02-05T21:38:11+00:00\" \/>\n<meta property=\"og:image\" content=\"https:\/\/i0.wp.com\/caravanagrupoeditorial.com\/wp-content\/uploads\/2026\/02\/banner-caravana-1.png?fit=950%2C350&ssl=1\" \/>\n\t<meta property=\"og:image:width\" content=\"950\" \/>\n\t<meta property=\"og:image:height\" content=\"350\" \/>\n\t<meta property=\"og:image:type\" content=\"image\/png\" \/>\n<meta name=\"twitter:card\" content=\"summary_large_image\" \/>\n<meta name=\"twitter:label1\" content=\"Tiempo estimado de lectura\" \/>\n\t<meta name=\"twitter:data1\" content=\"3 minutos\" \/>\n<script type=\"application\/ld+json\" class=\"yoast-schema-graph\">{\"@context\":\"https:\/\/schema.org\",\"@graph\":[{\"@type\":\"WebPage\",\"@id\":\"https:\/\/caravanagrupoeditorial.com\/sobre-nos\/\",\"url\":\"https:\/\/caravanagrupoeditorial.com\/sobre-nos\/\",\"name\":\"sobre nos - Caravana Grupo Editorial\",\"isPartOf\":{\"@id\":\"https:\/\/caravanagrupoeditorial.com\/#website\"},\"primaryImageOfPage\":{\"@id\":\"https:\/\/caravanagrupoeditorial.com\/sobre-nos\/#primaryimage\"},\"image\":{\"@id\":\"https:\/\/caravanagrupoeditorial.com\/sobre-nos\/#primaryimage\"},\"thumbnailUrl\":\"https:\/\/i0.wp.com\/caravanagrupoeditorial.com\/wp-content\/uploads\/2026\/02\/banner-caravana-1.png?fit=950%2C350&ssl=1\",\"datePublished\":\"2024-02-04T08:41:44+00:00\",\"dateModified\":\"2026-02-05T21:38:11+00:00\",\"description\":\"A Caravana Grupo Editorial nasceu da vontade do nosso editor s\u00eanior, Leonardo Costaneto, de publicar seus livros e dos colegas. Naquela \u00e9poca, com uma publica\u00e7\u00e3o independente, ele viajou por Minas Gerais e algumas capitais do pa\u00eds, at\u00e9 chegar a Buenos Aires. De l\u00e1, voltou com a ideia de produzir livros artesanais na Argentina, para onde ia v\u00e1rias vezes trazendo caixas e mais caixas de exemplares que eram distribu\u00eddos pelo Brasil. O primeiro lan\u00e7amento, da ent\u00e3o Sangre Editorial, ocorreu em 23 de mar\u00e7o de 2019, em Belo Horizonte, na Biblioteca P\u00fablica Estadual, num evento coletivo que reuniu mais de 40 escritores de diversas regi\u00f5es. Apesar de pequena, j\u00e1 \u00e9ramos valentes!\",\"breadcrumb\":{\"@id\":\"https:\/\/caravanagrupoeditorial.com\/sobre-nos\/#breadcrumb\"},\"inLanguage\":\"es-CL\",\"potentialAction\":[{\"@type\":\"ReadAction\",\"target\":[\"https:\/\/caravanagrupoeditorial.com\/sobre-nos\/\"]}]},{\"@type\":\"ImageObject\",\"inLanguage\":\"es-CL\",\"@id\":\"https:\/\/caravanagrupoeditorial.com\/sobre-nos\/#primaryimage\",\"url\":\"https:\/\/i0.wp.com\/caravanagrupoeditorial.com\/wp-content\/uploads\/2026\/02\/banner-caravana-1.png?fit=950%2C350&ssl=1\",\"contentUrl\":\"https:\/\/i0.wp.com\/caravanagrupoeditorial.com\/wp-content\/uploads\/2026\/02\/banner-caravana-1.png?fit=950%2C350&ssl=1\",\"width\":950,\"height\":350},{\"@type\":\"BreadcrumbList\",\"@id\":\"https:\/\/caravanagrupoeditorial.com\/sobre-nos\/#breadcrumb\",\"itemListElement\":[{\"@type\":\"ListItem\",\"position\":1,\"name\":\"In\u00edcio\",\"item\":\"https:\/\/caravanagrupoeditorial.com\/\"},{\"@type\":\"ListItem\",\"position\":2,\"name\":\"sobre nos\"}]},{\"@type\":\"WebSite\",\"@id\":\"https:\/\/caravanagrupoeditorial.com\/#website\",\"url\":\"https:\/\/caravanagrupoeditorial.com\/\",\"name\":\"Caravana Grupo Editorial\",\"description\":\"\",\"publisher\":{\"@id\":\"https:\/\/caravanagrupoeditorial.com\/#organization\"},\"potentialAction\":[{\"@type\":\"SearchAction\",\"target\":{\"@type\":\"EntryPoint\",\"urlTemplate\":\"https:\/\/caravanagrupoeditorial.com\/?s={search_term_string}\"},\"query-input\":{\"@type\":\"PropertyValueSpecification\",\"valueRequired\":true,\"valueName\":\"search_term_string\"}}],\"inLanguage\":\"es-CL\"},{\"@type\":\"Organization\",\"@id\":\"https:\/\/caravanagrupoeditorial.com\/#organization\",\"name\":\"Caravana Grupo Editorial\",\"url\":\"https:\/\/caravanagrupoeditorial.com\/\",\"logo\":{\"@type\":\"ImageObject\",\"inLanguage\":\"es-CL\",\"@id\":\"https:\/\/caravanagrupoeditorial.com\/#\/schema\/logo\/image\/\",\"url\":\"https:\/\/caravanagrupoeditorial.com\/wp-content\/uploads\/2024\/02\/cropped-Logo_Caravana.png\",\"contentUrl\":\"https:\/\/caravanagrupoeditorial.com\/wp-content\/uploads\/2024\/02\/cropped-Logo_Caravana.png\",\"width\":512,\"height\":512,\"caption\":\"Caravana Grupo Editorial\"},\"image\":{\"@id\":\"https:\/\/caravanagrupoeditorial.com\/#\/schema\/logo\/image\/\"},\"sameAs\":[\"https:\/\/www.facebook.com\/caravanagrupoeditorial\",\"https:\/\/www.instagram.com\/caravanagrupoeditorial\/?hl=pt-br\",\"https:\/\/www.youtube.com\/channel\/UCdD-xosEkpHCeRn2nDLiXfQ\"]}]}<\/script>\n<!-- \/ Yoast SEO plugin. -->","yoast_head_json":{"title":"sobre nos - Caravana Grupo Editorial","description":"Nuestro proyecto editorial naci\u00f3 entre las sierras de Ouro Preto, en Brasil, y las orillas del R\u00edo de la Plata, en Buenos Aires. En casi diez a\u00f1os de trayectoria, hemos publicado obras de m\u00e1s de dos mil autores en Am\u00e9rica Latina, Europa y \u00c1frica. Hoy, ampliando nuestra presencia en Chile, nace Alicanto Editorial con el objetivo de acercar escritores y lectores mediante la publicaci\u00f3n de narrativa y poes\u00eda. Adem\u00e1s, nuestra meta es distribuir los libros de nuestros autores locales en los diferentes pa\u00edses de la regi\u00f3n en los que nuestro Grupo Editorial est\u00e1 presente, sea en versi\u00f3n f\u00edsica o digital, con la venta en librer\u00edas asociadas y atrav\u00e9s de Internet.","robots":{"index":"index","follow":"follow","max-snippet":"max-snippet:-1","max-image-preview":"max-image-preview:large","max-video-preview":"max-video-preview:-1"},"canonical":"https:\/\/caravanagrupoeditorial.com\/es_cl\/sobre-nos\/","og_locale":"es_ES","og_type":"article","og_title":"sobre nos - Caravana Grupo Editorial","og_description":"A Caravana Grupo Editorial nasceu da vontade do nosso editor s\u00eanior, Leonardo Costaneto, de publicar seus livros e dos colegas. Naquela \u00e9poca, com uma publica\u00e7\u00e3o independente, ele viajou por Minas Gerais e algumas capitais do pa\u00eds, at\u00e9 chegar a Buenos Aires. De l\u00e1, voltou com a ideia de produzir livros artesanais na Argentina, para onde ia v\u00e1rias vezes trazendo caixas e mais caixas de exemplares que eram distribu\u00eddos pelo Brasil. O primeiro lan\u00e7amento, da ent\u00e3o Sangre Editorial, ocorreu em 23 de mar\u00e7o de 2019, em Belo Horizonte, na Biblioteca P\u00fablica Estadual, num evento coletivo que reuniu mais de 40 escritores de diversas regi\u00f5es. Apesar de pequena, j\u00e1 \u00e9ramos valentes!","og_url":"https:\/\/caravanagrupoeditorial.com\/es_cl\/sobre-nos\/","og_site_name":"Caravana Grupo Editorial","article_publisher":"https:\/\/www.facebook.com\/caravanagrupoeditorial","article_modified_time":"2026-02-05T21:38:11+00:00","og_image":[{"width":950,"height":350,"url":"https:\/\/i0.wp.com\/caravanagrupoeditorial.com\/wp-content\/uploads\/2026\/02\/banner-caravana-1.png?fit=950%2C350&ssl=1","type":"image\/png"}],"twitter_card":"summary_large_image","twitter_misc":{"Tiempo estimado de lectura":"3 minutos"},"schema":{"@context":"https:\/\/schema.org","@graph":[{"@type":"WebPage","@id":"https:\/\/caravanagrupoeditorial.com\/sobre-nos\/","url":"https:\/\/caravanagrupoeditorial.com\/sobre-nos\/","name":"sobre nos - Caravana Grupo Editorial","isPartOf":{"@id":"https:\/\/caravanagrupoeditorial.com\/#website"},"primaryImageOfPage":{"@id":"https:\/\/caravanagrupoeditorial.com\/sobre-nos\/#primaryimage"},"image":{"@id":"https:\/\/caravanagrupoeditorial.com\/sobre-nos\/#primaryimage"},"thumbnailUrl":"https:\/\/i0.wp.com\/caravanagrupoeditorial.com\/wp-content\/uploads\/2026\/02\/banner-caravana-1.png?fit=950%2C350&ssl=1","datePublished":"2024-02-04T08:41:44+00:00","dateModified":"2026-02-05T21:38:11+00:00","description":"Nuestro proyecto editorial naci\u00f3 entre las sierras de Ouro Preto, en Brasil, y las orillas del R\u00edo de la Plata, en Buenos Aires. En casi diez a\u00f1os de trayectoria, hemos publicado obras de m\u00e1s de dos mil autores en Am\u00e9rica Latina, Europa y \u00c1frica. Hoy, ampliando nuestra presencia en Chile, nace Alicanto Editorial con el objetivo de acercar escritores y lectores mediante la publicaci\u00f3n de narrativa y poes\u00eda. Adem\u00e1s, nuestra meta es distribuir los libros de nuestros autores locales en los diferentes pa\u00edses de la regi\u00f3n en los que nuestro Grupo Editorial est\u00e1 presente, sea en versi\u00f3n f\u00edsica o digital, con la venta en librer\u00edas asociadas y atrav\u00e9s de Internet.","breadcrumb":{"@id":"https:\/\/caravanagrupoeditorial.com\/sobre-nos\/#breadcrumb"},"inLanguage":"es-CL","potentialAction":[{"@type":"ReadAction","target":["https:\/\/caravanagrupoeditorial.com\/sobre-nos\/"]}]},{"@type":"ImageObject","inLanguage":"es-CL","@id":"https:\/\/caravanagrupoeditorial.com\/sobre-nos\/#primaryimage","url":"https:\/\/i0.wp.com\/caravanagrupoeditorial.com\/wp-content\/uploads\/2026\/02\/banner-caravana-1.png?fit=950%2C350&ssl=1","contentUrl":"https:\/\/i0.wp.com\/caravanagrupoeditorial.com\/wp-content\/uploads\/2026\/02\/banner-caravana-1.png?fit=950%2C350&ssl=1","width":950,"height":350},{"@type":"BreadcrumbList","@id":"https:\/\/caravanagrupoeditorial.com\/sobre-nos\/#breadcrumb","itemListElement":[{"@type":"ListItem","position":1,"name":"In\u00edcio","item":"https:\/\/caravanagrupoeditorial.com\/"},{"@type":"ListItem","position":2,"name":"sobre nos"}]},{"@type":"WebSite","@id":"https:\/\/caravanagrupoeditorial.com\/#website","url":"https:\/\/caravanagrupoeditorial.com\/","name":"Cat\u00e1logo - Alicanto Editorial","description":"","publisher":{"@id":"https:\/\/caravanagrupoeditorial.com\/#organization"},"potentialAction":[{"@type":"SearchAction","target":{"@type":"EntryPoint","urlTemplate":"https:\/\/caravanagrupoeditorial.com\/?s={search_term_string}"},"query-input":{"@type":"PropertyValueSpecification","valueRequired":true,"valueName":"search_term_string"}}],"inLanguage":"es-CL"},{"@type":"Organization","@id":"https:\/\/caravanagrupoeditorial.com\/#organization","name":"Cat\u00e1logo - Alicanto Editorial","url":"https:\/\/caravanagrupoeditorial.com\/","logo":{"@type":"ImageObject","inLanguage":"es-CL","@id":"https:\/\/caravanagrupoeditorial.com\/#\/schema\/logo\/image\/","url":"https:\/\/caravanagrupoeditorial.com\/wp-content\/uploads\/2024\/02\/cropped-Logo_Caravana.png","contentUrl":"https:\/\/caravanagrupoeditorial.com\/wp-content\/uploads\/2024\/02\/cropped-Logo_Caravana.png","width":512,"height":512,"caption":"Caravana Grupo Editorial"},"image":{"@id":"https:\/\/caravanagrupoeditorial.com\/#\/schema\/logo\/image\/"},"sameAs":["https:\/\/www.facebook.com\/caravanagrupoeditorial","https:\/\/www.instagram.com\/caravanagrupoeditorial\/?hl=pt-br","https:\/\/www.youtube.com\/channel\/UCdD-xosEkpHCeRn2nDLiXfQ"]}]}},"jetpack_sharing_enabled":true,"_links":{"self":[{"href":"https:\/\/caravanagrupoeditorial.com\/es_cl\/wp-json\/wp\/v2\/pages\/2494","targetHints":{"allow":["GET"]}}],"collection":[{"href":"https:\/\/caravanagrupoeditorial.com\/es_cl\/wp-json\/wp\/v2\/pages"}],"about":[{"href":"https:\/\/caravanagrupoeditorial.com\/es_cl\/wp-json\/wp\/v2\/types\/page"}],"author":[{"embeddable":true,"href":"https:\/\/caravanagrupoeditorial.com\/es_cl\/wp-json\/wp\/v2\/users\/1"}],"replies":[{"embeddable":true,"href":"https:\/\/caravanagrupoeditorial.com\/es_cl\/wp-json\/wp\/v2\/comments?post=2494"}],"version-history":[{"count":8,"href":"https:\/\/caravanagrupoeditorial.com\/es_cl\/wp-json\/wp\/v2\/pages\/2494\/revisions"}],"predecessor-version":[{"id":99672,"href":"https:\/\/caravanagrupoeditorial.com\/es_cl\/wp-json\/wp\/v2\/pages\/2494\/revisions\/99672"}],"wp:featuredmedia":[{"embeddable":true,"href":"https:\/\/caravanagrupoeditorial.com\/es_cl\/wp-json\/wp\/v2\/media\/99669"}],"wp:attachment":[{"href":"https:\/\/caravanagrupoeditorial.com\/es_cl\/wp-json\/wp\/v2\/media?parent=2494"}],"curies":[{"name":"wp","href":"https:\/\/api.w.org\/{rel}","templated":true}]}}