{"id":1113559,"date":"2026-05-11T09:20:09","date_gmt":"2026-05-11T12:20:09","guid":{"rendered":"https:\/\/caravanagrupoeditorial.com\/?post_type=product&#038;p=1113559"},"modified":"2026-05-11T10:28:57","modified_gmt":"2026-05-11T13:28:57","slug":"serenazgo","status":"publish","type":"product","link":"https:\/\/caravanagrupoeditorial.com\/es\/livros\/serenazgo\/","title":{"rendered":"SERENAZGO"},"content":{"rendered":"<p style=\"text-align: justify;\">Michell Pocohuanca Qui\u00f1onez es un escritor peruano contempor\u00e1neo que viene consolidando su nombre en el panorama literario nacional. Nacido en Lima, es licenciado en Lengua, Literatura, Psicolog\u00eda y Filosof\u00eda por la Universidad Nacional del Altiplano (Puno). Actualmente se desempe\u00f1a como docente, labor que complementa con su vocaci\u00f3n literaria. Su talento ha sido reconocido en diversos cert\u00e1menes. Su obra literaria refleja una voz aut\u00e9ntica que dialoga con la tradici\u00f3n peruana y latinoamericana.<\/p>","protected":false},"excerpt":{"rendered":"<p>Michell Pocohuanca Qui\u00f1onez es un escritor peruano contempor\u00e1neo que viene consolidando su nombre en el panorama literario nacional. Nacido en Lima, es licenciado en Lengua, Literatura, Psicolog\u00eda y Filosof\u00eda por<\/p>","protected":false},"featured_media":1113565,"comment_status":"open","ping_status":"closed","template":"","meta":{"_acf_changed":false,"_joinchat":[]},"pwb-brand":[20767],"product_brand":[],"product_cat":[171,20632,19942],"product_tag":[136,835,137,23],"editora":[20602],"class_list":{"0":"post-1113559","1":"product","2":"type-product","3":"status-publish","4":"has-post-thumbnail","6":"pwb-brand-michell-pocohuanca-quinonez","7":"product_cat-contos","8":"product_cat-kuntur","9":"product_cat-pre-venda","10":"product_tag-caravana","11":"product_tag-caravanagrupoeditorial","12":"product_tag-editoraindependente","13":"product_tag-literatura","14":"editora-kuntur","15":"pre_capa-pre-capa","17":"first","18":"instock","19":"shipping-taxable","20":"purchasable","21":"product-type-simple"},"acf":[],"yoast_head":"<!-- This site is optimized with the Yoast SEO plugin v27.5 - https:\/\/yoast.com\/product\/yoast-seo-wordpress\/ -->\n<title>SERENAZGO - Caravana Grupo Editorial<\/title>\n<meta name=\"robots\" content=\"index, follow, max-snippet:-1, max-image-preview:large, max-video-preview:-1\" \/>\n<link rel=\"canonical\" href=\"https:\/\/caravanagrupoeditorial.com\/es\/livros\/serenazgo\/\" \/>\n<meta property=\"og:locale\" content=\"es_ES\" \/>\n<meta property=\"og:type\" content=\"article\" \/>\n<meta property=\"og:title\" content=\"SERENAZGO - Caravana Grupo Editorial\" \/>\n<meta property=\"og:description\" content=\"Michell Pocohuanca Qui\u00f1onez es un escritor peruano contempor\u00e1neo que viene consolidando su nombre en el panorama literario nacional. Nacido en Lima, es licenciado en Lengua, Literatura, Psicolog\u00eda y Filosof\u00eda por\" \/>\n<meta property=\"og:url\" content=\"https:\/\/caravanagrupoeditorial.com\/es\/livros\/serenazgo\/\" \/>\n<meta property=\"og:site_name\" content=\"Caravana Grupo Editorial\" \/>\n<meta property=\"article:publisher\" content=\"https:\/\/www.facebook.com\/caravanagrupoeditorial\" \/>\n<meta property=\"article:modified_time\" content=\"2026-05-11T13:28:57+00:00\" \/>\n<meta property=\"og:image\" content=\"https:\/\/caravanagrupoeditorial.com\/wp-content\/uploads\/2026\/05\/SERENAZGO-Ayumi-Shimamoto-scaled.jpg\" \/>\n\t<meta property=\"og:image:width\" content=\"2560\" \/>\n\t<meta property=\"og:image:height\" content=\"2560\" \/>\n\t<meta property=\"og:image:type\" content=\"image\/jpeg\" \/>\n<meta name=\"twitter:card\" content=\"summary_large_image\" \/>\n<meta name=\"twitter:label1\" content=\"Est. reading time\" \/>\n\t<meta name=\"twitter:data1\" content=\"1 minuto\" \/>\n<script type=\"application\/ld+json\" class=\"yoast-schema-graph\">{\"@context\":\"https:\\\/\\\/schema.org\",\"@graph\":[{\"@type\":\"WebPage\",\"@id\":\"https:\\\/\\\/caravanagrupoeditorial.com\\\/livros\\\/serenazgo\\\/\",\"url\":\"https:\\\/\\\/caravanagrupoeditorial.com\\\/livros\\\/serenazgo\\\/\",\"name\":\"SERENAZGO - Caravana Grupo Editorial\",\"isPartOf\":{\"@id\":\"https:\\\/\\\/caravanagrupoeditorial.com\\\/#website\"},\"primaryImageOfPage\":{\"@id\":\"https:\\\/\\\/caravanagrupoeditorial.com\\\/livros\\\/serenazgo\\\/#primaryimage\"},\"image\":{\"@id\":\"https:\\\/\\\/caravanagrupoeditorial.com\\\/livros\\\/serenazgo\\\/#primaryimage\"},\"thumbnailUrl\":\"https:\\\/\\\/i0.wp.com\\\/caravanagrupoeditorial.com\\\/wp-content\\\/uploads\\\/2026\\\/05\\\/SERENAZGO-Ayumi-Shimamoto-scaled.jpg?fit=2560%2C2560&ssl=1\",\"datePublished\":\"2026-05-11T12:20:09+00:00\",\"dateModified\":\"2026-05-11T13:28:57+00:00\",\"breadcrumb\":{\"@id\":\"https:\\\/\\\/caravanagrupoeditorial.com\\\/livros\\\/serenazgo\\\/#breadcrumb\"},\"inLanguage\":\"es-PE\",\"potentialAction\":[{\"@type\":\"ReadAction\",\"target\":[\"https:\\\/\\\/caravanagrupoeditorial.com\\\/livros\\\/serenazgo\\\/\"]}]},{\"@type\":\"ImageObject\",\"inLanguage\":\"es-PE\",\"@id\":\"https:\\\/\\\/caravanagrupoeditorial.com\\\/livros\\\/serenazgo\\\/#primaryimage\",\"url\":\"https:\\\/\\\/i0.wp.com\\\/caravanagrupoeditorial.com\\\/wp-content\\\/uploads\\\/2026\\\/05\\\/SERENAZGO-Ayumi-Shimamoto-scaled.jpg?fit=2560%2C2560&ssl=1\",\"contentUrl\":\"https:\\\/\\\/i0.wp.com\\\/caravanagrupoeditorial.com\\\/wp-content\\\/uploads\\\/2026\\\/05\\\/SERENAZGO-Ayumi-Shimamoto-scaled.jpg?fit=2560%2C2560&ssl=1\",\"width\":2560,\"height\":2560},{\"@type\":\"BreadcrumbList\",\"@id\":\"https:\\\/\\\/caravanagrupoeditorial.com\\\/livros\\\/serenazgo\\\/#breadcrumb\",\"itemListElement\":[{\"@type\":\"ListItem\",\"position\":1,\"name\":\"In\u00edcio\",\"item\":\"https:\\\/\\\/caravanagrupoeditorial.com\\\/\"},{\"@type\":\"ListItem\",\"position\":2,\"name\":\"Shop\",\"item\":\"https:\\\/\\\/caravanagrupoeditorial.com\\\/shop\\\/\"},{\"@type\":\"ListItem\",\"position\":3,\"name\":\"SERENAZGO\"}]},{\"@type\":\"WebSite\",\"@id\":\"https:\\\/\\\/caravanagrupoeditorial.com\\\/#website\",\"url\":\"https:\\\/\\\/caravanagrupoeditorial.com\\\/\",\"name\":\"Caravana Grupo Editorial\",\"description\":\"\",\"publisher\":{\"@id\":\"https:\\\/\\\/caravanagrupoeditorial.com\\\/#organization\"},\"potentialAction\":[{\"@type\":\"SearchAction\",\"target\":{\"@type\":\"EntryPoint\",\"urlTemplate\":\"https:\\\/\\\/caravanagrupoeditorial.com\\\/?s={search_term_string}\"},\"query-input\":{\"@type\":\"PropertyValueSpecification\",\"valueRequired\":true,\"valueName\":\"search_term_string\"}}],\"inLanguage\":\"es-PE\"},{\"@type\":\"Organization\",\"@id\":\"https:\\\/\\\/caravanagrupoeditorial.com\\\/#organization\",\"name\":\"Caravana Grupo Editorial\",\"url\":\"https:\\\/\\\/caravanagrupoeditorial.com\\\/\",\"logo\":{\"@type\":\"ImageObject\",\"inLanguage\":\"es-PE\",\"@id\":\"https:\\\/\\\/caravanagrupoeditorial.com\\\/#\\\/schema\\\/logo\\\/image\\\/\",\"url\":\"https:\\\/\\\/caravanagrupoeditorial.com\\\/wp-content\\\/uploads\\\/2024\\\/02\\\/cropped-Logo_Caravana.png\",\"contentUrl\":\"https:\\\/\\\/caravanagrupoeditorial.com\\\/wp-content\\\/uploads\\\/2024\\\/02\\\/cropped-Logo_Caravana.png\",\"width\":512,\"height\":512,\"caption\":\"Caravana Grupo Editorial\"},\"image\":{\"@id\":\"https:\\\/\\\/caravanagrupoeditorial.com\\\/#\\\/schema\\\/logo\\\/image\\\/\"},\"sameAs\":[\"https:\\\/\\\/www.facebook.com\\\/caravanagrupoeditorial\",\"https:\\\/\\\/www.instagram.com\\\/caravanagrupoeditorial\\\/?hl=pt-br\",\"https:\\\/\\\/www.youtube.com\\\/channel\\\/UCdD-xosEkpHCeRn2nDLiXfQ\"]}]}<\/script>\n<!-- \/ Yoast SEO plugin. -->","yoast_head_json":{"title":"SERENAZGO - Caravana Grupo Editorial","robots":{"index":"index","follow":"follow","max-snippet":"max-snippet:-1","max-image-preview":"max-image-preview:large","max-video-preview":"max-video-preview:-1"},"canonical":"https:\/\/caravanagrupoeditorial.com\/es\/livros\/serenazgo\/","og_locale":"es_ES","og_type":"article","og_title":"SERENAZGO - Caravana Grupo Editorial","og_description":"Michell Pocohuanca Qui\u00f1onez es un escritor peruano contempor\u00e1neo que viene consolidando su nombre en el panorama literario nacional. Nacido en Lima, es licenciado en Lengua, Literatura, Psicolog\u00eda y Filosof\u00eda por","og_url":"https:\/\/caravanagrupoeditorial.com\/es\/livros\/serenazgo\/","og_site_name":"Caravana Grupo Editorial","article_publisher":"https:\/\/www.facebook.com\/caravanagrupoeditorial","article_modified_time":"2026-05-11T13:28:57+00:00","og_image":[{"width":2560,"height":2560,"url":"https:\/\/caravanagrupoeditorial.com\/wp-content\/uploads\/2026\/05\/SERENAZGO-Ayumi-Shimamoto-scaled.jpg","type":"image\/jpeg"}],"twitter_card":"summary_large_image","twitter_misc":{"Est. reading time":"1 minuto"},"schema":{"@context":"https:\/\/schema.org","@graph":[{"@type":"WebPage","@id":"https:\/\/caravanagrupoeditorial.com\/livros\/serenazgo\/","url":"https:\/\/caravanagrupoeditorial.com\/livros\/serenazgo\/","name":"SERENAZGO - Caravana Grupo Editorial","isPartOf":{"@id":"https:\/\/caravanagrupoeditorial.com\/#website"},"primaryImageOfPage":{"@id":"https:\/\/caravanagrupoeditorial.com\/livros\/serenazgo\/#primaryimage"},"image":{"@id":"https:\/\/caravanagrupoeditorial.com\/livros\/serenazgo\/#primaryimage"},"thumbnailUrl":"https:\/\/i0.wp.com\/caravanagrupoeditorial.com\/wp-content\/uploads\/2026\/05\/SERENAZGO-Ayumi-Shimamoto-scaled.jpg?fit=2560%2C2560&ssl=1","datePublished":"2026-05-11T12:20:09+00:00","dateModified":"2026-05-11T13:28:57+00:00","breadcrumb":{"@id":"https:\/\/caravanagrupoeditorial.com\/livros\/serenazgo\/#breadcrumb"},"inLanguage":"es-PE","potentialAction":[{"@type":"ReadAction","target":["https:\/\/caravanagrupoeditorial.com\/livros\/serenazgo\/"]}]},{"@type":"ImageObject","inLanguage":"es-PE","@id":"https:\/\/caravanagrupoeditorial.com\/livros\/serenazgo\/#primaryimage","url":"https:\/\/i0.wp.com\/caravanagrupoeditorial.com\/wp-content\/uploads\/2026\/05\/SERENAZGO-Ayumi-Shimamoto-scaled.jpg?fit=2560%2C2560&ssl=1","contentUrl":"https:\/\/i0.wp.com\/caravanagrupoeditorial.com\/wp-content\/uploads\/2026\/05\/SERENAZGO-Ayumi-Shimamoto-scaled.jpg?fit=2560%2C2560&ssl=1","width":2560,"height":2560},{"@type":"BreadcrumbList","@id":"https:\/\/caravanagrupoeditorial.com\/livros\/serenazgo\/#breadcrumb","itemListElement":[{"@type":"ListItem","position":1,"name":"In\u00edcio","item":"https:\/\/caravanagrupoeditorial.com\/"},{"@type":"ListItem","position":2,"name":"Shop","item":"https:\/\/caravanagrupoeditorial.com\/shop\/"},{"@type":"ListItem","position":3,"name":"SERENAZGO"}]},{"@type":"WebSite","@id":"https:\/\/caravanagrupoeditorial.com\/#website","url":"https:\/\/caravanagrupoeditorial.com\/","name":"Cat\u00e1logo - Kuntur Editorial","description":"","publisher":{"@id":"https:\/\/caravanagrupoeditorial.com\/#organization"},"potentialAction":[{"@type":"SearchAction","target":{"@type":"EntryPoint","urlTemplate":"https:\/\/caravanagrupoeditorial.com\/?s={search_term_string}"},"query-input":{"@type":"PropertyValueSpecification","valueRequired":true,"valueName":"search_term_string"}}],"inLanguage":"es-PE"},{"@type":"Organization","@id":"https:\/\/caravanagrupoeditorial.com\/#organization","name":"Cat\u00e1logo - Kuntur Editorial","url":"https:\/\/caravanagrupoeditorial.com\/","logo":{"@type":"ImageObject","inLanguage":"es-PE","@id":"https:\/\/caravanagrupoeditorial.com\/#\/schema\/logo\/image\/","url":"https:\/\/caravanagrupoeditorial.com\/wp-content\/uploads\/2024\/02\/cropped-Logo_Caravana.png","contentUrl":"https:\/\/caravanagrupoeditorial.com\/wp-content\/uploads\/2024\/02\/cropped-Logo_Caravana.png","width":512,"height":512,"caption":"Caravana Grupo Editorial"},"image":{"@id":"https:\/\/caravanagrupoeditorial.com\/#\/schema\/logo\/image\/"},"sameAs":["https:\/\/www.facebook.com\/caravanagrupoeditorial","https:\/\/www.instagram.com\/caravanagrupoeditorial\/?hl=pt-br","https:\/\/www.youtube.com\/channel\/UCdD-xosEkpHCeRn2nDLiXfQ"]}]}},"jetpack_sharing_enabled":true,"brands":[{"id":20767,"name":"Michell Pocohuanca Qui\u00f1onez","slug":"michell-pocohuanca-quinonez"}],"_links":{"self":[{"href":"https:\/\/caravanagrupoeditorial.com\/es\/wp-json\/wp\/v2\/product\/1113559","targetHints":{"allow":["GET"]}}],"collection":[{"href":"https:\/\/caravanagrupoeditorial.com\/es\/wp-json\/wp\/v2\/product"}],"about":[{"href":"https:\/\/caravanagrupoeditorial.com\/es\/wp-json\/wp\/v2\/types\/product"}],"replies":[{"embeddable":true,"href":"https:\/\/caravanagrupoeditorial.com\/es\/wp-json\/wp\/v2\/comments?post=1113559"}],"wp:featuredmedia":[{"embeddable":true,"href":"https:\/\/caravanagrupoeditorial.com\/es\/wp-json\/wp\/v2\/media\/1113565"}],"wp:attachment":[{"href":"https:\/\/caravanagrupoeditorial.com\/es\/wp-json\/wp\/v2\/media?parent=1113559"}],"wp:term":[{"taxonomy":"pwb-brand","embeddable":true,"href":"https:\/\/caravanagrupoeditorial.com\/es\/wp-json\/wp\/v2\/pwb-brand?post=1113559"},{"taxonomy":"product_brand","embeddable":true,"href":"https:\/\/caravanagrupoeditorial.com\/es\/wp-json\/wp\/v2\/product_brand?post=1113559"},{"taxonomy":"product_cat","embeddable":true,"href":"https:\/\/caravanagrupoeditorial.com\/es\/wp-json\/wp\/v2\/product_cat?post=1113559"},{"taxonomy":"product_tag","embeddable":true,"href":"https:\/\/caravanagrupoeditorial.com\/es\/wp-json\/wp\/v2\/product_tag?post=1113559"},{"taxonomy":"editora","embeddable":true,"href":"https:\/\/caravanagrupoeditorial.com\/es\/wp-json\/wp\/v2\/editora?post=1113559"}],"curies":[{"name":"wp","href":"https:\/\/api.w.org\/{rel}","templated":true}]}}