{"id":1113554,"date":"2026-05-11T09:02:02","date_gmt":"2026-05-11T12:02:02","guid":{"rendered":"https:\/\/caravanagrupoeditorial.com\/?post_type=product&#038;p=1113554"},"modified":"2026-05-11T09:10:46","modified_gmt":"2026-05-11T12:10:46","slug":"los-tuneles-de-la-catedral","status":"publish","type":"product","link":"https:\/\/caravanagrupoeditorial.com\/es\/livros\/los-tuneles-de-la-catedral\/","title":{"rendered":"Los t\u00faneles de la catedral"},"content":{"rendered":"<p style=\"text-align: justify;\">La novela Los t\u00faneles de la Catedral es una historia inquietante que nos permite ingresar a la historia de la Arequipa del siglo XVI, espec\u00edficamente, en la convivencia con las monjas del convento de Santa Catalina. El conflicto aparece cuando La Ciudad Blanca es sacudida por el terremoto de 2001 y a ra\u00edz de este acontecimiento la urbe queda derruida en muchas zonas, incluyendo el caco hist\u00f3rico. Entonces, un grupo de investigadores se adentran por unos t\u00faneles que encuentran despu\u00e9s que una de las torres de la catedral se desploma. En el interior hallan muchos restos de una antigua catacumba incluyendo un ata\u00fad de plomo donde supuestamente est\u00e1 enterrado el fundador de la ciudad. Sin embargo, en una de esos espacios descubren un manuscrito, una especie de diario, que relata una fascinante, hist\u00f3rica, macabra y truculenta en la personalidad de un obispo, El obispo Antonio de Le\u00f3n y Becerra. La fabulaci\u00f3n y los detalles de una sociedad machista, sumisa por el temor a Dios y las creencias populares por la ignorancia son el matiz que engendraron esta narraci\u00f3n desbordante de intrigas.<\/p>","protected":false},"excerpt":{"rendered":"<p>La novela Los t\u00faneles de la Catedral es una historia inquietante que nos permite ingresar a la historia de la Arequipa del siglo XVI, espec\u00edficamente, en la convivencia con las<\/p>","protected":false},"featured_media":1113556,"comment_status":"open","ping_status":"closed","template":"","meta":{"_acf_changed":false,"_joinchat":[]},"pwb-brand":[20765],"product_brand":[],"product_cat":[20632,170,19942],"product_tag":[136,835,137,23],"editora":[20602],"class_list":{"0":"post-1113554","1":"product","2":"type-product","3":"status-publish","4":"has-post-thumbnail","6":"pwb-brand-miguel-gonzales-corrales","7":"product_cat-kuntur","8":"product_cat-novela-brasileira","9":"product_cat-pre-venda","10":"product_tag-caravana","11":"product_tag-caravanagrupoeditorial","12":"product_tag-editoraindependente","13":"product_tag-literatura","14":"editora-kuntur","15":"pre_capa-pre-capa","17":"first","18":"instock","19":"shipping-taxable","20":"purchasable","21":"product-type-simple"},"acf":[],"yoast_head":"<!-- This site is optimized with the Yoast SEO plugin v27.5 - https:\/\/yoast.com\/product\/yoast-seo-wordpress\/ -->\n<title>Los t\u00faneles de la catedral - Caravana Grupo Editorial<\/title>\n<meta name=\"robots\" content=\"index, follow, max-snippet:-1, max-image-preview:large, max-video-preview:-1\" \/>\n<link rel=\"canonical\" href=\"https:\/\/caravanagrupoeditorial.com\/es\/livros\/los-tuneles-de-la-catedral\/\" \/>\n<meta property=\"og:locale\" content=\"es_ES\" \/>\n<meta property=\"og:type\" content=\"article\" \/>\n<meta property=\"og:title\" content=\"Los t\u00faneles de la catedral - Caravana Grupo Editorial\" \/>\n<meta property=\"og:description\" content=\"La novela Los t\u00faneles de la Catedral es una historia inquietante que nos permite ingresar a la historia de la Arequipa del siglo XVI, espec\u00edficamente, en la convivencia con las\" \/>\n<meta property=\"og:url\" content=\"https:\/\/caravanagrupoeditorial.com\/es\/livros\/los-tuneles-de-la-catedral\/\" \/>\n<meta property=\"og:site_name\" content=\"Caravana Grupo Editorial\" \/>\n<meta property=\"article:publisher\" content=\"https:\/\/www.facebook.com\/caravanagrupoeditorial\" \/>\n<meta property=\"article:modified_time\" content=\"2026-05-11T12:10:46+00:00\" \/>\n<meta property=\"og:image\" content=\"https:\/\/caravanagrupoeditorial.com\/wp-content\/uploads\/2026\/05\/Mockup-frontal-14x20_Los-tuneles-de-la-catedral-Ramiro-Carreira-scaled.jpg\" \/>\n\t<meta property=\"og:image:width\" content=\"2560\" \/>\n\t<meta property=\"og:image:height\" content=\"2560\" \/>\n\t<meta property=\"og:image:type\" content=\"image\/jpeg\" \/>\n<meta name=\"twitter:card\" content=\"summary_large_image\" \/>\n<meta name=\"twitter:label1\" content=\"Est. reading time\" \/>\n\t<meta name=\"twitter:data1\" content=\"2 minutos\" \/>\n<script type=\"application\/ld+json\" class=\"yoast-schema-graph\">{\"@context\":\"https:\\\/\\\/schema.org\",\"@graph\":[{\"@type\":\"WebPage\",\"@id\":\"https:\\\/\\\/caravanagrupoeditorial.com\\\/livros\\\/los-tuneles-de-la-catedral\\\/\",\"url\":\"https:\\\/\\\/caravanagrupoeditorial.com\\\/livros\\\/los-tuneles-de-la-catedral\\\/\",\"name\":\"Los t\u00faneles de la catedral - Caravana Grupo Editorial\",\"isPartOf\":{\"@id\":\"https:\\\/\\\/caravanagrupoeditorial.com\\\/#website\"},\"primaryImageOfPage\":{\"@id\":\"https:\\\/\\\/caravanagrupoeditorial.com\\\/livros\\\/los-tuneles-de-la-catedral\\\/#primaryimage\"},\"image\":{\"@id\":\"https:\\\/\\\/caravanagrupoeditorial.com\\\/livros\\\/los-tuneles-de-la-catedral\\\/#primaryimage\"},\"thumbnailUrl\":\"https:\\\/\\\/i0.wp.com\\\/caravanagrupoeditorial.com\\\/wp-content\\\/uploads\\\/2026\\\/05\\\/Mockup-frontal-14x20_Los-tuneles-de-la-catedral-Ramiro-Carreira-scaled.jpg?fit=2560%2C2560&ssl=1\",\"datePublished\":\"2026-05-11T12:02:02+00:00\",\"dateModified\":\"2026-05-11T12:10:46+00:00\",\"breadcrumb\":{\"@id\":\"https:\\\/\\\/caravanagrupoeditorial.com\\\/livros\\\/los-tuneles-de-la-catedral\\\/#breadcrumb\"},\"inLanguage\":\"es-PE\",\"potentialAction\":[{\"@type\":\"ReadAction\",\"target\":[\"https:\\\/\\\/caravanagrupoeditorial.com\\\/livros\\\/los-tuneles-de-la-catedral\\\/\"]}]},{\"@type\":\"ImageObject\",\"inLanguage\":\"es-PE\",\"@id\":\"https:\\\/\\\/caravanagrupoeditorial.com\\\/livros\\\/los-tuneles-de-la-catedral\\\/#primaryimage\",\"url\":\"https:\\\/\\\/i0.wp.com\\\/caravanagrupoeditorial.com\\\/wp-content\\\/uploads\\\/2026\\\/05\\\/Mockup-frontal-14x20_Los-tuneles-de-la-catedral-Ramiro-Carreira-scaled.jpg?fit=2560%2C2560&ssl=1\",\"contentUrl\":\"https:\\\/\\\/i0.wp.com\\\/caravanagrupoeditorial.com\\\/wp-content\\\/uploads\\\/2026\\\/05\\\/Mockup-frontal-14x20_Los-tuneles-de-la-catedral-Ramiro-Carreira-scaled.jpg?fit=2560%2C2560&ssl=1\",\"width\":2560,\"height\":2560},{\"@type\":\"BreadcrumbList\",\"@id\":\"https:\\\/\\\/caravanagrupoeditorial.com\\\/livros\\\/los-tuneles-de-la-catedral\\\/#breadcrumb\",\"itemListElement\":[{\"@type\":\"ListItem\",\"position\":1,\"name\":\"In\u00edcio\",\"item\":\"https:\\\/\\\/caravanagrupoeditorial.com\\\/\"},{\"@type\":\"ListItem\",\"position\":2,\"name\":\"Shop\",\"item\":\"https:\\\/\\\/caravanagrupoeditorial.com\\\/shop\\\/\"},{\"@type\":\"ListItem\",\"position\":3,\"name\":\"Los t\u00faneles de la catedral\"}]},{\"@type\":\"WebSite\",\"@id\":\"https:\\\/\\\/caravanagrupoeditorial.com\\\/#website\",\"url\":\"https:\\\/\\\/caravanagrupoeditorial.com\\\/\",\"name\":\"Caravana Grupo Editorial\",\"description\":\"\",\"publisher\":{\"@id\":\"https:\\\/\\\/caravanagrupoeditorial.com\\\/#organization\"},\"potentialAction\":[{\"@type\":\"SearchAction\",\"target\":{\"@type\":\"EntryPoint\",\"urlTemplate\":\"https:\\\/\\\/caravanagrupoeditorial.com\\\/?s={search_term_string}\"},\"query-input\":{\"@type\":\"PropertyValueSpecification\",\"valueRequired\":true,\"valueName\":\"search_term_string\"}}],\"inLanguage\":\"es-PE\"},{\"@type\":\"Organization\",\"@id\":\"https:\\\/\\\/caravanagrupoeditorial.com\\\/#organization\",\"name\":\"Caravana Grupo Editorial\",\"url\":\"https:\\\/\\\/caravanagrupoeditorial.com\\\/\",\"logo\":{\"@type\":\"ImageObject\",\"inLanguage\":\"es-PE\",\"@id\":\"https:\\\/\\\/caravanagrupoeditorial.com\\\/#\\\/schema\\\/logo\\\/image\\\/\",\"url\":\"https:\\\/\\\/caravanagrupoeditorial.com\\\/wp-content\\\/uploads\\\/2024\\\/02\\\/cropped-Logo_Caravana.png\",\"contentUrl\":\"https:\\\/\\\/caravanagrupoeditorial.com\\\/wp-content\\\/uploads\\\/2024\\\/02\\\/cropped-Logo_Caravana.png\",\"width\":512,\"height\":512,\"caption\":\"Caravana Grupo Editorial\"},\"image\":{\"@id\":\"https:\\\/\\\/caravanagrupoeditorial.com\\\/#\\\/schema\\\/logo\\\/image\\\/\"},\"sameAs\":[\"https:\\\/\\\/www.facebook.com\\\/caravanagrupoeditorial\",\"https:\\\/\\\/www.instagram.com\\\/caravanagrupoeditorial\\\/?hl=pt-br\",\"https:\\\/\\\/www.youtube.com\\\/channel\\\/UCdD-xosEkpHCeRn2nDLiXfQ\"]}]}<\/script>\n<!-- \/ Yoast SEO plugin. -->","yoast_head_json":{"title":"Los t\u00faneles de la catedral - Caravana Grupo Editorial","robots":{"index":"index","follow":"follow","max-snippet":"max-snippet:-1","max-image-preview":"max-image-preview:large","max-video-preview":"max-video-preview:-1"},"canonical":"https:\/\/caravanagrupoeditorial.com\/es\/livros\/los-tuneles-de-la-catedral\/","og_locale":"es_ES","og_type":"article","og_title":"Los t\u00faneles de la catedral - Caravana Grupo Editorial","og_description":"La novela Los t\u00faneles de la Catedral es una historia inquietante que nos permite ingresar a la historia de la Arequipa del siglo XVI, espec\u00edficamente, en la convivencia con las","og_url":"https:\/\/caravanagrupoeditorial.com\/es\/livros\/los-tuneles-de-la-catedral\/","og_site_name":"Caravana Grupo Editorial","article_publisher":"https:\/\/www.facebook.com\/caravanagrupoeditorial","article_modified_time":"2026-05-11T12:10:46+00:00","og_image":[{"width":2560,"height":2560,"url":"https:\/\/caravanagrupoeditorial.com\/wp-content\/uploads\/2026\/05\/Mockup-frontal-14x20_Los-tuneles-de-la-catedral-Ramiro-Carreira-scaled.jpg","type":"image\/jpeg"}],"twitter_card":"summary_large_image","twitter_misc":{"Est. reading time":"2 minutos"},"schema":{"@context":"https:\/\/schema.org","@graph":[{"@type":"WebPage","@id":"https:\/\/caravanagrupoeditorial.com\/livros\/los-tuneles-de-la-catedral\/","url":"https:\/\/caravanagrupoeditorial.com\/livros\/los-tuneles-de-la-catedral\/","name":"Los t\u00faneles de la catedral - Caravana Grupo Editorial","isPartOf":{"@id":"https:\/\/caravanagrupoeditorial.com\/#website"},"primaryImageOfPage":{"@id":"https:\/\/caravanagrupoeditorial.com\/livros\/los-tuneles-de-la-catedral\/#primaryimage"},"image":{"@id":"https:\/\/caravanagrupoeditorial.com\/livros\/los-tuneles-de-la-catedral\/#primaryimage"},"thumbnailUrl":"https:\/\/i0.wp.com\/caravanagrupoeditorial.com\/wp-content\/uploads\/2026\/05\/Mockup-frontal-14x20_Los-tuneles-de-la-catedral-Ramiro-Carreira-scaled.jpg?fit=2560%2C2560&ssl=1","datePublished":"2026-05-11T12:02:02+00:00","dateModified":"2026-05-11T12:10:46+00:00","breadcrumb":{"@id":"https:\/\/caravanagrupoeditorial.com\/livros\/los-tuneles-de-la-catedral\/#breadcrumb"},"inLanguage":"es-PE","potentialAction":[{"@type":"ReadAction","target":["https:\/\/caravanagrupoeditorial.com\/livros\/los-tuneles-de-la-catedral\/"]}]},{"@type":"ImageObject","inLanguage":"es-PE","@id":"https:\/\/caravanagrupoeditorial.com\/livros\/los-tuneles-de-la-catedral\/#primaryimage","url":"https:\/\/i0.wp.com\/caravanagrupoeditorial.com\/wp-content\/uploads\/2026\/05\/Mockup-frontal-14x20_Los-tuneles-de-la-catedral-Ramiro-Carreira-scaled.jpg?fit=2560%2C2560&ssl=1","contentUrl":"https:\/\/i0.wp.com\/caravanagrupoeditorial.com\/wp-content\/uploads\/2026\/05\/Mockup-frontal-14x20_Los-tuneles-de-la-catedral-Ramiro-Carreira-scaled.jpg?fit=2560%2C2560&ssl=1","width":2560,"height":2560},{"@type":"BreadcrumbList","@id":"https:\/\/caravanagrupoeditorial.com\/livros\/los-tuneles-de-la-catedral\/#breadcrumb","itemListElement":[{"@type":"ListItem","position":1,"name":"In\u00edcio","item":"https:\/\/caravanagrupoeditorial.com\/"},{"@type":"ListItem","position":2,"name":"Shop","item":"https:\/\/caravanagrupoeditorial.com\/shop\/"},{"@type":"ListItem","position":3,"name":"Los t\u00faneles de la catedral"}]},{"@type":"WebSite","@id":"https:\/\/caravanagrupoeditorial.com\/#website","url":"https:\/\/caravanagrupoeditorial.com\/","name":"Cat\u00e1logo - Kuntur Editorial","description":"","publisher":{"@id":"https:\/\/caravanagrupoeditorial.com\/#organization"},"potentialAction":[{"@type":"SearchAction","target":{"@type":"EntryPoint","urlTemplate":"https:\/\/caravanagrupoeditorial.com\/?s={search_term_string}"},"query-input":{"@type":"PropertyValueSpecification","valueRequired":true,"valueName":"search_term_string"}}],"inLanguage":"es-PE"},{"@type":"Organization","@id":"https:\/\/caravanagrupoeditorial.com\/#organization","name":"Cat\u00e1logo - Kuntur Editorial","url":"https:\/\/caravanagrupoeditorial.com\/","logo":{"@type":"ImageObject","inLanguage":"es-PE","@id":"https:\/\/caravanagrupoeditorial.com\/#\/schema\/logo\/image\/","url":"https:\/\/caravanagrupoeditorial.com\/wp-content\/uploads\/2024\/02\/cropped-Logo_Caravana.png","contentUrl":"https:\/\/caravanagrupoeditorial.com\/wp-content\/uploads\/2024\/02\/cropped-Logo_Caravana.png","width":512,"height":512,"caption":"Caravana Grupo Editorial"},"image":{"@id":"https:\/\/caravanagrupoeditorial.com\/#\/schema\/logo\/image\/"},"sameAs":["https:\/\/www.facebook.com\/caravanagrupoeditorial","https:\/\/www.instagram.com\/caravanagrupoeditorial\/?hl=pt-br","https:\/\/www.youtube.com\/channel\/UCdD-xosEkpHCeRn2nDLiXfQ"]}]}},"jetpack_sharing_enabled":true,"brands":[{"id":20765,"name":"Miguel Gonzales Corrales","slug":"miguel-gonzales-corrales"}],"_links":{"self":[{"href":"https:\/\/caravanagrupoeditorial.com\/es\/wp-json\/wp\/v2\/product\/1113554","targetHints":{"allow":["GET"]}}],"collection":[{"href":"https:\/\/caravanagrupoeditorial.com\/es\/wp-json\/wp\/v2\/product"}],"about":[{"href":"https:\/\/caravanagrupoeditorial.com\/es\/wp-json\/wp\/v2\/types\/product"}],"replies":[{"embeddable":true,"href":"https:\/\/caravanagrupoeditorial.com\/es\/wp-json\/wp\/v2\/comments?post=1113554"}],"wp:featuredmedia":[{"embeddable":true,"href":"https:\/\/caravanagrupoeditorial.com\/es\/wp-json\/wp\/v2\/media\/1113556"}],"wp:attachment":[{"href":"https:\/\/caravanagrupoeditorial.com\/es\/wp-json\/wp\/v2\/media?parent=1113554"}],"wp:term":[{"taxonomy":"pwb-brand","embeddable":true,"href":"https:\/\/caravanagrupoeditorial.com\/es\/wp-json\/wp\/v2\/pwb-brand?post=1113554"},{"taxonomy":"product_brand","embeddable":true,"href":"https:\/\/caravanagrupoeditorial.com\/es\/wp-json\/wp\/v2\/product_brand?post=1113554"},{"taxonomy":"product_cat","embeddable":true,"href":"https:\/\/caravanagrupoeditorial.com\/es\/wp-json\/wp\/v2\/product_cat?post=1113554"},{"taxonomy":"product_tag","embeddable":true,"href":"https:\/\/caravanagrupoeditorial.com\/es\/wp-json\/wp\/v2\/product_tag?post=1113554"},{"taxonomy":"editora","embeddable":true,"href":"https:\/\/caravanagrupoeditorial.com\/es\/wp-json\/wp\/v2\/editora?post=1113554"}],"curies":[{"name":"wp","href":"https:\/\/api.w.org\/{rel}","templated":true}]}}