{"id":100096,"date":"2025-09-18T20:22:14","date_gmt":"2025-09-18T23:22:14","guid":{"rendered":"https:\/\/caravanagrupoeditorial.com\/?post_type=product&#038;p=100096"},"modified":"2026-04-02T23:42:27","modified_gmt":"2026-04-03T02:42:27","slug":"ante-tus-abismos-me-elevas","status":"publish","type":"product","link":"https:\/\/caravanagrupoeditorial.com\/es\/livros\/ante-tus-abismos-me-elevas\/","title":{"rendered":"Ante tus abismos me elevas"},"content":{"rendered":"<p style=\"text-align: justify;\">Ante tus abismos me elevas propone sumergir la atenci\u00f3n donde las aguas son la abundancia y la vitalidad, la sensualidad, articul\u00e1ndose en un flujo cadencioso y escrito con pr\u00edstina pericia. Imaginando que este poemario es un caudal: nademos por la intermitente geograf\u00eda de sus aguas, reconozcamos los goces y los dolores de los cuerpos \u2014amantes\u2014 vincul\u00e1ndose en la uni\u00f3n, tal como al libro ingresan, cual afluentes, referencias directas e indirectas al mantra de su ritmo lento, pero siempre vivo bajo la inici\u00e1tica luz de la sinton\u00eda amorosa del ep\u00edgrafe procedente del poema \u201cEn blancas carrozas viajamos\u201d (de Gonzalo Mill\u00e1n). Poemas de breve extensi\u00f3n, pero en cada caso escritos con refinada artesan\u00eda verbal: tanto para lo sonoro y lo r\u00edtmico, como para la imaginer\u00eda propuesta: lo t\u00e1ctil y real, lo vivido: el pacto gozoso de quienes se aman y funden en la amatoria ilusi\u00f3n de la uni\u00f3n.<\/p>\n<p>Felicia Rivera<\/p>","protected":false},"excerpt":{"rendered":"<p>Ante tus abismos me elevas propone sumergir la atenci\u00f3n donde las aguas son la abundancia y la vitalidad, la sensualidad, articul\u00e1ndose en un flujo cadencioso y escrito con pr\u00edstina pericia.<\/p>","protected":false},"featured_media":100098,"comment_status":"open","ping_status":"closed","template":"","meta":{"_acf_changed":false,"jetpack_post_was_ever_published":true,"_joinchat":[]},"pwb-brand":[20614],"product_brand":[],"product_cat":[20633,748,20632,20634,169,19942,20190],"product_tag":[136,835,137,23],"editora":[20618,20602,20627],"class_list":{"0":"post-100096","1":"product","2":"type-product","3":"status-publish","4":"has-post-thumbnail","6":"pwb-brand-pablo-molina-guerrero","7":"product_cat-alicanto","8":"product_cat-espanhol","9":"product_cat-kuntur","10":"product_cat-oroyplata","11":"product_cat-poesia","12":"product_cat-pre-venda","13":"product_cat-traducoes","14":"product_tag-caravana","15":"product_tag-caravanagrupoeditorial","16":"product_tag-editoraindependente","17":"product_tag-literatura","18":"editora-alicanto","19":"editora-kuntur","20":"editora-oro-y-plata","21":"pre_capa-pre-capa","23":"first","24":"instock","25":"shipping-taxable","26":"purchasable","27":"product-type-simple"},"acf":[],"yoast_head":"<!-- This site is optimized with the Yoast SEO plugin v27.2 - https:\/\/yoast.com\/product\/yoast-seo-wordpress\/ -->\n<title>Ante tus abismos me elevas - Caravana Grupo Editorial<\/title>\n<meta name=\"robots\" content=\"index, follow, max-snippet:-1, max-image-preview:large, max-video-preview:-1\" \/>\n<link rel=\"canonical\" href=\"https:\/\/caravanagrupoeditorial.com\/es\/livros\/ante-tus-abismos-me-elevas\/\" \/>\n<meta property=\"og:locale\" content=\"es_ES\" \/>\n<meta property=\"og:type\" content=\"article\" \/>\n<meta property=\"og:title\" content=\"Ante tus abismos me elevas - Caravana Grupo Editorial\" \/>\n<meta property=\"og:description\" content=\"Ante tus abismos me elevas propone sumergir la atenci\u00f3n donde las aguas son la abundancia y la vitalidad, la sensualidad, articul\u00e1ndose en un flujo cadencioso y escrito con pr\u00edstina pericia.\" \/>\n<meta property=\"og:url\" content=\"https:\/\/caravanagrupoeditorial.com\/es\/livros\/ante-tus-abismos-me-elevas\/\" \/>\n<meta property=\"og:site_name\" content=\"Caravana Grupo Editorial\" \/>\n<meta property=\"article:publisher\" content=\"https:\/\/www.facebook.com\/caravanagrupoeditorial\" \/>\n<meta property=\"article:modified_time\" content=\"2026-04-03T02:42:27+00:00\" \/>\n<meta property=\"og:image\" content=\"https:\/\/caravanagrupoeditorial.com\/wp-content\/uploads\/2026\/02\/MOCKUP_-Ante-tus-abismos-Lucas-Braga-Dos-Anjos-1-800x800.png\" \/>\n\t<meta property=\"og:image:width\" content=\"800\" \/>\n\t<meta property=\"og:image:height\" content=\"800\" \/>\n\t<meta property=\"og:image:type\" content=\"image\/png\" \/>\n<meta name=\"twitter:card\" content=\"summary_large_image\" \/>\n<meta name=\"twitter:label1\" content=\"Est. reading time\" \/>\n\t<meta name=\"twitter:data1\" content=\"2 minutos\" \/>\n<script type=\"application\/ld+json\" class=\"yoast-schema-graph\">{\"@context\":\"https:\/\/schema.org\",\"@graph\":[{\"@type\":\"WebPage\",\"@id\":\"https:\/\/caravanagrupoeditorial.com\/livros\/ante-tus-abismos-me-elevas\/\",\"url\":\"https:\/\/caravanagrupoeditorial.com\/livros\/ante-tus-abismos-me-elevas\/\",\"name\":\"Ante tus abismos me elevas - Caravana Grupo Editorial\",\"isPartOf\":{\"@id\":\"https:\/\/caravanagrupoeditorial.com\/#website\"},\"primaryImageOfPage\":{\"@id\":\"https:\/\/caravanagrupoeditorial.com\/livros\/ante-tus-abismos-me-elevas\/#primaryimage\"},\"image\":{\"@id\":\"https:\/\/caravanagrupoeditorial.com\/livros\/ante-tus-abismos-me-elevas\/#primaryimage\"},\"thumbnailUrl\":\"https:\/\/i0.wp.com\/caravanagrupoeditorial.com\/wp-content\/uploads\/2026\/02\/MOCKUP_-Ante-tus-abismos-Lucas-Braga-Dos-Anjos-1.png?fit=1600%2C1600&ssl=1\",\"datePublished\":\"2025-09-18T23:22:14+00:00\",\"dateModified\":\"2026-04-03T02:42:27+00:00\",\"breadcrumb\":{\"@id\":\"https:\/\/caravanagrupoeditorial.com\/livros\/ante-tus-abismos-me-elevas\/#breadcrumb\"},\"inLanguage\":\"es-PE\",\"potentialAction\":[{\"@type\":\"ReadAction\",\"target\":[\"https:\/\/caravanagrupoeditorial.com\/livros\/ante-tus-abismos-me-elevas\/\"]}]},{\"@type\":\"ImageObject\",\"inLanguage\":\"es-PE\",\"@id\":\"https:\/\/caravanagrupoeditorial.com\/livros\/ante-tus-abismos-me-elevas\/#primaryimage\",\"url\":\"https:\/\/i0.wp.com\/caravanagrupoeditorial.com\/wp-content\/uploads\/2026\/02\/MOCKUP_-Ante-tus-abismos-Lucas-Braga-Dos-Anjos-1.png?fit=1600%2C1600&ssl=1\",\"contentUrl\":\"https:\/\/i0.wp.com\/caravanagrupoeditorial.com\/wp-content\/uploads\/2026\/02\/MOCKUP_-Ante-tus-abismos-Lucas-Braga-Dos-Anjos-1.png?fit=1600%2C1600&ssl=1\",\"width\":1600,\"height\":1600},{\"@type\":\"BreadcrumbList\",\"@id\":\"https:\/\/caravanagrupoeditorial.com\/livros\/ante-tus-abismos-me-elevas\/#breadcrumb\",\"itemListElement\":[{\"@type\":\"ListItem\",\"position\":1,\"name\":\"In\u00edcio\",\"item\":\"https:\/\/caravanagrupoeditorial.com\/\"},{\"@type\":\"ListItem\",\"position\":2,\"name\":\"Shop\",\"item\":\"https:\/\/caravanagrupoeditorial.com\/shop\/\"},{\"@type\":\"ListItem\",\"position\":3,\"name\":\"Ante tus abismos me elevas\"}]},{\"@type\":\"WebSite\",\"@id\":\"https:\/\/caravanagrupoeditorial.com\/#website\",\"url\":\"https:\/\/caravanagrupoeditorial.com\/\",\"name\":\"Caravana Grupo Editorial\",\"description\":\"\",\"publisher\":{\"@id\":\"https:\/\/caravanagrupoeditorial.com\/#organization\"},\"potentialAction\":[{\"@type\":\"SearchAction\",\"target\":{\"@type\":\"EntryPoint\",\"urlTemplate\":\"https:\/\/caravanagrupoeditorial.com\/?s={search_term_string}\"},\"query-input\":{\"@type\":\"PropertyValueSpecification\",\"valueRequired\":true,\"valueName\":\"search_term_string\"}}],\"inLanguage\":\"es-PE\"},{\"@type\":\"Organization\",\"@id\":\"https:\/\/caravanagrupoeditorial.com\/#organization\",\"name\":\"Caravana Grupo Editorial\",\"url\":\"https:\/\/caravanagrupoeditorial.com\/\",\"logo\":{\"@type\":\"ImageObject\",\"inLanguage\":\"es-PE\",\"@id\":\"https:\/\/caravanagrupoeditorial.com\/#\/schema\/logo\/image\/\",\"url\":\"https:\/\/caravanagrupoeditorial.com\/wp-content\/uploads\/2024\/02\/cropped-Logo_Caravana.png\",\"contentUrl\":\"https:\/\/caravanagrupoeditorial.com\/wp-content\/uploads\/2024\/02\/cropped-Logo_Caravana.png\",\"width\":512,\"height\":512,\"caption\":\"Caravana Grupo Editorial\"},\"image\":{\"@id\":\"https:\/\/caravanagrupoeditorial.com\/#\/schema\/logo\/image\/\"},\"sameAs\":[\"https:\/\/www.facebook.com\/caravanagrupoeditorial\",\"https:\/\/www.instagram.com\/caravanagrupoeditorial\/?hl=pt-br\",\"https:\/\/www.youtube.com\/channel\/UCdD-xosEkpHCeRn2nDLiXfQ\"]}]}<\/script>\n<!-- \/ Yoast SEO plugin. -->","yoast_head_json":{"title":"Ante tus abismos me elevas - Caravana Grupo Editorial","robots":{"index":"index","follow":"follow","max-snippet":"max-snippet:-1","max-image-preview":"max-image-preview:large","max-video-preview":"max-video-preview:-1"},"canonical":"https:\/\/caravanagrupoeditorial.com\/es\/livros\/ante-tus-abismos-me-elevas\/","og_locale":"es_ES","og_type":"article","og_title":"Ante tus abismos me elevas - Caravana Grupo Editorial","og_description":"Ante tus abismos me elevas propone sumergir la atenci\u00f3n donde las aguas son la abundancia y la vitalidad, la sensualidad, articul\u00e1ndose en un flujo cadencioso y escrito con pr\u00edstina pericia.","og_url":"https:\/\/caravanagrupoeditorial.com\/es\/livros\/ante-tus-abismos-me-elevas\/","og_site_name":"Caravana Grupo Editorial","article_publisher":"https:\/\/www.facebook.com\/caravanagrupoeditorial","article_modified_time":"2026-04-03T02:42:27+00:00","og_image":[{"width":800,"height":800,"url":"https:\/\/caravanagrupoeditorial.com\/wp-content\/uploads\/2026\/02\/MOCKUP_-Ante-tus-abismos-Lucas-Braga-Dos-Anjos-1-800x800.png","type":"image\/png"}],"twitter_card":"summary_large_image","twitter_misc":{"Est. reading time":"2 minutos"},"schema":{"@context":"https:\/\/schema.org","@graph":[{"@type":"WebPage","@id":"https:\/\/caravanagrupoeditorial.com\/livros\/ante-tus-abismos-me-elevas\/","url":"https:\/\/caravanagrupoeditorial.com\/livros\/ante-tus-abismos-me-elevas\/","name":"Ante tus abismos me elevas - Caravana Grupo Editorial","isPartOf":{"@id":"https:\/\/caravanagrupoeditorial.com\/#website"},"primaryImageOfPage":{"@id":"https:\/\/caravanagrupoeditorial.com\/livros\/ante-tus-abismos-me-elevas\/#primaryimage"},"image":{"@id":"https:\/\/caravanagrupoeditorial.com\/livros\/ante-tus-abismos-me-elevas\/#primaryimage"},"thumbnailUrl":"https:\/\/i0.wp.com\/caravanagrupoeditorial.com\/wp-content\/uploads\/2026\/02\/MOCKUP_-Ante-tus-abismos-Lucas-Braga-Dos-Anjos-1.png?fit=1600%2C1600&ssl=1","datePublished":"2025-09-18T23:22:14+00:00","dateModified":"2026-04-03T02:42:27+00:00","breadcrumb":{"@id":"https:\/\/caravanagrupoeditorial.com\/livros\/ante-tus-abismos-me-elevas\/#breadcrumb"},"inLanguage":"es-PE","potentialAction":[{"@type":"ReadAction","target":["https:\/\/caravanagrupoeditorial.com\/livros\/ante-tus-abismos-me-elevas\/"]}]},{"@type":"ImageObject","inLanguage":"es-PE","@id":"https:\/\/caravanagrupoeditorial.com\/livros\/ante-tus-abismos-me-elevas\/#primaryimage","url":"https:\/\/i0.wp.com\/caravanagrupoeditorial.com\/wp-content\/uploads\/2026\/02\/MOCKUP_-Ante-tus-abismos-Lucas-Braga-Dos-Anjos-1.png?fit=1600%2C1600&ssl=1","contentUrl":"https:\/\/i0.wp.com\/caravanagrupoeditorial.com\/wp-content\/uploads\/2026\/02\/MOCKUP_-Ante-tus-abismos-Lucas-Braga-Dos-Anjos-1.png?fit=1600%2C1600&ssl=1","width":1600,"height":1600},{"@type":"BreadcrumbList","@id":"https:\/\/caravanagrupoeditorial.com\/livros\/ante-tus-abismos-me-elevas\/#breadcrumb","itemListElement":[{"@type":"ListItem","position":1,"name":"In\u00edcio","item":"https:\/\/caravanagrupoeditorial.com\/"},{"@type":"ListItem","position":2,"name":"Shop","item":"https:\/\/caravanagrupoeditorial.com\/shop\/"},{"@type":"ListItem","position":3,"name":"Ante tus abismos me elevas"}]},{"@type":"WebSite","@id":"https:\/\/caravanagrupoeditorial.com\/#website","url":"https:\/\/caravanagrupoeditorial.com\/","name":"Cat\u00e1logo - Kuntur Editorial","description":"","publisher":{"@id":"https:\/\/caravanagrupoeditorial.com\/#organization"},"potentialAction":[{"@type":"SearchAction","target":{"@type":"EntryPoint","urlTemplate":"https:\/\/caravanagrupoeditorial.com\/?s={search_term_string}"},"query-input":{"@type":"PropertyValueSpecification","valueRequired":true,"valueName":"search_term_string"}}],"inLanguage":"es-PE"},{"@type":"Organization","@id":"https:\/\/caravanagrupoeditorial.com\/#organization","name":"Cat\u00e1logo - Kuntur Editorial","url":"https:\/\/caravanagrupoeditorial.com\/","logo":{"@type":"ImageObject","inLanguage":"es-PE","@id":"https:\/\/caravanagrupoeditorial.com\/#\/schema\/logo\/image\/","url":"https:\/\/caravanagrupoeditorial.com\/wp-content\/uploads\/2024\/02\/cropped-Logo_Caravana.png","contentUrl":"https:\/\/caravanagrupoeditorial.com\/wp-content\/uploads\/2024\/02\/cropped-Logo_Caravana.png","width":512,"height":512,"caption":"Caravana Grupo Editorial"},"image":{"@id":"https:\/\/caravanagrupoeditorial.com\/#\/schema\/logo\/image\/"},"sameAs":["https:\/\/www.facebook.com\/caravanagrupoeditorial","https:\/\/www.instagram.com\/caravanagrupoeditorial\/?hl=pt-br","https:\/\/www.youtube.com\/channel\/UCdD-xosEkpHCeRn2nDLiXfQ"]}]}},"jetpack_sharing_enabled":true,"brands":[{"id":20614,"name":"Pablo Molina Guerrero","slug":"pablo-molina-guerrero"}],"_links":{"self":[{"href":"https:\/\/caravanagrupoeditorial.com\/es\/wp-json\/wp\/v2\/product\/100096","targetHints":{"allow":["GET"]}}],"collection":[{"href":"https:\/\/caravanagrupoeditorial.com\/es\/wp-json\/wp\/v2\/product"}],"about":[{"href":"https:\/\/caravanagrupoeditorial.com\/es\/wp-json\/wp\/v2\/types\/product"}],"replies":[{"embeddable":true,"href":"https:\/\/caravanagrupoeditorial.com\/es\/wp-json\/wp\/v2\/comments?post=100096"}],"wp:featuredmedia":[{"embeddable":true,"href":"https:\/\/caravanagrupoeditorial.com\/es\/wp-json\/wp\/v2\/media\/100098"}],"wp:attachment":[{"href":"https:\/\/caravanagrupoeditorial.com\/es\/wp-json\/wp\/v2\/media?parent=100096"}],"wp:term":[{"taxonomy":"pwb-brand","embeddable":true,"href":"https:\/\/caravanagrupoeditorial.com\/es\/wp-json\/wp\/v2\/pwb-brand?post=100096"},{"taxonomy":"product_brand","embeddable":true,"href":"https:\/\/caravanagrupoeditorial.com\/es\/wp-json\/wp\/v2\/product_brand?post=100096"},{"taxonomy":"product_cat","embeddable":true,"href":"https:\/\/caravanagrupoeditorial.com\/es\/wp-json\/wp\/v2\/product_cat?post=100096"},{"taxonomy":"product_tag","embeddable":true,"href":"https:\/\/caravanagrupoeditorial.com\/es\/wp-json\/wp\/v2\/product_tag?post=100096"},{"taxonomy":"editora","embeddable":true,"href":"https:\/\/caravanagrupoeditorial.com\/es\/wp-json\/wp\/v2\/editora?post=100096"}],"curies":[{"name":"wp","href":"https:\/\/api.w.org\/{rel}","templated":true}]}}